{"id":44161,"date":"2023-12-19T08:51:16","date_gmt":"2023-12-19T08:51:16","guid":{"rendered":"https:\/\/healthylifebariatrics.com\/servicios\/prevencion-del-cancer-y-cirugia-bariatrica\/"},"modified":"2025-12-10T07:19:22","modified_gmt":"2025-12-10T07:19:22","slug":"prevencion-del-cancer-y-cirugia-bariatrica","status":"publish","type":"page","link":"https:\/\/healthylifebariatrics.com\/es\/servicios\/prevencion-del-cancer-y-cirugia-bariatrica\/","title":{"rendered":"Prevenci\u00f3n del c\u00e1ncer y cirug\u00eda bari\u00e1trica"},"content":{"rendered":"","protected":false},"excerpt":{"rendered":"","protected":false},"author":20,"featured_media":35547,"parent":36757,"menu_order":0,"comment_status":"closed","ping_status":"closed","template":"","meta":{"footnotes":""},"class_list":["post-44161","page","type-page","status-publish","has-post-thumbnail","hentry"],"_links":{"self":[{"href":"https:\/\/healthylifebariatrics.com\/es\/wp-json\/wp\/v2\/pages\/44161","targetHints":{"allow":["GET"]}}],"collection":[{"href":"https:\/\/healthylifebariatrics.com\/es\/wp-json\/wp\/v2\/pages"}],"about":[{"href":"https:\/\/healthylifebariatrics.com\/es\/wp-json\/wp\/v2\/types\/page"}],"author":[{"embeddable":true,"href":"https:\/\/healthylifebariatrics.com\/es\/wp-json\/wp\/v2\/users\/20"}],"replies":[{"embeddable":true,"href":"https:\/\/healthylifebariatrics.com\/es\/wp-json\/wp\/v2\/comments?post=44161"}],"version-history":[{"count":1,"href":"https:\/\/healthylifebariatrics.com\/es\/wp-json\/wp\/v2\/pages\/44161\/revisions"}],"predecessor-version":[{"id":45970,"href":"https:\/\/healthylifebariatrics.com\/es\/wp-json\/wp\/v2\/pages\/44161\/revisions\/45970"}],"up":[{"embeddable":true,"href":"https:\/\/healthylifebariatrics.com\/es\/wp-json\/wp\/v2\/pages\/36757"}],"wp:featuredmedia":[{"embeddable":true,"href":"https:\/\/healthylifebariatrics.com\/es\/wp-json\/wp\/v2\/media\/35547"}],"wp:attachment":[{"href":"https:\/\/healthylifebariatrics.com\/es\/wp-json\/wp\/v2\/media?parent=44161"}],"curies":[{"name":"wp","href":"https:\/\/api.w.org\/{rel}","templated":true}]}}