{"id":36845,"date":"2019-04-30T15:56:30","date_gmt":"2019-04-30T15:56:30","guid":{"rendered":"https:\/\/healthylifebariatrics.com\/tummy-tuck-abdominoplastia\/"},"modified":"2023-12-25T09:35:20","modified_gmt":"2023-12-25T09:35:20","slug":"tummy-tuck-abdominoplastia","status":"publish","type":"page","link":"https:\/\/healthylifebariatrics.com\/es\/tummy-tuck-abdominoplastia\/","title":{"rendered":"Tummy Tuck (abdominoplastia)"},"content":{"rendered":"\n<h1>\n\t\tCirug\u00eda est\u00e9tica de abdomen, abdominoplastia en Los \u00c1ngeles, CA\n\t<\/h1>\n\n<p>La cirug\u00eda bari\u00e1trica puede ayudarlo a perder una cantidad significativa de peso, pero los pacientes a menudo quedan con la piel abdominal fl\u00e1cida. Cuando su piel no se adapta a la nueva forma de su cuerpo, una abdominoplastia puede ayudar.<\/p>\n<h2>\u00bfQu\u00e9 es una abdominoplastia?<\/h2>\n<p>Una cirug\u00eda est\u00e9tica de abdomen (abdominoplastia) es un procedimiento de contorno corporal posbari\u00e1trico que elimina el exceso de piel abdominal y la grasa que queda despu\u00e9s de la cirug\u00eda. La grasa corporal se distribuye normalmente de modo que el abdomen contiene la mayor parte del exceso de piel. Al tensar y eliminar esa piel extra, podr\u00e1 usar ropa de tama\u00f1o m\u00e1s proporcional, as\u00ed como evitar erupciones en la piel y otros problemas.<\/p>\n<img loading=\"lazy\" decoding=\"async\" src=\"https:\/\/healthylifebariatrics.com\/wp-content\/uploads\/2019\/04\/10229.jpg\" alt=\"Abdominoplastia\" width=\"496\" height=\"249\" data-lazy-src=\"\/wp-content\/uploads\/2019\/04\/10229.jpg\" data-ll-status=\"loaded\" \/>\n\t<p>\u00bfQuieres m\u00e1s informaci\u00f3n?<\/p>\n\t\t\t<a href=\"tel:+1-310-807-2378\" target=\"_self\" rel=\"noopener\">\n\t\t\t\t\t\t\t\u00a1LLAME AL (310) 807-2378!\n\t\t\t\t\t<\/a>\n<h2>\u00bfPor qu\u00e9 elegir al cirujano pl\u00e1stico Dr. Moein?<\/h2>\n<p>El Dr. Babak Moeinolmolki realiza procedimientos de estiramiento de la piel abdominal, como la abdominoplastia, para ayudar a pacientes como usted a lograr sus objetivos de p\u00e9rdida de peso y figura corporal a largo plazo. El Dr. Moein ha realizado muchos procedimientos de abdominoplastia en Healthy Life Bariatrics. Eche un vistazo a algunas de las fotos de antes y despu\u00e9s para ver c\u00f3mo los pacientes en Los \u00c1ngeles, Glendale y Encino pudieron ir m\u00e1s all\u00e1 de la p\u00e9rdida de peso para lograr sus objetivos est\u00e9ticos.<\/p>\n<h2>Beneficios adicionales de una abdominoplastia<\/h2>\n<p>Si bien una abdominoplastia est\u00e1 dise\u00f1ada para brindarle un abdomen m\u00e1s formado, parte de la cirug\u00eda tambi\u00e9n implica restaurar los m\u00fasculos separados o debilitados para proporcionar un perfil abdominal mejorado.<\/p>\n<p>Muchos de nuestros pacientes acuden a una abdominoplastia despu\u00e9s de intentar sin \u00e9xito durante a\u00f1os obtener un abdomen plano y tonificado a trav\u00e9s de la dieta tradicional y los m\u00e9todos de ejercicio. Otros buscan el procedimiento despu\u00e9s de someterse con \u00e9xito a una cirug\u00eda de p\u00e9rdida de peso que les ha llevado a una cantidad significativa de p\u00e9rdida de piel. Nuestro programa permite combinar estos procedimientos bajo un mismo techo para que sea m\u00e1s conveniente para nuestros pacientes obtener la atenci\u00f3n necesaria de manera coordinada.<\/p>\n<p><img loading=\"lazy\" decoding=\"async\" src=\"https:\/\/healthylifebariatrics.com\/wp-content\/uploads\/2021\/04\/Untitled-1-300x244.jpg\" alt=\"Tummy tuck before and after.\" width=\"650\" height=\"529\" \/><\/p>\n<p>\u00bfEs una abdominoplastia una soluci\u00f3n permanente?<\/p>\n<p>Una cirug\u00eda est\u00e9tica de abdomen implica la eliminaci\u00f3n de la piel y el tejido graso, y ese tejido desaparecer\u00e1 para siempre. Entonces, s\u00ed, la abdominoplastia es permanente. Sin embargo, a menos que mantenga su compromiso de mantener una nutrici\u00f3n y una rutina de ejercicios positivas, su peso puede fluctuar. Si experimenta cambios significativos en su peso despu\u00e9s de una abdominoplastia, se pueden formar dep\u00f3sitos de grasa adicionales en su \u00e1rea abdominal, lo que puede estirar el est\u00f3mago una vez m\u00e1s.<\/p>\n<p>Esta es la raz\u00f3n por la cual muchos cirujanos bari\u00e1tricos sugieren posponer un procedimiento de abdominoplastia hasta que haya alcanzado y mantenido un peso saludable.<\/p>\n<h2>\u00bfC\u00f3mo es el per\u00edodo de recuperaci\u00f3n despu\u00e9s de una abdominoplastia?<\/h2>\n<p>Inmediatamente despu\u00e9s de una abdominoplastia, su \u00e1rea abdominal se envolver\u00e1 en ap\u00f3sitos o vendajes quir\u00fargicos y, en algunos casos, se aplicar\u00e1 una prenda de compresi\u00f3n o una venda el\u00e1stica.<\/p>\n<p>Con algunas abdominoplastias, se insertar\u00e1n peque\u00f1os tubos de drenaje debajo de la piel, que luego se retirar\u00e1n durante la cita posquir\u00fargica inicial.<\/p>\n<p>El Dr. Moein le dar\u00e1 instrucciones espec\u00edficas sobre c\u00f3mo cuidar el sitio quir\u00fargico. Incluso puede escribirle una receta de medicamentos para ayudar con cualquier molestia mientras se recupera.<\/p>\n<p>Se sugiere que se abstenga de realizar actividades extenuantes durante un breve per\u00edodo de tiempo despu\u00e9s de una abdominoplastia para permitir que avance el proceso de curaci\u00f3n. El Dr. Moen programar\u00e1 citas de seguimiento en las que ofrecer\u00e1 sugerencias y consejos personalizados sobre la recuperaci\u00f3n en curso.<\/p>\n<p><img loading=\"lazy\" decoding=\"async\" src=\"https:\/\/healthylifebariatrics.com\/wp-content\/uploads\/2021\/04\/Untitled-2-300x244.jpg\" alt=\"Tummy tuck surgery before and after.\" width=\"650\" height=\"529\" \/><\/p>\n<p>\u00bfCrees que una abdominoplastia podr\u00eda ser para ti?<\/p>\nTanto si desea un vientre tonificado despu\u00e9s de a\u00f1os de intentarlo como si se ha sometido a una cirug\u00eda bari\u00e1trica con \u00e9xito, el Dr. Moein puede ayudarle. <a href=\"tel:+1-310-807-2378\">Llame a Healthy Life Bariatrics<\/a> en Los \u00c1ngeles, California para discutir sus objetivos de forma del cuerpo.\n<p>&nbsp;<\/p>\n\n","protected":false},"excerpt":{"rendered":"<p>Cirug\u00eda est\u00e9tica de abdomen, abdominoplastia en Los \u00c1ngeles, CA La cirug\u00eda bari\u00e1trica puede ayudarlo a perder una cantidad significativa de peso, pero los pacientes a menudo quedan con la piel abdominal fl\u00e1cida. Cuando su piel no se adapta a la nueva forma de su cuerpo, una abdominoplastia puede ayudar. \u00bfQu\u00e9 es una abdominoplastia? Una cirug\u00eda [&hellip;]<\/p>\n","protected":false},"author":20,"featured_media":36682,"parent":0,"menu_order":0,"comment_status":"closed","ping_status":"closed","template":"","meta":{"footnotes":""},"class_list":["post-36845","page","type-page","status-publish","has-post-thumbnail","hentry"],"_links":{"self":[{"href":"https:\/\/healthylifebariatrics.com\/es\/wp-json\/wp\/v2\/pages\/36845","targetHints":{"allow":["GET"]}}],"collection":[{"href":"https:\/\/healthylifebariatrics.com\/es\/wp-json\/wp\/v2\/pages"}],"about":[{"href":"https:\/\/healthylifebariatrics.com\/es\/wp-json\/wp\/v2\/types\/page"}],"author":[{"embeddable":true,"href":"https:\/\/healthylifebariatrics.com\/es\/wp-json\/wp\/v2\/users\/20"}],"replies":[{"embeddable":true,"href":"https:\/\/healthylifebariatrics.com\/es\/wp-json\/wp\/v2\/comments?post=36845"}],"version-history":[{"count":0,"href":"https:\/\/healthylifebariatrics.com\/es\/wp-json\/wp\/v2\/pages\/36845\/revisions"}],"wp:featuredmedia":[{"embeddable":true,"href":"https:\/\/healthylifebariatrics.com\/es\/wp-json\/wp\/v2\/media\/36682"}],"wp:attachment":[{"href":"https:\/\/healthylifebariatrics.com\/es\/wp-json\/wp\/v2\/media?parent=36845"}],"curies":[{"name":"wp","href":"https:\/\/api.w.org\/{rel}","templated":true}]}}