{"id":36844,"date":"2019-04-30T16:02:04","date_gmt":"2019-04-30T16:02:04","guid":{"rendered":"https:\/\/healthylifebariatrics.com\/levantamiento-de-muslos\/"},"modified":"2024-09-21T13:30:47","modified_gmt":"2024-09-21T13:30:47","slug":"levantamiento-de-muslos","status":"publish","type":"page","link":"https:\/\/healthylifebariatrics.com\/es\/levantamiento-de-muslos\/","title":{"rendered":"levantamiento de muslos"},"content":{"rendered":"\n<h1>\n\t\tObtenga piernas m\u00e1s esbeltas con un levantamiento de muslos posbari\u00e1trico en Los \u00c1ngeles, CA\n\t<\/h1>\n\n\t<h2>Post Cirug\u00eda Bari\u00e1trica: Cirug\u00eda de Levantamiento de Muslos<\/h2>\n<p>Si bien la cirug\u00eda bari\u00e1trica es el m\u00e9todo m\u00e1s efectivo y seguro para perder peso, lograr y mantener una figura saludable depende m\u00e1s de los procedimientos de contorno corporal posbari\u00e1tricos. Si ha perdido una cantidad significativa de peso a trav\u00e9s de la cirug\u00eda bari\u00e1trica, es posible que haya notado que la piel de los muslos, particularmente la parte interna de los muslos, se ha aflojado, lo que oscurece la verdadera forma de sus muslos. Los mismos problemas con la piel extra pueden ocurrir a medida que avanza su edad y su piel comienza a perder su elasticidad. Para tratar estos problemas, la cirug\u00eda de estiramiento de muslos puede brindarle una mejor forma y una piel m\u00e1s firme. Un levantamiento de muslos implica la eliminaci\u00f3n de la piel suelta antes de que el \u00e1rea tenga los contornos deseados. Armado con calificaciones \u00fanicas y a\u00f1os de experiencia en la realizaci\u00f3n de cirug\u00eda bari\u00e1trica y posbari\u00e1trica, el Dr. Babak Moeinolmolki realiza una cirug\u00eda de estiramiento de muslos para aliviar los problemas de exceso de piel, como erupciones cut\u00e1neas, al mismo tiempo que le permite usar ropa que le quede mejor con confianza.<\/p>\n<p>\u00bfQuieres m\u00e1s informaci\u00f3n?<\/p>\n<p><img loading=\"lazy\" decoding=\"async\" src=\"https:\/\/healthylifebariatrics.com\/wp-content\/uploads\/2019\/04\/10228.jpg\" alt=\"Cirug\u00eda de Levantamiento de Muslos\" width=\"546\" height=\"449\" data-lazy-src=\"\/wp-content\/uploads\/2019\/04\/10228.jpg\" data-ll-status=\"loaded\"\/><\/p>\n<h2>Lo que debe saber sobre el procedimiento<\/h2>\n<p>Por lo general, la cirug\u00eda se realiza bajo anestesia general y dura alrededor de dos horas. El Dr. Moeinolmolki har\u00e1 una incisi\u00f3n justo debajo de la l\u00ednea del bikini para que la cicatriz quede oculta. Seg\u00fan la cantidad de exceso de piel que se debe eliminar, el Dr. Moeinolmolki decidir\u00e1 la longitud de la incisi\u00f3n. Por lo general, la liposucci\u00f3n se usa para eliminar bolsas rebeldes de grasa no deseada en los muslos, despu\u00e9s de lo cual, la piel se tensa y se une para producir una apariencia suave. Se usar\u00e1n suturas profundas junto con prendas de compresi\u00f3n para evitar que la piel se caiga mientras se acelera el proceso de curaci\u00f3n. Seg\u00fan sus objetivos posteriores a la p\u00e9rdida de peso y la evaluaci\u00f3n general de su salud, el Dr. Moeinolmolki elegir\u00e1 la t\u00e9cnica m\u00e1s eficaz para realizar la cirug\u00eda. Muchos pacientes eligen hacerse un mini lifting de muslos mientras que otros optan por la t\u00e9cnica vertical. Independientemente del m\u00e9todo utilizado, el Dr. Moeinolmolki se asegura de que las incisiones queden ocultas en los pliegues naturales de su cuerpo.<\/p>\n\t\t\t<a href=\"tel:+1-310-807-2378\" target=\"_self\" rel=\"noopener\">\n\t\t\t\t\t\t<br \/>\u00a1Pierde peso ahora!<br \/> Obtener mi consulta <br \/>(310) 807-2378\n\t\t\t\t\t<\/a>\n\t<h2>Minilevantamiento de muslos<\/h2>\n<p>Un mini lifting de muslos es m\u00e1s adecuado para pacientes con una laxitud que afecta el tercio superior de la parte interna de los muslos. Esta laxitud generalmente se asocia con factores como la edad y el grado de p\u00e9rdida de peso. El Dr. Moeinolmolki comienza este procedimiento realizando una liposucci\u00f3n del muslo, que se dirige principalmente a la parte superior interna del muslo. M\u00e1s tarde, el Dr. Moeinolmolki trabaja en la parte interna inferior y central del muslo. El Dr. Moeinolmolki elimina la secci\u00f3n de piel marcada antes de la operaci\u00f3n, que se encuentra debajo de la uni\u00f3n entre el muslo y la pelvis del paciente. Finalmente, la piel interna del muslo se levanta hacia arriba y se sutura a lo largo de la uni\u00f3n para que la cicatriz permanezca oculta dentro del pliegue de la ingle del paciente.<\/p>\n<p>Como toda la longitud del muslo necesita tensarse despu\u00e9s de la cirug\u00eda de p\u00e9rdida de peso, la mayor\u00eda de los pacientes que se someten a una cirug\u00eda bari\u00e1trica se someten a una cirug\u00eda de estiramiento vertical de muslos. Esta t\u00e9cnica requiere que se realice una liposucci\u00f3n a lo largo de toda la parte interna del muslo, que incluye tambi\u00e9n la regi\u00f3n de la rodilla. La liposucci\u00f3n tiene como objetivo reducir el tama\u00f1o total del muslo del paciente al tiempo que facilita la eliminaci\u00f3n de m\u00e1s piel. Despu\u00e9s de terminar la liposucci\u00f3n, el Dr. Moeinolmolki elimina la secci\u00f3n de piel marcada antes de la operaci\u00f3n. Finalmente, el Dr. Moeinolmolki vuelve a coser la piel usando t\u00e9cnicas quir\u00fargicas meticulosas.<\/p>\n<p><img loading=\"lazy\" decoding=\"async\" src=\"https:\/\/healthylifebariatrics.com\/wp-content\/uploads\/2019\/04\/10212.jpg\" alt=\"Minilevantamiento de muslos\" width=\"544\" height=\"335\" data-lazy-src=\"\/wp-content\/uploads\/2019\/04\/10212.jpg\" data-ll-status=\"loaded\"\/><\/p>\n<h2>\u00bfHay riesgos involucrados?<\/h2>\n<p>Al igual que otros procedimientos de contorno corporal posbari\u00e1tricos, la cirug\u00eda de estiramiento de muslos no est\u00e1 libre de riesgos\/complicaciones graves. Las complicaciones menores, como el seroma o las irregularidades de la incisi\u00f3n, a menudo se pueden abordar en el consultorio. Mediante una planificaci\u00f3n quir\u00fargica cuidadosa, tanto la optimizaci\u00f3n preoperatoria como el seguimiento posoperatorio atento, el Dr. Moeinolmolki tiene como objetivo minimizar las complicaciones y los riesgos importantes asociados con esta cirug\u00eda.<\/p>\n<p>Tan pronto como desaparezcan los efectos de la anestesia, podr\u00e1 irse a casa. Si bien es posible que experimente algunas molestias y dolor despu\u00e9s de la cirug\u00eda, se puede controlar f\u00e1cilmente con medicamentos. Durante las primeras 2 semanas posteriores a la cirug\u00eda de estiramiento de muslos, solo debe participar en actividades livianas, como mirar televisi\u00f3n, leer libros, usar la computadora, etc. Tambi\u00e9n aseg\u00farese de evitar actividades extenuantes durante al menos un mes y mantenga las piernas elevadas tanto como sea posible.<\/p>\n<p>Durante la fase de curaci\u00f3n, el Dr. Moeinolmolki controlar\u00e1 su progreso y le ofrecer\u00e1 consejos esenciales sobre restricciones de actividad y apoyo nutricional para acelerar la recuperaci\u00f3n. Adem\u00e1s, el Dr. Moeinolmolki tambi\u00e9n lo alentar\u00e1 a discutir cualquier inquietud o duda que pueda tener con respecto a la cirug\u00eda. Esta cirug\u00eda suele ser la \u00faltima cirug\u00eda en el enfoque por etapas para minimizar el exceso de pliegues cut\u00e1neos en pacientes que han perdido peso. El Dr. Moeinolmolki a menudo recomienda a sus pacientes que elijan esta cirug\u00eda como su \u00faltimo procedimiento quir\u00fargico porque tiende a tener el tiempo de recuperaci\u00f3n m\u00e1s prolongado. Ya sea que desee eliminar el exceso de problemas de la piel o usar faldas, pantalones cortos y trajes de ba\u00f1o con confianza, la cirug\u00eda de estiramiento de muslos puede ayudarlo a lograr sus objetivos posteriores a la p\u00e9rdida de peso.<\/p>\n\n","protected":false},"excerpt":{"rendered":"<p>Obtenga piernas m\u00e1s esbeltas con un levantamiento de muslos posbari\u00e1trico en Los \u00c1ngeles, CA Post Cirug\u00eda Bari\u00e1trica: Cirug\u00eda de Levantamiento de Muslos Si bien la cirug\u00eda bari\u00e1trica es el m\u00e9todo m\u00e1s efectivo y seguro para perder peso, lograr y mantener una figura saludable depende m\u00e1s de los procedimientos de contorno corporal posbari\u00e1tricos. Si ha perdido [&hellip;]<\/p>\n","protected":false},"author":20,"featured_media":36682,"parent":0,"menu_order":0,"comment_status":"closed","ping_status":"closed","template":"","meta":{"footnotes":""},"class_list":["post-36844","page","type-page","status-publish","has-post-thumbnail","hentry"],"_links":{"self":[{"href":"https:\/\/healthylifebariatrics.com\/es\/wp-json\/wp\/v2\/pages\/36844","targetHints":{"allow":["GET"]}}],"collection":[{"href":"https:\/\/healthylifebariatrics.com\/es\/wp-json\/wp\/v2\/pages"}],"about":[{"href":"https:\/\/healthylifebariatrics.com\/es\/wp-json\/wp\/v2\/types\/page"}],"author":[{"embeddable":true,"href":"https:\/\/healthylifebariatrics.com\/es\/wp-json\/wp\/v2\/users\/20"}],"replies":[{"embeddable":true,"href":"https:\/\/healthylifebariatrics.com\/es\/wp-json\/wp\/v2\/comments?post=36844"}],"version-history":[{"count":1,"href":"https:\/\/healthylifebariatrics.com\/es\/wp-json\/wp\/v2\/pages\/36844\/revisions"}],"predecessor-version":[{"id":43119,"href":"https:\/\/healthylifebariatrics.com\/es\/wp-json\/wp\/v2\/pages\/36844\/revisions\/43119"}],"wp:featuredmedia":[{"embeddable":true,"href":"https:\/\/healthylifebariatrics.com\/es\/wp-json\/wp\/v2\/media\/36682"}],"wp:attachment":[{"href":"https:\/\/healthylifebariatrics.com\/es\/wp-json\/wp\/v2\/media?parent=36844"}],"curies":[{"name":"wp","href":"https:\/\/api.w.org\/{rel}","templated":true}]}}