{"id":36842,"date":"2021-11-28T01:05:08","date_gmt":"2021-11-28T01:05:08","guid":{"rendered":"https:\/\/healthylifebariatrics.com\/lipo-inteligente\/"},"modified":"2024-09-21T14:07:56","modified_gmt":"2024-09-21T14:07:56","slug":"lipo-inteligente","status":"publish","type":"page","link":"https:\/\/healthylifebariatrics.com\/es\/lipo-inteligente\/","title":{"rendered":"lipo inteligente"},"content":{"rendered":"\n<h1>\n\t\tSmart Lipo para bajar de peso sin tiempo de inactividad o recuperaci\u00f3n en Los \u00c1ngeles, CA\n\t<\/h1>\n\n\t<h2>Especialista en lipo inteligente<\/h2>\n<p>Muchos pacientes de Los \u00c1ngeles, Glendale y Encino que han tenido \u00e9xito en la p\u00e9rdida de peso a menudo se sienten frustrados por las \u00e1reas de su cuerpo donde persisten los dep\u00f3sitos de grasa. SmartLipo, tal como lo realiza el <a href=\"https:\/\/healthylifebariatrics.com\/about-us\/\">Dr. Babak Moeinolmolki en Healthy Life Bariatrics<\/a>, ofrece la oportunidad de contornear el cuerpo y eliminar \u00e1reas de grasa rebeldes.<\/p>\n<p>*Los resultados individuales pueden variar. \u00bfQuieres m\u00e1s informaci\u00f3n?<\/p>\n\t\t\t<a href=\"tel:+1-310-807-2378\" target=\"_self\" rel=\"noopener\">\n\t\t\t\t\t\t<br \/>\u00a1Pierde peso ahora!<br \/> Obtener mi consulta <br \/>(310) 807-2378\n\t\t\t\t\t<\/a>\n\t\t\t\t<img loading=\"lazy\" decoding=\"async\" src=\"https:\/\/healthylifebariatrics.com\/wp-content\/uploads\/2024\/02\/HD-Vaser-Lipo-to-Bring-Greater-Definition-to-the-Abdomen.webp\" alt=\"Smart Lipo\" itemprop=\"image\" height=\"675\" width=\"1200\" title=\"Smart Lipo\" onerror=\"this.style.display='none'\"  \/>\n\t<h4>Preguntas y respuestas sobre liposucci\u00f3n inteligente<\/h4>\n<h2>\u00bfQu\u00e9 es Smart Lipo?<\/h2>\n<p>SmartLipo es un procedimiento cosm\u00e9tico. Proporciona los resultados de la liposucci\u00f3n tradicional sin problemas de recuperaci\u00f3n ni t\u00e9cnicas invasivas que preocupan a muchos pacientes. SmartLipo combina el poder de la tecnolog\u00eda l\u00e1ser con la extracci\u00f3n f\u00edsica de grasa.<img loading=\"lazy\" decoding=\"async\" src=\"https:\/\/healthylifebariatrics.com\/wp-content\/uploads\/2019\/04\/Smart-Lipo.jpg\" alt=\"lipo inteligente\" width=\"358\" height=\"226\" data-lazy-src=\"https:\/\/moeinbariatric.wpengine.com\/wp-content\/uploads\/2019\/04\/Smart-Lipo.jpg\" data-ll-status=\"loaded\" \/> Hace que el proceso sea m\u00e1s efectivo y al mismo tiempo reduce el tiempo de recuperaci\u00f3n. Los pacientes experimentan menos hinchaz\u00f3n, hematomas e incomodidad en comparaci\u00f3n con los m\u00e9todos <a href=\"https:\/\/www.plasticsurgery.org\/cosmetic-procedures\/liposuction\/procedure#:~:text=There%20are%20many%20different%20liposuction,the%20fat%20from%20the%20body.\" target=\"_blank\" rel=\"noopener\">tradicionales de liposucci\u00f3n<\/a>.<\/p>\n<h2>\u00bfQu\u00e9 sucede durante un procedimiento SmartLipo?<\/h2>\n<p>Una vez que el paciente y el m\u00e9dico hayan decidido que SmartLipo es una buena opci\u00f3n de tratamiento, el paciente ingresar\u00e1 para el procedimiento. El cirujano usar\u00e1 un marcador quir\u00fargico para designar las \u00e1reas que necesitan tratamiento, as\u00ed como tambi\u00e9n d\u00f3nde se deben realizar las incisiones. Una vez en quir\u00f3fano, desinfectaremos la zona y aplicaremos anestesia local. Haremos peque\u00f1as incisiones en la piel. Esto permitir\u00e1 inyectar una soluci\u00f3n anest\u00e9sica tumescente en las \u00e1reas objetivo. Introduciremos una c\u00e1nula especial con una fibra \u00f3ptica l\u00e1ser.<\/p>\n<p>Luego, se mueve a trav\u00e9s de la capa de grasa que se encuentra debajo de la piel, derritiendo la grasa. Posteriormente, utilizamos una c\u00e1nula de succi\u00f3n para retirar la grasa del cuerpo. Una vez extra\u00eddo el volumen adecuado de grasa, se cierran las incisiones con tiras adhesivas y se desinfecta minuciosamente la zona.<\/p>\n<p>*Los resultados individuales pueden variar.<\/p>\n<h2>\u00bfC\u00f3mo es la recuperaci\u00f3n despu\u00e9s de SmartLipo?<\/h2>\n<p>Inmediatamente despu\u00e9s del procedimiento, requerimos que el paciente use prendas de compresi\u00f3n que sirvan para sostener y proteger el \u00e1rea tratada. Un poco de hinchaz\u00f3n inicial es normal y desaparecer\u00e1 r\u00e1pidamente. La curaci\u00f3n es r\u00e1pida y muchas personas se sienten bien en uno o dos d\u00edas y pueden reanudar sus actividades normales de inmediato. Es una buena idea darle al cuerpo una semana m\u00e1s o menos para que descanse y se recupere despu\u00e9s de cualquier tipo de procedimiento quir\u00fargico, por menor que sea. Los pacientes deben usar ropa holgada y beber mucha agua para ayudar al cuerpo a reponer los niveles normales de l\u00edquidos.<\/p>\n\n","protected":false},"excerpt":{"rendered":"<p>Smart Lipo para bajar de peso sin tiempo de inactividad o recuperaci\u00f3n en Los \u00c1ngeles, CA Especialista en lipo inteligente Muchos pacientes de Los \u00c1ngeles, Glendale y Encino que han tenido \u00e9xito en la p\u00e9rdida de peso a menudo se sienten frustrados por las \u00e1reas de su cuerpo donde persisten los dep\u00f3sitos de grasa. SmartLipo, [&hellip;]<\/p>\n","protected":false},"author":20,"featured_media":36682,"parent":0,"menu_order":0,"comment_status":"closed","ping_status":"closed","template":"","meta":{"footnotes":""},"class_list":["post-36842","page","type-page","status-publish","has-post-thumbnail","hentry"],"_links":{"self":[{"href":"https:\/\/healthylifebariatrics.com\/es\/wp-json\/wp\/v2\/pages\/36842","targetHints":{"allow":["GET"]}}],"collection":[{"href":"https:\/\/healthylifebariatrics.com\/es\/wp-json\/wp\/v2\/pages"}],"about":[{"href":"https:\/\/healthylifebariatrics.com\/es\/wp-json\/wp\/v2\/types\/page"}],"author":[{"embeddable":true,"href":"https:\/\/healthylifebariatrics.com\/es\/wp-json\/wp\/v2\/users\/20"}],"replies":[{"embeddable":true,"href":"https:\/\/healthylifebariatrics.com\/es\/wp-json\/wp\/v2\/comments?post=36842"}],"version-history":[{"count":3,"href":"https:\/\/healthylifebariatrics.com\/es\/wp-json\/wp\/v2\/pages\/36842\/revisions"}],"predecessor-version":[{"id":43123,"href":"https:\/\/healthylifebariatrics.com\/es\/wp-json\/wp\/v2\/pages\/36842\/revisions\/43123"}],"wp:featuredmedia":[{"embeddable":true,"href":"https:\/\/healthylifebariatrics.com\/es\/wp-json\/wp\/v2\/media\/36682"}],"wp:attachment":[{"href":"https:\/\/healthylifebariatrics.com\/es\/wp-json\/wp\/v2\/media?parent=36842"}],"curies":[{"name":"wp","href":"https:\/\/api.w.org\/{rel}","templated":true}]}}