{"id":36841,"date":"2019-08-25T09:18:57","date_gmt":"2019-08-25T09:18:57","guid":{"rendered":"https:\/\/healthylifebariatrics.com\/mapa-del-sitio\/"},"modified":"2025-12-15T11:01:34","modified_gmt":"2025-12-15T11:01:34","slug":"mapa-del-sitio","status":"publish","type":"page","link":"https:\/\/healthylifebariatrics.com\/es\/mapa-del-sitio\/","title":{"rendered":"Mapa del sitio"},"content":{"rendered":"\n<h1>\n\t\t\tMapa del sitio de Healthylifebariatrics\t<\/h1>\n\t\t\t\t\t\t\t\t<a href=\"#\" id=\"fl-tabs--label-0\" data-index=\"0\" aria-selected=\"true\" aria-controls=\"fl-tabs--panel-0\" aria-expanded=\"true\" role=\"tab\" tabindex=\"0\">\t\t\t\tP\u00e1ginas\t\t\t\t<\/a>\n\t\t\t\t\t\t\t\t<a href=\"#\" id=\"fl-tabs--label-1\" data-index=\"1\" aria-selected=\"false\" aria-controls=\"fl-tabs--panel-1\" aria-expanded=\"false\" role=\"tab\" tabindex=\"0\">\t\t\t\tPublicaci\u00f3n del blog\t\t\t\t<\/a>\n\t\t\t\t\t\tP\u00e1ginas\n\t\t\t\t\t\t\t\t\t\t\t<ul class=\"wp-sitemap-pages\"><li><a href=\"https:\/\/healthylifebariatrics.com\/es\/accesibilidad\/\">Accesibilidad<\/a><\/li><li><a href=\"https:\/\/healthylifebariatrics.com\/es\/apnea-del-sueno\/\">Apnea del sue\u00f1o<\/a><\/li><li><a href=\"https:\/\/healthylifebariatrics.com\/es\/servicios\/aranas-vasculares-tratamiento-de-varices\/\">Ara\u00f1as vasculares, tratamiento de varices<\/a><\/li><li><a href=\"https:\/\/healthylifebariatrics.com\/es\/aumento-de-senos\/\">Aumento de senos<\/a><\/li><li><a href=\"https:\/\/healthylifebariatrics.com\/es\/servicios\/balon-gastrico\/\">Bal\u00f3n g\u00e1strico<\/a><\/li><li><a href=\"https:\/\/healthylifebariatrics.com\/es\/blog\/\">blog<\/a><\/li><li><a href=\"https:\/\/healthylifebariatrics.com\/es\/blog-2\/\">blog-2<\/a><\/li><li><a href=\"https:\/\/healthylifebariatrics.com\/es\/candidato-a-la-cirugia-bariatrica\/\">Candidato a la cirug\u00eda bari\u00e1trica<\/a><\/li><li><a href=\"https:\/\/healthylifebariatrics.com\/es\/cardiopatias\/\">Cardiopat\u00edas<\/a><\/li><li><a href=\"https:\/\/healthylifebariatrics.com\/es\/servicios\/cirugia-bariatrica\/\">Cirug\u00eda bari\u00e1trica<\/a><\/li><li><a href=\"https:\/\/healthylifebariatrics.com\/es\/servicios\/cirugia-bariatrica-de-revision\/\">Cirug\u00eda bari\u00e1trica de revisi\u00f3n<\/a><\/li><li><a href=\"https:\/\/healthylifebariatrics.com\/es\/servicios\/cirugia-de-bajo-imc\/\">Cirug\u00eda de bajo IMC<\/a><\/li><li><a href=\"https:\/\/healthylifebariatrics.com\/es\/servicios\/cirugia-de-banda-gastrica\/\">Cirug\u00eda de banda g\u00e1strica<\/a><\/li><li><a href=\"https:\/\/healthylifebariatrics.com\/es\/servicios\/cirugia-de-bypass-gastrico\/\">Cirug\u00eda de bypass g\u00e1strico<\/a><\/li><li><a href=\"https:\/\/healthylifebariatrics.com\/es\/servicios\/cirugia-de-extirpacion-de-vesicula-biliar\/\">Cirug\u00eda de extirpaci\u00f3n de ves\u00edcula biliar<\/a><\/li><li><a href=\"https:\/\/healthylifebariatrics.com\/es\/servicios\/cirugia-de-hernia\/\">Cirugia de hernia<\/a><\/li><li><a href=\"https:\/\/healthylifebariatrics.com\/es\/servicios\/cirugia-de-hernia-de-hiato\/\">Cirug\u00eda de hernia de hiato<\/a><\/li><li><a href=\"https:\/\/healthylifebariatrics.com\/es\/servicios\/cirugia-de-hernia-epigastrica\/\">Cirug\u00eda de hernia epig\u00e1strica<\/a><\/li><li><a href=\"https:\/\/healthylifebariatrics.com\/es\/servicios\/cirugia-de-hernia-paraesofagica\/\">Cirug\u00eda de hernia paraesof\u00e1gica<\/a><\/li><li><a href=\"https:\/\/healthylifebariatrics.com\/es\/servicios\/cirugia-de-la-acidez-gastrica-erge\/\">Cirug\u00eda de la acidez g\u00e1strica (ERGE)<\/a><\/li><li><a href=\"https:\/\/healthylifebariatrics.com\/es\/servicios\/cirugia-de-la-colecistitis-cronica-colecistitis-litiasica\/\">Cirug\u00eda de la colecistitis cr\u00f3nica\/ Cirug\u00eda de la colecistitis acalculosa<\/a><\/li><li><a href=\"https:\/\/healthylifebariatrics.com\/es\/servicios\/cirugia-de-la-hernia-inguinal\/\">Cirug\u00eda de la hernia inguinal<\/a><\/li><li><a href=\"https:\/\/healthylifebariatrics.com\/es\/servicios\/cirugia-de-manga-gastrica\/\">Cirug\u00eda de manga g\u00e1strica<\/a><\/li><li><a href=\"https:\/\/healthylifebariatrics.com\/es\/servicios\/cirugia-de-perdida-de-peso-beverly-hills\/\">Cirug\u00eda de p\u00e9rdida de peso Beverly Hills<\/a><\/li><li><a href=\"https:\/\/healthylifebariatrics.com\/es\/servicios\/cirugia-de-revision-de-banda-gastrica\/\">Cirug\u00eda de revisi\u00f3n de banda g\u00e1strica<\/a><\/li><li><a href=\"https:\/\/healthylifebariatrics.com\/es\/servicios\/cirugia-de-revision-de-la-bolsa\/\">Cirug\u00eda de revisi\u00f3n de bolsa<\/a><\/li><li><a href=\"https:\/\/healthylifebariatrics.com\/es\/servicios\/cirugia-general\/\">Cirug\u00eda general<\/a><\/li><li><a href=\"https:\/\/healthylifebariatrics.com\/es\/servicios\/despues-de-la-cirugia-bariatrica\/\">Cirug\u00eda post-bari\u00e1trica<\/a><\/li><li><a href=\"https:\/\/healthylifebariatrics.com\/es\/servicios\/cirugia-robotica\/\">Cirug\u00eda rob\u00f3tica<\/a><\/li><li><a href=\"https:\/\/healthylifebariatrics.com\/es\/servicios\/colecistitis-aguda\/\">Colecistitis aguda<\/a><\/li><li><a href=\"https:\/\/healthylifebariatrics.com\/es\/colesterol-alto\/\">Colesterol alto<\/a><\/li><li><a href=\"https:\/\/healthylifebariatrics.com\/es\/contactos\/\">Contactos<\/a><\/li><li><a href=\"https:\/\/healthylifebariatrics.com\/es\/contorno-corporal\/\">Contorno Corporal<\/a><\/li><li><a href=\"https:\/\/healthylifebariatrics.com\/es\/depresion\/\">Depresi\u00f3n<\/a><\/li><li><a href=\"https:\/\/healthylifebariatrics.com\/es\/diabetes-tipo-2\/\">Diabetes tipo 2<\/a><\/li><li><a href=\"https:\/\/healthylifebariatrics.com\/es\/servicios\/dietas-bajo-supervision-medica\/\">Dietas bajo supervisi\u00f3n m\u00e9dica<\/a><\/li><li><a href=\"https:\/\/healthylifebariatrics.com\/es\/diferencia-de-vida-saludable-bariatrica\/\">Diferencia de Healthy Life Bariatrics<\/a><\/li><li><a href=\"https:\/\/healthylifebariatrics.com\/es\/dolores-oseos-y-articulares\/\">Dolores \u00f3seos y articulares<\/a><\/li><li><a href=\"https:\/\/healthylifebariatrics.com\/es\/financiacion\/\">financiaci\u00f3n<\/a><\/li><li><a href=\"https:\/\/healthylifebariatrics.com\/es\/galeria-de-antes-y-despues\/\">Galer\u00eda de antes y despu\u00e9s<\/a><\/li><li><a href=\"https:\/\/healthylifebariatrics.com\/es\/servicios\/gastroplastia-en-manga-endoscopica-cirugia-bariatrica-segura-eficaz-y-de-bajo-riesgo\/\">Gastroplastia en manga endosc\u00f3pica: cirug\u00eda bari\u00e1trica segura, eficaz y de bajo riesgo<\/a><\/li><li><a href=\"https:\/\/healthylifebariatrics.com\/es\/\">Hogar<\/a><\/li><li><a href=\"https:\/\/healthylifebariatrics.com\/es\/servicios\/incontinencia-urinaria\/\">Incontinencia urinaria<\/a><\/li><li><a href=\"https:\/\/healthylifebariatrics.com\/es\/levantamiento-de-brazos-o-reduccion-de-brazos\/\">Levantamiento de brazos o reducci\u00f3n de brazos<\/a><\/li><li><a href=\"https:\/\/healthylifebariatrics.com\/es\/levantamiento-de-gluteos\/\">Levantamiento de gl\u00fateos<\/a><\/li><li><a href=\"https:\/\/healthylifebariatrics.com\/es\/levantamiento-de-muslos\/\">levantamiento de muslos<\/a><\/li><li><a href=\"https:\/\/healthylifebariatrics.com\/es\/levantamiento-de-senos-mastopexia\/\">Levantamiento de Senos\/Mastopexia<\/a><\/li><li><a href=\"https:\/\/healthylifebariatrics.com\/es\/lipectomia-de-cinturon\/\">Lipectomia de cinturon<\/a><\/li><li><a href=\"https:\/\/healthylifebariatrics.com\/es\/lipo-inteligente\/\">lipo inteligente<\/a><\/li><li><a href=\"https:\/\/healthylifebariatrics.com\/es\/localizacion-de-la-manga-gastrica\/\">Localizaci\u00f3n de la manga g\u00e1strica<\/a><\/li><li><a href=\"https:\/\/healthylifebariatrics.com\/es\/mapa-del-sitio\/\">Mapa del sitio<\/a><\/li><li><a href=\"https:\/\/healthylifebariatrics.com\/es\/servicios\/medicamentos-para-adelgazar\/\">Medicamentos para adelgazar<\/a><\/li><li><a href=\"https:\/\/healthylifebariatrics.com\/es\/servicios\/mini-bypass-gastrico\/\">Mini bypass g\u00e1strico<\/a><\/li><li><a href=\"https:\/\/healthylifebariatrics.com\/es\/opciones-de-seguro\/\">Opciones de seguro<\/a><\/li><li><a href=\"https:\/\/healthylifebariatrics.com\/es\/ozempic-para-adelgazar\/\">Ozempic para adelgazar<\/a><\/li><li><a href=\"https:\/\/healthylifebariatrics.com\/es\/pagina-web\/\">P\u00e1gina web<\/a><\/li><li><a href=\"https:\/\/healthylifebariatrics.com\/es\/servicios\/plan-de-cuidados-360-para-la-perdida-de-peso\/\">Plan de cuidados 360 para la p\u00e9rdida de peso<\/a><\/li><li><a href=\"https:\/\/healthylifebariatrics.com\/es\/politica-de-privacidad\/\">Pol\u00edtica de privacidad<\/a><\/li><li><a href=\"https:\/\/healthylifebariatrics.com\/es\/preguntas-frecuentes\/\">PREGUNTAS FRECUENTES<\/a><\/li><li><a href=\"https:\/\/healthylifebariatrics.com\/es\/preguntas-frecuentes-sobre-la-manga-gastrica\/\">Preguntas frecuentes sobre la manga g\u00e1strica<\/a><\/li><li><a href=\"https:\/\/healthylifebariatrics.com\/es\/premios\/\">Premios<\/a><\/li><li><a href=\"https:\/\/healthylifebariatrics.com\/es\/servicios\/prevencion-del-cancer-y-cirugia-bariatrica\/\">Prevenci\u00f3n del c\u00e1ncer y cirug\u00eda bari\u00e1trica<\/a><\/li><li><a href=\"https:\/\/healthylifebariatrics.com\/es\/procedimientos-de-cirugia-bariatrica\/\">Procedimientos de cirug\u00eda bari\u00e1trica<\/a><\/li><li><a href=\"https:\/\/healthylifebariatrics.com\/es\/servicios\/reparacion-de-hernia-ventral\/\">Reparaci\u00f3n de hernia ventral<\/a><\/li><li><a href=\"https:\/\/healthylifebariatrics.com\/es\/servicios\/\">servicios<\/a><\/li><li><a href=\"https:\/\/healthylifebariatrics.com\/es\/servicios\/sistema-de-globo-obalon\/\">Sistema de globo Obalon<\/a><\/li><li><a href=\"https:\/\/healthylifebariatrics.com\/es\/sobre-nosotras\/\">Sobre nosotros<\/a><\/li><li><a href=\"https:\/\/healthylifebariatrics.com\/es\/testimonial\/\">Testimonial<\/a><\/li><li><a href=\"https:\/\/healthylifebariatrics.com\/es\/trabajo-voluntario\/\">Trabajo voluntario<\/a><\/li><li><a href=\"https:\/\/healthylifebariatrics.com\/es\/tratamiento-miradry\/\">Tratamiento MiraDry<\/a><\/li><li><a href=\"https:\/\/healthylifebariatrics.com\/es\/servicios\/tratamientos\/\">Tratamientos<\/a><\/li><li><a href=\"https:\/\/healthylifebariatrics.com\/es\/tummy-tuck-abdominoplastia\/\">Tummy Tuck (abdominoplastia)<\/a><\/li><li><a href=\"https:\/\/healthylifebariatrics.com\/es\/videos-de-cirugia-general\/\">V\u00eddeos de cirug\u00eda general<\/a><\/li><li><a href=\"https:\/\/healthylifebariatrics.com\/es\/videos-sobre-cirugia-bariatrica\/\">V\u00eddeos sobre cirug\u00eda bari\u00e1trica<\/a><\/li><\/ul>\n\t\t\t\t\t\tPublicaci\u00f3n del blog\n\t\t\t\t\t\t\t\t\t\t\t<h3 class=\"sitemap-category-title\">Alimentos Ozempic<\/h3><ul class=\"wp-sitemap-posts\"><li><a href=\"https:\/\/healthylifebariatrics.com\/es\/guia-esencial-alimentos-ozempic-que-debes-evitar-para-mejorar-tu-salud\/\">Gu\u00eda Esencial: Alimentos Ozempic que debes evitar para mejorar tu salud<\/a><\/li><\/ul><h3 class=\"sitemap-category-title\">Cirug\u00eda bari\u00e1trica<\/h3><ul class=\"wp-sitemap-posts\"><li><a href=\"https:\/\/healthylifebariatrics.com\/es\/coste-manga-gastrica-los-angeles-ca\/\">Coste Manga G\u00e1strica Los Angeles, CA<\/a><\/li><li><a href=\"https:\/\/healthylifebariatrics.com\/es\/manga-gastrica-antes-y-despues-los-angeles-ca\/\">Manga G\u00e1strica Antes y Despu\u00e9s Los Angeles, CA<\/a><\/li><\/ul><h3 class=\"sitemap-category-title\">Cirug\u00eda de manga g\u00e1strica<\/h3><ul class=\"wp-sitemap-posts\"><li><a href=\"https:\/\/healthylifebariatrics.com\/es\/semaglutida-y-manga-gastrica\/\">Semaglutida y manga g\u00e1strica<\/a><\/li><\/ul><h3 class=\"sitemap-category-title\">Cirug\u00eda de p\u00e9rdida de peso<\/h3><ul class=\"wp-sitemap-posts\"><li><a href=\"https:\/\/healthylifebariatrics.com\/es\/cirugia-de-perdida-de-peso-en-los-angeles\/\">Cirug\u00eda de P\u00e9rdida de Peso en Los \u00c1ngeles<\/a><\/li><\/ul><h3 class=\"sitemap-category-title\">Entradas de blog<\/h3><ul class=\"wp-sitemap-posts\"><li><a href=\"https:\/\/healthylifebariatrics.com\/es\/coste-manga-gastrica-los-angeles-ca\/\">Coste Manga G\u00e1strica Los Angeles, CA<\/a><\/li><li><a href=\"https:\/\/healthylifebariatrics.com\/es\/manga-gastrica-antes-y-despues-los-angeles-ca\/\">Manga G\u00e1strica Antes y Despu\u00e9s Los Angeles, CA<\/a><\/li><li><a href=\"https:\/\/healthylifebariatrics.com\/es\/resultados-de-la-manga-gastrica-los-angeles-ca\/\">Resultados de la manga g\u00e1strica Los Angeles, CA<\/a><\/li><\/ul><h3 class=\"sitemap-category-title\">Manga g\u00e1strica<\/h3><ul class=\"wp-sitemap-posts\"><li><a href=\"https:\/\/healthylifebariatrics.com\/es\/coste-manga-gastrica-los-angeles-ca\/\">Coste Manga G\u00e1strica Los Angeles, CA<\/a><\/li><li><a href=\"https:\/\/healthylifebariatrics.com\/es\/manga-gastrica-antes-y-despues-los-angeles-ca\/\">Manga G\u00e1strica Antes y Despu\u00e9s Los Angeles, CA<\/a><\/li><li><a href=\"https:\/\/healthylifebariatrics.com\/es\/seguro-de-manga-gastrica-y-como-pagar-la-cirugia-sin-cobertura\/\">Seguro de Manga G\u00e1strica y C\u00f3mo Pagar la Cirug\u00eda Sin Cobertura<\/a><\/li><\/ul><h3 class=\"sitemap-category-title\">Medicamentos para adelgazar<\/h3><ul class=\"wp-sitemap-posts\"><li><a href=\"https:\/\/healthylifebariatrics.com\/es\/comprar-ozempic-online-una-guia-completa-para-perder-peso\/\">Comprar Ozempic Online: Una gu\u00eda completa para perder peso<\/a><\/li><li><a href=\"https:\/\/healthylifebariatrics.com\/es\/semaglutida-y-manga-gastrica\/\">Semaglutida y manga g\u00e1strica<\/a><\/li><\/ul><h3 class=\"sitemap-category-title\">Ozempic<\/h3><ul class=\"wp-sitemap-posts\"><li><a href=\"https:\/\/healthylifebariatrics.com\/es\/comprar-ozempic-online-una-guia-completa-para-perder-peso\/\">Comprar Ozempic Online: Una gu\u00eda completa para perder peso<\/a><\/li><li><a href=\"https:\/\/healthylifebariatrics.com\/es\/semaglutida-y-manga-gastrica\/\">Semaglutida y manga g\u00e1strica<\/a><\/li><\/ul><h3 class=\"sitemap-category-title\">Ozempic cerca de m\u00ed<\/h3><ul class=\"wp-sitemap-posts\"><li><a href=\"https:\/\/healthylifebariatrics.com\/es\/encuentra-ozempic-cerca-de-mi-un-camino-hacia-la-perdida-de-peso-con-exito\/\">Encuentra Ozempic Cerca de M\u00ed: Un camino hacia la p\u00e9rdida de peso con \u00e9xito<\/a><\/li><\/ul><h3 class=\"sitemap-category-title\">Proceso de p\u00e9rdida de peso Ozempic<\/h3><ul class=\"wp-sitemap-posts\"><li><a href=\"https:\/\/healthylifebariatrics.com\/es\/fotos-de-antes-y-despues-de-la-perdida-de-peso-con-ozempic\/\">Fotos de antes y despu\u00e9s de la p\u00e9rdida de peso con Ozempic<\/a><\/li><\/ul>\n\n","protected":false},"excerpt":{"rendered":"<p>Mapa del sitio de Healthylifebariatrics P\u00e1ginas Publicaci\u00f3n del blog P\u00e1ginas Publicaci\u00f3n del blog<\/p>\n","protected":false},"author":20,"featured_media":0,"parent":0,"menu_order":0,"comment_status":"closed","ping_status":"closed","template":"","meta":{"footnotes":""},"class_list":["post-36841","page","type-page","status-publish","hentry"],"_links":{"self":[{"href":"https:\/\/healthylifebariatrics.com\/es\/wp-json\/wp\/v2\/pages\/36841","targetHints":{"allow":["GET"]}}],"collection":[{"href":"https:\/\/healthylifebariatrics.com\/es\/wp-json\/wp\/v2\/pages"}],"about":[{"href":"https:\/\/healthylifebariatrics.com\/es\/wp-json\/wp\/v2\/types\/page"}],"author":[{"embeddable":true,"href":"https:\/\/healthylifebariatrics.com\/es\/wp-json\/wp\/v2\/users\/20"}],"replies":[{"embeddable":true,"href":"https:\/\/healthylifebariatrics.com\/es\/wp-json\/wp\/v2\/comments?post=36841"}],"version-history":[{"count":3,"href":"https:\/\/healthylifebariatrics.com\/es\/wp-json\/wp\/v2\/pages\/36841\/revisions"}],"predecessor-version":[{"id":46148,"href":"https:\/\/healthylifebariatrics.com\/es\/wp-json\/wp\/v2\/pages\/36841\/revisions\/46148"}],"wp:attachment":[{"href":"https:\/\/healthylifebariatrics.com\/es\/wp-json\/wp\/v2\/media?parent=36841"}],"curies":[{"name":"wp","href":"https:\/\/api.w.org\/{rel}","templated":true}]}}