{"id":36840,"date":"2019-05-26T13:21:23","date_gmt":"2019-05-26T13:21:23","guid":{"rendered":"https:\/\/healthylifebariatrics.com\/servicios\/tratamientos\/"},"modified":"2024-09-19T12:28:09","modified_gmt":"2024-09-19T12:28:09","slug":"tratamientos","status":"publish","type":"page","link":"https:\/\/healthylifebariatrics.com\/es\/servicios\/tratamientos\/","title":{"rendered":"Tratamientos"},"content":{"rendered":"\n<h1>\n\t\tTratamientos de p\u00e9rdida de peso y contorno corporal en Los \u00c1ngeles ca\n\t<\/h1>\n\n\t<p>El Dr. Moein es un experto tanto en el tratamiento bari\u00e1trico de p\u00e9rdida de peso como en el contorno corporal. Eso significa que puede acceder a todos los servicios que necesita para lograr sus objetivos de p\u00e9rdida de peso y remodelaci\u00f3n corporal bajo un mismo techo para una m\u00e1xima asequibilidad y comodidad.<\/p>\n<p>Programe una consulta inicial hoy con el Dr. Moein para analizar una o m\u00e1s opciones de tratamiento que pueden ser adecuadas para usted.<\/p>\n\t\t\t<a href=\"tel:+1-310-881-8260\" target=\"_self\" rel=\"noopener\">\n\t\t\t\t\t\t\tLl\u00e1menos: (310) 881-8260\n\t\t\t\t\t<\/a>\n\t<h2>Cirug\u00eda bari\u00e1trica que cambia la vida para una p\u00e9rdida de peso duradera<\/h2>\n<p>Todos los procedimientos quir\u00fargicos bari\u00e1tricos son m\u00ednimamente invasivos y se realizan por v\u00eda laparosc\u00f3pica para garantizar la comodidad y reducir el tiempo de inactividad.<\/p>\n<p>Programar una consulta inicial con el Dr. Moein para discutir una o m\u00e1s de las opciones de tratamiento de p\u00e9rdida de peso a continuaci\u00f3n. El Dr. Moein escuchar\u00e1 sus objetivos de p\u00e9rdida de peso antes de desarrollar un plan de tratamiento personalizado e integral para ayudarlo a alcanzar sus objetivos de p\u00e9rdida de peso.<\/p>\n<h2>Tratamiento personalizado y cuidados posteriores completos<\/h2>\n\t\t\t\t<img loading=\"lazy\" decoding=\"async\" src=\"https:\/\/healthylifebariatrics.com\/wp-content\/uploads\/2019\/05\/Bariatric-Weight-Loss-Cosmetic-Body-Contouring.jpg\" alt=\"woman in a black bikini\" itemprop=\"image\" height=\"543\" width=\"850\" title=\"Bariatric Weight Loss &amp; Cosmetic Body Contouring\" onerror=\"this.style.display='none'\"  \/>\n\t<p>Si su objetivo es perder peso, el Dr. Moein le brindar\u00e1 un plan de tratamiento personalizado que se completa con cirug\u00eda bari\u00e1trica y\/o contorno corporal, junto con cuidados posquir\u00fargicos completos.<\/p>\n<p>Cada aspecto de su plan se adaptar\u00e1 a sus objetivos de p\u00e9rdida de peso, composici\u00f3n biol\u00f3gica e historial m\u00e9dico. El Dr. Moein comienza con el manejo del dolor, que se puede controlar con medicamentos de venta libre y\/o recetados.<\/p>\n<p>El Dr. Moein programar\u00e1 la cirug\u00eda y lo controlar\u00e1 durante la recuperaci\u00f3n. Cuando haya sanado adecuadamente despu\u00e9s de la cirug\u00eda, y dependiendo de su progreso, el Dr. Moein puede programar uno o m\u00e1s procedimientos de contorno corporal posquir\u00fargicos.<\/p>\n<p>Cuando se trata de recuperaci\u00f3n de cuidados posteriores, se sabe que el Dr. Moein realiza visitas a domicilio, es as\u00ed de minucioso.<\/p>\n<p>Incluso sus inquietudes diet\u00e9ticas se abordar\u00e1n adecuadamente para que sepa cu\u00e1ndo descansar y qu\u00e9 comer a medida que logra el f\u00edsico que desea.<\/p>\n<p>La mejor parte es que Dr. Moein es 100% transparente con todas las tarifas. No habr\u00e1 cargos ocultos ni sorpresas, manteniendo sus objetivos corporales asequibles, convenientes y siempre al alcance.<\/p>\n<p>Preg\u00fantele al Dr. Moein si es un buen candidato para uno o m\u00e1s de los siguientes procedimientos bari\u00e1tricos durante su consulta inicial.<\/p>\n<p>&nbsp;<\/p>\n\t\t\t\t<a href=\"tel:+1-310-881-8260\" target=\"_self\" itemprop=\"url\" rel=\"noopener\">\n\t\t\t\t<img loading=\"lazy\" decoding=\"async\" src=\"https:\/\/healthylifebariatrics.com\/wp-content\/uploads\/2023\/05\/Captura-de-pantalla-2023-05-15-a-las-9.04.44-a.-m.-copia.webp\" alt=\"A woman wearing a headset is holding a phone.\" itemprop=\"image\" height=\"207\" width=\"800\" title=\"A woman wearing a headset is holding a phone.\" onerror=\"this.style.display='none'\"  \/>\n\t\t\t\t<\/a>\n\t<p>La cirug\u00eda de manga g\u00e1strica es un procedimiento altamente efectivo que restringe el tama\u00f1o de su est\u00f3mago, lo que hace que consuma menos calor\u00edas, lo que resulta en una p\u00e9rdida de peso sostenida.<\/p>\n<h2>Balon g\u00e1strico<\/h2>\n<p>Este procedimiento no invasivo y no quir\u00fargico es 100 % reversible y utiliza tecnolog\u00eda de bal\u00f3n g\u00e1strico para limitar la disponibilidad de alimentos en el est\u00f3mago, fomentando una alimentaci\u00f3n m\u00e1s saludable y un mejor control sobre el hambre y la saciedad.<\/p>\n<h2>Bypass g\u00e1strico<\/h2>\n<p>Considerado el est\u00e1ndar de oro de la cirug\u00eda de p\u00e9rdida de peso, el bypass g\u00e1strico divide el est\u00f3mago en dos secciones y desv\u00eda los alimentos a los intestinos para reducir la ingesta cal\u00f3rica y la p\u00e9rdida de peso a largo plazo.<\/p>\n<h2>Lap-Band\u00ae<\/h2>\n<p>La banda g\u00e1strica ajustable laparosc\u00f3pica est\u00e1 dise\u00f1ada para reducir el volumen del est\u00f3mago, lo que resulta en una p\u00e9rdida de peso significativa y a largo plazo.<\/p>\n<h2>Cirug\u00eda bari\u00e1trica de revisi\u00f3n<\/h2>\n<p>Las cirug\u00edas de revisi\u00f3n de bolsa y banda g\u00e1strica corrigen las imperfecciones y\/o las complicaciones de los procedimientos de p\u00e9rdida de peso anteriores para volver a encarrilar su tratamiento de p\u00e9rdida de peso.<\/p>\n\t<iframe src=\"https:\/\/www.youtube.com\/embed\/umTXJ6Z-_dc?autoplay=1&amp;rel=0\" frameborder=\"0\" allowfullscreen=\"1\" allow=\"\"><\/iframe>\n\t<h2>Cirug\u00eda general para mejorar la salud y el bienestar<\/h2>\n<h3>Cirugia de hernia<\/h3>\n<p>Las hernias ocurren cuando un \u00f3rgano o tejido adiposo sobresale a trav\u00e9s de un m\u00fasculo o tejido conectivo llamado fascia. El Dr. Moein corrige hernias para aliviar molestias y prevenir futuras complicaciones.<\/p>\n<h3>Cirug\u00eda de la enfermedad de la ves\u00edcula biliar<\/h3>\n<p>La colecistectom\u00eda, tambi\u00e9n conocida como extirpaci\u00f3n de la ves\u00edcula biliar, alivia los s\u00edntomas debilitantes com\u00fanmente asociados con la enfermedad de la ves\u00edcula biliar.<\/p>\n<h3>Reparaci\u00f3n de hernia hiatal para el tratamiento de la ERGE<\/h3>\n<p>Las hernias hiatales grandes pueden causar una serie de problemas, como acidez estomacal y reflujo \u00e1cido. La cirug\u00eda de hernia hiatal puede erradicar sus s\u00edntomas bajo el cuidado preciso del Dr. Moein.<\/p>\n<h3>Cirug\u00eda general de urgencia<\/h3>\n<p>Desde la apendicectom\u00eda hasta el manejo de la \u00falcera p\u00e9ptica, cuando el dolor es intenso y el tiempo es corto, el Dr. Moein es un experto en ayudar a los pacientes a lograr una salud \u00f3ptima en situaciones de emergencia.<\/p>\n<h3>Contorno corporal: precisi\u00f3n y arte h\u00e1bilmente combinados<\/h3>\n<p>El contorneado corporal ayuda a muchos pacientes a conseguir su forma corporal ideal tras<strong> una operaci\u00f3n de p\u00e9rdida de peso<\/strong>. El m\u00e9dico presta una estricta atenci\u00f3n a los detalles y mantiene una pasi\u00f3n por ayudar a los pacientes a lograr una forma corporal que se acerque m\u00e1s a sus objetivos de p\u00e9rdida de peso.<\/p>\n<h3>lipo inteligente<\/h3>\n<p>\u00bfFrustrada por la grasa persistente en \u00e1reas espec\u00edficas? SmartLipo puede ser el procedimiento cosm\u00e9tico para usted. Obtenga los mismos resultados sorprendentes que la liposucci\u00f3n sin los tiempos de inactividad o recuperaci\u00f3n.<\/p>\n<h3>Abdominoplastia\/Estiramiento Abdominal<\/h3>\n<p>El Dr. Moein puede tensar la piel alrededor de su abdomen para lograr un contorno adelgazante y una oleada de confianza. Este procedimiento puede ser suficiente solo o incluido con el tratamiento de p\u00e9rdida de peso.<\/p>\n<h3>Cirug\u00eda de paniculectom\u00eda<\/h3>\n<p>Una p\u00e9rdida de peso significativa puede resultar en una piel colgante que lo deja susceptible a erupciones cut\u00e1neas e infecciones. El Dr. Moein puede eliminar el exceso de piel para darle a su cuerpo un contorno hermoso y juvenil.<\/p>\n<h3>Ascensores corporales<\/h3>\n<p>Un levantamiento de senos, brazos o muslos puede ser justo el procedimiento que necesita para darle a su cuerpo el contorno ideal cuando la edad ha afectado la elasticidad de la piel o para restaurar su confianza despu\u00e9s de una cirug\u00eda bari\u00e1trica para perder peso.<\/p>\n<h3><strong>Aumentos de Senos<\/strong><\/h3>\n<p>Algunas mujeres son conscientes de la apariencia de sus senos despu\u00e9s de la cirug\u00eda bari\u00e1trica para perder peso. El Dr. Moein puede realizar un aumento de senos o un levantamiento de senos para darle la apariencia juvenil y femenina que desea.<\/p>\n<h3><strong>Tratamientos de venas varicosas<\/strong><\/h3>\n<p>El Dr. Moein usa inyecciones de ara\u00f1as vasculares, ablaci\u00f3n con l\u00e1ser o extracci\u00f3n de venas para librar a los pacientes de las antiest\u00e9ticas v\u00e1rices y ara\u00f1as vasculares, lo que hace que las venas se desvanezcan y desaparezcan para lograr una apariencia suave y uniforme.<\/p>\n<h2>El Dr. Moein ofrece la experiencia de cirug\u00eda de destino<\/h2>\n\t\t\t\t<a href=\"tel:+1-310-881-8260\" target=\"_self\" itemprop=\"url\" rel=\"noopener\">\n\t\t\t\t<img loading=\"lazy\" decoding=\"async\" src=\"https:\/\/healthylifebariatrics.com\/wp-content\/uploads\/2023\/05\/Captura-de-pantalla-2023-05-15-a-las-9.04.44-a.-m.-copia.webp\" alt=\"A woman wearing a headset is holding a phone.\" itemprop=\"image\" height=\"207\" width=\"800\" title=\"A woman wearing a headset is holding a phone.\" onerror=\"this.style.display='none'\"  \/>\n\t\t\t\t<\/a>\n\t<p>Como visitante del \u00e1rea de Los \u00c1ngeles, puede lograr la apariencia y la forma que desea mientras disfruta de los hermosos y maravillosos sitios que ofrece nuestra \u00e1rea general. El Dr. Moein ofrece The Destination Surgery Experience para pacientes que viven en todo el mundo. No es raro ver a pacientes que llegan de Europa, Asia y Medio Oriente para recibir los tratamientos que cambian la vida del Dr. Moein.<\/p>\n<p>Programe una consulta virtual con el Dr. Moein para hablar de su Experiencia en Destino Quir\u00fargico con el renombrado cirujano, Dr. Moeinolmolki.<\/p>\n<h2>\u00bfQuiere saber si la bari\u00e1trica y el contorno corporal son adecuados para usted?<\/h2>\n<p>En Healthy Life Bariatrics, tratamos la obesidad como una enfermedad que requiere tratamiento, no juicio. El Dr. Moein y su personal ofrecen un tratamiento de p\u00e9rdida de peso cuidadoso y compasivo y un contorno corporal cosm\u00e9tico en un ambiente seguro y c\u00f3modo.<\/p>\n<p>Averig\u00fce si el tratamiento de p\u00e9rdida de peso m\u00e9dico o quir\u00fargico y el contorno corporal son adecuados para usted llamando hoy para programar una consulta inicial.<\/p>\n\t\t\t\t<img loading=\"lazy\" decoding=\"async\" src=\"https:\/\/healthylifebariatrics.com\/wp-content\/uploads\/2023\/05\/Captura-de-pantalla-2023-05-09-a-las-11.31.06-a.-m.png\" alt=\"Arm weight loss candidates.\" itemprop=\"image\" height=\"432\" width=\"1179\" title=\"Arm weight loss candidates.\" onerror=\"this.style.display='none'\"  \/>\n\n","protected":false},"excerpt":{"rendered":"<p>Tratamientos de p\u00e9rdida de peso y contorno corporal en Los \u00c1ngeles ca El Dr. Moein es un experto tanto en el tratamiento bari\u00e1trico de p\u00e9rdida de peso como en el contorno corporal. Eso significa que puede acceder a todos los servicios que necesita para lograr sus objetivos de p\u00e9rdida de peso y remodelaci\u00f3n corporal bajo [&hellip;]<\/p>\n","protected":false},"author":20,"featured_media":36682,"parent":36757,"menu_order":0,"comment_status":"closed","ping_status":"closed","template":"","meta":{"footnotes":""},"class_list":["post-36840","page","type-page","status-publish","has-post-thumbnail","hentry"],"_links":{"self":[{"href":"https:\/\/healthylifebariatrics.com\/es\/wp-json\/wp\/v2\/pages\/36840","targetHints":{"allow":["GET"]}}],"collection":[{"href":"https:\/\/healthylifebariatrics.com\/es\/wp-json\/wp\/v2\/pages"}],"about":[{"href":"https:\/\/healthylifebariatrics.com\/es\/wp-json\/wp\/v2\/types\/page"}],"author":[{"embeddable":true,"href":"https:\/\/healthylifebariatrics.com\/es\/wp-json\/wp\/v2\/users\/20"}],"replies":[{"embeddable":true,"href":"https:\/\/healthylifebariatrics.com\/es\/wp-json\/wp\/v2\/comments?post=36840"}],"version-history":[{"count":1,"href":"https:\/\/healthylifebariatrics.com\/es\/wp-json\/wp\/v2\/pages\/36840\/revisions"}],"predecessor-version":[{"id":43092,"href":"https:\/\/healthylifebariatrics.com\/es\/wp-json\/wp\/v2\/pages\/36840\/revisions\/43092"}],"up":[{"embeddable":true,"href":"https:\/\/healthylifebariatrics.com\/es\/wp-json\/wp\/v2\/pages\/36757"}],"wp:featuredmedia":[{"embeddable":true,"href":"https:\/\/healthylifebariatrics.com\/es\/wp-json\/wp\/v2\/media\/36682"}],"wp:attachment":[{"href":"https:\/\/healthylifebariatrics.com\/es\/wp-json\/wp\/v2\/media?parent=36840"}],"curies":[{"name":"wp","href":"https:\/\/api.w.org\/{rel}","templated":true}]}}