{"id":36835,"date":"2019-07-09T13:33:11","date_gmt":"2019-07-09T13:33:11","guid":{"rendered":"https:\/\/healthylifebariatrics.com\/servicios\/balon-gastrico\/"},"modified":"2024-10-19T14:11:19","modified_gmt":"2024-10-19T14:11:19","slug":"balon-gastrico","status":"publish","type":"page","link":"https:\/\/healthylifebariatrics.com\/es\/servicios\/balon-gastrico\/","title":{"rendered":"Bal\u00f3n g\u00e1strico"},"content":{"rendered":"\n<h1 class=\"wp-block-heading\">\n\t\tProcedimiento con Bal\u00f3n G\u00e1strico Orbera Los \u00c1ngeles California\n\t<\/h1>\n\n\n\n\n\n\n<h2 class=\"wp-block-heading\">\n\t\tEspecialista en Bal\u00f3n G\u00e1strico\n\t<\/h2>\n\n\n\n<figure class=\"wp-block-image\"><img decoding=\"async\" src=\"https:\/\/healthylifebariatrics.com\/wp-content\/uploads\/2019\/04\/ORBERA-gastric-balloon.jpg\" alt=\"ORBERA gastric balloon in Los Angeles\" title=\"ORBERA gastric balloon in Los Angeles\"\/><\/figure>\n\n\n\n<p>Los pacientes que buscan una opci\u00f3n de p\u00e9rdida de peso que sea eficaz y no invasiva estar\u00e1n encantados de conocer el bal\u00f3n g\u00e1strico. La tecnolog\u00eda de bal\u00f3n g\u00e1strico puede ayudarlo a controlar su peso y lograr sus objetivos de salud. Pregunte acerca del bal\u00f3n g\u00e1strico llamando a Healthy Life Bariatrics, donde el Dr. Babak Moeinolmolki ayuda a los pacientes en las \u00e1reas de Los \u00c1ngeles, Glendale y Encino.<\/p>\n\n\n\n<iframe src=\"https:\/\/www.youtube.com\/embed\/cHg6JRN8r3g?autoplay=1&amp;rel=0\" frameborder=\"0\" allowfullscreen=\"1\" allow=\"\"><\/iframe>\n\n\n<div class=\"fl-builder-content fl-builder-content-43256 fl-builder-template fl-builder-module-template fl-builder-global-templates-locked\" data-post-id=\"43256\"><div class=\"fl-module fl-module-button fl-node-l45s869u0igy\" data-node=\"l45s869u0igy\">\n\t<div class=\"fl-module-content fl-node-content\">\n\t\t<div class=\"fl-button-wrap fl-button-width-auto fl-button-center fl-button-has-icon\">\n\t\t\t<a href=\"tel:+1(310)861-4093\"  target=\"_self\"  class=\"fl-button\" >\n\t\t\t\t\t<i class=\"fl-button-icon fl-button-icon-before fi-telephone\" aria-hidden=\"true\"><\/i>\n\t\t\t\t\t\t<span class=\"fl-button-text\">Start your weight loss journey today! <\/br> Call us to schedule your first step towards success<\/span>\n\t\t\t\t\t<\/a>\n<\/div>\n\t<\/div>\n<\/div>\n<\/div><div class=\"uabb-js-breakpoint\" style=\"display: none;\"><\/div>\n\n\n\n<h2 class=\"wp-block-heading\"><br>PREGUNTAS Y RESPUESTAS<\/h2>\n\n\n\n<h2 class=\"wp-block-heading\">\u00bfQu\u00e9 es un bal\u00f3n g\u00e1strico y c\u00f3mo ayuda a perder peso?<\/h2>\n\n\n\n<p>Una de las cosas que diferencian los procedimientos con bal\u00f3n g\u00e1strico de la mayor\u00eda de las otras soluciones para perder peso es el hecho de que es un procedimiento ambulatorio m\u00ednimamente invasivo. El globo Orbera est\u00e1 fabricado en silicona blanda. Se utiliza para llenar una parte del espacio dentro del est\u00f3mago del paciente. Eso deja menos espacio disponible para la comida, lo que ayuda al paciente a controlar la ingesta de alimentos. Despu\u00e9s de un per\u00edodo de seis meses, podemos retirar el bal\u00f3n, dejando el est\u00f3mago en su configuraci\u00f3n original. En ese momento, el paciente se habr\u00e1 acostumbrado a reconocer las se\u00f1ales entre el cerebro y el cuerpo que controlan el hambre y la saciedad. Por lo tanto, el paciente habr\u00e1 establecido h\u00e1bitos de nutrici\u00f3n y ejercicio m\u00e1s saludables que son fundamentales para mantener un estilo de vida saludable.<\/p>\n\n\n\n<h2 class=\"wp-block-heading\">\n\t\tConsejos r\u00e1pidos para disfrutar de un estilo de vida saludable despu\u00e9s de su procedimiento con bal\u00f3n g\u00e1strico\n\t<\/h2>\n\n\n\n<h2 class=\"wp-block-heading\">\u00bfC\u00f3mo funciona el procedimiento con bal\u00f3n g\u00e1strico de Orbera?<\/h2>\n\n\n\n<p>El proceso comienza con un procedimiento endosc\u00f3pico para asegurarse de que no existan condiciones que impidan el uso del bal\u00f3n m\u00e9dico. Luego, el paciente recibe un sedante suave para promover la relajaci\u00f3n. El cirujano bari\u00e1trico inserta el globo desinflado a trav\u00e9s del es\u00f3fago del paciente hasta el est\u00f3mago. Una vez en posici\u00f3n, usamos una jeringa para llenar parcialmente el globo con una soluci\u00f3n salina, hasta que tenga el tama\u00f1o y la forma de una toronja. El procedimiento es r\u00e1pido e indoloro y generalmente toma solo de 20 a 30 minutos para completarse. Posteriormente, el paciente es dado de alta y puede irse a casa o incluso volver al trabajo.<\/p>\n\n\n\n<h2 class=\"wp-block-heading\">\n\t\t\u00bfPuede el bal\u00f3n g\u00e1strico dar como resultado una p\u00e9rdida de peso a largo plazo y es una soluci\u00f3n viable para la obesidad?\n\t<\/h2>\n\n\n\n<h2 class=\"wp-block-heading\">\u00bfCu\u00e1l es el papel del paciente en el enfoque de p\u00e9rdida de peso con bal\u00f3n g\u00e1strico?<\/h2>\n\n\n\n<p>Para que un bal\u00f3n g\u00e1strico sea efectivo, el paciente debe estar dispuesto y ser capaz de tomar las riendas en el manejo de su proceso de p\u00e9rdida de peso. El globo ayudar\u00e1 desplazando gran parte del volumen del est\u00f3mago. Hace que sea m\u00e1s f\u00e1cil sentirse llena con menos calor\u00edas. Sin embargo, eso es solo el comienzo. Los pacientes trabajan en conjunto con el cirujano bari\u00e1trico y el equipo de apoyo m\u00e9dico. Tienen acceso a asistencia con nutrici\u00f3n, planes de ejercicio y herramientas generales de salud y bienestar. La p\u00e9rdida de peso duradera requiere una participaci\u00f3n activa y dedicada, pero los beneficios son inconmensurables.<\/p>\n\n\n\n<h2 class=\"wp-block-heading\">\n\t\tEl Bal\u00f3n G\u00e1strico: Preparaci\u00f3n para la Colocaci\u00f3n y Qu\u00e9 Esperar Despu\u00e9s de la Cirug\u00eda\n\t<\/h2>\n\n\n\n<h2 class=\"wp-block-heading\">\n\t\t\u00bfQu\u00e9 bal\u00f3n g\u00e1strico es adecuado para usted? Comprender las muchas opciones\n\t<\/h2>\n\n\n<div class=\"fl-builder-content fl-builder-content-43254 fl-builder-template fl-builder-module-template fl-builder-global-templates-locked\" data-post-id=\"43254\"><div class=\"fl-module fl-module-button fl-node-0ebrif25kdg3\" data-node=\"0ebrif25kdg3\">\n\t<div class=\"fl-module-content fl-node-content\">\n\t\t<div class=\"fl-button-wrap fl-button-width-auto fl-button-center fl-button-has-icon\">\n\t\t\t<a href=\"tel:+1(310)861-4093\"  target=\"_self\"  class=\"fl-button\" >\n\t\t\t\t\t<i class=\"fl-button-icon fl-button-icon-before fi-telephone\" aria-hidden=\"true\"><\/i>\n\t\t\t\t\t\t<span class=\"fl-button-text\">Achieve your weight loss goals <\/br>contact us for a consultation!<\/span>\n\t\t\t\t\t<\/a>\n<\/div>\n\t<\/div>\n<\/div>\n<\/div><div class=\"uabb-js-breakpoint\" style=\"display: none;\"><\/div>\n","protected":false},"excerpt":{"rendered":"<p>Procedimiento con Bal\u00f3n G\u00e1strico Orbera Los \u00c1ngeles California Especialista en Bal\u00f3n G\u00e1strico Los pacientes que buscan una opci\u00f3n de p\u00e9rdida de peso que sea eficaz y no invasiva estar\u00e1n encantados de conocer el bal\u00f3n g\u00e1strico. La tecnolog\u00eda de bal\u00f3n g\u00e1strico puede ayudarlo a controlar su peso y lograr sus objetivos de salud. Pregunte acerca del [&hellip;]<\/p>\n","protected":false},"author":20,"featured_media":36712,"parent":36757,"menu_order":0,"comment_status":"closed","ping_status":"closed","template":"","meta":{"footnotes":""},"class_list":["post-36835","page","type-page","status-publish","has-post-thumbnail","hentry"],"_links":{"self":[{"href":"https:\/\/healthylifebariatrics.com\/es\/wp-json\/wp\/v2\/pages\/36835","targetHints":{"allow":["GET"]}}],"collection":[{"href":"https:\/\/healthylifebariatrics.com\/es\/wp-json\/wp\/v2\/pages"}],"about":[{"href":"https:\/\/healthylifebariatrics.com\/es\/wp-json\/wp\/v2\/types\/page"}],"author":[{"embeddable":true,"href":"https:\/\/healthylifebariatrics.com\/es\/wp-json\/wp\/v2\/users\/20"}],"replies":[{"embeddable":true,"href":"https:\/\/healthylifebariatrics.com\/es\/wp-json\/wp\/v2\/comments?post=36835"}],"version-history":[{"count":2,"href":"https:\/\/healthylifebariatrics.com\/es\/wp-json\/wp\/v2\/pages\/36835\/revisions"}],"predecessor-version":[{"id":43419,"href":"https:\/\/healthylifebariatrics.com\/es\/wp-json\/wp\/v2\/pages\/36835\/revisions\/43419"}],"up":[{"embeddable":true,"href":"https:\/\/healthylifebariatrics.com\/es\/wp-json\/wp\/v2\/pages\/36757"}],"wp:featuredmedia":[{"embeddable":true,"href":"https:\/\/healthylifebariatrics.com\/es\/wp-json\/wp\/v2\/media\/36712"}],"wp:attachment":[{"href":"https:\/\/healthylifebariatrics.com\/es\/wp-json\/wp\/v2\/media?parent=36835"}],"curies":[{"name":"wp","href":"https:\/\/api.w.org\/{rel}","templated":true}]}}