{"id":36834,"date":"2019-05-01T07:22:56","date_gmt":"2019-05-01T07:22:56","guid":{"rendered":"https:\/\/healthylifebariatrics.com\/tratamiento-miradry\/"},"modified":"2024-02-28T12:07:04","modified_gmt":"2024-02-28T12:07:04","slug":"tratamiento-miradry","status":"publish","type":"page","link":"https:\/\/healthylifebariatrics.com\/es\/tratamiento-miradry\/","title":{"rendered":"Tratamiento MiraDry"},"content":{"rendered":"<div class=\"\\\">\n<h2 class=\"\\\">\u00bfQu\u00e9 es el tratamiento miraDry\u00ae?<\/h2>\n<p>MiraDry es el \u00fanico tratamiento est\u00e9tico no invasivo aprobado por la FDA que elimina de forma segura el sudor de las axilas y<br \/>\ngl\u00e1ndulas odor\u00edferas. Es un procedimiento r\u00e1pido en el consultorio que proporciona una soluci\u00f3n permanente para el sudor de las axilas.<\/p>\n<h2 class=\"\\\">\u00bfNo necesito gl\u00e1ndulas sudor\u00edparas?<\/h2>\n<p>\u00a1No en tus axilas! Naces con aproximadamente 2 millones de gl\u00e1ndulas sudor\u00edparas en todo tu cuerpo. Sus<br \/>\naxilas solo contienen alrededor del 2% de esas gl\u00e1ndulas. Con miraDry experimentar\u00e1 los muchos beneficios de<br \/>\nparar el sudor en el \u00e1rea de la axila, pero continuar\u00e1 sudando en otros lugares.<\/p>\n<h2 class=\"\\\">\u00bfCu\u00e1l es el procedimiento?<\/h2>\n<p>La mayor\u00eda de los pacientes describen el procedimiento como indoloro y con poco tiempo de inactividad. Se administra anestesia local en las<br \/>\naxilas antes del tratamiento para ayudar a aumentar la comodidad. Algunos pacientes describen las inyecciones anest\u00e9sicas iniciales<br \/>\ncomo la parte m\u00e1s dolorosa del procedimiento. No hay incisiones ni cortes. El tratamiento es personalizado para cada axila<br \/>\ncon m\u00faltiples ubicaciones de la pieza de mano MiraDry. Una cita de visita al consultorio generalmente durar\u00e1 aproximadamente una hora.<\/p>\n<h2 class=\"\\\">\u00bfComo funciona?<\/h2>\n<p>La tecnolog\u00eda patentada MiraWave de MiraDry es la longitud de onda ideal para eliminar las gl\u00e1ndulas sudor\u00edparas y olorosas de las axilas. Se dirige de forma no invasiva al \u00e1rea donde residen las gl\u00e1ndulas sudor\u00edparas y las destruye de forma segura mientras enfr\u00eda la piel al mismo tiempo para mayor comodidad.<\/p>\n<h2 class=\"\\\">\u00bfQu\u00e9 resultados puedo esperar?<\/h2>\n<p>Puede esperar resultados inmediatos y duraderos: las gl\u00e1ndulas sudor\u00edparas no vuelven a aparecer despu\u00e9s del tratamiento. La cantidad de<br \/>\neliminaci\u00f3n de sudor que desea obtener debe ser discutida con su especialista MiraDry Informaci\u00f3n cl\u00ednica reciente confirma<br \/>\nun promedio de 82% de reducci\u00f3n del sudor en la mayor\u00eda de los pacientes. Como con cualquier tratamiento est\u00e9tico, los resultados variar\u00e1n seg\u00fan la persona.<\/p>\n<h2 class=\"\\\">\u00bfCu\u00e1ntos tratamientos necesitar\u00e9?<\/h2>\n<p>Puede ver los resultados en tan solo un tratamiento. Sin embargo, como con cualquier tratamiento est\u00e9tico, su m\u00e9dico<br \/>\ndeterminar\u00e1 el mejor protocolo para los resultados esperados.<\/p>\n<h2 class=\"\\\">\u00bfEl procedimiento es indoloro?<\/h2>\n<p>Dado que la anestesia local se administra en la axila antes del tratamiento, la mayor\u00eda de los pacientes experimentan poco o ning\u00fan<br \/>\ndolor Los pacientes calificaron el dolor del tratamiento con una puntuaci\u00f3n promedio de 2 en una escala del 1 al 10 (1 = sin dolor, 10 = muy doloroso).<\/p>\n<h2 class=\"\\\">\u00bfHay alg\u00fan tiempo de inactividad?<\/h2>\n<p>La mayor\u00eda de los pacientes experimentan un tiempo de inactividad m\u00ednimo y vuelven a la actividad normal (como volver al trabajo) de inmediato.<br \/>\nEl ejercicio generalmente se reanuda dentro de varios d\u00edas. Puede experimentar hinchaz\u00f3n, entumecimiento, hematomas y sensibilidad<br \/>\nen el \u00e1rea de la axila durante varios d\u00edas despu\u00e9s del tratamiento.<\/p>\n<h2 class=\"\\\">\u00bfHay alg\u00fan efecto secundario?<\/h2>\n<p>El tratamiento MiraDry tiene un s\u00f3lido historial de seguridad. Se producir\u00e1 algo de dolor o hinchaz\u00f3n localizados y, por lo general,<br \/>\ndesaparece en unas pocas semanas. Algunos pacientes tienen sensibilidad alterada a corto plazo en la piel de las axilas o<br \/>\nparte superior de los brazos, que desaparece gradualmente. Ingres\u00e9 a www.miraDry.com para obtener m\u00e1s informaci\u00f3n sobre el tratamiento.<\/p>\n<h2 class=\"\\\">\u00bfCu\u00e1nto cuesta?<\/h2>\n<p>El precio puede variar seg\u00fan su protocolo de tratamiento espec\u00edfico y se discutir\u00e1 durante su consulta.<\/p>\n<p>\u00bfDesea m\u00e1s informaci\u00f3n? Llamar (310) 694-4486!<\/p>\n<\/div>\n","protected":false},"excerpt":{"rendered":"<p>\u00bfQu\u00e9 es el tratamiento miraDry\u00ae? MiraDry es el \u00fanico tratamiento est\u00e9tico no invasivo aprobado por la FDA que elimina de forma segura el sudor de las axilas y gl\u00e1ndulas odor\u00edferas. Es un procedimiento r\u00e1pido en el consultorio que proporciona una soluci\u00f3n permanente para el sudor de las axilas. \u00bfNo necesito gl\u00e1ndulas sudor\u00edparas? \u00a1No en tus [&hellip;]<\/p>\n","protected":false},"author":20,"featured_media":36650,"parent":0,"menu_order":0,"comment_status":"closed","ping_status":"closed","template":"","meta":{"footnotes":""},"class_list":["post-36834","page","type-page","status-publish","has-post-thumbnail","hentry"],"_links":{"self":[{"href":"https:\/\/healthylifebariatrics.com\/es\/wp-json\/wp\/v2\/pages\/36834","targetHints":{"allow":["GET"]}}],"collection":[{"href":"https:\/\/healthylifebariatrics.com\/es\/wp-json\/wp\/v2\/pages"}],"about":[{"href":"https:\/\/healthylifebariatrics.com\/es\/wp-json\/wp\/v2\/types\/page"}],"author":[{"embeddable":true,"href":"https:\/\/healthylifebariatrics.com\/es\/wp-json\/wp\/v2\/users\/20"}],"replies":[{"embeddable":true,"href":"https:\/\/healthylifebariatrics.com\/es\/wp-json\/wp\/v2\/comments?post=36834"}],"version-history":[{"count":0,"href":"https:\/\/healthylifebariatrics.com\/es\/wp-json\/wp\/v2\/pages\/36834\/revisions"}],"wp:featuredmedia":[{"embeddable":true,"href":"https:\/\/healthylifebariatrics.com\/es\/wp-json\/wp\/v2\/media\/36650"}],"wp:attachment":[{"href":"https:\/\/healthylifebariatrics.com\/es\/wp-json\/wp\/v2\/media?parent=36834"}],"curies":[{"name":"wp","href":"https:\/\/api.w.org\/{rel}","templated":true}]}}