{"id":36826,"date":"2019-04-30T15:51:15","date_gmt":"2019-04-30T15:51:15","guid":{"rendered":"https:\/\/healthylifebariatrics.com\/levantamiento-de-gluteos\/"},"modified":"2024-02-28T12:05:04","modified_gmt":"2024-02-28T12:05:04","slug":"levantamiento-de-gluteos","status":"publish","type":"page","link":"https:\/\/healthylifebariatrics.com\/es\/levantamiento-de-gluteos\/","title":{"rendered":"Levantamiento de gl\u00fateos"},"content":{"rendered":"\r\n<h1>Levantamiento de gl\u00fateos (aumento de gl\u00fateos) para una parte trasera m\u00e1s contorneada en Los \u00c1ngeles, CA<\/h1>\r\n\r\n<h2>Cirug\u00eda Post-Bari\u00e1trica: Levantamiento de Gl\u00fateos (Aumento de Gl\u00fateos)<\/h2>\r\n<p>La cirug\u00eda bari\u00e1trica es la forma m\u00e1s popular y efectiva de perder peso. Sin embargo, si desea mejorar y mantener su figura despu\u00e9s de la cirug\u00eda de p\u00e9rdida de peso, deber\u00e1 recurrir a los procedimientos de contorno corporal posbari\u00e1tricos.<\/p>\r\n<p>Muchas mujeres que se someten a una cirug\u00eda bari\u00e1trica (p\u00e9rdida de peso) no est\u00e1n satisfechas con la apariencia de sus gl\u00fateos, especialmente cuando quieren gl\u00fateos llenos y bien formados para complementar su nueva figura.<\/p>\r\n<p>Afortunadamente, con los procedimientos de aumento y levantamiento de gl\u00fateos, los gl\u00fateos se pueden recontornear y levantar de manera segura despu\u00e9s de la cirug\u00eda bari\u00e1trica. Con una amplia experiencia en la realizaci\u00f3n de procedimientos de contorno corporal, el Dr. Moeinolmolki realiza cirug\u00edas de aumento y levantamiento de gl\u00fateos de una manera c\u00f3moda, segura y eficaz.<\/p>\r\n<p>El objetivo principal de estos procedimientos es aumentar o mejorar el tama\u00f1o y la forma de sus gl\u00fateos. Si necesita m\u00e1s volumen y proyecci\u00f3n en su trasero, necesitar\u00e1 un aumento de gl\u00fateos, ya sea con implante o injerto de grasa para hacerlo m\u00e1s redondeado.<\/p>\r\n<p>Pero si tiene una piel fl\u00e1cida significativa, entonces la piel fl\u00e1cida debe tratarse con un procedimiento de estiramiento. A menudo, un levantamiento de gl\u00fateos se combina con un procedimiento de aumento, utilizando grasa o un implante para restaurar la forma y el contorno de los gl\u00fateos.<\/p>\r\n<p>A veces, el propio tejido del paciente se puede reposicionar para crear m\u00e1s proyecci\u00f3n y un mejor contorno, lo que se conoce como aumento autom\u00e1tico. El procedimiento de levantamiento de gl\u00fateos tambi\u00e9n se puede combinar con un procedimiento de levantamiento de muslos para obtener lo que se conoce como levantamiento en espiral. Seg\u00fan sus objetivos posteriores a la p\u00e9rdida de peso y su salud en general, el Dr. Moeinolmolki determinar\u00e1 el enfoque m\u00e1s efectivo para usted durante la consulta inicial.<\/p>\r\n<p>\u00bfQuieres m\u00e1s informaci\u00f3n?<\/p>\r\n<p><a href=\"tel:+1-310-807-2378\" target=\"_self\" rel=\"noopener\"> \u00a1LLAME AL (310) 807-2378! <\/a><\/p>\r\n<p><img loading=\"lazy\" decoding=\"async\" src=\"https:\/\/healthylifebariatrics.com\/wp-content\/uploads\/2019\/04\/Butt-lift-2.png\" alt=\"Levantamiento de gl\u00fateos - Aumento de gl\u00fateos\" width=\"600\" height=\"525\" data-lazy-src=\"\/wp-content\/uploads\/2019\/04\/Butt-lift-2.png\" data-ll-status=\"loaded\" \/><\/p>\r\n<h2>\u00bfQu\u00e9 implica el injerto de grasa?<\/h2>\r\n<p>En muchos casos, la cirug\u00eda se realiza a trav\u00e9s de injertos de grasa. Dado que este m\u00e9todo implica el uso del propio tejido del paciente, el injerto de grasa es una t\u00e9cnica popular de levantamiento de gl\u00fateos. La ventaja b\u00e1sica de este procedimiento es que reduce el riesgo de rechazo por parte del cuerpo del paciente. Durante el procedimiento, el Dr. Moeinolmolki obtendr\u00e1 grasa de otras \u00e1reas de su cuerpo a trav\u00e9s de una liposucci\u00f3n. Esta t\u00e9cnica tiene el beneficio de dar una apariencia m\u00e1s esbelta a sus gl\u00fateos al reducir la grasa en los sitios espec\u00edficos. Para minimizar el riesgo de cicatrices, el Dr. Moeinolmolki utiliza incisiones diminutas para realizar la liposucci\u00f3n e inyectar la grasa. El objetivo de este procedimiento es eliminar la grasa extra de los sitios no deseados e inyectarla en nuevos lugares para lograr los resultados deseados.<\/p>\r\n<h2>\u00bfC\u00f3mo funcionan los implantes de gl\u00fateos?<\/h2>\r\n<p>Los implantes son otra opci\u00f3n popular para mejorar la apariencia del trasero. Esta cirug\u00eda es un poderoso m\u00e9todo para mejorar la proyecci\u00f3n y el contorno de los gl\u00fateos. El Dr. Moeinolmolki realizar\u00e1 este procedimiento creando una peque\u00f1a incisi\u00f3n en la parte superior del pliegue del gl\u00fateo. Los implantes de gl\u00fateos se colocan m\u00e1s com\u00fanmente justo debajo de la cubierta muscular. Si tiene alguna inquietud o pregunta sobre la cirug\u00eda, siempre puede consultarla con el Dr. Moeinolmolki.<\/p>\r\n<h2>\u00bfCu\u00e1nto tiempo lleva recuperarse de la cirug\u00eda?<\/h2>\r\n<p>Deber\u00eda tomar alrededor de una semana antes de que pueda volver al trabajo despu\u00e9s de la cirug\u00eda de levantamiento de gl\u00fateos. Pero aseg\u00farese de realizar trabajos livianos solo durante los primeros 20 a 30 d\u00edas. En la mayor\u00eda de los casos, se recetan medicamentos para el dolor durante aproximadamente 3 a 5 d\u00edas para reducir cualquier molestia despu\u00e9s de la cirug\u00eda. Durante esta fase crucial de curaci\u00f3n, el Dr. Moeinolmolki puede ofrecer orientaci\u00f3n y consejos invaluables para ayudarlo a acelerar su recuperaci\u00f3n. Recuerde, pueden pasar de cuatro a seis semanas antes de que experimente esa sensaci\u00f3n de \u00abvolver a la normalidad\u00bb. Pero lo bueno es que puede esperar sentarse c\u00f3modamente despu\u00e9s de la cirug\u00eda de levantamiento de gl\u00fateos. Se le dar\u00e1 una prenda de compresi\u00f3n especial que debe usar durante aproximadamente un mes y medio despu\u00e9s de la cirug\u00eda. Adem\u00e1s de minimizar la hinchaz\u00f3n, esta prenda se asegurar\u00e1 de que la grasa injertada o los implantes de gl\u00fateos permanezcan en la posici\u00f3n correcta mientras se recupera de la cirug\u00eda.<\/p>\r\n<h2>\u00bfHay riesgos involucrados?<\/h2>\r\n<p>Se sentir\u00e1 aliviado al saber que el aumento de gl\u00fateos y la cirug\u00eda de levantamiento de gl\u00fateos son procedimientos seguros y efectivos. Como cualquier procedimiento quir\u00fargico, los procedimientos est\u00e1n asociados con algunos riesgos y complicaciones. Sin embargo, los riesgos son pocos y pueden minimizarse si su cirujano utiliza t\u00e9cnicas quir\u00fargicas meticulosas y buen juicio. El riesgo m\u00e1s com\u00fan es la acumulaci\u00f3n de l\u00edquido y, para minimizar este problema, tendr\u00e1 un tubo de drenaje temporal que se retirar\u00e1 unos d\u00edas despu\u00e9s de la cirug\u00eda.<\/p>\r\n<p><img loading=\"lazy\" decoding=\"async\" src=\"https:\/\/healthylifebariatrics.com\/wp-content\/uploads\/2019\/10\/back-and-butt-lift-300x190.jpg\" alt=\"Tummy tuck before and after.\" width=\"650\" height=\"411\" \/><\/p>\r\n<p>Muchos pacientes se preguntan si podr\u00e1n sentarse c\u00f3modamente despu\u00e9s de la cirug\u00eda. Bueno, no hay absolutamente ning\u00fan problema en sentarse inmediatamente despu\u00e9s de la cirug\u00eda, siempre y cuando reduzca la cantidad de tiempo que pasa sentado durante al menos una semana. Sin embargo, no tendr\u00e1 ning\u00fan problema con sentarse por el resto de su vida. Si se someti\u00f3 a una cirug\u00eda de levantamiento de gl\u00fateos mediante implantes, deber\u00e1 usar una prenda de compresi\u00f3n durante aproximadamente un mes despu\u00e9s de la cirug\u00eda. A menudo, los pacientes se preocupan por la seguridad de los implantes de gl\u00fateos. Estos implantes aprobados por la FDA son muy seguros. Adem\u00e1s, est\u00e1n compuestos de elast\u00f3meros de silicona s\u00f3lidos, lo que significa que los implantes no tendr\u00e1n fugas, estallar\u00e1n ni se romper\u00e1n. Ya sea que desee lograr esa forma perfecta de gl\u00fateos inspirada en las celebridades o que se ajuste a sus jeans favoritos, puede beneficiarse de los a\u00f1os de experiencia y capacitaci\u00f3n del Dr. Moeinolmolki en la realizaci\u00f3n de cirug\u00edas de aumento o levantamiento de gl\u00fateos. Seg\u00fan su salud general y sus objetivos de mejora de gl\u00fateos, el Dr. Moeinolmolki determinar\u00e1 la mejor opci\u00f3n de mejora de gl\u00fateos para usted.<\/p>\r\n","protected":false},"excerpt":{"rendered":"<p>Levantamiento de gl\u00fateos (aumento de gl\u00fateos) para una parte trasera m\u00e1s contorneada en Los \u00c1ngeles, CA Cirug\u00eda Post-Bari\u00e1trica: Levantamiento de Gl\u00fateos (Aumento de Gl\u00fateos) La cirug\u00eda bari\u00e1trica es la forma m\u00e1s popular y efectiva de perder peso. Sin embargo, si desea mejorar y mantener su figura despu\u00e9s de la cirug\u00eda de p\u00e9rdida de peso, deber\u00e1 [&hellip;]<\/p>\n","protected":false},"author":20,"featured_media":36682,"parent":0,"menu_order":0,"comment_status":"closed","ping_status":"closed","template":"","meta":{"footnotes":""},"class_list":["post-36826","page","type-page","status-publish","has-post-thumbnail","hentry"],"_links":{"self":[{"href":"https:\/\/healthylifebariatrics.com\/es\/wp-json\/wp\/v2\/pages\/36826","targetHints":{"allow":["GET"]}}],"collection":[{"href":"https:\/\/healthylifebariatrics.com\/es\/wp-json\/wp\/v2\/pages"}],"about":[{"href":"https:\/\/healthylifebariatrics.com\/es\/wp-json\/wp\/v2\/types\/page"}],"author":[{"embeddable":true,"href":"https:\/\/healthylifebariatrics.com\/es\/wp-json\/wp\/v2\/users\/20"}],"replies":[{"embeddable":true,"href":"https:\/\/healthylifebariatrics.com\/es\/wp-json\/wp\/v2\/comments?post=36826"}],"version-history":[{"count":0,"href":"https:\/\/healthylifebariatrics.com\/es\/wp-json\/wp\/v2\/pages\/36826\/revisions"}],"wp:featuredmedia":[{"embeddable":true,"href":"https:\/\/healthylifebariatrics.com\/es\/wp-json\/wp\/v2\/media\/36682"}],"wp:attachment":[{"href":"https:\/\/healthylifebariatrics.com\/es\/wp-json\/wp\/v2\/media?parent=36826"}],"curies":[{"name":"wp","href":"https:\/\/api.w.org\/{rel}","templated":true}]}}