{"id":36823,"date":"2019-04-30T16:06:36","date_gmt":"2019-04-30T16:06:36","guid":{"rendered":"https:\/\/healthylifebariatrics.com\/aumento-de-senos\/"},"modified":"2024-09-19T12:44:29","modified_gmt":"2024-09-19T12:44:29","slug":"aumento-de-senos","status":"publish","type":"page","link":"https:\/\/healthylifebariatrics.com\/es\/aumento-de-senos\/","title":{"rendered":"Aumento de senos"},"content":{"rendered":"\n<h1>\n\t\tAumentos de senos de calidad para mejorar la est\u00e9tica en Los \u00c1ngeles, CA\n\t<\/h1>\n\n\t<h2>Post-Cirug\u00eda Bari\u00e1trica: Aumento de Senos<\/h2>\n<p>La cirug\u00eda bari\u00e1trica o de p\u00e9rdida de peso nunca debe considerarse la soluci\u00f3n definitiva para lograr la figura deseada. De hecho, la mayor\u00eda de las mujeres que se someten a una cirug\u00eda bari\u00e1trica se preocupan por la apariencia de sus senos incluso despu\u00e9s de perder esos kilos de m\u00e1s. Como los senos se componen principalmente de grasa, las mujeres que se someten a una cirug\u00eda bari\u00e1trica a menudo enfrentan problemas como el aplanamiento y la flacidez del contorno del seno, que solo pueden solucionarse mediante una cirug\u00eda de aumento de senos posbari\u00e1trica. Al igual que otros procedimientos postcirug\u00eda bari\u00e1trica, los procedimientos de aumento y levantamiento de senos para las personas que se han sometido a una cirug\u00eda bari\u00e1trica son diferentes del aumento de senos cosm\u00e9tico est\u00e1ndar. Debido a que la cirug\u00eda posbari\u00e1trica implica la eliminaci\u00f3n de grandes cantidades de piel, este tipo de aumento de senos requiere incisiones m\u00e1s largas y m\u00e1s precauci\u00f3n. Por eso es importante considerar cuidadosamente las calificaciones y la experiencia de su cirujano. Armado con experiencia quir\u00fargica \u00fanica y calificaciones. El Dr. Babak Moeinolmolki ofrece una variedad de procedimientos de contorno corporal posbari\u00e1tricos, que incluyen mastopexia (levantamiento de senos) y aumento de senos.<\/p>\n<p><img loading=\"lazy\" decoding=\"async\" src=\"https:\/\/healthylifebariatrics.com\/wp-content\/uploads\/2019\/04\/10226.jpg\" alt=\"Levantamiento de gl\u00fateos - Aumento de senos\" width=\"532\" height=\"450\" data-lazy-src=\"\/wp-content\/uploads\/2019\/04\/10226.jpg\" data-ll-status=\"loaded\"\/><\/p>\n\t<p>\u00bfQuieres m\u00e1s informaci\u00f3n?<\/p>\n\t\t\t<a href=\"tel:+1-310-807-2378\" target=\"_self\" rel=\"noopener\">\n\t\t\t\t\t\t\t\u00a1LLAME AL (310) 807-2378!\n\t\t\t\t\t<\/a>\n\t<h2>Lo que debe saber sobre el aumento de senos<\/h2>\n<section>\n<p>Al considerar la cirug\u00eda de aumento de senos posbari\u00e1trica, puede optar por un levantamiento de senos, la colocaci\u00f3n de implantes de senos (aumento de senos) o una combinaci\u00f3n de ambos. El objetivo de la cirug\u00eda post-bari\u00e1trica de aumento de senos es reconstruir el contorno de sus senos en su forma y tama\u00f1o normales, lo que finalmente complementa la estructura de su cuerpo. El Dr. Moeinolmolki analiza las opciones disponibles con sus pacientes antes de tomar una decisi\u00f3n mutua si se debe realizar un levantamiento de senos, un aumento de senos o una combinaci\u00f3n de los dos procedimientos. Un levantamiento de senos solo elimina el exceso de piel mientras eleva el pez\u00f3n\/areola a una posici\u00f3n m\u00e1s alta en su pecho. Es importante comprender que es posible que no est\u00e9 completamente satisfecha con los resultados porque, en algunos casos, los senos contin\u00faan estando planos en la parte superior y sin escote despu\u00e9s de un procedimiento de levantamiento de senos. Por otro lado, la colocaci\u00f3n de implantes mamarios tiene como objetivo aumentar el tama\u00f1o de los senos y mejorar su forma y proporci\u00f3n. Adem\u00e1s de aumentar la plenitud de sus senos, el aumento de senos tambi\u00e9n mejora el equilibrio de su figura. Esta es la raz\u00f3n por la que muchas pacientes optan por una combinaci\u00f3n de aumento de senos y cirug\u00eda de levantamiento de senos. En la mayor\u00eda de los casos, la paciente puede irse a casa el d\u00eda de la cirug\u00eda de aumento de senos. Para las pacientes que se someten a una cirug\u00eda de levantamiento de senos y aumento de senos al mismo tiempo, el Dr. Moeinolmolki tiene como objetivo minimizar el riesgo de cicatrizaci\u00f3n deficiente y molestias postoperatorias mediante el uso de las t\u00e9cnicas quir\u00fargicas m\u00e1s efectivas. La incisi\u00f3n para un levantamiento de senos junto con los implantes mamarios inicialmente traza la areola, luego se mueve en una l\u00ednea hacia abajo por la parte media del seno, y eventualmente traza el pliegue del seno. Como resultado, el Dr. Moeinolmolki puede eliminar el exceso de piel de manera efectiva mientras mueve el seno a una posici\u00f3n m\u00e1s alta en el pecho. A menudo, esta cirug\u00eda se combina con la liposucci\u00f3n de la pared tor\u00e1cica lateral y la escisi\u00f3n de la piel para eliminar el exceso de tejido que puede interferir con la belleza de su seno. Estas opciones se consideran y analizan cuidadosamente durante su consulta inicial y se revisa el plan de cirug\u00eda para lograr los mejores resultados operativos de la manera m\u00e1s eficiente. Tan pronto como se complete la cirug\u00eda, se le colocar\u00e1 una prenda de compresi\u00f3n, que debe usar durante unas seis semanas. Recuerde, si su trabajo no implica agacharse ni levantar objetos, puede volver a trabajar alrededor de una semana despu\u00e9s de la cirug\u00eda. Sin embargo, pueden pasar hasta seis semanas antes de que experimente esa sensaci\u00f3n de \u00abvolver a la normalidad\u00bb.<\/p>\n<p><img loading=\"lazy\" decoding=\"async\" src=\"https:\/\/healthylifebariatrics.com\/wp-content\/uploads\/2021\/12\/Breast-augmentation-in-Los-Angeles-CA-300x244.jpg\" alt=\"Breast augmentation before and after.\" width=\"650\" height=\"529\" \/><\/p>\n<p><strong>\u00bfHay riesgos involucrados?<\/strong><\/p>\n<p>La mayor\u00eda de las pacientes que se someten a una cirug\u00eda de aumento de senos postbari\u00e1trica est\u00e1n preocupadas por los riesgos que implica el procedimiento. Usando una cuidadosa educaci\u00f3n y planificaci\u00f3n preoperatoria junto con un enfoque quir\u00fargico meticuloso, el Dr. Moeinolmolki minimizar\u00e1 su tiempo de inactividad y complicaciones. Adem\u00e1s de educarlo sobre los riesgos y beneficios asociados con los diferentes enfoques, lo involucraremos en la elaboraci\u00f3n de un enfoque seguro y rentable para su atenci\u00f3n. A medida que se recupera de la cirug\u00eda de aumento de senos, el Dr. Moeinolmolki puede continuar controlando su estado nutricional y ajustar su dieta y actividad f\u00edsica para obtener resultados \u00f3ptimos. La raz\u00f3n por la que muchos procedimientos de contorno corporal no producen los resultados deseados es la falta de decisi\u00f3n sobre el momento adecuado para la cirug\u00eda. Algunos pacientes toman el enfoque equivocado y antes de que hayan perdido todo el peso, terminan convenciendo a un cirujano ansioso para que les opere. Si pierden m\u00e1s peso despu\u00e9s de la cirug\u00eda de contorno corporal, volver\u00e1n a tener exceso de piel, lo que provocar\u00e1 una flacidez recurrente de la piel y ser\u00e1 necesaria otra cirug\u00eda de contorno corporal para reparar el da\u00f1o. Afortunadamente, el enfoque prudente del Dr. Moeinolmolki le permite asegurarse de que usted est\u00e9 fisiol\u00f3gica y emocionalmente preparado para la cirug\u00eda. El contorno corporal post-bari\u00e1trico tiene un componente de mantenimiento a largo plazo que requerir\u00e1 un seguimiento cercano de su peso y estado mental y psicol\u00f3gico. La capacidad de consolidar sus visitas posbari\u00e1tricas y de contorno corporal en una sola visita tambi\u00e9n le brindar\u00e1 la ventaja de minimizar el tiempo de viaje y el tiempo de espera en los consultorios de diferentes m\u00e9dicos. De hecho, la mayor\u00eda de nuestros pacientes informan que este enfoque es integral, efectivo y ahorra tiempo y dinero. Al final del d\u00eda, la cirug\u00eda posbari\u00e1trica es tan importante como la cirug\u00eda bari\u00e1trica para ayudarlo a sentirse m\u00e1s seguro y mantener la figura deseada. El Dr. Moeinolmolki puede ayudarlo a lograr este objetivo utilizando una amplia experiencia y calificaciones \u00fanicas en cirug\u00eda bari\u00e1trica y procedimientos de contorno corporal postbari\u00e1tricos.<\/p>\n<\/section>\n<p>&nbsp;<\/p>\n\n\n","protected":false},"excerpt":{"rendered":"<p>Aumentos de senos de calidad para mejorar la est\u00e9tica en Los \u00c1ngeles, CA Post-Cirug\u00eda Bari\u00e1trica: Aumento de Senos La cirug\u00eda bari\u00e1trica o de p\u00e9rdida de peso nunca debe considerarse la soluci\u00f3n definitiva para lograr la figura deseada. De hecho, la mayor\u00eda de las mujeres que se someten a una cirug\u00eda bari\u00e1trica se preocupan por la [&hellip;]<\/p>\n","protected":false},"author":20,"featured_media":36682,"parent":0,"menu_order":0,"comment_status":"closed","ping_status":"closed","template":"","meta":{"footnotes":""},"class_list":["post-36823","page","type-page","status-publish","has-post-thumbnail","hentry"],"_links":{"self":[{"href":"https:\/\/healthylifebariatrics.com\/es\/wp-json\/wp\/v2\/pages\/36823","targetHints":{"allow":["GET"]}}],"collection":[{"href":"https:\/\/healthylifebariatrics.com\/es\/wp-json\/wp\/v2\/pages"}],"about":[{"href":"https:\/\/healthylifebariatrics.com\/es\/wp-json\/wp\/v2\/types\/page"}],"author":[{"embeddable":true,"href":"https:\/\/healthylifebariatrics.com\/es\/wp-json\/wp\/v2\/users\/20"}],"replies":[{"embeddable":true,"href":"https:\/\/healthylifebariatrics.com\/es\/wp-json\/wp\/v2\/comments?post=36823"}],"version-history":[{"count":1,"href":"https:\/\/healthylifebariatrics.com\/es\/wp-json\/wp\/v2\/pages\/36823\/revisions"}],"predecessor-version":[{"id":43095,"href":"https:\/\/healthylifebariatrics.com\/es\/wp-json\/wp\/v2\/pages\/36823\/revisions\/43095"}],"wp:featuredmedia":[{"embeddable":true,"href":"https:\/\/healthylifebariatrics.com\/es\/wp-json\/wp\/v2\/media\/36682"}],"wp:attachment":[{"href":"https:\/\/healthylifebariatrics.com\/es\/wp-json\/wp\/v2\/media?parent=36823"}],"curies":[{"name":"wp","href":"https:\/\/api.w.org\/{rel}","templated":true}]}}