{"id":36822,"date":"2019-04-30T15:13:48","date_gmt":"2019-04-30T15:13:48","guid":{"rendered":"https:\/\/healthylifebariatrics.com\/contorno-corporal\/"},"modified":"2024-03-05T11:29:44","modified_gmt":"2024-03-05T11:29:44","slug":"contorno-corporal","status":"publish","type":"page","link":"https:\/\/healthylifebariatrics.com\/es\/contorno-corporal\/","title":{"rendered":"Contorno Corporal"},"content":{"rendered":"\n<h1>\n\t\tContorno corporal quir\u00fargico para mejorar la est\u00e9tica y la confianza en Los \u00c1ngeles, CA\n\t<\/h1>\n\n<h2><strong><em>Lib\u00e9rate del exceso de piel y consigue una figura m\u00e1s esbelta.<\/em><\/strong><\/h2>\n<h2>\u00bfCu\u00e1l es la diferencia entre la cirug\u00eda bari\u00e1trica de p\u00e9rdida de peso y el contorno corporal?<\/h2>\nLa cirug\u00eda bari\u00e1trica (cirug\u00eda de p\u00e9rdida de peso) ayuda a los pacientes a perder el exceso de peso mediante la reducci\u00f3n de calor\u00edas y la modificaci\u00f3n del estilo de vida.<br \/>\nLos procedimientos de contorno corporal le ayudan a conseguir sus objetivos de forma corporal una vez alcanzado su peso ideal.<br \/>\nEl objetivo de la cirug\u00eda bari\u00e1trica es promover la <strong>p\u00e9rdida de<\/strong> peso.<br \/>\nUna vez que el peso se ha perdido y estabilizado, el contorno corporal posquir\u00fargico puede ayudar a eliminar cualquier exceso de piel que haya quedado.<br \/>\nUtilizados conjuntamente, estos dos m\u00e9todos pueden mejorar la forma de su cuerpo y la confianza en s\u00ed mismo.\n<p>En Healthy Life Bariatrics, ambos tipos de cirug\u00eda se pueden usar juntos para ayudar a los pacientes a perder el exceso de peso y sentirse m\u00e1s seguros mientras est\u00e1n bajo el cuidado de un solo cirujano pl\u00e1stico de renombre mundial, el Dr. Moeinolmolki.<\/p>\n<h2>Obtenga un plan de contorno corporal personalizado para sus objetivos de modelado f\u00edsico<\/h2>\n<p>Cuando est\u00e1 bajo el cuidado del Dr. Moein, nunca tiene que preguntarse cu\u00e1ndo programar uno o m\u00e1s procedimientos de contorno corporal. Muchos pacientes optan solo por el contorno corporal, mientras que otros requieren un tratamiento bari\u00e1trico antes de poder realizar el contorno corporal.<\/p>\n<p>Si su objetivo es perder peso, el Dr. Moein programar\u00e1 el contorno corporal solo despu\u00e9s de que se haya recuperado adecuadamente del tratamiento bari\u00e1trico. El momento preciso del tratamiento lo libera de tener que hacer un seguimiento de su propia recuperaci\u00f3n y garantizar\u00e1 resultados \u00f3ptimos mientras mantiene sus objetivos de desarrollo f\u00edsico por buen camino.<\/p>\n<p><img loading=\"lazy\" decoding=\"async\" src=\"https:\/\/healthylifebariatrics.com\/wp-content\/uploads\/2019\/07\/imgpsh_fullsize_anim-2-min-300x200.jpg\" alt=\"A woman standing on the beach with her arms raised.\" width=\"650\" height=\"433\" \/><\/p>\n<p>Los medicamentos para bajar de peso o la cirug\u00eda no siempre son necesarios para que los pacientes logren sus objetivos corporales. Cuando el contorno corporal es suficiente para tratar zonas de grasa rebelde, el Dr. Moein ofrece una recomendaci\u00f3n imparcial, ya que no se limita \u00fanicamente a <strong>intervenciones de p\u00e9rdida de peso<\/strong> o contorno corporal. <strong>Programe una consulta inicial con el Dr. Moein para recibir un plan de tratamiento de contorno corporal completo y personalizado para lograr el f\u00edsico que desea.<\/strong><\/p>\n<p>Estos son solo algunos de los procedimientos de contorno corporal disponibles para usted. Aprenda si uno o m\u00e1s de estos tratamientos de modelado corporal son adecuados para usted durante su consulta inicial.<\/p>\n\t\t\t<a href=\"tel:+1-310-807-2378\" target=\"_self\" rel=\"noopener\">\n\t\t\t\t\t\t\tLlamar: (310) 807-2378\n\t\t\t\t\t<\/a>\n<h2>Smart Lipo para Esculpir y Contornear el Cuerpo<\/h2>\n<p>Smart Lipo es un procedimiento cosm\u00e9tico de bajo riesgo que ofrece los resultados de la liposucci\u00f3n tradicional sin t\u00e9cnicas invasivas ni tiempos de recuperaci\u00f3n prolongados. Dado que se utiliza la tecnolog\u00eda l\u00e1ser, puede esperar menos hematomas, hinchaz\u00f3n e incomodidad en comparaci\u00f3n con otros procedimientos cosm\u00e9ticos. El procedimiento puede eliminar hasta ocho libras de grasa corporal, brindando una apariencia m\u00e1s delgada y juvenil.<\/p>\n<p>SmartLipo es \u00fatil para pacientes que se sienten insatisfechos con los contornos de su cuerpo y siguen frustrados por los dep\u00f3sitos de grasa que no se mueven, a pesar de una dieta saludable y ejercicio.<\/p>\n<p>Despu\u00e9s de la cirug\u00eda, se le pedir\u00e1 que use una prenda de compresi\u00f3n que sirva para sostener y proteger el \u00e1rea tratada. Es posible que experimente una inflamaci\u00f3n menor que desaparecer\u00e1 con el tiempo.<\/p>\n<p>La curaci\u00f3n es generalmente r\u00e1pida para el procedimiento <strong>SmartLipo<\/strong>, con la mayor\u00eda de los pacientes volver a los niveles normales de actividad dentro de un d\u00eda o dos.<\/p>\n<h2>Abdominoplastia\/Estiramiento Abdominal para Mayor Est\u00e9tica y Comodidad<\/h2>\n<p>La abdominoplastia, m\u00e1s com\u00fanmente conocida como abdominoplastia, es una cirug\u00eda dise\u00f1ada para aplanar el abdomen eliminando el exceso de grasa y piel y tensando los m\u00fasculos en y alrededor de la pared abdominal. Este procedimiento puede proporcionarle un vientre m\u00e1s plano y un aumento de la confianza en s\u00ed misma tras una p\u00e9rdida de peso significativa ayudada por una cirug\u00eda bari\u00e1trica como el bypass g\u00e1strico, el <a href=\"https:\/\/healthylifebariatrics.com\/services\/gastric-balloon\/\">bal\u00f3n de ox\u00edgeno<\/a>, etc.<\/p>\n<p>Se recomienda una abdominoplastia para los pacientes que siguen insatisfechos con el exceso de dep\u00f3sitos de grasa y\/o piel floja alrededor del \u00e1rea del vientre.<\/p>\n<p>Los pacientes pueden optar por una abdominoplastia completa, parcial o mini. La<strong> minicirug\u00eda est\u00e9tica de abdomen<\/strong> es \u00fatil cuando los dep\u00f3sitos de grasa se limitan a la zona situada debajo del ombligo. Ambos procedimientos involucran el contorno quir\u00fargico de su piel, tejido y m\u00fasculo. La cirug\u00eda puede durar de una a cinco horas y se realiza bajo anestesia general.<\/p>\n<p>El Dr. Moein generalmente recomienda hasta un mes sin trabajar despu\u00e9s de la cirug\u00eda, seg\u00fan la descripci\u00f3n de su trabajo. En general, la mayor\u00eda de los pacientes pueden regresar a sus niveles de actividad normales en aproximadamente seis semanas despu\u00e9s de la cirug\u00eda.<\/p>\n<p>Si la dieta y el ejercicio no han logrado lograr el abdomen m\u00e1s plano que desea, preg\u00fantele al Dr. Moein si una abdominoplastia es adecuada para usted.<\/p>\n<h2>Lipectom\u00eda de cintur\u00f3n\/estiramiento corporal para un f\u00edsico m\u00e1s delgado<\/h2>\n<p><img loading=\"lazy\" decoding=\"async\" src=\"https:\/\/healthylifebariatrics.com\/wp-content\/uploads\/2019\/07\/imgpsh_fullsize_anim300-min-300x217.jpg\" alt=\"A woman's legs in the sand on a beach.\" width=\"650\" height=\"471\" \/><\/p>\n<p>Una lipectom\u00eda de cintur\u00f3n posbari\u00e1trica est\u00e1 dise\u00f1ada para eliminar el exceso de piel de su abdomen, espalda y caderas. Este procedimiento le da a su abdomen una apariencia m\u00e1s delgada, haciendo que la ropa le quede mejor y mejorando su apariencia despu\u00e9s de haber perdido el exceso de peso.<\/p>\n<p>El procedimiento cambia particularmente la vida de los pacientes que logran una p\u00e9rdida de peso masiva que resulta en piel floja en el abdomen, la espalda y las nalgas. La cirug\u00eda utiliza una incisi\u00f3n que se extiende alrededor de su abdomen, a trav\u00e9s de la cual el Dr. Moein da forma a los contornos subyacentes y elimina el exceso de piel y grasa hasta lograr el efecto deseado.<\/p>\n<h2>\n\t\tEliminaci\u00f3n de la piel despu\u00e9s de la cirug\u00eda para bajar de peso: lo que debe saber\n\t<\/h2>\n<h2>Levantamiento de muslos para piernas m\u00e1s moldeadas<\/h2>\n<p>Tras una <strong>p\u00e9rdida de peso quir\u00fargica bari\u00e1trica<\/strong>, es posible que la piel que rodea la cara interna de los muslos se haya aflojado, ocultando la verdadera forma de los muslos. El envejecimiento produce el mismo efecto de flacidez que tu piel pierde su elasticidad natural. Un levantamiento de muslos elimina el exceso de piel que puede resultar de la cirug\u00eda bari\u00e1trica para perder peso. El procedimiento suaviza los contornos de los muslos, brind\u00e1ndole piernas m\u00e1s delgadas y un impulso de nueva confianza. La cirug\u00eda de muslo implica la eliminaci\u00f3n del exceso de piel del muslo para restaurar un contorno adecuado en la parte superior de los muslos. El Dr. Moein es un experto en cirug\u00eda de estiramiento de muslos y garantizar\u00e1 su comodidad y satisfacci\u00f3n durante la cirug\u00eda y m\u00e1s all\u00e1.<\/p>\n<h2>Levantamiento de gl\u00fateos\/aumento de gl\u00fateos para una parte trasera m\u00e1s firme y redonda<\/h2>\n<p><img loading=\"lazy\" decoding=\"async\" src=\"https:\/\/healthylifebariatrics.com\/wp-content\/uploads\/2019\/07\/imgpsh_fullsize_anim-300-min-300x200.jpg\" alt=\"A woman stretching her arm at the beach.\" width=\"650\" height=\"433\" \/><\/p>\n<p>El aumento de gl\u00fateos post-bari\u00e1trico est\u00e1 dise\u00f1ado para darle gl\u00fateos m\u00e1s esbeltos para complementar su nueva figura. El procedimiento utiliza tanto implantes como injertos de grasa para que su parte trasera parezca m\u00e1s redondeada.<\/p>\n<p>El Dr. Moein recomendar\u00e1 un procedimiento de levantamiento de gl\u00fateos para pacientes que experimenten una flacidez significativa en el \u00e1rea de los gl\u00fateos despu\u00e9s de la cirug\u00eda.<\/p>\n<p>El procedimiento implica la eliminaci\u00f3n del exceso de piel antes de aplicar el injerto de grasa y los implantes para darle al trasero una apariencia m\u00e1s completa.<\/p>\n<p>En algunos casos, el levantamiento de gl\u00fateos se puede combinar con el levantamiento de muslos para proporcionar un efecto conocido como levantamiento en espiral.<\/p>\n<p>Pregunte <strong>al Dr. Moein en Los Angeles CA<\/strong> si un lifting de gl\u00fateos le ayudar\u00e1 a conseguir sus objetivos corporales.<\/p>\n<h2>Levantamiento de Senos (Mastopexia)\/Aumento para un Pecho m\u00e1s Perkier<\/h2>\n<p>Las mujeres que se someten a una cirug\u00eda bari\u00e1trica a menudo se preocupan por la apariencia de sus senos despu\u00e9s de perder el exceso de peso. Un levantamiento de senos o aumento de senos est\u00e1 dise\u00f1ado para reconstruir el contorno de los senos para restaurar un tama\u00f1o y una forma juveniles. El procedimiento puede mejorar el tama\u00f1o y la forma de sus senos para complementar la estructura de su cuerpo luego de la p\u00e9rdida significativa de grasa.<\/p>\n<p>Se recomienda un procedimiento de levantamiento o aumento de senos para pacientes preocupadas por el aplanamiento o la flacidez de los senos despu\u00e9s de la cirug\u00eda bari\u00e1trica.<\/p>\n<p>El procedimiento implica el contorno quir\u00fargico de los senos y, en algunos casos, implantes y reposicionamiento de los senos y\/o pezones para mejorar su apariencia.<\/p>\n<p>Los pacientes que se someten a un procedimiento de levantamiento o aumento de senos reportan una mayor confianza en su cuerpo y comodidad en la ropa ajustada.<\/p>\n<p>Preg\u00fantele al Dr. Moein si un levantamiento o aumento de senos es adecuado para usted durante su consulta inicial.<\/p>\n<h2>Cirug\u00eda de elevaci\u00f3n\/reducci\u00f3n de brazos para miembros superiores m\u00e1s delgados<\/h2>\n<p>Despu\u00e9s de la cirug\u00eda bari\u00e1trica de p\u00e9rdida de peso, muchos pacientes experimentan flacidez en la piel de los brazos, especialmente alrededor de la parte superior de los brazos. Una cirug\u00eda de estiramiento o reducci\u00f3n de brazos puede darle a sus extremidades superiores un contorno m\u00e1s firme para que coincida con su nuevo cuerpo m\u00e1s delgado. El procedimiento utiliza anestesia general e implica la remodelaci\u00f3n quir\u00fargica de la parte superior del brazo. El Dr. Moein eliminar\u00e1 el exceso de piel y tensar\u00e1 los tejidos subyacentes del brazo.<\/p>\n<p>Al eliminar la piel suelta, un estiramiento o reducci\u00f3n de brazos puede darles a sus brazos una apariencia mucho m\u00e1s tonificada.<\/p>\n<h2>Tratamientos de venas varicosas para una piel m\u00e1s hermosa<\/h2>\n<p><img loading=\"lazy\" decoding=\"async\" src=\"https:\/\/healthylifebariatrics.com\/wp-content\/uploads\/2019\/07\/imgpsh_fullsize_anim-min-300x200.jpg\" alt=\"A woman with pink hair standing on a street.\" width=\"650\" height=\"433\" \/><\/p>\n<p>El tratamiento de venas varicosas est\u00e1 dise\u00f1ado para tratar las antiest\u00e9ticas venas varicosas y \u00abara\u00f1as vasculares\u00bb, junto con cualquier s\u00edntoma asociado. Usando la tecnolog\u00eda l\u00e1ser, el Dr. Moein puede disminuir la apariencia de las venas varicosas y eventualmente hacer que desaparezcan por completo.<\/p>\n<p>Las venas varicosas son venas abultadas y abultadas que aparecen en las piernas, pero tambi\u00e9n en la cara en algunos casos. Estas venas est\u00e1n separadas de las \u00abara\u00f1as vasculares\u00bb, que son azules, rojas o moradas. Ambos tipos de venas consisten en venas que giran y se retuercen que son visibles justo debajo de la superficie de la piel y, a veces, se acompa\u00f1an de un dolor sordo, fatiga y\/o dolor intenso.<\/p>\n<p>El tratamiento de venas varicosas se recomienda para pacientes que desean un alivio inmediato de las venas varicosas o \u00abara\u00f1as vasculares\u00bb con un procedimiento r\u00e1pido y c\u00f3modo.<\/p>\n<p>El Dr. Moein utiliza varios tratamientos para las venas varicosas, seg\u00fan la gravedad de la afecci\u00f3n, incluida la inyecci\u00f3n de ara\u00f1as vasculares, la ablaci\u00f3n con l\u00e1ser o la extirpaci\u00f3n de las venas.<\/p>\n<h3>Inyecci\u00f3n de ara\u00f1a vascular<\/h3>\n<p>El Dr. Moein inyectar\u00e1 las venas problem\u00e1ticas con una soluci\u00f3n de sodio, que hace que las venas colapsen y se coagule. Con el tiempo, los vasos sangu\u00edneos se convertir\u00e1n en tejidos cicatriciales y las ara\u00f1as vasculares desaparecer\u00e1n por completo de la vista.<\/p>\n<h3>Ablaci\u00f3n laser<\/h3>\n<p>La tecnolog\u00eda l\u00e1ser se utilizar\u00e1 para destruir las venas varicosas con potentes r\u00e1fagas de luz. Las part\u00edculas de luz desvanecer\u00e1n las venas hasta que no puedas verlas en absoluto.<\/p>\n<h3>pelado de venas<\/h3>\n<p>Durante este procedimiento, el Dr. Moein lo colocar\u00e1 bajo anestesia general antes de \u00absacar\u00bb las venas de debajo de la piel. Si bien las inyecciones de ara\u00f1as vasculares y la ablaci\u00f3n con l\u00e1ser pueden ofrecer tiempos de recuperaci\u00f3n m\u00e1s cortos, puede llevar de dos a cuatro semanas recuperarse de la extracci\u00f3n de venas varicosas.<\/p>\n<p>Las varices m\u00e1s graves pueden requerir un tratamiento adicional y m\u00e1s complejo. Pregunte al Dr. Moein por los detalles relativos a las particularidades de su caso, y si el tratamiento de las varices puede ser adecuado para usted.<\/p>\n<h2>Combine el tratamiento de p\u00e9rdida de peso y el contorno corporal cosm\u00e9tico para una transformaci\u00f3n de todo el cuerpo<\/h2>\n<p>Estos son solo algunos de los procedimientos que el Dr. Moein puede recomendarle en su proceso de p\u00e9rdida de peso. Dado que el Dr. Moein es un cirujano \u00fanico que practica tanto la cirug\u00eda bari\u00e1trica de p\u00e9rdida de peso como los procedimientos cosm\u00e9ticos de contorno corporal, puede aprovechar un cambio de imagen completo del cuerpo utilizando t\u00e9cnicas m\u00e9dicas comprobadas.<\/p>\n<p>Bariatrics lo ayuda a vencer la obesidad, mientras que el contorno corporal puede restaurar su cuerpo para que coincida con su progreso de p\u00e9rdida de peso. Al trabajar con un solo cirujano h\u00e1bil y art\u00edstico, recibir\u00e1 un programa bari\u00e1trico y de contorno corporal personalizado, adaptado a sus metas y presupuesto \u00fanicos.<\/p>\n<h2>Cirug\u00eda de destino: resultados que cambian la vida desde cualquier parte del mundo<\/h2>\n<p>Si bien el Dr. Moein atiende con orgullo el \u00e1rea de Los \u00c1ngeles, la cirug\u00eda de destino tambi\u00e9n es una opci\u00f3n. Los pacientes llegan regularmente desde lugares tan lejanos como Asia y el Medio Oriente para experimentar resultados que les cambiar\u00e1n la vida bajo el cuidado de un solo cirujano de renombre, el Dr. Moeinolmolki.<\/p>\n<p>Obtenga la experiencia de cirug\u00eda de destino visitando la hermosa L.A. y Healthy Life Bariatrics. Puede esperar resultados impecables y la m\u00e1xima atenci\u00f3n en una oficina profesional con un personal amable y servicial.<\/p>\n<p>Consigue el f\u00edsico y la forma que deseas, est\u00e9s donde est\u00e9s, <a href=\"tel:+1-310-807-2378\"><strong>concertando una<\/strong>consulta virtual con el Dr. Moein<\/a>.<\/p>\n<h2>\u00bfEres un buen candidato para el contorno corporal despu\u00e9s de la p\u00e9rdida de peso?<\/h2>\n\t\t\t\t<img loading=\"lazy\" decoding=\"async\" src=\"https:\/\/healthylifebariatrics.com\/wp-content\/uploads\/2021\/12\/weight-loss-surgery-and-body-contouring-Los-Angeles-CA.jpg\" alt=\"Body contouring\" itemprop=\"image\" height=\"567\" width=\"850\" title=\"weight loss surgery and body contouring- Los Angeles CA\" onerror=\"this.style.display='none'\"  \/>\n<p>Un levantamiento de senos, un levantamiento de brazos o una abdominoplastia pueden ser justo lo que necesita para lograr el mejor contorno corporal y una oleada de confianza despu\u00e9s de la cirug\u00eda bari\u00e1trica con pesas. Si bien estos se consideran procedimientos cosm\u00e9ticos, siguen siendo cirug\u00eda y, por lo tanto, conllevan algunos riesgos. Sin embargo, tiene una clara ventaja al elegir al renombrado cirujano Dr. Moeinolmolki. El Dr. Moein se preocupa por su bienestar y satisfacci\u00f3n despu\u00e9s de la cirug\u00eda. Es por eso que usa una combinaci\u00f3n de cirug\u00eda bari\u00e1trica, contorno corporal, dietas supervisadas m\u00e9dicamente y medicamentos diet\u00e9ticos para ayudarlo a lograr un resultado que cambiar\u00e1 su vida.<\/p>\n<p>Pregunte al Dr. Moein sobre la combinaci\u00f3n de la <strong>cirug\u00eda<\/strong> bari\u00e1trica de <strong>p\u00e9rdida de peso<\/strong> y el contorno corporal est\u00e9tico en un \u00fanico paquete que le cambiar\u00e1 la vida durante su consulta inicial.<\/p>\n<p>Un <a href=\"https:\/\/healthylifebariatrics.com\/es\/servicios\/tratamientos\/\">tratamiento de adelgazamiento<\/a> c\u00f3modo y asequible est\u00e1 a s\u00f3lo una llamada de distancia.<\/p>\n\t\t\t<a href=\"tel:+1-310-807-2378\" target=\"_self\" rel=\"noopener\">\n\t\t\t\t\t\t\tLl\u00e1menos: (310) 807-2378\n\t\t\t\t\t<\/a>\n\n","protected":false},"excerpt":{"rendered":"<p>Contorno corporal quir\u00fargico para mejorar la est\u00e9tica y la confianza en Los \u00c1ngeles, CA Lib\u00e9rate del exceso de piel y consigue una figura m\u00e1s esbelta. \u00bfCu\u00e1l es la diferencia entre la cirug\u00eda bari\u00e1trica de p\u00e9rdida de peso y el contorno corporal? La cirug\u00eda bari\u00e1trica (cirug\u00eda de p\u00e9rdida de peso) ayuda a los pacientes a perder [&hellip;]<\/p>\n","protected":false},"author":20,"featured_media":36682,"parent":0,"menu_order":0,"comment_status":"closed","ping_status":"closed","template":"","meta":{"footnotes":""},"class_list":["post-36822","page","type-page","status-publish","has-post-thumbnail","hentry"],"_links":{"self":[{"href":"https:\/\/healthylifebariatrics.com\/es\/wp-json\/wp\/v2\/pages\/36822","targetHints":{"allow":["GET"]}}],"collection":[{"href":"https:\/\/healthylifebariatrics.com\/es\/wp-json\/wp\/v2\/pages"}],"about":[{"href":"https:\/\/healthylifebariatrics.com\/es\/wp-json\/wp\/v2\/types\/page"}],"author":[{"embeddable":true,"href":"https:\/\/healthylifebariatrics.com\/es\/wp-json\/wp\/v2\/users\/20"}],"replies":[{"embeddable":true,"href":"https:\/\/healthylifebariatrics.com\/es\/wp-json\/wp\/v2\/comments?post=36822"}],"version-history":[{"count":0,"href":"https:\/\/healthylifebariatrics.com\/es\/wp-json\/wp\/v2\/pages\/36822\/revisions"}],"wp:featuredmedia":[{"embeddable":true,"href":"https:\/\/healthylifebariatrics.com\/es\/wp-json\/wp\/v2\/media\/36682"}],"wp:attachment":[{"href":"https:\/\/healthylifebariatrics.com\/es\/wp-json\/wp\/v2\/media?parent=36822"}],"curies":[{"name":"wp","href":"https:\/\/api.w.org\/{rel}","templated":true}]}}