{"id":36818,"date":"2019-04-30T15:19:04","date_gmt":"2019-04-30T15:19:04","guid":{"rendered":"https:\/\/healthylifebariatrics.com\/levantamiento-de-brazos-o-reduccion-de-brazos\/"},"modified":"2024-02-28T12:04:58","modified_gmt":"2024-02-28T12:04:58","slug":"levantamiento-de-brazos-o-reduccion-de-brazos","status":"publish","type":"page","link":"https:\/\/healthylifebariatrics.com\/es\/levantamiento-de-brazos-o-reduccion-de-brazos\/","title":{"rendered":"Levantamiento de brazos o reducci\u00f3n de brazos"},"content":{"rendered":"\r\n<h1>Obtenga brazos de los que puede estar orgulloso con levantamientos y reducciones de brazos posbari\u00e1tricos en Los \u00c1ngeles, CA<\/h1>\r\n\r\n<h2>Cirug\u00eda Post-Bari\u00e1trica: Cirug\u00eda de Levantamiento de Brazos o Reducci\u00f3n de Brazos<\/h2>\r\n<p>Despu\u00e9s de someterse a una cirug\u00eda bari\u00e1trica y perder esa grasa rebelde, la mayor\u00eda de los pacientes se preocupan por la apariencia de sus brazos. Despu\u00e9s de una p\u00e9rdida de peso dr\u00e1stica, la piel alrededor de los brazos pierde su elasticidad y el exceso de piel a menudo se convierte en una fuente de verg\u00fcenza. Dado que a los pacientes les preocupa usar ropa de talla m\u00e1s grande para ocultar sus brazos, lograr unos brazos tonificados y juveniles encabeza su lista de objetivos posteriores a la p\u00e9rdida de peso. Por ello, muchos pacientes posbari\u00e1tricos recurren a la cirug\u00eda de lifting de brazos o braquioplastia para mejorar la forma y el aspecto de sus brazos. Si ha perdido una cantidad significativa de peso a trav\u00e9s de la cirug\u00eda bari\u00e1trica y no est\u00e1 satisfecho con la apariencia de sus brazos, deber\u00eda considerar optar por un levantamiento de brazos. B\u00e1sicamente, la cirug\u00eda de estiramiento de brazos es un procedimiento de contorno corporal post-bari\u00e1trico seguro y efectivo que remodela la parte superior del brazo para que los brazos complementen su figura bien formada en general. Habiendo asistido a algunas de las instituciones m\u00e9dicas m\u00e1s prestigiosas de los EE. UU, el Dr. Babak Moeinolmolki tiene experiencia en la realizaci\u00f3n exitosa de cirug\u00edas de estiramiento de brazos, as\u00ed como en otros procedimientos de contorno corporal posbari\u00e1tricos.<br \/><img loading=\"lazy\" decoding=\"async\" src=\"https:\/\/healthylifebariatrics.com\/wp-content\/uploads\/2019\/04\/10224.jpg\" alt=\"lifting de brazos - Cirug\u00eda de reducci\u00f3n de brazos\" width=\"386\" height=\"358\" data-lazy-src=\"\/wp-content\/uploads\/2019\/04\/10224.jpg\" data-ll-status=\"loaded\" \/><\/p>\r\n<h2>\u00bfQu\u00e9 debe saber sobre el procedimiento?<\/h2>\r\n<p>La cirug\u00eda de lifting de brazos es un procedimiento seguro y fiable. El Dr. Moeinolmolki har\u00e1 una incisi\u00f3n a lo largo de la parte inferior de su brazo, que se extiende desde la axila hasta el codo. Despu\u00e9s de eliminar las bolsas de grasa rebeldes y el exceso de piel, el Dr. Moeinolmolki tensar\u00e1 y juntar\u00e1 la piel restante para producir una apariencia suave y juvenil. El Dr. Moeinolmolki tambi\u00e9n puede combinar un levantamiento de brazos con otros procedimientos de contorno corporal, como una abdominoplastia o una liposucci\u00f3n, para mejorar a\u00fan m\u00e1s su figura. Usando t\u00e9cnicas de cirug\u00eda para minimizar las cicatrices, el Dr. Moeinolmolki puede ayudarlo a lograr brazos m\u00e1s delgados y tonificados para complementar su figura esbelta.<\/p>\r\n<p><img loading=\"lazy\" decoding=\"async\" src=\"https:\/\/healthylifebariatrics.com\/wp-content\/uploads\/2019\/10\/Arm-Reduction-Arm-Liposuction-300x300.jpg\" alt=\"Arm liposuction and phlasma before and after.\" width=\"650\" height=\"650\" \/><\/p>\r\n<h2>\u00bfHay riesgos involucrados?<\/h2>\r\n<p>La cirug\u00eda de lifting de brazos es un procedimiento de contorno corporal seguro y eficaz. Al igual que todos los procedimientos quir\u00fargicos, existe un riesgo inherente. Los riesgos comunes incluyen cicatrices, seroma y hematoma. Es posible que experimente algunas molestias despu\u00e9s de la cirug\u00eda, que se pueden controlar con medicamentos. Como la piel restante necesita algo de tiempo para unirse, deber\u00e1 usar vendajes especiales y prendas de compresi\u00f3n durante un par de d\u00edas. En la mayor\u00eda de los casos, el Dr. Moeinolmolki retira los puntos dentro de los diez d\u00edas posteriores a la cirug\u00eda. Usando las t\u00e9cnicas quir\u00fargicas m\u00e1s seguras y efectivas, el Dr. Moeinolmolki intenta que todo el procedimiento sea lo m\u00e1s seguro posible, minimizando su riesgo a trav\u00e9s de un enfoque sistem\u00e1tico reflexivo. Adem\u00e1s de optimizar su estado nutricional antes de la operaci\u00f3n, el Dr. Moeinolmolki lo educa despu\u00e9s de la operaci\u00f3n sobre las limitaciones para evitar una tensi\u00f3n excesiva en las l\u00edneas de incisi\u00f3n. Puede esperar regresar a su hogar el d\u00eda de la cirug\u00eda y podr\u00e1 volver a su rutina normal en unos pocos d\u00edas. Debido a que el \u00e9xito de los procedimientos de contorno corporal posbari\u00e1tricos depende en gran medida del control estricto de su bienestar f\u00edsico y mental, el Dr. Moeinolmolki le brindar\u00e1 consejos especiales sobre las formas de reducir la hinchaz\u00f3n y las molestias durante la fase de curaci\u00f3n. \u00a1La capacidad de consolidar sus visitas post-bari\u00e1tricas y de contorno corporal en una sola le dar\u00e1 la ventaja de minimizar su viaje al trabajo y los tiempos de espera! Tampoco necesita reunirse con varios m\u00e9dicos diferentes. El Dr. Moein lo animar\u00e1 a discutir sus inquietudes y dudas antes de la cirug\u00eda. Ya sea que desee mejorar su figura con brazos tonificados o usar camisas de manga corta con confianza, \u00a1la cirug\u00eda de estiramiento de brazos puede ayudarlo a lograr sus objetivos deseados!<\/p>\r\n<p>\u00bfQuieres m\u00e1s informaci\u00f3n?<\/p>\r\n<p><a href=\"tel:+1-310-807-2378\" target=\"_self\" rel=\"noopener\"> \u00a1LLAME AL (310) 807-2378! <\/a><\/p>\r\n","protected":false},"excerpt":{"rendered":"<p>Obtenga brazos de los que puede estar orgulloso con levantamientos y reducciones de brazos posbari\u00e1tricos en Los \u00c1ngeles, CA Cirug\u00eda Post-Bari\u00e1trica: Cirug\u00eda de Levantamiento de Brazos o Reducci\u00f3n de Brazos Despu\u00e9s de someterse a una cirug\u00eda bari\u00e1trica y perder esa grasa rebelde, la mayor\u00eda de los pacientes se preocupan por la apariencia de sus brazos. [&hellip;]<\/p>\n","protected":false},"author":20,"featured_media":36682,"parent":0,"menu_order":0,"comment_status":"closed","ping_status":"closed","template":"","meta":{"footnotes":""},"class_list":["post-36818","page","type-page","status-publish","has-post-thumbnail","hentry"],"_links":{"self":[{"href":"https:\/\/healthylifebariatrics.com\/es\/wp-json\/wp\/v2\/pages\/36818","targetHints":{"allow":["GET"]}}],"collection":[{"href":"https:\/\/healthylifebariatrics.com\/es\/wp-json\/wp\/v2\/pages"}],"about":[{"href":"https:\/\/healthylifebariatrics.com\/es\/wp-json\/wp\/v2\/types\/page"}],"author":[{"embeddable":true,"href":"https:\/\/healthylifebariatrics.com\/es\/wp-json\/wp\/v2\/users\/20"}],"replies":[{"embeddable":true,"href":"https:\/\/healthylifebariatrics.com\/es\/wp-json\/wp\/v2\/comments?post=36818"}],"version-history":[{"count":0,"href":"https:\/\/healthylifebariatrics.com\/es\/wp-json\/wp\/v2\/pages\/36818\/revisions"}],"wp:featuredmedia":[{"embeddable":true,"href":"https:\/\/healthylifebariatrics.com\/es\/wp-json\/wp\/v2\/media\/36682"}],"wp:attachment":[{"href":"https:\/\/healthylifebariatrics.com\/es\/wp-json\/wp\/v2\/media?parent=36818"}],"curies":[{"name":"wp","href":"https:\/\/api.w.org\/{rel}","templated":true}]}}