{"id":36817,"date":"2019-05-01T12:54:53","date_gmt":"2019-05-01T12:54:53","guid":{"rendered":"https:\/\/healthylifebariatrics.com\/sobre-nosotras\/"},"modified":"2024-09-21T13:23:09","modified_gmt":"2024-09-21T13:23:09","slug":"sobre-nosotras","status":"publish","type":"page","link":"https:\/\/healthylifebariatrics.com\/es\/sobre-nosotras\/","title":{"rendered":"Sobre nosotros"},"content":{"rendered":"\n<h1>\n\t\tAcerca del cirujano bari\u00e1trico Dr.Moeinolmolki en Los \u00c1ngeles, CA &#8211; Healthy Life Bariatrics\n\t<\/h1>\n\n\t<h2>Sobre nosotras<\/h2>\nSi ha intentado todo para perder peso, pero los resultados no son suficientes para mejorar su salud, es probable que sea un buen candidato para la cirug\u00eda de p\u00e9rdida de peso. El Dr. Babak Moeinolmolki de Healthy Life Bariatrics es un cirujano bari\u00e1trico certificado por la junta de medicos que ofrece varios procedimientos para ayudarlo a perder peso y mejorar cualquier condici\u00f3n de salud relacionada con el peso.<br \/>\nHealthy Life Bariatrics es el hogar del Dr. Moeinolmolki, uno de los pocos cirujanos capacitados en doble beca tanto en cirug\u00eda bari\u00e1trica (p\u00e9rdida de peso) como en cirug\u00eda pl\u00e1stica est\u00e9tica de contorno corporal. Si se encuentra en el \u00e1rea de Los \u00c1ngeles, Glendale o Encino y est\u00e1 listo para recuperar el control de su salud, solicite una consulta hoy para conocer al cirujano bari\u00e1trico Dr. Moein y al personal, o visite nuestra ubicaci\u00f3n en Los \u00c1ngeles, CA, para analizar su objetivos de remodelaci\u00f3n del cuerpo.\n\t\t\t\t<img loading=\"lazy\" decoding=\"async\" src=\"https:\/\/healthylifebariatrics.com\/wp-content\/uploads\/2023\/02\/Bariatric-Surgeon-in-Los-Angeles-CA-1.jpg\" alt=\"A man in black scrubs posing for a photo.\" itemprop=\"image\" height=\"497\" width=\"331\" title=\"A man in black scrubs posing for a photo.\" onerror=\"this.style.display='none'\"  \/>\n<h2>\n\t\tCombatir la obesidad con tratamientos de vanguardia\n\t<\/h2>\n\t<p>Nuestro programa de p\u00e9rdida de peso bari\u00e1trica trata la obesidad como una enfermedad. Como tal, reconocemos que la obesidad requiere evaluaci\u00f3n m\u00e9dica y comprensi\u00f3n cient\u00edfica. Nuestro objetivo es brindarle un enfoque personalizado para la p\u00e9rdida de peso y la escultura corporal bajo un mismo techo. Convertirse en un paciente del Dr. Moein le brinda acceso exclusivo a una variedad de tratamientos no invasivos, como medicamentos recetados y asesoramiento nutricional. Puede elegir entre procedimientos bari\u00e1tricos como la cirug\u00eda de manga g\u00e1strica y el bal\u00f3n g\u00e1strico, o procedimientos est\u00e9ticos de contorno corporal como la abdominoplastia. Con todas estas opciones y un \u00fanico equipo de atenci\u00f3n que garantiza su seguridad y satisfacci\u00f3n, se debe a s\u00ed mismo programar una consulta con el cirujano de p\u00e9rdida de peso Dr. Moein en Los \u00c1ngeles CA hoy.<\/p>\n\t<p>\u00bfQuieres m\u00e1s informaci\u00f3n?<\/p>\n\t\t\t<a href=\"tel:+1-310-807-2378\" target=\"_self\" rel=\"noopener\">\n\t\t\t\t\t\t\t\u00a1LLAME AL (310) 807-2378!\n\t\t\t\t\t<\/a>\n<h2>\n\t\tTratamientos personalizados pensados para su bienestar\n\t<\/h2>\n\t\t\t\t<img loading=\"lazy\" decoding=\"async\" src=\"https:\/\/healthylifebariatrics.com\/wp-content\/uploads\/2023\/02\/Top-Bariatric-Surgeon-in-Los-Angeles-CA.jpg\" alt=\"Top Bariatric Surgeon in Los Angeles\" itemprop=\"image\" height=\"478\" width=\"850\" title=\"Top Bariatric Surgeon in Los Angeles\" onerror=\"this.style.display='none'\"  \/>\nCirujana para bajar de peso Dr. Moein<br \/>\nse puede dise\u00f1ar a medida un tratamiento<br \/>\n plan que incluye lo siguiente.\n<ul>\n<li>Recomendaciones diet\u00e9ticas y de medicamentos<\/li>\n<li>Cirug\u00eda bari\u00e1trica de p\u00e9rdida de peso<\/li>\n<li>Contorno Corporal<\/li>\n<li>Cuidado posterior para garantizar su satisfacci\u00f3n<\/li>\n<\/ul>\n<p>La atenci\u00f3n que reciba del Dr. Moein se adaptar\u00e1 solo para usted. Despu\u00e9s de una cuidadosa evaluaci\u00f3n de la salud y una evaluaci\u00f3n de su obesidad y objetivos de remodelaci\u00f3n corporal, el Dr. Moein le recomendar\u00e1 el mejor plan de tratamiento para optimizar su salud.<\/p>\n<p>El cirujano de p\u00e9rdida de peso Dr. Moein no solo est\u00e1 interesado en ayudarlo a corto plazo. Los tratamientos del Dr. Moein est\u00e1n dise\u00f1ados para optimizar su salud y ayudarlo a lograr sus objetivos corporales de una manera sostenible a largo plazo. \u00c9l se asegurar\u00e1 de que comprenda su plan de tratamiento desde el d\u00eda del procedimiento hasta el momento en que ingrese a la recuperaci\u00f3n y m\u00e1s all\u00e1.<\/p>\n<p>Ya sea que opte por medicamentos, cirug\u00eda de p\u00e9rdida de peso, contorno corporal o una combinaci\u00f3n de procedimientos, el Dr. Moein y el personal lo guiar\u00e1n en cada paso del camino.<\/p>\n<p>Y debido a que ofrecemos p\u00e9rdida de peso m\u00e9dica, p\u00e9rdida de peso quir\u00fargica y contorno corporal cosm\u00e9tico bajo un mismo techo, le quitaremos de encima tener que hacer malabarismos con las visitas al consultorio de varios m\u00e9dicos. En su lugar, obtiene tratamiento experto y orientaci\u00f3n de un solo m\u00e9dico, lo que le brinda una experiencia de p\u00e9rdida de peso y remodelaci\u00f3n corporal m\u00e1s asequible y conveniente.<\/p>\n<p>La mejor parte es que Dr. Moein brinda tratamiento con 100% de transparencia con respecto a todos los honorarios. Nunca encontrar\u00e1 sorpresas cuando llegue el momento de resolver sus servicios de obesidad y contorno corporal. Esa es nuestra promesa para usted como nuestro paciente valorado.<\/p>\n<h2>\n\t\tConozca al experto cirujano bari\u00e1trico Dr. Moein en Los \u00c1ngeles CA\n\t<\/h2>\n\t\t\t\t<img loading=\"lazy\" decoding=\"async\" src=\"https:\/\/healthylifebariatrics.com\/wp-content\/uploads\/2023\/02\/Top-Bariatric-Surgeon-Los-Angeles-CA.jpg\" alt=\"Expert bariatric surgeon dr babak mohin in los angeles.\" itemprop=\"image\" height=\"570\" width=\"850\" title=\"Expert bariatric surgeon dr babak mohin in los angeles.\" onerror=\"this.style.display='none'\"  \/>\n\t<h3>Cirujano de obesidad y contorno corporal de renombre mundial<\/h3>\n<p>El cirujano bari\u00e1trico Babak Moeinolmolki, MD, FACS es el \u00fanico cirujano en el sur de California que tiene una doble formaci\u00f3n en cirug\u00eda bari\u00e1trica de p\u00e9rdida de peso y cirug\u00eda est\u00e9tica de contorno corporal. El enfoque multidisciplinario del Dr. Moein permite evaluaciones cuidadosas de los pacientes y una p\u00e9rdida de peso sostenible, sin mencionar las mejoras quir\u00fargicas cosm\u00e9ticas. El Dr. Moein puede brindar estos servicios especializados bajo un mismo techo, lo que contribuye a la comodidad y asequibilidad del paciente.<\/p>\n\t\t\t<a href=\"tel:+1-310-807-2378\" target=\"_self\" rel=\"noopener\">\n\t\t\t\t\t\t<br \/>\u00a1Pierde peso ahora!<br \/>(310) 807-2378\n\t\t\t\t\t<\/a>\n\t<h2>Cirujano bari\u00e1trico experimentado y nativo de Los \u00c1ngeles<\/h2>\n<p>El Dr. Moein se cri\u00f3 en Los \u00c1ngeles y se gradu\u00f3 de Calabasas High School. Complet\u00f3 tanto su licenciatura como su maestr\u00eda en Microbiolog\u00eda y Gen\u00e9tica Molecular en la Universidad de California en Los \u00c1ngeles, donde se gradu\u00f3 del Programa de la Facultad de Honor con distinci\u00f3n y recibi\u00f3 un premio al servicio de excelencia por su trabajo voluntario en el Centro M\u00e9dico de la UCLA.<\/p>\n<p>El Dr. Moein asisti\u00f3 a la escuela de medicina en la Facultad de Medicina de la Universidad George Washington, donde recibi\u00f3 el premio de la Beca Robert Dodeck. Complet\u00f3 una pasant\u00eda de cirug\u00eda intensiva en el Centro de Trauma de Choque de la Universidad de Maryland en Baltimore y su residencia en cirug\u00eda general en el Centro M\u00e9dico de la Universidad de Georgetown.<\/p>\n<p>El Dr. Moein complet\u00f3 una beca de investigaci\u00f3n en cirug\u00eda bari\u00e1trica y laparosc\u00f3pica en la Escuela de Medicina Albert Einstein, Hospital Montefiore en la ciudad de Nueva York, y pas\u00f3 ocho a\u00f1os como cirujano asistente en el Centro M\u00e9dico Greater Baltimore. Fue en GBMC donde el Dr. Moein estableci\u00f3 el primer Centro de Excelencia en Baltimore, Maryland, para cirug\u00eda bari\u00e1trica.<\/p>\n<p>El Dr. Moein tambi\u00e9n obtuvo una beca en cirug\u00eda cosm\u00e9tica, donde tuvo la oportunidad de capacitarse en una instalaci\u00f3n de \u00faltima generaci\u00f3n y bajo la tutela de un cirujano est\u00e9tico de renombre mundial, el Dr. Angelo Cuzalina. El Sr. Cuzalina es el ex presidente de la Academia Estadounidense de Cirug\u00eda Cosm\u00e9tica y la Junta Estadounidense de Cirug\u00eda Cosm\u00e9tica.<\/p>\n<p>El Dr. Moein es un artista apasionado por la ciencia detr\u00e1s de la belleza humana y el rejuvenecimiento saludable. Los pacientes del Dr. Moein lo describen como cari\u00f1oso y compasivo. El m\u00e9dico entiende la obesidad y trata la dolencia como una enfermedad que requiere tratamiento, no juicio.<\/p>\n<p>El Dr. Moein se siente afortunado de poder ofrecer a los pacientes un conjunto \u00fanico de habilidades que contribuyen a una p\u00e9rdida de peso exitosa y sin contratiempos y a una vida m\u00e1s saludable.<\/p>\n<h2>Programe una evaluaci\u00f3n inicial segura y c\u00f3moda para la cirug\u00eda bari\u00e1trica<\/h2>\n<p>Para que el Dr. Moein pueda comprender completamente sus objetivos de p\u00e9rdida de peso y remodelaci\u00f3n corporal, le recomendamos que programe una evaluaci\u00f3n inicial.<\/p>\n<p>El Dr. Moein es conocido por su naturaleza cari\u00f1osa y compasiva. El m\u00e9dico es biling\u00fce y amigable con la comunidad LGBTQ+ y da la bienvenida a pacientes de todos los or\u00edgenes.<\/p>\n<p>El m\u00e9dico escuchar\u00e1 atentamente sus inquietudes y objetivos antes de explicarle sus procedimientos y tratamientos. Ya sea que desee una cirug\u00eda bari\u00e1trica m\u00ednimamente invasiva o un contorno corporal quir\u00fargico, el Dr. Moein puede ayudarlo a encontrar las opciones adecuadas para usted.<\/p>\n<p>Obtenga el tratamiento y el apoyo que necesita sin prejuicios llamando a Healthy Life Bariatrics para programar una consulta inicial con el renombrado cirujano Dr. Moein.<\/p>\n<h2>Experiencia quir\u00fargica de destino<\/h2>\n<p>El Dr. Moein se enorgullece de atender a clientes en todo Los \u00c1ngeles y sus alrededores. Para aquellos que viven m\u00e1s all\u00e1 de las fronteras de California, el Dr. Moein ofrece Destination Surgery Experience para su comodidad.<\/p>\n<p>Los pacientes han viajado a la oficina del Dr. Moein de todo el mundo para recibir resultados que cambiaron sus vidas. Desde Europa y Asia hasta el Medio Oriente, los pacientes han podido lograr sus verdaderos objetivos de modelado corporal bajo el cuidado del cirujano con doble capacitaci\u00f3n, el Dr. Moein.<\/p>\n<p>\u00bfNo est\u00e1s en Los \u00c1ngeles? Llame para programar su experiencia de cirug\u00eda de destino con el Dr. Moein en Healthy Life Bariatrics.<\/p>\n<h2>\n\t\tConozca al personal\n\t<\/h2>\n\t<iframe loading=\"lazy\" title=\"YouTube video player \" src=\"https:\/\/www.youtube.com\/embed\/ZOWIr9yf960\" width=\"50%\" height=\"100px\" frameborder=\"0\" allowfullscreen=\"allowfullscreen\"><\/iframe>\n\t<iframe loading=\"lazy\" title=\"YouTube video player\" src=\"https:\/\/www.youtube.com\/embed\/rsBnsPzZYts\" width=\"50%\" height=\"100px\" frameborder=\"0\" allowfullscreen=\"allowfullscreen\"><\/iframe>\n\t<iframe loading=\"lazy\" title=\"YouTube video player\" src=\"https:\/\/www.youtube.com\/embed\/WDzBUsHV1EQ\" width=\"50%\" height=\"100px\" frameborder=\"0\" allowfullscreen=\"allowfullscreen\"><\/iframe>\n\t<iframe loading=\"lazy\" title=\"YouTube video player\" src=\"https:\/\/www.youtube.com\/embed\/vZYPWoxNRGA\" width=\"100%\" height=\"100px\" frameborder=\"0\" allowfullscreen=\"allowfullscreen\"><\/iframe>\n\t<iframe loading=\"lazy\" title=\"YouTube video player\" src=\"https:\/\/www.youtube.com\/embed\/f6HS6Q-5sVY\" width=\"100%\" height=\"100px\" frameborder=\"0\" allowfullscreen=\"allowfullscreen\"><\/iframe>\n<h2>\n\t\tPreguntas y respuestas del cirujano de p\u00e9rdida de peso<br \/> \u00bfQu\u00e9 es un Cirujano Bari\u00e1trico?\n\t<\/h2>\n<p>Un cirujano de p\u00e9rdida de peso, o cirujano bari\u00e1trico, es un m\u00e9dico que se especializa en procedimientos que controlan c\u00f3mo su est\u00f3mago y\/o tracto digestivo manejan los alimentos. Hay diferentes opciones de cirug\u00eda dise\u00f1adas para satisfacer sus necesidades individuales y darle la mejor oportunidad de \u00e9xito. Hasta la fecha, el Dr. Moeinolmolki ha realizado m\u00e1s de 2000 cirug\u00edas de p\u00e9rdida de peso m\u00ednimamente invasivas.<\/p>\n<h2>\n\t\t\u00bfC\u00f3mo funciona la cirug\u00eda bari\u00e1trica?\n\t<\/h2>\n\t\t\t\t<img loading=\"lazy\" decoding=\"async\" src=\"https:\/\/healthylifebariatrics.com\/wp-content\/uploads\/2023\/02\/Bariatric-Surgeon-in-Los-Angeles-CA.jpg\" alt=\"A woman&#039;s abdomen being examined by a doctor.\" itemprop=\"image\" height=\"685\" width=\"850\" title=\"A woman&#039;s abdomen being examined by a doctor.\" onerror=\"this.style.display='none'\"  \/>\n\t<p>El objetivo detr\u00e1s del trabajo del Dr. Moeinolmolki como cirujano bari\u00e1trico es controlar c\u00f3mo su cuerpo absorbe y almacena alimentos para que pueda perder peso. La cirug\u00eda bari\u00e1trica implica restringir la cantidad de alimentos que puede ingerir, limitar la absorci\u00f3n de alimentos en su tracto digestivo (lo que se denomina \u00abmalabsorci\u00f3n\u00bb), o ambas cosas.<\/p>\n<p>&nbsp;<\/p>\n<h2>\u00bfQu\u00e9 cirug\u00edas para bajar de peso est\u00e1n disponibles?<\/h2>\n<p>Para obtener los mejores resultados, el cirujano bari\u00e1trico Dr. Moeinolmolki ofrece las siguientes cirug\u00edas para perder peso:<\/p>\n<h3>Bypass g\u00e1strico<\/h3>\n<p>Durante este procedimiento, el Dr. Moeinolmolki ata una peque\u00f1a porci\u00f3n de su est\u00f3mago y luego conecta su intestino delgado directamente a esta \u00e1rea, evitando la mayor parte de su est\u00f3mago. Su est\u00f3mago solo contendr\u00e1 una fracci\u00f3n de lo que sol\u00eda contener antes de esta cirug\u00eda.<\/p>\n<h3>Manga g\u00e1strica<\/h3>\n<p>Durante una gastrectom\u00eda en manga, el Dr. Moeinolmolki extrae aproximadamente el 80 % de su est\u00f3mago, lo que reduce considerablemente el volumen de su est\u00f3mago. Se llenar\u00e1 r\u00e1pidamente, lo que le ayudar\u00e1 a controlar significativamente su consumo de calor\u00edas.<\/p>\n<h3>Banda g\u00e1strica ajustable<\/h3>\n<p>La banda g\u00e1strica ajustable consiste en colocar una banda alrededor de su est\u00f3mago para restringir la cantidad de comida que puede pasar a trav\u00e9s de su tracto digestivo. La banda g\u00e1strica le permite al Dr. Moeinolmolki ajustar la banda seg\u00fan sea necesario, permitiendo que pase m\u00e1s, o menos comida.<\/p>\n<h3>Bal\u00f3n G\u00e1strico<\/h3>\n<p>Un bal\u00f3n g\u00e1strico es una peque\u00f1a bolsa de silicona que el Dr. Moeinolmolki inserta en el est\u00f3mago y se infla. Reducir\u00e1 el espacio disponible para la comida y te har\u00e1 sentir lleno. Este procedimiento es una de las opciones menos invasivas: el cirujano bari\u00e1trico Dr. Moeinolmolki realiza este procedimiento de forma ambulatoria. El globo se puede quitar en cualquier momento.<\/p>\n\t\t\t<a href=\"tel:+1-310-807-2378\" target=\"_self\" rel=\"noopener\">\n\t\t\t\t\t\t<br \/>\u00a1Pierde peso ahora!<br \/> Obtener mi consulta <br \/>(310) 807-2378\n\t\t\t\t\t<\/a>\n\t<h2>\u00bfCu\u00e1les son los riesgos de la cirug\u00eda para bajar de peso?<\/h2>\n<p>Si bien las cirug\u00edas bari\u00e1tricas que ofrece el Dr. Moeinolmolki son todas beneficiosas, a\u00fan existe un peque\u00f1o riesgo de infecci\u00f3n o sangrado en el sitio de la incisi\u00f3n. El cirujano bari\u00e1trico Dr. Moeinolmolki lo supervisa de cerca despu\u00e9s de cada procedimiento para garantizar una pronta atenci\u00f3n a cualquier problema.<\/p>\n<p>Cada procedimiento requiere su total compromiso con el proceso de p\u00e9rdida de peso. Ser\u00e1 importante seguir las instrucciones postoperatorias al pie de la letra.<\/p>\n<p>Para averiguar c\u00f3mo un cirujano de p\u00e9rdida de peso puede ayudarlo a deshacerse de los kilos de m\u00e1s de una vez por todas, llame al Dr. Moeinolmolki de Healthy Life Bariatrics.<\/p>\n\t\t\t<a href=\"\" target=\"_self\" rel=\"noopener\">\n\t\t\t\t\t\t\tV\u00eddeos de cirug\u00eda bari\u00e1trica\n\t\t\t\t\t<\/a>\n\t\t\t<a href=\"\" target=\"_self\" rel=\"noopener\">\n\t\t\t\t\t\t\tV\u00eddeos de Cirug\u00eda general\n\t\t\t\t\t<\/a>\n\n","protected":false},"excerpt":{"rendered":"<p>Acerca del cirujano bari\u00e1trico Dr.Moeinolmolki en Los \u00c1ngeles, CA &#8211; Healthy Life Bariatrics Sobre nosotras Si ha intentado todo para perder peso, pero los resultados no son suficientes para mejorar su salud, es probable que sea un buen candidato para la cirug\u00eda de p\u00e9rdida de peso. El Dr. Babak Moeinolmolki de Healthy Life Bariatrics es [&hellip;]<\/p>\n","protected":false},"author":20,"featured_media":36712,"parent":0,"menu_order":0,"comment_status":"closed","ping_status":"closed","template":"","meta":{"footnotes":""},"class_list":["post-36817","page","type-page","status-publish","has-post-thumbnail","hentry"],"_links":{"self":[{"href":"https:\/\/healthylifebariatrics.com\/es\/wp-json\/wp\/v2\/pages\/36817","targetHints":{"allow":["GET"]}}],"collection":[{"href":"https:\/\/healthylifebariatrics.com\/es\/wp-json\/wp\/v2\/pages"}],"about":[{"href":"https:\/\/healthylifebariatrics.com\/es\/wp-json\/wp\/v2\/types\/page"}],"author":[{"embeddable":true,"href":"https:\/\/healthylifebariatrics.com\/es\/wp-json\/wp\/v2\/users\/20"}],"replies":[{"embeddable":true,"href":"https:\/\/healthylifebariatrics.com\/es\/wp-json\/wp\/v2\/comments?post=36817"}],"version-history":[{"count":3,"href":"https:\/\/healthylifebariatrics.com\/es\/wp-json\/wp\/v2\/pages\/36817\/revisions"}],"predecessor-version":[{"id":43118,"href":"https:\/\/healthylifebariatrics.com\/es\/wp-json\/wp\/v2\/pages\/36817\/revisions\/43118"}],"wp:featuredmedia":[{"embeddable":true,"href":"https:\/\/healthylifebariatrics.com\/es\/wp-json\/wp\/v2\/media\/36712"}],"wp:attachment":[{"href":"https:\/\/healthylifebariatrics.com\/es\/wp-json\/wp\/v2\/media?parent=36817"}],"curies":[{"name":"wp","href":"https:\/\/api.w.org\/{rel}","templated":true}]}}