{"id":36779,"date":"2023-05-15T13:15:59","date_gmt":"2023-05-15T13:15:59","guid":{"rendered":"https:\/\/healthylifebariatrics.com\/servicios\/dietas-bajo-supervision-medica\/"},"modified":"2024-09-10T22:10:48","modified_gmt":"2024-09-10T22:10:48","slug":"dietas-bajo-supervision-medica","status":"publish","type":"page","link":"https:\/\/healthylifebariatrics.com\/es\/servicios\/dietas-bajo-supervision-medica\/","title":{"rendered":"Dietas bajo supervisi\u00f3n m\u00e9dica"},"content":{"rendered":"\n<h1>\n\t\tPerdida de peso, dietas Supervisadas medicamente en Los Angeles CA\n\t<\/h1>\n\n\t<h2>Especialista en dietas supervisadas m\u00e9dicamente<\/h2>\n<p>La cirug\u00eda bari\u00e1trica es una forma excelente de empezar a perder peso de forma duradera. Sin embargo, es s\u00f3lo el principio del proceso. En Healthy Life Bariatrics, los pacientes del Dr. Babak Moeinolmolki tienen acceso a varias dietas supervisadas m\u00e9dicamente. Estas dietas est\u00e1n disponibles para los pacientes en toda la zona de Los \u00c1ngeles, incluyendo Glendale y Encino. Permiten a los pacientes consolidar su \u00e9xito en la p\u00e9rdida de peso y avanzar hacia un estilo de vida m\u00e1s saludable.<\/p>\n\t<h2>PREGUNTAS Y RESPUESTAS<br \/>\n\u00bfCu\u00e1les son los riesgos asociados a la obesidad?<\/h2>\n<p>Numerosos estudios han permitido conocer los m\u00faltiples riesgos para la salud asociados a la obesidad. La ciencia ha demostrado que las personas con sobrepeso u obesidad importantes tienen un riesgo elevado de padecer muchas enfermedades. Estas enfermedades incluyen cardiopat\u00edas, accidentes cerebrovasculares, diabetes, hipertensi\u00f3n arterial y s\u00edndrome metab\u00f3lico. Varios tipos de c\u00e1ncer tambi\u00e9n parecen ser m\u00e1s frecuentes en personas obesas. Entre ellos se incluyen los c\u00e1nceres de mama, ves\u00edcula biliar y colon. La artrosis es otro problema de salud para las personas obesas, ya que el peso adicional ejerce presi\u00f3n sobre las articulaciones.<\/p>\n\t\t\t\t<img loading=\"lazy\" decoding=\"async\" src=\"https:\/\/healthylifebariatrics.com\/wp-content\/uploads\/2020\/09\/Diet-min.jpg\" alt=\"Medically Supervised Diets\" itemprop=\"image\" height=\"350\" width=\"525\" title=\"Medically Supervised Diets\" onerror=\"this.style.display='none'\"  \/>\n\t<h2>\u00bfEn qu\u00e9 se diferencia una dieta supervisada m\u00e9dicamente de una dieta tradicional?<\/h2>\n<p>Para cuando los pacientes acuden a un cirujano bari\u00e1trico en busca de soluciones para la p\u00e9rdida de peso, normalmente ya han pasado por muchos planes de dieta diferentes en un intento de perder peso por su cuenta. La principal diferencia entre una dieta \u00abnormal\u00bb y una dieta supervisada m\u00e9dicamente radica en el apoyo que recibe el paciente cuando sigue una opci\u00f3n supervisada m\u00e9dicamente. Creamos el plan de dieta s\u00f3lo despu\u00e9s de un examen f\u00edsico completo y una evaluaci\u00f3n del historial de salud. El resultado ser\u00e1 un programa de p\u00e9rdida de peso personalizado para las necesidades particulares de cada paciente. Los pacientes tienen acceso a una gran cantidad de servicios destinados a promover una p\u00e9rdida de peso duradera y mejoras en el bienestar general. Esto incluye asesoramiento nutricional, apoyo diet\u00e9tico y consejos.<\/p>\n<h2>\u00bfEs seguro comenzar una dieta m\u00e9dicamente supervisada inmediatamente despu\u00e9s de una intervenci\u00f3n bari\u00e1trica?<\/h2>\n\t\t\t\t<a href=\"tel:+1-310-881-8260\" target=\"_self\" itemprop=\"url\" rel=\"noopener\">\n\t\t\t\t<img loading=\"lazy\" decoding=\"async\" src=\"https:\/\/healthylifebariatrics.com\/wp-content\/uploads\/2023\/05\/Captura-de-pantalla-2023-05-15-a-las-9.04.44-a.-m.-copia.webp\" alt=\"A woman wearing a headset is holding a phone.\" itemprop=\"image\" height=\"207\" width=\"800\" title=\"A woman wearing a headset is holding a phone.\" onerror=\"this.style.display='none'\"  \/>\n\t\t\t\t<\/a>\n\t<p>En los d\u00edas y semanas posteriores a una intervenci\u00f3n quir\u00fargica bari\u00e1trica, el paciente se limitar\u00e1 a ingerir peque\u00f1as cantidades de alimentos l\u00edquidos o blandos. En cuanto se reintroduzcan los alimentos normales en la dieta del paciente, es aconsejable iniciar un programa diet\u00e9tico bajo supervisi\u00f3n m\u00e9dica. Antes de embarcarse en la nueva dieta, el equipo bari\u00e1trico tomar\u00e1 medidas. Determinar\u00e1n si existen otros problemas m\u00e9dicos que puedan afectar negativamente al proceso de p\u00e9rdida de peso del paciente. Por ejemplo, muchos pacientes toman varios medicamentos con receta y es imprescindible asegurarse de que esos medicamentos no influyen en la p\u00e9rdida de peso. Para la mayor\u00eda de los pacientes, sugerimos una dieta supervisada m\u00e9dicamente. Es una excelente manera de continuar con el impulso de p\u00e9rdida de peso obtenido mediante un procedimiento bari\u00e1trico.<\/p>\n\t\t\t\t<img loading=\"lazy\" decoding=\"async\" src=\"https:\/\/healthylifebariatrics.com\/wp-content\/uploads\/2023\/05\/Captura-de-pantalla-2023-05-09-a-las-11.31.06-a.-m.png\" alt=\"Arm weight loss candidates.\" itemprop=\"image\" height=\"432\" width=\"1179\" title=\"Arm weight loss candidates.\" onerror=\"this.style.display='none'\"  \/>\n\n","protected":false},"excerpt":{"rendered":"<p>Perdida de peso, dietas Supervisadas medicamente en Los Angeles CA Especialista en dietas supervisadas m\u00e9dicamente La cirug\u00eda bari\u00e1trica es una forma excelente de empezar a perder peso de forma duradera. Sin embargo, es s\u00f3lo el principio del proceso. En Healthy Life Bariatrics, los pacientes del Dr. Babak Moeinolmolki tienen acceso a varias dietas supervisadas m\u00e9dicamente. [&hellip;]<\/p>\n","protected":false},"author":20,"featured_media":36712,"parent":36757,"menu_order":0,"comment_status":"closed","ping_status":"closed","template":"","meta":{"footnotes":""},"class_list":["post-36779","page","type-page","status-publish","has-post-thumbnail","hentry"],"_links":{"self":[{"href":"https:\/\/healthylifebariatrics.com\/es\/wp-json\/wp\/v2\/pages\/36779","targetHints":{"allow":["GET"]}}],"collection":[{"href":"https:\/\/healthylifebariatrics.com\/es\/wp-json\/wp\/v2\/pages"}],"about":[{"href":"https:\/\/healthylifebariatrics.com\/es\/wp-json\/wp\/v2\/types\/page"}],"author":[{"embeddable":true,"href":"https:\/\/healthylifebariatrics.com\/es\/wp-json\/wp\/v2\/users\/20"}],"replies":[{"embeddable":true,"href":"https:\/\/healthylifebariatrics.com\/es\/wp-json\/wp\/v2\/comments?post=36779"}],"version-history":[{"count":2,"href":"https:\/\/healthylifebariatrics.com\/es\/wp-json\/wp\/v2\/pages\/36779\/revisions"}],"predecessor-version":[{"id":42892,"href":"https:\/\/healthylifebariatrics.com\/es\/wp-json\/wp\/v2\/pages\/36779\/revisions\/42892"}],"up":[{"embeddable":true,"href":"https:\/\/healthylifebariatrics.com\/es\/wp-json\/wp\/v2\/pages\/36757"}],"wp:featuredmedia":[{"embeddable":true,"href":"https:\/\/healthylifebariatrics.com\/es\/wp-json\/wp\/v2\/media\/36712"}],"wp:attachment":[{"href":"https:\/\/healthylifebariatrics.com\/es\/wp-json\/wp\/v2\/media?parent=36779"}],"curies":[{"name":"wp","href":"https:\/\/api.w.org\/{rel}","templated":true}]}}