{"id":36778,"date":"2023-05-15T13:23:30","date_gmt":"2023-05-15T13:23:30","guid":{"rendered":"https:\/\/healthylifebariatrics.com\/servicios\/cirugia-robotica\/"},"modified":"2024-09-10T22:03:37","modified_gmt":"2024-09-10T22:03:37","slug":"cirugia-robotica","status":"publish","type":"page","link":"https:\/\/healthylifebariatrics.com\/es\/servicios\/cirugia-robotica\/","title":{"rendered":"Cirug\u00eda rob\u00f3tica"},"content":{"rendered":"\n<h1>\n\t\tCirug\u00eda rob\u00f3tica para procedimientos bari\u00e1tricos y de contorno corporal seguros y eficaces en Los Angeles, CA\n\t<\/h1>\n\n\t<h2>Especialista en cirug\u00eda rob\u00f3tica<\/h2>\n<p>La tecnolog\u00eda ha cambiado realmente la pr\u00e1ctica de la medicina, y estar al d\u00eda en los \u00faltimos avances es motivo de orgullo para el Dr. Babak Moeinolmolki. En Healthy Life Bariatrics, la cirug\u00eda rob\u00f3tica es s\u00f3lo una de las muchas herramientas utilizadas para ayudar a los pacientes en toda la zona de Los \u00c1ngeles, incluyendo Glendale y Encino, en la consecuci\u00f3n de sus objetivos individuales.<\/p>\n<h2>\n\t\tPREGUNTAS Y RESPUESTAS\n\t<\/h2>\n\t<iframe src=\"https:\/\/www.youtube.com\/embed\/C17-bGquIjI?autoplay=1&amp;rel=0\" frameborder=\"0\" allowfullscreen=\"1\" allow=\"\"><\/iframe>\n\t<h2>\u00bfC\u00f3mo funciona la cirug\u00eda rob\u00f3tica?<\/h2>\n<p>Cuando mucha gente piensa en la cirug\u00eda rob\u00f3tica, se imagina un escenario de la era espacial en el que un robot real se inclina sobre una mesa de operaciones con instrumentos quir\u00fargicos en la mano. En realidad, esta cirug\u00eda es mucho m\u00e1s frecuente de lo que muchos imaginan. En la mayor\u00eda de los casos, un sistema quir\u00fargico rob\u00f3tico cl\u00ednico consta de una unidad con varios brazos. Al menos uno de esos brazos utiliza una peque\u00f1a c\u00e1mara. Los otros est\u00e1n dise\u00f1ados para sostener instrumentos quir\u00fargicos. El cirujano que realiza la operaci\u00f3n puede controlar los brazos sentado o de pie frente a una pantalla de ordenador cerca del paciente. La c\u00e1mara proporciona una vista ampliada de la zona quir\u00fargica. Le permite al cirujano completar el procedimiento controlando los brazos rob\u00f3ticos.<\/p>\n\t\t\t\t<img loading=\"lazy\" decoding=\"async\" src=\"https:\/\/healthylifebariatrics.com\/wp-content\/uploads\/2019\/04\/Biomedical-Engineering-1.jpg\" alt=\"Robotic Surgery\" itemprop=\"image\" height=\"350\" width=\"525\" title=\"Biomedical-Engineering\" onerror=\"this.style.display='none'\"  \/>\n\t<h2>\u00bfCu\u00e1les son las ventajas?<\/h2>\n<p>Cada vez m\u00e1s cirujanos se familiarizan con la cirug\u00eda rob\u00f3tica. Muchos est\u00e1n integrando esta tecnolog\u00eda en su pr\u00e1ctica quir\u00fargica. Por un lado, un sistema quir\u00fargico rob\u00f3tico cl\u00ednico permite una evaluaci\u00f3n visual de la zona quir\u00fargica mucho mayor que la cirug\u00eda tradicional. De este modo, el cirujano puede utilizar su experiencia para guiar la intervenci\u00f3n. Los sistemas robotizados tambi\u00e9n mejoran la precisi\u00f3n. Eso significa cicatrices m\u00e1s peque\u00f1as que se notar\u00e1n menos cuando cicatricen. Esta cirug\u00eda facilita los procedimientos quir\u00fargicos m\u00ednimamente invasivos. Esto, a su vez, supondr\u00e1 una menor p\u00e9rdida de sangre y una recuperaci\u00f3n m\u00e1s r\u00e1pida para los pacientes.<\/p>\n<h2>\u00bfEs todo el mundo un buen candidato para la cirug\u00eda rob\u00f3tica?<\/h2>\n\t\t\t\t<a href=\"tel:+1-310-881-8260\" target=\"_self\" itemprop=\"url\" rel=\"noopener\">\n\t\t\t\t<img loading=\"lazy\" decoding=\"async\" src=\"https:\/\/healthylifebariatrics.com\/wp-content\/uploads\/2023\/05\/Captura-de-pantalla-2023-05-15-a-las-9.04.44-a.-m.-copia.webp\" alt=\"A woman wearing a headset is holding a phone.\" itemprop=\"image\" height=\"207\" width=\"800\" title=\"A woman wearing a headset is holding a phone.\" onerror=\"this.style.display='none'\"  \/>\n\t\t\t\t<\/a>\n\t<p>Como en todas las intervenciones quir\u00fargicas, la respuesta var\u00eda de un paciente a otro. El primer paso para determinar el curso de acci\u00f3n adecuado implica un examen f\u00edsico completo y un historial m\u00e9dico completo. Una vez que se ha evaluado a fondo el estado actual del paciente, el cirujano puede determinar qu\u00e9 procedimientos y enfoques son adecuados. La cirug\u00eda rob\u00f3tica es una buena opci\u00f3n para muchas personas debido a que es m\u00ednimamente invasiva. Tambi\u00e9n conlleva un menor riesgo de infecci\u00f3n, dolor y hemorragia. Dicho esto, es mejor dejar la decisi\u00f3n en manos de un profesional m\u00e9dico.<\/p>\n\n","protected":false},"excerpt":{"rendered":"<p>Cirug\u00eda rob\u00f3tica para procedimientos bari\u00e1tricos y de contorno corporal seguros y eficaces en Los Angeles, CA Especialista en cirug\u00eda rob\u00f3tica La tecnolog\u00eda ha cambiado realmente la pr\u00e1ctica de la medicina, y estar al d\u00eda en los \u00faltimos avances es motivo de orgullo para el Dr. Babak Moeinolmolki. En Healthy Life Bariatrics, la cirug\u00eda rob\u00f3tica es [&hellip;]<\/p>\n","protected":false},"author":20,"featured_media":36712,"parent":36757,"menu_order":0,"comment_status":"closed","ping_status":"closed","template":"","meta":{"footnotes":""},"class_list":["post-36778","page","type-page","status-publish","has-post-thumbnail","hentry"],"_links":{"self":[{"href":"https:\/\/healthylifebariatrics.com\/es\/wp-json\/wp\/v2\/pages\/36778","targetHints":{"allow":["GET"]}}],"collection":[{"href":"https:\/\/healthylifebariatrics.com\/es\/wp-json\/wp\/v2\/pages"}],"about":[{"href":"https:\/\/healthylifebariatrics.com\/es\/wp-json\/wp\/v2\/types\/page"}],"author":[{"embeddable":true,"href":"https:\/\/healthylifebariatrics.com\/es\/wp-json\/wp\/v2\/users\/20"}],"replies":[{"embeddable":true,"href":"https:\/\/healthylifebariatrics.com\/es\/wp-json\/wp\/v2\/comments?post=36778"}],"version-history":[{"count":2,"href":"https:\/\/healthylifebariatrics.com\/es\/wp-json\/wp\/v2\/pages\/36778\/revisions"}],"predecessor-version":[{"id":42887,"href":"https:\/\/healthylifebariatrics.com\/es\/wp-json\/wp\/v2\/pages\/36778\/revisions\/42887"}],"up":[{"embeddable":true,"href":"https:\/\/healthylifebariatrics.com\/es\/wp-json\/wp\/v2\/pages\/36757"}],"wp:featuredmedia":[{"embeddable":true,"href":"https:\/\/healthylifebariatrics.com\/es\/wp-json\/wp\/v2\/media\/36712"}],"wp:attachment":[{"href":"https:\/\/healthylifebariatrics.com\/es\/wp-json\/wp\/v2\/media?parent=36778"}],"curies":[{"name":"wp","href":"https:\/\/api.w.org\/{rel}","templated":true}]}}