{"id":36777,"date":"2023-05-12T19:31:17","date_gmt":"2023-05-12T19:31:17","guid":{"rendered":"https:\/\/healthylifebariatrics.com\/servicios\/cirugia-de-bajo-imc\/"},"modified":"2024-09-10T19:25:39","modified_gmt":"2024-09-10T19:25:39","slug":"cirugia-de-bajo-imc","status":"publish","type":"page","link":"https:\/\/healthylifebariatrics.com\/es\/servicios\/cirugia-de-bajo-imc\/","title":{"rendered":"Cirug\u00eda de bajo IMC"},"content":{"rendered":"\n<h1>\n\t\tCirug\u00eda de bajo IMC &#8211; Procedimientos bari\u00e1tricos para pacientes con IMC de 30-35 kg\/m2\n\t<\/h1>\n\n\t\t\t\t<img loading=\"lazy\" decoding=\"async\" src=\"https:\/\/healthylifebariatrics.com\/wp-content\/uploads\/2022\/03\/Low-BMI-Srurgery-Los-Angeles-CA.jpg\" alt=\"Low BMI Surgery Los Angeles\" itemprop=\"image\" height=\"566\" width=\"920\" title=\"Low BMI Surgery Los Angeles\" onerror=\"this.style.display='none'\"  \/>\n\t<p>La cirug\u00eda bari\u00e1trica es una estrategia terap\u00e9utica m\u00e9dica para perder peso que tambi\u00e9n aporta a los pacientes importantes beneficios para la salud.<\/p>\n<p>Hasta hace poco, estos procedimientos de p\u00e9rdida de peso se reservaban a las personas con \u00edndices de masa corporal elevados.<\/p>\n<p>Para la mayor\u00eda de las personas, la mejor manera de optar a la cirug\u00eda bari\u00e1trica como tratamiento de la obesidad es tener un IMC de 40 kg\/m2 o treinta y cinco con al menos una comorbilidad de obesidad existente.<\/p>\n<p>Las comorbilidades de la obesidad pueden incluir enfermedades como la diabetes de tipo 2 o una o m\u00e1s enfermedades cardiovasculares.<\/p>\n<p>\u00c9sas son las recomendaciones de los Institutos Nacionales de Salud y la Sociedad Americana de Cirug\u00eda Bari\u00e1trica y Metab\u00f3lica (ASMBS).<\/p>\n<p>Los m\u00e9dicos bari\u00e1tricos consideran que las personas con un IMC elevado padecen obesidad m\u00f3rbida. Esto significa que tienen al menos cien libras de sobrepeso.<\/p>\n<p>Los pacientes con \u00edndices de masa corporal en la franja de obesidad m\u00f3rbida son los m\u00e1s expuestos a problemas m\u00e9dicos relacionados con el peso y a una muerte prematura.<\/p>\n<p>La escala del IMC es la siguiente.<\/p>\n<p>18,5 &#8211; Bajo peso<\/p>\n<p>18,5 a 24,9 &#8211; Normal<\/p>\n<p>25 a 29,9 &#8211; Sobrepeso<\/p>\n<p>30 o m\u00e1s &#8211; Obeso<\/p>\n<p>40 o m\u00e1s &#8211; Obesidad grave<\/p>\n<p>Los m\u00e9dicos bari\u00e1tricos han utilizado el IMC durante muchos a\u00f1os para determinar los mejores candidatos para la cirug\u00eda de p\u00e9rdida de peso.<\/p>\n<p>Estas cifras est\u00e1n cambiando a medida que los m\u00e9dicos conocen mejor la obesidad y las reacciones de los pacientes obesos a los efectos de la cirug\u00eda bari\u00e1trica.<\/p>\n<p>Recientemente, muchos m\u00e9dicos bari\u00e1tricos abogan por la cirug\u00eda de bajo IMC. Es decir, quieren que m\u00e1s pacientes tengan acceso a procedimientos bari\u00e1tricos como la reconocida manga g\u00e1strica.<\/p>\n\t\t\t\t<img loading=\"lazy\" decoding=\"async\" src=\"https:\/\/healthylifebariatrics.com\/wp-content\/uploads\/2023\/05\/Captura-de-pantalla-2023-05-09-a-las-11.31.06-a.-m.png\" alt=\"Arm weight loss candidates.\" itemprop=\"image\" height=\"432\" width=\"1179\" title=\"Arm weight loss candidates.\" onerror=\"this.style.display='none'\"  \/>\n<h2>\n\t\t\u00bfQu\u00e9 es la cirug\u00eda de bajo IMC?\n\t<\/h2>\n\t\t\t\t<img loading=\"lazy\" decoding=\"async\" src=\"https:\/\/healthylifebariatrics.com\/wp-content\/uploads\/2022\/03\/Low-BMI-Surgery-in-Los-Angeles-CA.jpg\" alt=\"Low BMI Surgery Los Angeles\" itemprop=\"image\" height=\"566\" width=\"850\" title=\"Low BMI Surgery Los Angeles\" onerror=\"this.style.display='none'\"  \/>\n\t<p>Los avances en los conocimientos y la tecnolog\u00eda bari\u00e1trica han hecho que las cirug\u00edas de p\u00e9rdida de peso sean m\u00e1s seguras y eficaces que nunca.<\/p>\n<p>Los cirujanos ya no realizan las intervenciones abriendo la cavidad corporal del paciente.<\/p>\n<p>En cambio, hoy en d\u00eda se realizan m\u00e1s cirug\u00edas por laparoscopia. Estos procedimientos requieren peque\u00f1as incisiones y el uso de herramientas telesc\u00f3picas que permiten al cirujano realizar la operaci\u00f3n de forma rob\u00f3tica, con extrema precisi\u00f3n y con menos riesgos.<\/p>\n<p>La cirug\u00eda bari\u00e1trica no s\u00f3lo es segura, sino que entendemos la obesidad un poco mejor. Por ejemplo, la Sociedad Americana de Cirug\u00eda Metab\u00f3lica y Bari\u00e1trica ha cambiado recientemente su postura con respecto a la cirug\u00eda de bajo IMC.<\/p>\n<p>La agencia sopes\u00f3 los riesgos de una intervenci\u00f3n quir\u00fargica como la manga g\u00e1strica y los compar\u00f3 con los riesgos asociados a la obesidad.<\/p>\n<p>La conclusi\u00f3n fue que la cirug\u00eda bari\u00e1trica era la que mejor proteg\u00eda la salud de los pacientes que perd\u00edan peso.<\/p>\n<p>La ASMB considera que las personas con un IMC comprendido entre 30 y 34,9 padecen obesidad de clase 1.<\/p>\n<p>Estas clasificaciones de la obesidad son las siguientes.<\/p>\n<p>30 a 34,9 Obesidad de clase 1 (riesgo bajo)<\/p>\n<p>35 a 39,9 Obesidad de clase 2 (riesgo moderado)<\/p>\n<p>M\u00e1s de 40 Obesidad de clase 3 (alto riesgo)<\/p>\n<p>En 2012, la agencia revis\u00f3 sus declaraciones sobre el papel de la cirug\u00eda bari\u00e1trica en pacientes de clase 1.<\/p>\n<p>El cambio de postura se produjo despu\u00e9s de que un grupo de m\u00e9dicos, pacientes, miembros de la sociedad, legisladores y otras personas preguntaran a la agencia sobre la seguridad y el papel de la cirug\u00eda bari\u00e1trica en la protecci\u00f3n de la salud de las personas con IMC en el rango inferior de obesidad.<\/p>\n<p>La agencia dijo que hab\u00eda formulado sus recomendaciones tras un examen sistem\u00e1tico de la literatura cient\u00edfica revisada por expertos, opiniones de expertos y otras fuentes bien informadas.<\/p>\n\t\t\t\t<a href=\"tel:+1-310-807-1735\" target=\"_self\" itemprop=\"url\" rel=\"noopener\">\n\t\t\t\t<img loading=\"lazy\" decoding=\"async\" src=\"https:\/\/healthylifebariatrics.com\/wp-content\/uploads\/2023\/05\/Captura-de-pantalla-2.webp\" alt=\"A woman in a business suit is holding a headset.\" itemprop=\"image\" height=\"185\" width=\"650\" title=\"A woman in a business suit is holding a headset.\" onerror=\"this.style.display='none'\"  \/>\n\t\t\t\t<\/a>\n\t<h2>\u00bfCu\u00e1l es el \u00edndice de masa corporal (IMC) m\u00e1s bajo para la cirug\u00eda bari\u00e1trica?<\/h2>\n<p>Los NIH y la ASMBS consideran ahora que procedimientos como la cirug\u00eda de manga g\u00e1strica y el bypass g\u00e1strico deber\u00edan estar disponibles para las personas con un IMC comprendido entre 30 y 35.<\/p>\n<p>Se trata de una buena noticia para cualquier persona con obesidad leve a la que le resulte dif\u00edcil perder peso, pero que anteriormente no cumpl\u00eda los requisitos para someterse a una cirug\u00eda de adelgazamiento.<\/p>\n<p>La investigaci\u00f3n respalda este importante cambio de pol\u00edtica.<\/p>\n<p>Los resultados de un estudio aleatorizado publicado en JAMA surgery por cient\u00edficos de la Universidad de Michigan, el Henry Ford Health System y la Wayne State University revelaron que las probabilidades de que los pacientes sometidos a cirug\u00eda bari\u00e1trica alcanzaran un IMC inferior a 30 en los doce meses siguientes a la intervenci\u00f3n eran mucho mayores en el caso de los que se operaron cuando a\u00fan se encontraban por debajo de 40, lo que los calificaba de obesos m\u00f3rbidos.<\/p>\n<p>La otra cara de la moneda mostraba que s\u00f3lo el 9% de los que ten\u00edan un IMC de cincuenta o m\u00e1s consegu\u00edan bajar de 30 en el seguimiento de un a\u00f1o.<\/p>\n<p>Los resultados son claros.<\/p>\n<p>Los pacientes con un IMC m\u00e1s bajo tienen m\u00e1s probabilidades de escapar a las dolencias relacionadas con la obesidad y, por tanto, se beneficiar\u00edan de la cirug\u00eda de p\u00e9rdida de peso.<\/p>\n<p>Los pacientes con un IMC m\u00e1s bajo tambi\u00e9n eran m\u00e1s propensos a experimentar una remisi\u00f3n de la diabetes y a dejar de tomar medicamentos para la presi\u00f3n arterial, la glucemia y el colesterol tras la intervenci\u00f3n bari\u00e1trica.<\/p>\n<p>Con unos resultados metab\u00f3licos tan mejorados, los pacientes con un IMC bajo son tan merecedores de tratamiento m\u00e9dico como los que padecen obesidad grave.<\/p>\n<h2>\u00bfLe cuesta perder peso de forma convencional?<\/h2>\n\t\t\t\t<img loading=\"lazy\" decoding=\"async\" src=\"https:\/\/healthylifebariatrics.com\/wp-content\/uploads\/2022\/03\/overweight-Los-Angeles-CA.jpg\" alt=\"Low BMI Surgery Los Angeles\" itemprop=\"image\" height=\"586\" width=\"850\" title=\"Low BMI Surgery Los Angeles\" onerror=\"this.style.display='none'\"  \/>\n\t<p>Cuando se padece sobrepeso u obesidad, las hormonas fluct\u00faan. Por lo tanto, se desarrolla el s\u00edndrome metab\u00f3lico, que dificulta la quema de grasas.<\/p>\n<p>Incluso si lo hace todo correctamente, como comer comidas peque\u00f1as y nutritivas, y hacer el ejercicio previsto, el peso seguir\u00e1 sin ceder.<\/p>\n<p>Los procedimientos de bajo IMC permiten ahora que un mayor n\u00famero de personas consigan por s\u00ed mismas los beneficios para la salud de la cirug\u00eda bari\u00e1trica.<\/p>\n<h2>\u00bfQu\u00e9 es el s\u00edndrome metab\u00f3lico?<\/h2>\n<p>El s\u00edndrome metab\u00f3lico representa una serie de dolencias que pueden aparecer cuando se padece sobrepeso y obesidad.<\/p>\n<p>Entre las enfermedades que engloba se encuentran la hiperglucemia, la hipertensi\u00f3n arterial y los niveles anormales de colesterol.<\/p>\n<p>El s\u00edndrome metab\u00f3lico aumenta el riesgo de sufrir infartos de miocardio y accidentes cerebrovasculares.<\/p>\n<h2>\u00bfC\u00f3mo tratar el s\u00edndrome metab\u00f3lico?<\/h2>\n<p>La cirug\u00eda bari\u00e1trica o metab\u00f3lica, como la gastrectom\u00eda en manga laparosc\u00f3pica (manga g\u00e1strica) y el bypass g\u00e1strico en Y de Roux, han demostrado ser tratamientos eficaces para muchos de los s\u00edntomas asociados al s\u00edndrome metab\u00f3lico.<\/p>\n<p>El procedimiento adecuado puede tratar simult\u00e1neamente la obesidad, la hiperglucemia, la hipertensi\u00f3n, la hipercolesterolemia, la diabetes y la apnea del sue\u00f1o.<\/p>\n\t\t\t\t<a href=\"tel:+1-310-807-1735\" target=\"_self\" itemprop=\"url\" rel=\"noopener\">\n\t\t\t\t<img loading=\"lazy\" decoding=\"async\" src=\"https:\/\/healthylifebariatrics.com\/wp-content\/uploads\/2023\/05\/Captura-de-pantalla-2.webp\" alt=\"A woman in a business suit is holding a headset.\" itemprop=\"image\" height=\"185\" width=\"650\" title=\"A woman in a business suit is holding a headset.\" onerror=\"this.style.display='none'\"  \/>\n\t\t\t\t<\/a>\n\t<h2>\u00bfLe dijeron anteriormente que no cumpl\u00eda los requisitos para someterse a una cirug\u00eda bari\u00e1trica? Usted podr\u00eda ser candidato a una intervenci\u00f3n quir\u00fargica.<\/h2>\n<p>La reducci\u00f3n del umbral de IMC de la cirug\u00eda bari\u00e1trica deber\u00eda ser una buena noticia para cualquier persona en el rango de obesidad de bajo riesgo.<\/p>\n<p>\u00bfSe ha retirado alguna vez de una operaci\u00f3n porque su IMC era demasiado bajo? Es posible que pueda operarse con estos cambios normativos.<\/p>\n<p>Antes, los pacientes ten\u00edan que aumentar su IMC para poder operarse. Los pon\u00eda a\u00fan m\u00e1s en peligro.<\/p>\n<p>Al cumplir las directrices sobre obesidad impuestas por los NIH, la cirug\u00eda para pacientes con IMC elevado ten\u00eda m\u00e1s probabilidades de ser cubierta por las aseguradoras.<\/p>\n<p>Ahora, incluso los pacientes con IMC en los rangos m\u00e1s bajos pueden tener cubiertos sus procedimientos a medida que las aseguradoras de salud se dan cuenta de los sorprendentes efectos de la cirug\u00eda de p\u00e9rdida de peso en aquellos con obesidad leve.<\/p>\n<h2>Las compa\u00f1\u00edas de seguros y la cirug\u00eda de bajo IMC<\/h2>\n\t\t\t\t<img loading=\"lazy\" decoding=\"async\" src=\"https:\/\/healthylifebariatrics.com\/wp-content\/uploads\/2022\/03\/Insurance-Companies-and-Low-BMI-Surgery-Los-Angeles.jpg\" alt=\"Low BMI Surgery Los Angeles, CA\" itemprop=\"image\" height=\"680\" width=\"850\" title=\"Low BMI Surgery Los Angeles, CA\" onerror=\"this.style.display='none'\"  \/>\n\t<p>La cirug\u00eda bari\u00e1trica puede costar miles de d\u00f3lares, pero existen seguros que ayudan a cubrir algunos o todos los gastos.<\/p>\n<p>La buena noticia es que muchas compa\u00f1\u00edas de seguros m\u00e9dicos se est\u00e1n dando cuenta de la necesidad m\u00e9dica de la cirug\u00eda de bajo IMC. Eso se debe a que las aseguradoras m\u00e9dicas siguen las directrices de los NIH.<\/p>\n<p>Tras el restablecimiento de los nuevos par\u00e1metros de IMC, puede esperar que su aseguradora sanitaria adopte una pol\u00edtica similar.<\/p>\n<p>Consulte su p\u00f3liza individual para determinar si cubre la cirug\u00eda bari\u00e1trica. Busque el umbral de IMC que debe alcanzar para someterse a una intervenci\u00f3n quir\u00fargica.<\/p>\n<h2>\u00ab\u00bfPuedo someterme a una cirug\u00eda de p\u00e9rdida de peso con un IMC de 30 a 35?\u00bb<\/h2>\n<p>Si alguna vez se ha hecho esta pregunta, la respuesta es s\u00ed. Ahora puede someterse a una cirug\u00eda bari\u00e1trica, aunque tenga un IMC bajo.<\/p>\n<p>Si se encuentra en el rango de bajo riesgo de obesidad y cree que la cirug\u00eda bari\u00e1trica podr\u00eda ser adecuada para usted, es hora de que descubra por s\u00ed mismo los beneficios de estos procedimientos que salvan vidas.<\/p>\n<p>Las opciones de tratamiento quir\u00fargico recomendadas para pacientes con un IMC bajo para perder peso con \u00e9xito incluyen la gastrectom\u00eda en manga laparosc\u00f3pica (manga g\u00e1strica), la operaci\u00f3n de bypass g\u00e1strico y la banda g\u00e1strica.<\/p>\n\t\t\t\t<a href=\"tel:+1-310-807-1735\" target=\"_self\" itemprop=\"url\" rel=\"noopener\">\n\t\t\t\t<img loading=\"lazy\" decoding=\"async\" src=\"https:\/\/healthylifebariatrics.com\/wp-content\/uploads\/2023\/05\/Captura-de-pantalla-2.webp\" alt=\"A woman in a business suit is holding a headset.\" itemprop=\"image\" height=\"185\" width=\"650\" title=\"A woman in a business suit is holding a headset.\" onerror=\"this.style.display='none'\"  \/>\n\t\t\t\t<\/a>\n\t<p>Llame a Healthy Life Bariatrics para programar una consulta sin compromiso con el cirujano bari\u00e1trico certificado Dr. Babak Moeinolmolki. Durante su reuni\u00f3n, puede preguntar sobre la cirug\u00eda de bajo IMC para perder peso con \u00e9xito. Tambi\u00e9n puedes preguntar por los riesgos que conlleva e informarte sobre seguros y financiaci\u00f3n. El procedimiento adecuado podr\u00eda cambiar su vida a mejor. Marque ahora para tener una consulta: <a href=\"tel:+1-310-881-8260\">310-881-8260<\/a>.<\/p>\n\n","protected":false},"excerpt":{"rendered":"<p>Cirug\u00eda de bajo IMC &#8211; Procedimientos bari\u00e1tricos para pacientes con IMC de 30-35 kg\/m2 La cirug\u00eda bari\u00e1trica es una estrategia terap\u00e9utica m\u00e9dica para perder peso que tambi\u00e9n aporta a los pacientes importantes beneficios para la salud. Hasta hace poco, estos procedimientos de p\u00e9rdida de peso se reservaban a las personas con \u00edndices de masa corporal [&hellip;]<\/p>\n","protected":false},"author":20,"featured_media":36682,"parent":36757,"menu_order":0,"comment_status":"closed","ping_status":"closed","template":"","meta":{"footnotes":""},"class_list":["post-36777","page","type-page","status-publish","has-post-thumbnail","hentry"],"_links":{"self":[{"href":"https:\/\/healthylifebariatrics.com\/es\/wp-json\/wp\/v2\/pages\/36777","targetHints":{"allow":["GET"]}}],"collection":[{"href":"https:\/\/healthylifebariatrics.com\/es\/wp-json\/wp\/v2\/pages"}],"about":[{"href":"https:\/\/healthylifebariatrics.com\/es\/wp-json\/wp\/v2\/types\/page"}],"author":[{"embeddable":true,"href":"https:\/\/healthylifebariatrics.com\/es\/wp-json\/wp\/v2\/users\/20"}],"replies":[{"embeddable":true,"href":"https:\/\/healthylifebariatrics.com\/es\/wp-json\/wp\/v2\/comments?post=36777"}],"version-history":[{"count":2,"href":"https:\/\/healthylifebariatrics.com\/es\/wp-json\/wp\/v2\/pages\/36777\/revisions"}],"predecessor-version":[{"id":42804,"href":"https:\/\/healthylifebariatrics.com\/es\/wp-json\/wp\/v2\/pages\/36777\/revisions\/42804"}],"up":[{"embeddable":true,"href":"https:\/\/healthylifebariatrics.com\/es\/wp-json\/wp\/v2\/pages\/36757"}],"wp:featuredmedia":[{"embeddable":true,"href":"https:\/\/healthylifebariatrics.com\/es\/wp-json\/wp\/v2\/media\/36682"}],"wp:attachment":[{"href":"https:\/\/healthylifebariatrics.com\/es\/wp-json\/wp\/v2\/media?parent=36777"}],"curies":[{"name":"wp","href":"https:\/\/api.w.org\/{rel}","templated":true}]}}