{"id":36776,"date":"2023-05-12T19:46:23","date_gmt":"2023-05-12T19:46:23","guid":{"rendered":"https:\/\/healthylifebariatrics.com\/servicios\/despues-de-la-cirugia-bariatrica\/"},"modified":"2024-09-10T22:08:05","modified_gmt":"2024-09-10T22:08:05","slug":"despues-de-la-cirugia-bariatrica","status":"publish","type":"page","link":"https:\/\/healthylifebariatrics.com\/es\/servicios\/despues-de-la-cirugia-bariatrica\/","title":{"rendered":"Cirug\u00eda post-bari\u00e1trica"},"content":{"rendered":"\n<h1>\n\t\tOpciones de Cirug\u00eda Post-Bari\u00e1trica de P\u00e9rdida de Peso para Pacientes en Los Angeles, CA\n\t<\/h1>\n\n\t<h2>Especialista en Cirug\u00eda Post-Bari\u00e1trica<\/h2>\n<p>Muchos pacientes en toda la zona de Los \u00c1ngeles, incluyendo Glendale y Encino, tienen preguntas y preocupaciones acerca de la atenci\u00f3n posterior a la cirug\u00eda bari\u00e1trica. En Healthy Life Bariatrics, el Dr. Babak Moeinolmolki entiende la importancia de la atenci\u00f3n post-bari\u00e1trica. La cirug\u00eda es s\u00f3lo el primer paso en la nueva vida de un paciente, y la atenci\u00f3n continua es fundamental para el \u00e9xito permanente.<\/p>\n\t<h2>Preguntas y respuestas tras la cirug\u00eda bari\u00e1trica<\/h2>\n<h2>\u00bfReciben los pacientes orientaci\u00f3n nutricional despu\u00e9s de la cirug\u00eda?<\/h2>\n<p>Educar a los pacientes es fundamental para el \u00e9xito a largo plazo de cualquier procedimiento bari\u00e1trico. Pocas cosas son m\u00e1s importantes que establecer y mantener h\u00e1bitos nutricionales positivos despu\u00e9s de una cirug\u00eda bari\u00e1trica. En las primeras semanas tras la intervenci\u00f3n, los pacientes reciben un plan de nutrici\u00f3n personalizado que deben seguir. Muchos pacientes comienzan con una dieta l\u00edquida durante el proceso de cicatrizaci\u00f3n, para pasar despu\u00e9s a alimentos blandos. Con el tiempo, los pacientes pasan a consumir alimentos normales, aunque en cantidades limitadas. Tambi\u00e9n es importante que los pacientes consuman l\u00edquidos saludables a lo largo del d\u00eda, lo que favorece el proceso de curaci\u00f3n.<\/p>\n\t\t\t\t<img loading=\"lazy\" decoding=\"async\" src=\"https:\/\/healthylifebariatrics.com\/wp-content\/uploads\/2019\/04\/surgery.jpg\" alt=\"Post-Bariatric Surgery Los Angeles\" itemprop=\"image\" height=\"501\" width=\"750\" title=\"Post-Bariatric Surgery Los Angeles\" onerror=\"this.style.display='none'\"  \/>\n\t<h2>\u00bfEs importante tomar suplementos despu\u00e9s de la cirug\u00eda bari\u00e1trica?<\/h2>\n<p>Dado que los pacientes consumen menos alimentos despu\u00e9s de una intervenci\u00f3n bari\u00e1trica, a menudo se recomiendan suplementos. Consumir menos calor\u00edas limita la capacidad de una persona para ingerir suficientes vitaminas y minerales, incluso cuando se eligen alimentos sanos. La suplementaci\u00f3n ayuda a garantizar que los pacientes reciban los niveles adecuados de vitamina B12, hierro, vitamina D y calcio. Disponer de un equilibrio adecuado de vitaminas y minerales es fundamental para el proceso de curaci\u00f3n y tiene muchos otros beneficios para la salud. En muchos casos, aconsejamos a los pacientes que tomen un multivitam\u00ednico diario de alta calidad.<\/p>\n\t\t\t\t<a href=\"tel:+1-310-807-1735\" target=\"_self\" itemprop=\"url\" rel=\"noopener\">\n\t\t\t\t<img loading=\"lazy\" decoding=\"async\" src=\"https:\/\/healthylifebariatrics.com\/wp-content\/uploads\/2023\/05\/Captura-de-pantalla-2.webp\" alt=\"A woman in a business suit is holding a headset.\" itemprop=\"image\" height=\"185\" width=\"650\" title=\"A woman in a business suit is holding a headset.\" onerror=\"this.style.display='none'\"  \/>\n\t\t\t\t<\/a>\n\t<h2>\u00bfCu\u00e1l es el papel del contorno corporal tras las intervenciones bari\u00e1tricas?<\/h2>\n<p>Cuando la cirug\u00eda bari\u00e1trica tiene \u00e9xito, los pacientes son capaces de progresar positivamente hacia sus objetivos de p\u00e9rdida de peso. Esto puede mejorar la salud y aumentar la motivaci\u00f3n y la energ\u00eda. Desgraciadamente, al perder peso, muchos pacientes no est\u00e1n satisfechos con el exceso de piel que queda. El contorno corporal ofrece una serie de soluciones que pueden ayudar a los pacientes a remodelar su cuerpo y su vida. No hay dos tratamientos de remodelaci\u00f3n corporal exactamente iguales, ya que cada paciente tiene sus propias necesidades a la hora de abordar las secuelas de la p\u00e9rdida de peso. Los pacientes pueden esperar recibir un enfoque personalizado adaptado a sus objetivos espec\u00edficos para despu\u00e9s de la cirug\u00eda bari\u00e1trica.<\/p>\n\n","protected":false},"excerpt":{"rendered":"<p>Opciones de Cirug\u00eda Post-Bari\u00e1trica de P\u00e9rdida de Peso para Pacientes en Los Angeles, CA Especialista en Cirug\u00eda Post-Bari\u00e1trica Muchos pacientes en toda la zona de Los \u00c1ngeles, incluyendo Glendale y Encino, tienen preguntas y preocupaciones acerca de la atenci\u00f3n posterior a la cirug\u00eda bari\u00e1trica. En Healthy Life Bariatrics, el Dr. Babak Moeinolmolki entiende la importancia [&hellip;]<\/p>\n","protected":false},"author":20,"featured_media":36712,"parent":36757,"menu_order":0,"comment_status":"closed","ping_status":"closed","template":"","meta":{"footnotes":""},"class_list":["post-36776","page","type-page","status-publish","has-post-thumbnail","hentry"],"_links":{"self":[{"href":"https:\/\/healthylifebariatrics.com\/es\/wp-json\/wp\/v2\/pages\/36776","targetHints":{"allow":["GET"]}}],"collection":[{"href":"https:\/\/healthylifebariatrics.com\/es\/wp-json\/wp\/v2\/pages"}],"about":[{"href":"https:\/\/healthylifebariatrics.com\/es\/wp-json\/wp\/v2\/types\/page"}],"author":[{"embeddable":true,"href":"https:\/\/healthylifebariatrics.com\/es\/wp-json\/wp\/v2\/users\/20"}],"replies":[{"embeddable":true,"href":"https:\/\/healthylifebariatrics.com\/es\/wp-json\/wp\/v2\/comments?post=36776"}],"version-history":[{"count":3,"href":"https:\/\/healthylifebariatrics.com\/es\/wp-json\/wp\/v2\/pages\/36776\/revisions"}],"predecessor-version":[{"id":42890,"href":"https:\/\/healthylifebariatrics.com\/es\/wp-json\/wp\/v2\/pages\/36776\/revisions\/42890"}],"up":[{"embeddable":true,"href":"https:\/\/healthylifebariatrics.com\/es\/wp-json\/wp\/v2\/pages\/36757"}],"wp:featuredmedia":[{"embeddable":true,"href":"https:\/\/healthylifebariatrics.com\/es\/wp-json\/wp\/v2\/media\/36712"}],"wp:attachment":[{"href":"https:\/\/healthylifebariatrics.com\/es\/wp-json\/wp\/v2\/media?parent=36776"}],"curies":[{"name":"wp","href":"https:\/\/api.w.org\/{rel}","templated":true}]}}