{"id":36774,"date":"2023-05-15T14:53:05","date_gmt":"2023-05-15T14:53:05","guid":{"rendered":"https:\/\/healthylifebariatrics.com\/servicios\/cirugia-general\/"},"modified":"2024-07-06T23:39:55","modified_gmt":"2024-07-06T23:39:55","slug":"cirugia-general","status":"publish","type":"page","link":"https:\/\/healthylifebariatrics.com\/es\/servicios\/cirugia-general\/","title":{"rendered":"Cirug\u00eda general"},"content":{"rendered":"\r\n<h1>Cirug\u00eda general de hernias, ves\u00edcula biliar, colecistitis y ERGE<\/h1>\r\n\r\n<p>Adem\u00e1s de ser su hogar para la cirug\u00eda bari\u00e1trica y contorno corporal post-bari\u00e1trica, Healthy Life Bariatrics es tambi\u00e9n el hogar de varios procedimientos quir\u00fargicos generales.<\/p>\r\n<p>El Dr. Babak Moeinolmolki est\u00e1 altamente capacitado en el uso seguro y eficaz de las t\u00e9cnicas quir\u00fargicas m\u00e1s avanzadas de la actualidad, incluida la t\u00e9cnica laparosc\u00f3pica. El Dr. Moein realiza muchas de las cirug\u00edas de HLB por v\u00eda laparosc\u00f3pica. Este m\u00e9todo quir\u00fargico m\u00ednimamente invasivo permite realizar peque\u00f1as incisiones, limitar el tiempo de inactividad y reducir los riesgos.<\/p>\r\n<h2><b>\u00bfC\u00f3mo se realizan las intervenciones laparosc\u00f3picas?<\/b><\/h2>\r\n<p>La cirug\u00eda laparosc\u00f3pica a veces tambi\u00e9n se denomina \u00abcirug\u00eda del ojo de la cerradura\u00bb. La t\u00e9cnica requiere tres o cuatro incisiones en la zona de tratamiento o cerca de ella. Las incisiones miden menos de un cent\u00edmetro y funcionan como aberturas para una c\u00e1mara serpentina y las herramientas asociadas.<\/p>\r\n<p>La c\u00e1mara se denomina laparoscopio, que el Dr. Moein utiliza para proyectar im\u00e1genes en un monitor situado cerca. El Dr. Moein utiliza la c\u00e1mara para ver el interior de su abdomen. Antes de la creaci\u00f3n de este tipo de cirug\u00eda, los cirujanos ten\u00edan que abrir toda la cavidad corporal para trabajar en los \u00f3rganos del interior. La cirug\u00eda laparosc\u00f3pica permite una intervenci\u00f3n m\u00e1s segura y c\u00f3moda. La recuperaci\u00f3n es m\u00e1s r\u00e1pida, las cicatrices curan discretamente y volver\u00e1 a su rutina habitual en cuesti\u00f3n de semanas (o menos).<\/p>\r\n<h2><b>\u00bfQu\u00e9 cirug\u00eda general necesita?<\/b><\/h2>\r\n<p>El Dr. Moeinolmolki practica habitualmente diversas t\u00e9cnicas de cirug\u00eda general. La mayor\u00eda se centran en el tratamiento de enfermedades y lesiones de las gl\u00e1ndulas del sistema endocrino y del aparato digestivo.<\/p>\r\n<ul>\r\n<li aria-level=\"1\">\r\n<h3><b>Cirug\u00eda de la ves\u00edcula biliar (colecistectom\u00eda)<\/b><\/h3>\r\n<\/li>\r\n<\/ul>\r\n<p>Esta intervenci\u00f3n quir\u00fargica incre\u00edblemente frecuente consiste en la extirpaci\u00f3n de la ves\u00edcula biliar. La ves\u00edcula biliar es un peque\u00f1o \u00f3rgano situado en el lado derecho del abdomen. Almacena la bilis, que es un l\u00edquido producido por el h\u00edgado que descompone los alimentos grasos. Su cuerpo no necesita por completo la ves\u00edcula biliar, por lo que recomendamos la cirug\u00eda si le da problemas.<\/p>\r\n<p>Adem\u00e1s de realizar la colecistectom\u00eda, el Dr. Moeinolmolki puede diagnosticar problemas de ves\u00edcula biliar, cuyos s\u00edntomas habituales son ictericia y dolor intenso de barriga.<\/p>\r\n<ul>\r\n<li aria-level=\"1\">\r\n<h3><b>Colecistitis cr\u00f3nica\/colecistitis liti\u00e1sica <\/b><\/h3>\r\n<\/li>\r\n<\/ul>\r\n<p>La colecistitis cr\u00f3nica es la inflamaci\u00f3n e irritaci\u00f3n de la ves\u00edcula biliar que progresa con el tiempo.<\/p>\r\n<p>La colecistitis acalculosa se caracteriza por una enfermedad inflamatoria de la ves\u00edcula biliar sin evidencia de obstrucci\u00f3n del conducto c\u00edstico ni c\u00e1lculos biliares.<\/p>\r\n<p>El Dr. Moeinolmolki est\u00e1 especializado en t\u00e9cnicas quir\u00fargicas para extirpar la ves\u00edcula biliar y\/o tratar estas enfermedades para mejorar dr\u00e1sticamente su calidad de vida.<\/p>\r\n<ul>\r\n<li aria-level=\"1\">\r\n<h3><b>Colecistitis aguda <\/b><\/h3>\r\n<\/li>\r\n<\/ul>\r\n<p>La colecistitis aguda es una inflamaci\u00f3n de la ves\u00edcula biliar. Esto suele ocurrir porque los c\u00e1lculos biliares obstruyen el conducto c\u00edstico. Los c\u00e1lculos biliares son peque\u00f1as rocas de colesterol que se forman en la ves\u00edcula biliar. El conducto c\u00edstico es el orificio primario de la ves\u00edcula biliar.<\/p>\r\n<p>El Dr. Moein puede diagnosticar el origen de los c\u00e1lculos biliares, eliminar obstrucciones biliares y tratar la colecistitis aguda con las t\u00e9cnicas quir\u00fargicas m\u00e1s modernas.<\/p>\r\n<ul>\r\n<li aria-level=\"1\">\r\n<h3><b>Dolor de c\u00e1lculos biliares<\/b><\/h3>\r\n<\/li>\r\n<\/ul>\r\n<p><img loading=\"lazy\" decoding=\"async\" title=\"General Surgery\" src=\"https:\/\/healthylifebariatrics.com\/wp-content\/uploads\/2019\/05\/1.jpg\" alt=\"Gallbladder Pain\" width=\"884\" height=\"589\" \/><\/p>\r\n<p>Los c\u00e1lculos biliares pueden aparecer cuando los dep\u00f3sitos de l\u00edquido digestivo se endurecen y se forman en la vejiga. Los c\u00e1lculos biliares pueden ser tan min\u00fasculos como un grano de arena o tan grandes como una pelota de ping pong. Puede formarse un solo c\u00e1lculo biliar o varios.<\/p>\r\n<p>El tratamiento recomendado para los problemas de c\u00e1lculos biliares es la cirug\u00eda de extirpaci\u00f3n de la ves\u00edcula biliar.<\/p>\r\n<ul>\r\n<li aria-level=\"1\">\r\n<h3><b>Cirugia de hernia<\/b><\/h3>\r\n<\/li>\r\n<\/ul>\r\n<p>Una hernia se produce cuando un \u00f3rgano o tejido graso atraviesa un punto debilitado de la pared muscular abdominal.<\/p>\r\n<p>Durante el procedimiento, el Dr. Moein corrige la hernia localizando, corrigiendo y reforzando la pared abdominal, evitando as\u00ed que se produzcan futuras hernias. La cirug\u00eda de hernia es segura, r\u00e1pida y la mayor\u00eda de los pacientes regresan a casa pocas horas despu\u00e9s de la intervenci\u00f3n.<\/p>\r\n<ul>\r\n<li aria-level=\"1\">\r\n<h3><b>Hernia inguinal <\/b><\/h3>\r\n<\/li>\r\n<\/ul>\r\n<p>Una hernia inguinal se produce cuando una porci\u00f3n del intestino asoma por un punto d\u00e9bil de los m\u00fasculos abdominales. La mayor\u00eda de los pacientes que sufren hernias inguinales buscan tratamiento por primera vez debido al dolor abdominal. Las molestias asociadas a esta afecci\u00f3n son m\u00e1s evidentes al levantar objetos pesados, agacharse y toser. Sin embargo, algunos pacientes nunca experimentan dolor. Aunque una operaci\u00f3n de hernia inguinal no es peligrosa, la recomendamos para prevenir futuros problemas.<\/p>\r\n<p>La cirug\u00eda es rutinaria y le permitir\u00e1 volver a su rutina habitual en cuesti\u00f3n de semanas.<\/p>\r\n<ul>\r\n<li aria-level=\"1\">\r\n<h3><b>hernia ventral <\/b><\/h3>\r\n<\/li>\r\n<\/ul>\r\n<p>Esta hernia se caracteriza por producirse a lo largo de la l\u00ednea media de la pared abdominal. Los s\u00edntomas pueden incluir dolor abdominal, sobre todo al hacer esfuerzos. El tratamiento implica la cirug\u00eda de la hernia, que realizamos en Healthy Life Bariatrics, nuestro centro quir\u00fargico certificado.<\/p>\r\n<ul>\r\n<li aria-level=\"1\">\r\n<h3><b>Hernia epig\u00e1strica <\/b><\/h3>\r\n<\/li>\r\n<\/ul>\r\n<p>Esta hernia est\u00e1 causada por un punto debilitado en la pared abdominal, justo encima del ombligo y debajo del estern\u00f3n. Esta afecci\u00f3n es frecuente en ni\u00f1os y adultos. No suele haber s\u00edntomas asociados a una hernia epig\u00e1strica, pero la afecci\u00f3n no desaparece por s\u00ed sola. Las complicaciones acabar\u00e1n conduciendo a la cirug\u00eda de la hernia. La cirug\u00eda de la hernia epig\u00e1strica es un procedimiento frecuente con una alta tasa de resultados positivos.<\/p>\r\n<ul>\r\n<li aria-level=\"1\">\r\n<h3><b>Hernia hiatal <\/b><\/h3>\r\n<\/li>\r\n<\/ul>\r\n<p>Una hernia de hiato se produce cuando la parte superior del est\u00f3mago sobresale a trav\u00e9s del m\u00fasculo grande que separa el diafragma. El diafragma es la pared muscular que separa el abdomen del t\u00f3rax. El diafragma tiene una peque\u00f1a abertura (hiato) por donde pasa el es\u00f3fago antes de conectar con el est\u00f3mago. Una hernia de hiato se produce cuando el est\u00f3mago empuja a trav\u00e9s de esa abertura hacia el pecho.<\/p>\r\n<p>Los s\u00edntomas de una hernia de hiato pueden incluir ardor de est\u00f3mago, dolor tor\u00e1cico o abdominal y dificultad para respirar.<\/p>\r\n<p>La cirug\u00eda de hernia de hiato repara y refuerza la zona abdominal, evitando que se produzcan hernias en el futuro.<\/p>\r\n<ul>\r\n<li aria-level=\"1\">\r\n<h3><b>Hernia paraesof\u00e1gica <\/b><\/h3>\r\n<\/li>\r\n<\/ul>\r\n<p>Una hernia paraesof\u00e1gica se produce cuando la parte inferior del es\u00f3fago, el est\u00f3mago u otros \u00f3rganos sobresalen a trav\u00e9s del hiato hacia el abdomen.<\/p>\r\n<p>Realizamos la mayor\u00eda de las cirug\u00edas paraesof\u00e1gicas por v\u00eda laparosc\u00f3pica, aunque podemos recomendar la cirug\u00eda abierta para casos graves.<\/p>\r\n<ul>\r\n<li aria-level=\"1\">\r\n<h3><b>Acidez g\u00e1strica (ERGE)<\/b><\/h3>\r\n<\/li>\r\n<\/ul>\r\n<p>La enfermedad por reflujo gastroesof\u00e1gico (ERGE) se produce cuando el \u00e1cido del est\u00f3mago vuelve al es\u00f3fago. El reflujo resultante suele denominarse reflujo \u00e1cido. Con el tiempo, la ERGE puede irritar el revestimiento del es\u00f3fago.<\/p>\r\n<p>La cirug\u00eda laparosc\u00f3pica antirreflujo consiste en el refuerzo del esf\u00ednter esof\u00e1gico inferior para evitar que se produzcan futuros episodios de acidez.<\/p>\r\n<h2><b>Cirug\u00eda general de urgencia<\/b><\/h2>\r\n<p><img loading=\"lazy\" decoding=\"async\" title=\"General Surgery in Los Angeles CA\" src=\"https:\/\/healthylifebariatrics.com\/wp-content\/uploads\/2019\/05\/General-Surgery-in-Los-Angeles-CA.jpg\" alt=\"Emergency Surgery\" width=\"850\" height=\"567\" \/><\/p>\r\n<p>El Dr. Moein presta regularmente sus conocimientos incluso en las situaciones m\u00e1s <a href=\"#\">peligrosas para la vida<\/a>.<\/p>\r\n<p>El Dr. Moein es experto en el tratamiento de todos los problemas agudos de cirug\u00eda general, incluidas las hernias, los problemas de ves\u00edcula biliar (colecistitis), la apendicitis, las infecciones cut\u00e1neas importantes y otros casos complejos que requieren un mayor nivel de atenci\u00f3n. En caso necesario, el Dr. Moein tambi\u00e9n puede realizar procedimientos a pie de cama para salvar la vida de pacientes en estado cr\u00edtico.<\/p>\r\n<p>El Dr. Moein tambi\u00e9n trabaja con tecnolog\u00eda punta en cirug\u00eda de urgencias, que incluye equipos avanzados de diagn\u00f3stico y monitorizaci\u00f3n. Adem\u00e1s, proporciona cuidados postoperatorios exhaustivos para garantizar que los pacientes cicatrizan adecuadamente tras la intervenci\u00f3n.<\/p>\r\n<h2><b>\u00bfEs usted un buen candidato para la cirug\u00eda general?<\/b><\/h2>\r\n<p>Averig\u00fce si usted es un candidato ideal para la cirug\u00eda general llamando a Healthy Life Bariatrics. El Dr. Babak Moeinolmolki es natural de Los \u00c1ngeles y cuenta con d\u00e9cadas de experiencia operando a hombres, mujeres y ni\u00f1os de todo el mundo. Adem\u00e1s de su vasta formaci\u00f3n y sus reconocimientos profesionales, el Dr. Moein extiende su t\u00e9cnica quir\u00fargica solidaria a ni\u00f1os y adultos necesitados con su trabajo voluntario.<\/p>\r\n<p>Si usted tiene un problema que requiere intervenci\u00f3n quir\u00fargica, o sospecha que lo tiene, programe una consulta con el Dr. Moein. Una reuni\u00f3n privada e individual puede darle las respuestas que busca y ponerle en camino hacia una mejor salud.<\/p>\r\n<p>Llame ahora a trav\u00e9s de Los Angeles, Encino, o Glendale, California &#8211; <a href=\"tel:+1-310-861-4093\">(310)881-8260<\/a>.<\/p>\r\n","protected":false},"excerpt":{"rendered":"<p>Cirug\u00eda general de hernias, ves\u00edcula biliar, colecistitis y ERGE Adem\u00e1s de ser su hogar para la cirug\u00eda bari\u00e1trica y contorno corporal post-bari\u00e1trica, Healthy Life Bariatrics es tambi\u00e9n el hogar de varios procedimientos quir\u00fargicos generales. El Dr. Babak Moeinolmolki est\u00e1 altamente capacitado en el uso seguro y eficaz de las t\u00e9cnicas quir\u00fargicas m\u00e1s avanzadas de la [&hellip;]<\/p>\n","protected":false},"author":20,"featured_media":36682,"parent":36757,"menu_order":0,"comment_status":"closed","ping_status":"closed","template":"","meta":{"footnotes":""},"class_list":["post-36774","page","type-page","status-publish","has-post-thumbnail","hentry"],"_links":{"self":[{"href":"https:\/\/healthylifebariatrics.com\/es\/wp-json\/wp\/v2\/pages\/36774","targetHints":{"allow":["GET"]}}],"collection":[{"href":"https:\/\/healthylifebariatrics.com\/es\/wp-json\/wp\/v2\/pages"}],"about":[{"href":"https:\/\/healthylifebariatrics.com\/es\/wp-json\/wp\/v2\/types\/page"}],"author":[{"embeddable":true,"href":"https:\/\/healthylifebariatrics.com\/es\/wp-json\/wp\/v2\/users\/20"}],"replies":[{"embeddable":true,"href":"https:\/\/healthylifebariatrics.com\/es\/wp-json\/wp\/v2\/comments?post=36774"}],"version-history":[{"count":1,"href":"https:\/\/healthylifebariatrics.com\/es\/wp-json\/wp\/v2\/pages\/36774\/revisions"}],"predecessor-version":[{"id":42153,"href":"https:\/\/healthylifebariatrics.com\/es\/wp-json\/wp\/v2\/pages\/36774\/revisions\/42153"}],"up":[{"embeddable":true,"href":"https:\/\/healthylifebariatrics.com\/es\/wp-json\/wp\/v2\/pages\/36757"}],"wp:featuredmedia":[{"embeddable":true,"href":"https:\/\/healthylifebariatrics.com\/es\/wp-json\/wp\/v2\/media\/36682"}],"wp:attachment":[{"href":"https:\/\/healthylifebariatrics.com\/es\/wp-json\/wp\/v2\/media?parent=36774"}],"curies":[{"name":"wp","href":"https:\/\/api.w.org\/{rel}","templated":true}]}}