{"id":36772,"date":"2023-05-15T12:59:32","date_gmt":"2023-05-15T12:59:32","guid":{"rendered":"https:\/\/healthylifebariatrics.com\/servicios\/cirugia-bariatrica-de-revision\/"},"modified":"2024-09-10T22:01:46","modified_gmt":"2024-09-10T22:01:46","slug":"cirugia-bariatrica-de-revision","status":"publish","type":"page","link":"https:\/\/healthylifebariatrics.com\/es\/servicios\/cirugia-bariatrica-de-revision\/","title":{"rendered":"Cirug\u00eda bari\u00e1trica de revisi\u00f3n"},"content":{"rendered":"\n<h1>\n\t\tCirug\u00eda bari\u00e1trica de revisi\u00f3n: una segunda oportunidad para llevar una vida m\u00e1s sana\n\t<\/h1>\n\n\t\t\t\t<img loading=\"lazy\" decoding=\"async\" src=\"https:\/\/healthylifebariatrics.com\/wp-content\/uploads\/2020\/11\/lose-weight-e1606158532909.jpg\" alt=\"Bariatric Revision Surgery\" itemprop=\"image\" height=\"773\" width=\"700\" title=\"lose weight\" onerror=\"this.style.display='none'\"  \/>\n\t<p>La cirug\u00eda bari\u00e1trica (p\u00e9rdida de peso) ha demostrado su eficacia para ayudar a los pacientes a eliminar el exceso de peso. En promedio, los pacientes pueden esperar perder de cuarenta a sesenta libras de su exceso de peso en un plazo de dos a\u00f1os. Los pacientes que tienen \u00e9xito con la bariatr\u00eda suelen considerar la intervenci\u00f3n como una nueva oportunidad de vida. Los kilos desaparecen, tienen m\u00e1s energ\u00eda y recuperan las ganas de vivir.<\/p>\n<p>Para un peque\u00f1o n\u00famero de pacientes, la cirug\u00eda de p\u00e9rdida de peso no produce los resultados esperados. Si esta es su situaci\u00f3n, la cirug\u00eda bari\u00e1trica de revisi\u00f3n puede darle una segunda oportunidad de perder peso a largo plazo.<\/p>\n<h2>\u00bfCu\u00e1ndo es necesaria una revisi\u00f3n bari\u00e1trica?<\/h2>\n<p>Algunos pacientes pierden peso tras la intervenci\u00f3n, pero al cabo de unos a\u00f1os la b\u00e1scula vuelve a subir. Junto con el retorno de la obesidad, estos pacientes pueden experimentar reflujo \u00e1cido o apnea del sue\u00f1o. La cirug\u00eda bari\u00e1trica de revisi\u00f3n puede ser la respuesta para vencer la obesidad y tratar las dolencias relacionadas con ella.<\/p>\n<h2>\u00bfEs frecuente la cirug\u00eda de revisi\u00f3n de p\u00e9rdida de peso?<\/h2>\n<p>Entre el 10% y el 20% de los pacientes bari\u00e1tricos recurrir\u00e1n a la cirug\u00eda de revisi\u00f3n. La mayor\u00eda de los pacientes acuden a revisi\u00f3n dos o tres a\u00f1os despu\u00e9s de la intervenci\u00f3n original.<\/p>\n\t\t\t\t<a href=\"tel:+1-310-881-8260\" target=\"_self\" itemprop=\"url\" rel=\"noopener\">\n\t\t\t\t<img loading=\"lazy\" decoding=\"async\" src=\"https:\/\/healthylifebariatrics.com\/wp-content\/uploads\/2023\/05\/Captura-de-pantalla-2023-05-15-a-las-9.04.44-a.-m.-copia.webp\" alt=\"A woman wearing a headset is holding a phone.\" itemprop=\"image\" height=\"207\" width=\"800\" title=\"A woman wearing a headset is holding a phone.\" onerror=\"this.style.display='none'\"  \/>\n\t\t\t\t<\/a>\n\t<h2>\u00bfPor qu\u00e9 algunos pacientes necesitan una revisi\u00f3n de la cirug\u00eda de p\u00e9rdida de peso?<\/h2>\n<p>Los motivos de la cirug\u00eda bari\u00e1trica de revisi\u00f3n var\u00edan mucho y pueden depender de la t\u00e9cnica original utilizada.<\/p>\n<p>Por ejemplo, la manga g\u00e1strica. Durante esta intervenci\u00f3n, el cirujano cortar\u00e1 aproximadamente el 80% del est\u00f3mago. La manga estomacal que queda le obliga a consumir menos alimentos, ayud\u00e1ndolo a bajar los kilos de manera m\u00e1s r\u00e1pida. Para algunos pacientes, la manga acaba siendo demasiado grande. Una revisi\u00f3n de la manga g\u00e1strica puede reducir el tama\u00f1o del est\u00f3mago, lo que ayuda a mantener la p\u00e9rdida de peso a largo plazo.<\/p>\n<p>La banda g\u00e1strica es un dispositivo bari\u00e1trico que se ajusta alrededor del est\u00f3mago y lo contrae. Este dispositivo puede ser propenso al deslizamiento. La cirug\u00eda de revisi\u00f3n de la banda g\u00e1strica vuelve a colocar la banda en su sitio, haci\u00e9ndola eficaz para perder peso una vez m\u00e1s.<\/p>\n<p>Estos son s\u00f3lo dos ejemplos de bariatr\u00eda revisionista. Luego est\u00e1n los pacientes que experimentan cambios en su anatom\u00eda con el paso del tiempo, que requieren reparaci\u00f3n. La recuperaci\u00f3n de peso que experimenta podr\u00eda deberse a nuevos factores estresantes en su vida o a ciertos cambios de comportamiento.<\/p>\n<p>Su motivo para optar por la cirug\u00eda de revisi\u00f3n puede variar. Puede descubrir si la cirug\u00eda de revisi\u00f3n de p\u00e9rdida de peso es adecuada para usted programando una consulta con un cirujano bari\u00e1trico cualificado.<\/p>\n<h2>La cirug\u00eda bari\u00e1trica de revisi\u00f3n no soluciona los malos h\u00e1bitos<\/h2>\n\t\t\t\t<img loading=\"lazy\" decoding=\"async\" src=\"https:\/\/healthylifebariatrics.com\/wp-content\/uploads\/2020\/11\/Bariatric-Revision-Surgery-Los-Angeles-CA.jpg\" alt=\"Bariatric Revision Surgery Is Not a Fix for Bad Habits\" itemprop=\"image\" height=\"567\" width=\"850\" title=\"Bariatric Revision Surgery- Los Angeles CA\" onerror=\"this.style.display='none'\"  \/>\n\t<p>En algunos casos, el fracaso de la cirug\u00eda bari\u00e1trica se debe a los malos h\u00e1bitos.<\/p>\n<p>Sus elecciones alimentarias pueden empeorar con el tiempo despu\u00e9s de someterse a una cirug\u00eda de p\u00e9rdida de peso. La cirug\u00eda de p\u00e9rdida de peso est\u00e1 dise\u00f1ada para animarle a comer menos y a ingerir los tipos de alimentos adecuados. Comer alimentos ricos en calor\u00edas, incluso despu\u00e9s de someterse a la bariatr\u00eda, har\u00e1 que sea dif\u00edcil mantener el peso.<\/p>\n<p>Puede que se encuentre haciendo menos ejercicio. Un estilo de vida sedentario, unido a una alimentaci\u00f3n excesiva, es la receta para la recuperaci\u00f3n del peso y el fracaso de la cirug\u00eda bari\u00e1trica.<\/p>\n<p>\u00bfLa lecci\u00f3n?<\/p>\n<p>Antes de optar por la cirug\u00eda bari\u00e1trica de revisi\u00f3n, si nota que vuelve a caer en los viejos h\u00e1bitos, intente hacer un reset. Vuelva a tomar los estribos. Elija comidas m\u00e1s peque\u00f1as. Busque alimentos m\u00e1s sanos. Haga mucho ejercicio. Si el peso sigue aumentando y sigue pensando que la operaci\u00f3n de adelgazamiento ha fracasado, puede que haya llegado el momento de solicitar una revisi\u00f3n.<\/p>\n<p>La cirug\u00eda bari\u00e1trica es s\u00f3lo una herramienta. Aun as\u00ed, debe trabajar duro para perder el exceso de peso. Su cirujano bari\u00e1trico puede ayudarle a lo largo de su viaje de p\u00e9rdida de peso.<\/p>\n<h2>\u00bfQui\u00e9n es un buen candidato para la cirug\u00eda bari\u00e1trica de revisi\u00f3n?<\/h2>\n\t\t\t\t<img loading=\"lazy\" decoding=\"async\" src=\"https:\/\/healthylifebariatrics.com\/wp-content\/uploads\/2020\/11\/pateint-e1606156990408.jpg\" alt=\"A man sitting in a chair eating a donut.\" itemprop=\"image\" height=\"800\" width=\"1200\" title=\"A man sitting in a chair eating a donut.\" onerror=\"this.style.display='none'\"  \/>\n\t<p>Los cirujanos especializados en p\u00e9rdida de peso buscan criterios espec\u00edficos a la hora de evaluar la candidatura de un paciente para una cirug\u00eda de revisi\u00f3n. Si se someti\u00f3 a un tratamiento bari\u00e1trico en el pasado y, sin embargo, su IMC ha vuelto a aumentar hasta el intervalo de 35 a 40, deber\u00eda plantearse una cirug\u00eda de revisi\u00f3n.<\/p>\n<p>Es posible que su cirujano le recomiende modificar su gastrectom\u00eda en manga (manga g\u00e1strica) o convertirla en un bypass g\u00e1strico. Independientemente de la t\u00e9cnica utilizada, la cirug\u00eda bari\u00e1trica de revisi\u00f3n puede hacer que vuelva a experimentar la p\u00e9rdida de peso que espera.<\/p>\n<h2>\u00bfCubre el seguro la cirug\u00eda bari\u00e1trica de revisi\u00f3n?<\/h2>\n<p>Los seguros m\u00e9dicos exigen distintos requisitos para la cirug\u00eda de revisi\u00f3n. Las aseguradoras suelen cubrir las revisiones bari\u00e1tricas si implican una recuperaci\u00f3n de peso tras la banda g\u00e1strica, la gastrectom\u00eda en manga o el bypass g\u00e1strico. Consulte su p\u00f3liza o llame a su compa\u00f1\u00eda de seguros para determinar si el seguro reembolsa la cirug\u00eda de revisi\u00f3n.<\/p>\n<h2>\u00bfCu\u00e1l es el tiempo de recuperaci\u00f3n de la cirug\u00eda de revisi\u00f3n?<\/h2>\n<p>Tome el tiempo que tard\u00f3 en recuperarse de su primera intervenci\u00f3n y a\u00f1\u00e1dale un par de d\u00edas. Se trata del tiempo que puede esperar para curarse tras una operaci\u00f3n de revisi\u00f3n. Es posible que el cirujano tenga que tratar el tejido cicatricial y la alteraci\u00f3n del riego sangu\u00edneo. Estas complicaciones pueden prolongar el tiempo de recuperaci\u00f3n. Su cirujano tambi\u00e9n puede requerir que permanezca en el hospital durante unos d\u00edas. En general, podr\u00e1 reanudar su vida normal en una o dos semanas.<\/p>\n<h2>\u00bfQu\u00e9 resultados puede esperar de la cirug\u00eda bari\u00e1trica de revisi\u00f3n?<\/h2>\n\t\t\t\t<a href=\"tel:+1-310-881-8260\" target=\"_self\" itemprop=\"url\" rel=\"noopener\">\n\t\t\t\t<img loading=\"lazy\" decoding=\"async\" src=\"https:\/\/healthylifebariatrics.com\/wp-content\/uploads\/2023\/05\/Captura-de-pantalla-2023-05-15-a-las-9.04.44-a.-m.-copia.webp\" alt=\"A woman wearing a headset is holding a phone.\" itemprop=\"image\" height=\"207\" width=\"800\" title=\"A woman wearing a headset is holding a phone.\" onerror=\"this.style.display='none'\"  \/>\n\t\t\t\t<\/a>\n\t<p>Las revisiones bari\u00e1tricas suelen tener buenos resultados. Tanto si el fallo original se debi\u00f3 a la gen\u00e9tica, el entorno, las elecciones alimentarias, el estr\u00e9s de la vida, los patrones de comportamiento o un error cometido por el cirujano original, el primer objetivo de su cirujano de revisi\u00f3n es abordar esos factores. Una cirug\u00eda de revisi\u00f3n tendr\u00e1 m\u00e1s probabilidades de \u00e9xito una vez que se hayan identificado y tratado estos problemas.<\/p>\n<p>Pueden aumentar a\u00fan m\u00e1s las posibilidades de \u00e9xito si elige un cirujano bari\u00e1trico experimentado para su cirug\u00eda de revisi\u00f3n. Determine si usted es un buen candidato para la revisi\u00f3n bari\u00e1trica mediante la programaci\u00f3n de una consulta virtual con el Dr. Moeinolmolki en Healthy Life Bariatrics. <a href=\"tel:+1-310-881-8260\">Llame al (310)-881-8260<\/a>.<\/p>\n\n","protected":false},"excerpt":{"rendered":"<p>Cirug\u00eda bari\u00e1trica de revisi\u00f3n: una segunda oportunidad para llevar una vida m\u00e1s sana La cirug\u00eda bari\u00e1trica (p\u00e9rdida de peso) ha demostrado su eficacia para ayudar a los pacientes a eliminar el exceso de peso. En promedio, los pacientes pueden esperar perder de cuarenta a sesenta libras de su exceso de peso en un plazo de [&hellip;]<\/p>\n","protected":false},"author":20,"featured_media":36682,"parent":36757,"menu_order":0,"comment_status":"closed","ping_status":"closed","template":"","meta":{"footnotes":""},"class_list":["post-36772","page","type-page","status-publish","has-post-thumbnail","hentry"],"_links":{"self":[{"href":"https:\/\/healthylifebariatrics.com\/es\/wp-json\/wp\/v2\/pages\/36772","targetHints":{"allow":["GET"]}}],"collection":[{"href":"https:\/\/healthylifebariatrics.com\/es\/wp-json\/wp\/v2\/pages"}],"about":[{"href":"https:\/\/healthylifebariatrics.com\/es\/wp-json\/wp\/v2\/types\/page"}],"author":[{"embeddable":true,"href":"https:\/\/healthylifebariatrics.com\/es\/wp-json\/wp\/v2\/users\/20"}],"replies":[{"embeddable":true,"href":"https:\/\/healthylifebariatrics.com\/es\/wp-json\/wp\/v2\/comments?post=36772"}],"version-history":[{"count":1,"href":"https:\/\/healthylifebariatrics.com\/es\/wp-json\/wp\/v2\/pages\/36772\/revisions"}],"predecessor-version":[{"id":42886,"href":"https:\/\/healthylifebariatrics.com\/es\/wp-json\/wp\/v2\/pages\/36772\/revisions\/42886"}],"up":[{"embeddable":true,"href":"https:\/\/healthylifebariatrics.com\/es\/wp-json\/wp\/v2\/pages\/36757"}],"wp:featuredmedia":[{"embeddable":true,"href":"https:\/\/healthylifebariatrics.com\/es\/wp-json\/wp\/v2\/media\/36682"}],"wp:attachment":[{"href":"https:\/\/healthylifebariatrics.com\/es\/wp-json\/wp\/v2\/media?parent=36772"}],"curies":[{"name":"wp","href":"https:\/\/api.w.org\/{rel}","templated":true}]}}