{"id":36771,"date":"2023-05-15T15:12:32","date_gmt":"2023-05-15T15:12:32","guid":{"rendered":"https:\/\/healthylifebariatrics.com\/servicios\/aranas-vasculares-tratamiento-de-varices\/"},"modified":"2024-11-30T15:20:07","modified_gmt":"2024-11-30T15:20:07","slug":"aranas-vasculares-tratamiento-de-varices","status":"publish","type":"page","link":"https:\/\/healthylifebariatrics.com\/es\/servicios\/aranas-vasculares-tratamiento-de-varices\/","title":{"rendered":"Ara\u00f1as vasculares, tratamiento de varices"},"content":{"rendered":"\n<h1>\n\t\tCirujano de V\u00e1rices, Tratamiento de Varices en Los Angeles, CA,\n\t<\/h1>\n\n\t\t\t\t<img loading=\"lazy\" decoding=\"async\" src=\"https:\/\/healthylifebariatrics.com\/wp-content\/uploads\/2020\/10\/Varicose-Vein-Spider-Vein-Treatment-Los-Angeles-1.jpg\" alt=\"Varicose Vein &amp; Spider Vein Treatment- Los Angeles CA\" itemprop=\"image\" height=\"790\" width=\"780\" title=\"Varicose Vein Spider Vein Treatment Los Angeles\" onerror=\"this.style.display='none'\"  \/>\n\t<p>Las varices y las ara\u00f1as vasculares pueden ser antiest\u00e9ticas, pero pueden afectar a algo m\u00e1s que a su aspecto. Para algunos, estos problemas venosos pueden causar importantes molestias. Las varices tambi\u00e9n pueden ponerle en riesgo de sufrir co\u00e1gulos sangu\u00edneos o \u00falceras abiertas en la parte inferior de las piernas.<\/p>\n<p>El Dr. Moeinolmolki (Dr. Moein) de Healthy Life Bariatrics en Los \u00c1ngeles ofrece un tratamiento m\u00ednimamente invasivo para librar a sus piernas de estas antiest\u00e9ticas venas. El tratamiento tambi\u00e9n puede revertir s\u00edntomas como el dolor de piernas y la fatiga que suelen acompa\u00f1ar a las varices y las ara\u00f1as vasculares. La realizaci\u00f3n del tratamiento por un cirujano est\u00e9tico de talento como el Dr. Moein puede incluso prevenir futuras complicaciones de las venas de las piernas.<\/p>\n<h2>\u00bfPor qu\u00e9 se hacen visibles las venas de las piernas?<\/h2>\n\t<p>Tanto las varices como las ara\u00f1as vasculares representan venas que se han da\u00f1ado. Se forman cuando las v\u00e1lvulas unidireccionales del interior de las venas se debilitan. En una vena sana, las v\u00e1lvulas empujan la sangre en una sola direcci\u00f3n, que finalmente fluye de vuelta al coraz\u00f3n. Cuando las v\u00e1lvulas se debilitan, parte de la sangre puede fluir en sentido inverso, lo que provoca su acumulaci\u00f3n en el interior de la vena. La sangre adicional obliga a las paredes de la vena a dilatarse. Esto permite que las varices o ara\u00f1as vasculares se hagan visibles justo debajo de la piel.<\/p>\n<h2>\u00bfCorre riesgo de desarrollar varices o ara\u00f1as vasculares?<\/h2>\n<p>Si en su familia hay problemas venosos, puede correr un mayor riesgo de desarrollar varices o ara\u00f1as vasculares. Algunas personas las padecen porque permanecen sentadas o de pie durante largos periodos de tiempo, mientras que otras pueden descubrir que se forman como s\u00edntoma de la edad, la obesidad o el embarazo.<\/p>\n<p>Las ara\u00f1as vasculares son \u00fanicas en el sentido de que pueden estar causadas por un exceso de luz solar, lesiones o cambios hormonales en el interior del organismo.<\/p>\n<h2>\u00bfSufre problemas venosos?<\/h2>\n<p>Los problemas venosos pueden causar una amplia gama de molestos s\u00edntomas y efectos secundarios. Por ejemplo, sensaci\u00f3n de pesadez en las extremidades inferiores, venas rotas visibles en las piernas, dificultad para dormir debido a palpitaciones u hormigueos en las piernas, picor, quemaz\u00f3n o s\u00edndrome de las piernas inquietas. Aunque las venas suelen encontrarse en las piernas, algunas personas pueden sufrir varices e hinchaz\u00f3n del est\u00f3mago, o incluso de la cara.<\/p>\n<h2>\u00bfCu\u00e1l es la diferencia entre ara\u00f1as vasculares y varices?<\/h2>\n<p>Las varices tienden a surgir y hacerse visibles justo debajo de la superficie de la piel. Con el tiempo, las venas se abultan lo suficiente como para causar dolor. Aunque no sienta dolor y s\u00f3lo le disguste el aspecto de sus venas, lo mejor es considerar ambas afecciones -varices y ara\u00f1as vasculares- como problemas m\u00e9dicos que deben tratarse lo antes posible.<\/p>\n<p>Las ara\u00f1as vasculares (telangiectasias) son principalmente cosm\u00e9ticas y pueden ser tratadas sin problemas por su cirujano est\u00e9tico de contorno corporal. Las ara\u00f1as vasculares imitan las telara\u00f1as de los ar\u00e1cnidos y suelen adoptar el aspecto de parches enrejados de venas dilatadas que aparecen justo debajo de la superficie de la piel.<\/p>\nPuede estar causada por el embarazo, la obesidad, los cambios hormonales, la gen\u00e9tica, la exposici\u00f3n al sol, el envejecimiento y permanecer de pie o sentado durante largos periodos de tiempo.<br \/>\nLas ara\u00f1as vasculares suelen ser inofensivas, aunque pueden hacer que se sienta inc\u00f3modo al llevar ropa que le cubra las piernas, sobre todo si tiene la piel clara.\n<h2>\u00bfQu\u00e9 son las varices?<\/h2>\n\t\t\t\t<img loading=\"lazy\" decoding=\"async\" src=\"https:\/\/healthylifebariatrics.com\/wp-content\/uploads\/2020\/10\/Varicose-Vein-Image3-1.jpg\" alt=\"A diagram of varicose veins and normal veins.\" itemprop=\"image\" height=\"306\" width=\"400\" title=\"A diagram of varicose veins and normal veins.\" onerror=\"this.style.display='none'\"  \/>\n\t<p>Fuente<\/p>\n<p>Las varices se caracterizan por venas hinchadas en forma de cuerda que pueden encontrarse en piernas, pies y tobillos. Suelen ser de color azul oscuro o morado, sobre todo si tu piel es clara.<\/p>\n<p>Al igual que las ara\u00f1as vasculares, el embarazo o la obesidad pueden aumentar el riesgo de desarrollar varices, aunque esta afecci\u00f3n tambi\u00e9n puede ser hereditaria. Las varices tambi\u00e9n pueden aparecer con la edad. Estar de pie o sentado durante largos periodos de tiempo tambi\u00e9n puede provocar esta afecci\u00f3n.<\/p>\n<p>Las varices por s\u00ed solas rara vez causan complicaciones m\u00e9dicas graves. Las venas pueden resultar antiest\u00e9ticas. Le har\u00e1n sentirse acomplejado por su aspecto, pero el tratamiento de las varices puede ayudarle.<\/p>\n<h2>\u00bfQu\u00e9 son las ara\u00f1as vasculares?<\/h2>\n<p>Las ara\u00f1as vasculares se caracterizan por venas que aparecen cerca de la superficie de la piel, normalmente en las piernas, los tobillos y, ocasionalmente, en la cara. Puede haber grupos de venas que parecen una red y pueden ser de cualquier tono de rojo, morado o azul, que contrastan mucho con la piel.<\/p>\n\t\t\t<a href=\"tel:+1-310-881-8260\" target=\"_self\" rel=\"noopener\">\n\t\t\t\t\t\t<br \/>\u00a1Pierde peso ahora!<br \/> Obtener mi consulta <br \/>(310) 881-8260\n\t\t\t\t\t<\/a>\n\t<h2>Escleroterapia para ara\u00f1as vasculares y varices<\/h2>\n<p>Para ambos tipos de problemas venosos, existe un tratamiento no quir\u00fargico conocido como escleroterapia, que consiste en inyectar una soluci\u00f3n qu\u00edmica especializada directamente en las venas afectadas a trav\u00e9s de un diminuto tubo de pl\u00e1stico. El producto qu\u00edmico utilizado hace que las venas da\u00f1adas se irriten y se hinchen, lo que bloquea el flujo sangu\u00edneo a la vena. Con el tiempo, las venas se transformar\u00e1n en tejido cicatricial antes de desaparecer por completo.<\/p>\n<p>El tratamiento de escleroterapia suele durar menos de una hora. Comienza tumb\u00e1ndose en la camilla. El cirujano suele utilizar anestesia local suave. El cirujano se asegurar\u00e1 de que sus piernas est\u00e9n ligeramente elevadas antes de insertar un diminuto cat\u00e9ter en una de las venas da\u00f1adas. El cat\u00e9ter se guiar\u00e1 hasta el lugar del tratamiento con la ayuda de una ecograf\u00eda de alta definici\u00f3n. Una vez finalizadas las inyecciones, es posible que se le coloquen medias de compresi\u00f3n para evitar que la sangre vuelva a las venas tratadas. Si tiene problemas de venas en una zona m\u00e1s amplia, es posible que necesite varios tratamientos para lograr los resultados deseados.<\/p>\n<p>Puede volver a su rutina normal al d\u00eda siguiente del tratamiento de escleroterapia. Los resultados finales se ver\u00e1n entre tres semanas y tres meses despu\u00e9s del tratamiento, en el que las venas deber\u00edan desaparecer por completo.<\/p>\n<h2>Tratamientos con l\u00e1ser para las venas de las piernas<\/h2>\n\t\t\t\t<img loading=\"lazy\" decoding=\"async\" src=\"https:\/\/healthylifebariatrics.com\/wp-content\/uploads\/2020\/10\/382px-Varicose-veins-in-Los-Angeles-CA.jpg\" alt=\"Varicose veins- Los Angeles CA\" itemprop=\"image\" height=\"393\" width=\"382\" title=\"382px Varicose veins in Los Angeles CA\" onerror=\"this.style.display='none'\"  \/>\n\t<p>Fuente<\/p>\n<p>El Dr. Moein tambi\u00e9n puede utilizar el l\u00e1ser para tratar varices y ara\u00f1as vasculares. La luz del l\u00e1ser se dirige con precisi\u00f3n a la vena, lo que destruye su estructura por completo sin afectar a la piel circundante.<\/p>\n<p>Este tratamiento ofrece resultados inmediatos. De hecho, algunas ara\u00f1as vasculares peque\u00f1as podr\u00edan desaparecer por completo con una sola cita. Las ara\u00f1as vasculares y las varices de mayor tama\u00f1o pueden oscurecerse con el tratamiento l\u00e1ser, pero suelen desaparecer entre uno y tres meses despu\u00e9s del tratamiento. Si las venas son grandes y de color m\u00e1s oscuro, es posible que necesite algunos tratamientos m\u00e1s antes de que desaparezcan por completo.<\/p>\n<p>Tras el tratamiento con l\u00e1ser, puede volver al trabajo o continuar con sus actividades normales. Es posible que tenga que llevar medias de compresi\u00f3n durante un breve periodo de tiempo. Tambi\u00e9n se le recomendar\u00e1 que proteja del sol la zona tratada durante tres o cuatro semanas. Esto ayuda a prevenir la formaci\u00f3n de manchas oscuras.<\/p>\n<h2>\u00bfEs usted un buen candidato para el tratamiento de las ara\u00f1as vasculares?<\/h2>\n<p>Para someterse a un tratamiento de ara\u00f1as vasculares, debe encontrarse en buen estado f\u00edsico y tener ara\u00f1as vasculares visibles en las piernas o la cara.<\/p>\n<p>Las personas con trastornos sangu\u00edneos o antecedentes de co\u00e1gulos de sangre pueden no ser recomendables para la cirug\u00eda. Tambi\u00e9n se le denegar\u00e1 el tratamiento de ara\u00f1as vasculares si est\u00e1 embarazada, tiene dificultades de cicatrizaci\u00f3n o padece alguna dolencia, como una cardiopat\u00eda.<\/p>\n<h2>\u00bfC\u00f3mo es la curaci\u00f3n y la recuperaci\u00f3n del tratamiento de las ara\u00f1as vasculares?<\/h2>\n<p>Su cirujano est\u00e9tico le dar\u00e1 instrucciones expl\u00edcitas para la cicatrizaci\u00f3n tras la intervenci\u00f3n. Siga estas instrucciones para mitigar cualquier problema que pueda experimentar. En los d\u00edas y semanas posteriores a la intervenci\u00f3n, es posible que deba llevar unas medias de compresi\u00f3n. Estas medias de sujeci\u00f3n est\u00e1n dise\u00f1adas para mejorar el flujo sangu\u00edneo hacia y desde la zona de tratamiento. Mantener comprimida la parte inferior de las piernas tambi\u00e9n evita la decoloraci\u00f3n que a veces puede aparecer una vez curada la zona.<\/p>\n<p>Informe a su cirujano si experimenta enrojecimiento o hinchaz\u00f3n con el tratamiento, aunque estos problemas suelen desaparecer por s\u00ed solos al cabo de unos d\u00edas o semanas.<\/p>\n<h2>Tratamiento de las venas de las piernas por el cirujano de ara\u00f1as vasculares<\/h2>\n<p>El Dr. Moein ha tratado a muchos pacientes que han tenido problemas con las venas de las piernas en el pasado. Hoy en d\u00eda, estos pacientes satisfechos siguen sin tener venas en las piernas gracias a los revolucionarios tratamientos del Dr. Moein. Si las venas oscuras le desaniman y le impiden llevar determinadas prendas, o si le causan dolor, ponga remedio a esas dolencias hoy mismo. P\u00f3ngase en contacto con el Dr. Moein en Healthy Life Bariatrics para un tratamiento eficaz y casi sin dolor de las varices o ara\u00f1as vasculares.<\/p>\n\n","protected":false},"excerpt":{"rendered":"<p>Cirujano de V\u00e1rices, Tratamiento de Varices en Los Angeles, CA, Las varices y las ara\u00f1as vasculares pueden ser antiest\u00e9ticas, pero pueden afectar a algo m\u00e1s que a su aspecto. Para algunos, estos problemas venosos pueden causar importantes molestias. Las varices tambi\u00e9n pueden ponerle en riesgo de sufrir co\u00e1gulos sangu\u00edneos o \u00falceras abiertas en la parte [&hellip;]<\/p>\n","protected":false},"author":20,"featured_media":36682,"parent":36757,"menu_order":0,"comment_status":"closed","ping_status":"closed","template":"","meta":{"footnotes":""},"class_list":["post-36771","page","type-page","status-publish","has-post-thumbnail","hentry"],"_links":{"self":[{"href":"https:\/\/healthylifebariatrics.com\/es\/wp-json\/wp\/v2\/pages\/36771","targetHints":{"allow":["GET"]}}],"collection":[{"href":"https:\/\/healthylifebariatrics.com\/es\/wp-json\/wp\/v2\/pages"}],"about":[{"href":"https:\/\/healthylifebariatrics.com\/es\/wp-json\/wp\/v2\/types\/page"}],"author":[{"embeddable":true,"href":"https:\/\/healthylifebariatrics.com\/es\/wp-json\/wp\/v2\/users\/20"}],"replies":[{"embeddable":true,"href":"https:\/\/healthylifebariatrics.com\/es\/wp-json\/wp\/v2\/comments?post=36771"}],"version-history":[{"count":2,"href":"https:\/\/healthylifebariatrics.com\/es\/wp-json\/wp\/v2\/pages\/36771\/revisions"}],"predecessor-version":[{"id":43083,"href":"https:\/\/healthylifebariatrics.com\/es\/wp-json\/wp\/v2\/pages\/36771\/revisions\/43083"}],"up":[{"embeddable":true,"href":"https:\/\/healthylifebariatrics.com\/es\/wp-json\/wp\/v2\/pages\/36757"}],"wp:featuredmedia":[{"embeddable":true,"href":"https:\/\/healthylifebariatrics.com\/es\/wp-json\/wp\/v2\/media\/36682"}],"wp:attachment":[{"href":"https:\/\/healthylifebariatrics.com\/es\/wp-json\/wp\/v2\/media?parent=36771"}],"curies":[{"name":"wp","href":"https:\/\/api.w.org\/{rel}","templated":true}]}}