{"id":36770,"date":"2023-05-12T18:38:58","date_gmt":"2023-05-12T18:38:58","guid":{"rendered":"https:\/\/healthylifebariatrics.com\/servicios\/gastroplastia-en-manga-endoscopica-cirugia-bariatrica-segura-eficaz-y-de-bajo-riesgo\/"},"modified":"2024-09-10T21:59:33","modified_gmt":"2024-09-10T21:59:33","slug":"gastroplastia-en-manga-endoscopica-cirugia-bariatrica-segura-eficaz-y-de-bajo-riesgo","status":"publish","type":"page","link":"https:\/\/healthylifebariatrics.com\/es\/servicios\/gastroplastia-en-manga-endoscopica-cirugia-bariatrica-segura-eficaz-y-de-bajo-riesgo\/","title":{"rendered":"Gastroplastia en manga endosc\u00f3pica: cirug\u00eda bari\u00e1trica segura, eficaz y de bajo riesgo"},"content":{"rendered":"\n<h1>\n\t\tGastroplastia Endosc\u00f3pica en Los Angeles CA- Cirug\u00eda Bari\u00e1trica Segura, Efectiva y de Bajo Riesgo\n\t<\/h1>\n\n\t\t\t\t<img loading=\"lazy\" decoding=\"async\" src=\"https:\/\/healthylifebariatrics.com\/wp-content\/uploads\/2022\/07\/Endoscopic-Sleeve-Gastroplasty-in-Los-Angeles-CA-1.jpg\" alt=\"High tech endoscopic sleeve gastroplasty for you.\" itemprop=\"image\" height=\"341\" width=\"512\" title=\"High tech endoscopic sleeve gastroplasty for you.\" onerror=\"this.style.display='none'\"  \/>\n\t<p>La gastroplastia en manga endosc\u00f3pica (GEM) es un nuevo procedimiento bari\u00e1trico no quir\u00fargico y m\u00ednimamente invasivo que puede conducir a una p\u00e9rdida de peso significativa con menores riesgos de complicaciones. El procedimiento tambi\u00e9n ofrece un tiempo de inactividad reducido.<\/p>\n<h2>\u00bfUna manga g\u00e1strica no quir\u00fargica?<\/h2>\n<p>Ha le\u00eddo bien. El procedimiento ESG representa los \u00faltimos avances de la ciencia g\u00e1strica. Al optar por este procedimiento, puede empezar a perder el exceso de peso de inmediato sin tener que recurrir a incisiones externas, suturas o puntos, ni al prolongado tiempo de inactividad asociado a las cirug\u00edas bari\u00e1tricas tradicionales.<\/p>\n<p>La gastroplastia endosc\u00f3pica en manga le permite volver a vivir la vida a su manera, a la vez que se adelanta en su viaje de p\u00e9rdida de peso.<\/p>\n<p>Al igual que otros procedimientos bari\u00e1tricos, debe comprometerse a llevar un estilo de vida m\u00e1s saludable. Ese compromiso, combinado con la elecci\u00f3n de un cirujano bari\u00e1trico experimentado, puede conducir al \u00e9xito a largo plazo y a una mejora dr\u00e1stica de la calidad de vida.<\/p>\n<h2>\u00bfQu\u00e9 es la gastroplastia endosc\u00f3pica en manga (ESG)?<\/h2>\n\t\t\t\t<img loading=\"lazy\" decoding=\"async\" src=\"https:\/\/healthylifebariatrics.com\/wp-content\/uploads\/2022\/07\/Endoscopic-Sleeve-Gastroplasty-Los-Angeles-CA.jpg\" alt=\"A doctor is holding up an image of a stomach.\" itemprop=\"image\" height=\"341\" width=\"512\" title=\"A doctor is holding up an image of a stomach.\" onerror=\"this.style.display='none'\"  \/>\n\t<p>La gastroplastia endosc\u00f3pica en manga se diferencia de la mayor\u00eda de los procedimientos bari\u00e1tricos en que no requiere incisiones. Con las t\u00e9cnicas tradicionales, como la cirug\u00eda de manga g\u00e1strica y el bypass g\u00e1strico en Y de Roux, gran parte del tiempo de inactividad se dedica a recuperarse del traumatismo cut\u00e1neo. Ese no es el caso del ESG.<\/p>\n<p>Otra diferencia es que la ESG se considera un procedimiento bari\u00e1trico de bajo IMC. Eso significa que puede optar a la t\u00e9cnica de p\u00e9rdida de peso aunque tenga un \u00edndice de masa corporal tan bajo como 30. Mientras tanto, la cirug\u00eda de manga g\u00e1strica y la cirug\u00eda de bypass g\u00e1strico CA CC requieren que usted tenga un IMC de 35 a 40 y m\u00e1s.<\/p>\n<p>La similitud con otros procedimientos bari\u00e1tricos es que la ESG puede conducir a una p\u00e9rdida de peso a largo plazo. Otra similitud con la mayor\u00eda de las cirug\u00edas bari\u00e1tricas es que la ESG exige que los pacientes se comprometan a seguir durante un a\u00f1o los consejos del m\u00e9dico, que incluyen una alimentaci\u00f3n sana y una rutina de ejercicio regular.<\/p>\n<p>La ESG la realiza un cirujano bari\u00e1trico o gastroenter\u00f3logo certificado. En el procedimiento se utiliza un endoscopio, que es una c\u00e1mara conectada a un tubo flexible que se introduce por la boca hasta el est\u00f3mago. Durante la intervenci\u00f3n, se reduce el tama\u00f1o del est\u00f3mago, lo que le obliga a comer menos, y por consecuencia p\u00e9rdida de peso a largo plazo.<\/p>\n<p>&nbsp;<\/p>\n\t\t\t\t<a href=\"tel:+1-310-881-8503\" target=\"_self\" itemprop=\"url\" rel=\"noopener\">\n\t\t\t\t<img loading=\"lazy\" decoding=\"async\" src=\"https:\/\/healthylifebariatrics.com\/wp-content\/uploads\/2023\/05\/Captura-de-pantalla-2023-05-12-a-las-10.02.41-a.-m.-copia-1.webp\" alt=\"A woman in a business suit exploring gastric sleeve surgery options.\" itemprop=\"image\" height=\"164\" width=\"610\" title=\"A woman in a business suit exploring gastric sleeve surgery options.\" onerror=\"this.style.display='none'\"  \/>\n\t\t\t\t<\/a>\n\t<h2>\u00bfCu\u00e1l es la diferencia entre la gastroplastia endosc\u00f3pica en manga y la cirug\u00eda tradicional de manga g\u00e1strica?<\/h2>\n<p>Cuando la enfermedad de la obesidad se ha instalado y la dieta y el ejercicio no consiguen mover los n\u00fameros de la b\u00e1scula, los pacientes pueden elegir entre diversos procedimientos de p\u00e9rdida de peso. Una de ellas es la gastrectom\u00eda en manga, tambi\u00e9n conocida como cirug\u00eda de manga g\u00e1strica, que actualmente es la cirug\u00eda de p\u00e9rdida de peso m\u00e1s prescrita en todo el mundo.<\/p>\n<h3>\u00bfC\u00f3mo se realiza la cirug\u00eda de manga g\u00e1strica?<\/h3>\n<p>Durante la cirug\u00eda de manga g\u00e1strica, se realizan varias incisiones peque\u00f1as alrededor de la regi\u00f3n abdominal. Estos cortes funcionan como puntos de entrada para un laparoscopio, una c\u00e1mara unida a un tubo largo. En las otras incisiones se introducen instrumentos quir\u00fargicos para modificar el aparato digestivo.<\/p>\n<p>Una vez introducidas estas herramientas, se extirpa el 75-80% del est\u00f3mago. La parte del est\u00f3mago extra\u00edda es responsable de la liberaci\u00f3n de grelina, la hormona del hambre. Al eliminar el tejido estomacal, el organismo produce menos grelina, lo que hace que sienta menos hambre en general.<\/p>\n<p>El tejido estomacal restante se convierte en un tubo o manga con forma de pl\u00e1tano. La reducci\u00f3n del tama\u00f1o del est\u00f3mago limita la ingesta de alimentos y crea un d\u00e9ficit cal\u00f3rico en el organismo. No s\u00f3lo sientes menos hambre, sino que tambi\u00e9n acabas comiendo menos. Estos cambios en el est\u00f3mago permiten perder r\u00e1pidamente la mayor parte del exceso de peso.<\/p>\n<h3>\u00bfEn qu\u00e9 se diferencia la gastroplastia endosc\u00f3pica en manga?<\/h3>\n<p>La ESG funciona de forma similar a la cirug\u00eda de manga g\u00e1strica, pero sin incisiones. En lugar de atravesar el abdomen, se introduce un dispositivo de sutura en la garganta y finalmente en el est\u00f3mago. Una vez insertada, la herramienta quir\u00fargica se utiliza para reducir el tama\u00f1o del est\u00f3mago. Esta dar\u00e1 forma al tejido restante de la manga. Ambos procedimientos duran entre 60 y 90 minutos.<\/p>\n<p>Como puede ver, tanto la manga g\u00e1strica como la gastrectom\u00eda endosc\u00f3pica en manga implican los mismos mecanismos. La principal diferencia es que la ESG no implica traumatismos en el exterior del cuerpo.<\/p>\n<h2>\u00bfC\u00f3mo realiza el cirujano la gastroplastia endosc\u00f3pica en manga?<\/h2>\n\t\t\t\t<img loading=\"lazy\" decoding=\"async\" src=\"https:\/\/healthylifebariatrics.com\/wp-content\/uploads\/2022\/07\/Bariatric-Surgeon-in-Los-Angeles-CA.jpg\" alt=\"A group of surgeons working in an operating room.\" itemprop=\"image\" height=\"341\" width=\"512\" title=\"A group of surgeons working in an operating room.\" onerror=\"this.style.display='none'\"  \/>\n\t<p>El procedimiento ESG se considera una operaci\u00f3n ambulatoria que se realiza bajo anestesia general, lo que significa que estar\u00e1 inconsciente durante la sesi\u00f3n no quir\u00fargica.<\/p>\n<p>El cirujano bari\u00e1trico utiliza un tubo flexible provisto de una c\u00e1mara y un dispositivo de sutura endosc\u00f3pica, m\u00e1s conocido por el t\u00e9rmino endoscopio.<\/p>\n<p>La c\u00e1mara permite al cirujano ver el funcionamiento interno del est\u00f3mago a trav\u00e9s de un monitor en el quir\u00f3fano. El cirujano realiza la intervenci\u00f3n en el interior del abdomen, lo que evita la necesidad de incisiones externas. Debido a este factor, hay un menor riesgo para su salud y casi ning\u00fan tiempo de inactividad tras la finalizaci\u00f3n de la operaci\u00f3n.<\/p>\n<p>El cirujano utiliza el endoscopio para colocar suturas en el est\u00f3mago, lo que lo convierte en un tubo o manga mucho m\u00e1s peque\u00f1o. En consecuencia, la cantidad de alimentos que puede ingerir es limitada.<\/p>\n<p>Un est\u00f3mago normal contiene alrededor de 3 pintas de comida, mientras que el est\u00f3mago reci\u00e9n convertido contiene alrededor de media taza de comida. El procedimiento le ense\u00f1a a comer raciones m\u00e1s peque\u00f1as. Tambi\u00e9n se siente saciado m\u00e1s r\u00e1pidamente durante las comidas.<\/p>\n<h2>Vea este v\u00eddeo de demostraci\u00f3n de ESG por Johns Hopkins Medicine<\/h2>\n\t<iframe src=\"https:\/\/www.youtube.com\/embed\/juqqo7PQWEs?autoplay=1&amp;feature=oembed\" frameborder=\"0\" allowfullscreen=\"1\" allow=\"accelerometer; encrypted-media; gyroscope; picture-in-picture\"><\/iframe>\n\t<h2>\u00bfQui\u00e9n es un candidato adecuado para la gastroplastia endosc\u00f3pica en manga?<\/h2>\n<p>Este innovador procedimiento de p\u00e9rdida de peso es adecuado para personas con un \u00edndice de masa corporal (IMC) elevado, igual o superior a 30. En muchos casos, las personas con un IMC elevado tambi\u00e9n padecen una o m\u00e1s dolencias relacionadas con la obesidad, como diabetes de tipo 2, hipertensi\u00f3n, apnea obstructiva del sue\u00f1o y enfermedad del h\u00edgado graso no alcoh\u00f3lico.<\/p>\n\t\t\t\t<img loading=\"lazy\" decoding=\"async\" src=\"https:\/\/healthylifebariatrics.com\/wp-content\/uploads\/2023\/05\/Captura-de-pantalla-2023-05-09-a-las-11.31.06-a.-m.png\" alt=\"Arm weight loss candidates.\" itemprop=\"image\" height=\"432\" width=\"1179\" title=\"Arm weight loss candidates.\" onerror=\"this.style.display='none'\"  \/>\n\t<p>La gastroplastia endosc\u00f3pica en manga es un tratamiento eficaz para estas comorbilidades de la obesidad. La conclusi\u00f3n es que cualquier persona que desee perder un peso significativo y vivir una vida m\u00e1s sana y larga, puede ser un excelente candidato para este procedimiento bari\u00e1trico.<\/p>\n<p>Los procedimientos como la gastroplastia endosc\u00f3pica en manga se realizan tradicionalmente despu\u00e9s de haber intentado y fracasado en el intento de perder peso cambiando la dieta y los h\u00e1bitos de ejercicio. La ESG se recomienda a quienes no cumplen los requisitos para someterse a una cirug\u00eda bari\u00e1trica tradicional o desean adelgazar sin recurrir a tratamientos quir\u00fargicos como el bypass g\u00e1strico o la manga g\u00e1strica.<\/p>\n<p>Para determinar si usted es un candidato ideal para la ESG, su cirujano bari\u00e1trico le realizar\u00e1 una prueba de selecci\u00f3n. Esta prueba determinar\u00e1 si el procedimiento puede ser beneficioso para usted. Adem\u00e1s de la cirug\u00eda, su cirujano bari\u00e1trico querr\u00e1 asegurarse de que est\u00e1 preparado para comprometerse con un estilo de vida saludable. Organizar\u00e1 seguimientos peri\u00f3dicos que incluyan visitas con especialistas en terapia conductual, un dietista, expertos en acondicionamiento f\u00edsico y otros. Estos expertos pasar\u00e1n a conocerse como su equipo de atenci\u00f3n sanitaria bari\u00e1trica.<\/p>\n<h2>\u00bfQui\u00e9n no es un candidato adecuado para la gastroplastia endosc\u00f3pica en manga?<\/h2>\n<p>No se recomienda esta intervenci\u00f3n si tiene una hernia de hiato grande o una enfermedad asociada a hemorragia gastrointestinal, como \u00falcera p\u00e9ptica o gastritis.<\/p>\n<h2>\u00bfCu\u00e1nto cuesta la gastroplastia endosc\u00f3pica en manga?<\/h2>\n<p>El coste medio de la gastroplastia endosc\u00f3pica en manga oscila entre los 12.000 d\u00f3lares, lo que la hace menos costosa que muchas opciones tradicionales de cirug\u00eda bari\u00e1trica.<\/p>\n<h2>\u00bfCubre el seguro la gastroplastia endosc\u00f3pica en manga?<\/h2>\n\t\t\t\t<img loading=\"lazy\" decoding=\"async\" src=\"https:\/\/healthylifebariatrics.com\/wp-content\/uploads\/2022\/07\/Health-Insurance-Companies-in-Los-Angeles-CA.jpg\" alt=\"A clipboard with a stethoscope and glasses on it.\" itemprop=\"image\" height=\"341\" width=\"512\" title=\"A clipboard with a stethoscope and glasses on it.\" onerror=\"this.style.display='none'\"  \/>\n\t<p>Hist\u00f3ricamente, las compa\u00f1\u00edas de seguros de enfermedad han considerado los procedimientos bari\u00e1tricos de car\u00e1cter cosm\u00e9tico y no como cirug\u00edas que salvan vidas. Los tiempos han cambiado. Muchos procedimientos reconocen hoy los beneficios para la calidad de vida de t\u00e9cnicas bari\u00e1tricas como el bypass g\u00e1strico y la manga g\u00e1strica. Sin embargo, dado que la gastroplastia endosc\u00f3pica en manga es un nuevo tipo de procedimiento, es posible que su p\u00f3liza no cubra los honorarios asociados a esta t\u00e9cnica no quir\u00fargica de p\u00e9rdida de peso. Consulte a su asegurador para obtener m\u00e1s informaci\u00f3n.<\/p>\n<p>Aunque es poco probable que el seguro cubra la ESG, hay formas de costear el procedimiento de p\u00e9rdida de peso. Si no puede pagar el importe total en el acto, puede recurrir a la financiaci\u00f3n m\u00e9dica. Se puede recurrir a empresas como Care Credit para cubrir los costes de la cirug\u00eda. Esto le permitir\u00e1 preocuparse del cumplimiento del pago m\u00e1s adelante. Otras ideas son obtener un pr\u00e9stamo personal o de una cooperativa de cr\u00e9dito, y pedir prestadas las cuotas necesarias a familiares o amigos.<\/p>\n<h2>\u00bfExisten riesgos en esta cirug\u00eda bari\u00e1trica m\u00ednimamente invasiva?<\/h2>\n<p>Una de las ventajas de optar por la gastroplastia endosc\u00f3pica en manga es que la operaci\u00f3n reduce en gran medida los riesgos para la salud. Es posible que experimente dolor y n\u00e1useas durante varios d\u00edas, lo que es t\u00edpico de cualquier t\u00e9cnica que altere el sistema digestivo. Estos efectos secundarios pueden controlarse con analg\u00e9sicos y medicamentos para las n\u00e1useas. Deber\u00edas sentirte mejor al cabo de unos d\u00edas.<\/p>\n<p>Si la p\u00e9rdida de peso se estanca o no es tan significativa como hubiera esperado, puede optar por otra cirug\u00eda bari\u00e1trica como el bypass g\u00e1strico.<\/p>\n<p>&nbsp;<\/p>\n\t\t\t\t<a href=\"tel:+1-310-807-1735\" target=\"_self\" itemprop=\"url\" rel=\"noopener\">\n\t\t\t\t<img loading=\"lazy\" decoding=\"async\" src=\"https:\/\/healthylifebariatrics.com\/wp-content\/uploads\/2023\/05\/Captura-de-pantalla-2.webp\" alt=\"A woman in a business suit is holding a headset.\" itemprop=\"image\" height=\"185\" width=\"650\" title=\"A woman in a business suit is holding a headset.\" onerror=\"this.style.display='none'\"  \/>\n\t\t\t\t<\/a>\n\t<h2>\u00bfCu\u00e1nto peso se puede perder con la gastroplastia endosc\u00f3pica?<\/h2>\n<p>Si consigue modificar su estilo de vida, es decir, comer sano y hacer ejercicio con regularidad, podr\u00e1 perder entre el 15% y el 20% de su peso corporal total en un plazo de 12 a 24 meses. Eso significa que una persona que pese 300 libras puede perder entre 45 y 60 libras, respectivamente.<\/p>\n<p>Tras la p\u00e9rdida de peso inicial, tu especialista en bariatr\u00eda te dar\u00e1 herramientas para evitar que vuelvas a engordar. Para tener \u00e9xito con los procedimientos de adelgazamiento y evitar la recuperaci\u00f3n de peso, todos los pacientes deben realizar cambios en su estilo de vida. Comer sano y hacer ejercicio con regularidad puede ayudarle a mantener a raya el sobrepeso.<\/p>\n<p>Su especialista bari\u00e1trico tambi\u00e9n le dar\u00e1 consejos para mantener el peso, como trabajar con un dietista o nutricionista, recurrir a un entrenador personal, participar en grupos de apoyo en l\u00ednea o presenciales, llevar un diario de alimentaci\u00f3n, mantener la motivaci\u00f3n y contar con el apoyo de familiares y amigos.<\/p>\n<h2>\u00bfQu\u00e9 problemas de salud pueden mejorar despu\u00e9s de la ESG?<\/h2>\n<p>Los estudios han demostrado que la gastroplastia endosc\u00f3pica en manga puede mejorar o resolver los s\u00edntomas de:<\/p>\n<ul>\n<li>Diabetes de tipo 2<\/li>\n<li>Hipertensi\u00f3n (tensi\u00f3n arterial alta)<\/li>\n<li>Osteoartritis (dolor articular)<\/li>\n<li>Apnea obstructiva del sue\u00f1o<\/li>\n<li>Trastornos del estado de \u00e1nimo (ansiedad y depresi\u00f3n)<\/li>\n<li>Asma<\/li>\n<li>Y muchos m\u00e1s.<\/li>\n<\/ul>\n<p>El procedimiento tambi\u00e9n puede reducir el riesgo de derrames cerebrales, infartos de miocardio y varios tipos de c\u00e1ncer.<\/p>\n<h2>\u00bfC\u00f3mo prepararse para una gastroplastia endosc\u00f3pica en manga?<\/h2>\n\t\t\t\t<img loading=\"lazy\" decoding=\"async\" src=\"https:\/\/healthylifebariatrics.com\/wp-content\/uploads\/2022\/07\/Endoscopic-Sleeve-Gastroplasty-in-Los-Angeles.jpg\" alt=\"A blue glove and a plastic stomach on a table.\" itemprop=\"image\" height=\"341\" width=\"512\" title=\"A blue glove and a plastic stomach on a table.\" onerror=\"this.style.display='none'\"  \/>\n\t<p>Si su cirujano bari\u00e1trico durante la consulta inicial le considera un candidato adecuado para la gastroplastia endosc\u00f3pica en manga, su equipo sanitario le dar\u00e1 instrucciones espec\u00edficas sobre c\u00f3mo prepararse adecuadamente. Es posible que le realicen varias pruebas de laboratorio y ex\u00e1menes antes de la intervenci\u00f3n para garantizar su estado de salud.<\/p>\n<p>El equipo sanitario le aconsejar\u00e1 que se abstenga de comer y beber en las horas previas a la intervenci\u00f3n. Tambi\u00e9n le aconsejar\u00e1n sobre qu\u00e9 medicamentos puede tomar y cu\u00e1les no. Es posible que le exijan que comience un programa de ejercicio f\u00edsico como parte de su plan de tratamiento bari\u00e1trico.<\/p>\n<h2>\u00bfC\u00f3mo es la recuperaci\u00f3n tras una gastroplastia endosc\u00f3pica en manga?<\/h2>\n<p>Las cirug\u00edas bari\u00e1tricas m\u00e1s populares, como la gastrectom\u00eda en manga y el bypass g\u00e1strico en Y de Roux, requieren un periodo de recuperaci\u00f3n de varias semanas a un mes. Este lapso de tiempo permite al organismo recuperarse de los efectos de la anestesia y del traumatismo quir\u00fargico causado al cuerpo por la alteraci\u00f3n del aparato digestivo.<\/p>\n<p>Con la ESG, dado que el procedimiento es t\u00e9cnicamente no quir\u00fargico, la recuperaci\u00f3n suele ser r\u00e1pida. La mayor\u00eda de los pacientes reciben el alta el mismo d\u00eda. Por lo general, tambi\u00e9n puede reincorporarse al trabajo entre 24 y 48 horas despu\u00e9s de la intervenci\u00f3n.<\/p>\n<p>Adem\u00e1s, al volver a casa no tendr\u00e1 que hacer ejercicio ni levantar peso. Tu cuerpo deber\u00eda estar totalmente recuperado. Esto le permitir\u00e1 reincorporarse casi inmediatamente a sus actividades cotidianas.<\/p>\n<p>Le recomendamos que planifique con antelaci\u00f3n la fase de recuperaci\u00f3n de la intervenci\u00f3n. Eso incluye organizar que un amigo o familiar le lleve en carro desde el centro quir\u00fargico hasta su casa.<\/p>\n<p>Tras la intervenci\u00f3n, se despertar\u00e1 en la zona de recuperaci\u00f3n del centro de cirug\u00eda bari\u00e1trica. El personal m\u00e9dico vigilar\u00e1 su salud y sus constantes vitales durante este tiempo para detectar signos de complicaciones. Una vez que se haya recuperado totalmente de la sedaci\u00f3n, se le enviar\u00e1 a casa.<\/p>\n<p>Cabe se\u00f1alar que la mayor\u00eda de las personas son dadas de alta del centro quir\u00fargico. Pueden volver a casa el mismo d\u00eda de la intervenci\u00f3n. Otros requieren un breve ingreso en el hospital durante uno o dos d\u00edas para observaci\u00f3n tras la intervenci\u00f3n.<\/p>\n<p>El cirujano le recomendar\u00e1 que se abstenga de comer durante unas horas despu\u00e9s de la gastroplastia endosc\u00f3pica en manga. A continuaci\u00f3n, se le someter\u00e1 a una dieta l\u00edquida, que durar\u00e1 al menos dos semanas. A partir de ese momento pasar\u00e1 gradualmente a alimentos semis\u00f3lidos antes de pasar a una dieta sana habitual.<\/p>\n<h2>\u00bfEst\u00e1 listo para cambiar su vida con este procedimiento bari\u00e1trico de bajo riesgo?<\/h2>\n\t\t\t\t<a href=\"tel:+1-310-807-1735\" target=\"_self\" itemprop=\"url\" rel=\"noopener\">\n\t\t\t\t<img loading=\"lazy\" decoding=\"async\" src=\"https:\/\/healthylifebariatrics.com\/wp-content\/uploads\/2023\/05\/Captura-de-pantalla-2.webp\" alt=\"A woman in a business suit is holding a headset.\" itemprop=\"image\" height=\"185\" width=\"650\" title=\"A woman in a business suit is holding a headset.\" onerror=\"this.style.display='none'\"  \/>\n\t\t\t\t<\/a>\n<p>Cuando ha probado la dieta y el ejercicio, pero nada ha conseguido ayudarle a conseguir un peso saludable, la gastroplastia endosc\u00f3pica en manga podr\u00eda ser adecuada para usted.<\/p>\n<p>Animamos a los residentes del sur de California a llamar a Healthy Life Bariatrics para programar una consulta con el Dr. Babak Moeinolmolki, uno de los principales cirujanos bari\u00e1tricos del mundo.<\/p>\n<p>El Dr. Moein (para abreviar) es un cirujano bari\u00e1trico con doble titulaci\u00f3n que tambi\u00e9n se especializa en cirug\u00eda de contorno corporal postbari\u00e1trica. Esto significa que puede conseguir una mejor salud y un aspecto tonificado, todo bajo el mismo techo y por el mismo profesional m\u00e9dico.<\/p>\n<p>Marque <a href=\"tel:+1-310-807-1735\">(310)807-1735<\/a> ahora para comenzar su viaje de p\u00e9rdida de peso con un procedimiento bari\u00e1trico m\u00e1s seguro y saludable destinado a derrotar la enfermedad de la obesidad.<\/p>\n\n","protected":false},"excerpt":{"rendered":"<p>Gastroplastia Endosc\u00f3pica en Los Angeles CA- Cirug\u00eda Bari\u00e1trica Segura, Efectiva y de Bajo Riesgo La gastroplastia en manga endosc\u00f3pica (GEM) es un nuevo procedimiento bari\u00e1trico no quir\u00fargico y m\u00ednimamente invasivo que puede conducir a una p\u00e9rdida de peso significativa con menores riesgos de complicaciones. El procedimiento tambi\u00e9n ofrece un tiempo de inactividad reducido. \u00bfUna manga [&hellip;]<\/p>\n","protected":false},"author":20,"featured_media":36682,"parent":36757,"menu_order":0,"comment_status":"closed","ping_status":"closed","template":"","meta":{"footnotes":""},"class_list":["post-36770","page","type-page","status-publish","has-post-thumbnail","hentry"],"_links":{"self":[{"href":"https:\/\/healthylifebariatrics.com\/es\/wp-json\/wp\/v2\/pages\/36770","targetHints":{"allow":["GET"]}}],"collection":[{"href":"https:\/\/healthylifebariatrics.com\/es\/wp-json\/wp\/v2\/pages"}],"about":[{"href":"https:\/\/healthylifebariatrics.com\/es\/wp-json\/wp\/v2\/types\/page"}],"author":[{"embeddable":true,"href":"https:\/\/healthylifebariatrics.com\/es\/wp-json\/wp\/v2\/users\/20"}],"replies":[{"embeddable":true,"href":"https:\/\/healthylifebariatrics.com\/es\/wp-json\/wp\/v2\/comments?post=36770"}],"version-history":[{"count":2,"href":"https:\/\/healthylifebariatrics.com\/es\/wp-json\/wp\/v2\/pages\/36770\/revisions"}],"predecessor-version":[{"id":42884,"href":"https:\/\/healthylifebariatrics.com\/es\/wp-json\/wp\/v2\/pages\/36770\/revisions\/42884"}],"up":[{"embeddable":true,"href":"https:\/\/healthylifebariatrics.com\/es\/wp-json\/wp\/v2\/pages\/36757"}],"wp:featuredmedia":[{"embeddable":true,"href":"https:\/\/healthylifebariatrics.com\/es\/wp-json\/wp\/v2\/media\/36682"}],"wp:attachment":[{"href":"https:\/\/healthylifebariatrics.com\/es\/wp-json\/wp\/v2\/media?parent=36770"}],"curies":[{"name":"wp","href":"https:\/\/api.w.org\/{rel}","templated":true}]}}