{"id":36768,"date":"2022-09-03T23:46:52","date_gmt":"2022-09-03T23:46:52","guid":{"rendered":"https:\/\/healthylifebariatrics.com\/videos-sobre-cirugia-bariatrica\/"},"modified":"2024-09-10T22:15:35","modified_gmt":"2024-09-10T22:15:35","slug":"videos-sobre-cirugia-bariatrica","status":"publish","type":"page","link":"https:\/\/healthylifebariatrics.com\/es\/videos-sobre-cirugia-bariatrica\/","title":{"rendered":"V\u00eddeos sobre cirug\u00eda bari\u00e1trica"},"content":{"rendered":"\n<h1>\n\t\tV\u00eddeos de opciones de cirug\u00eda bari\u00e1trica\n\t<\/h1>\n\n\t\t\t<a href=\"\" target=\"_self\" rel=\"noopener\">\n\t\t\t\t\t\t\tManga g\u00e1strica\n\t\t\t\t\t<\/a>\n\t\t\t<a href=\"\" target=\"_self\" rel=\"noopener\">\n\t\t\t\t\t\t\tGrastricBypass\n\t\t\t\t\t<\/a>\n\t\t\t<a href=\"\" target=\"_self\" rel=\"noopener\">\n\t\t\t\t\t\t\tBal\u00f3n G\u00e1strico\n\t\t\t\t\t<\/a>\n\t\t\t<a href=\"\" target=\"_self\" rel=\"noopener\">\n\t\t\t\t\t\t\tGlobo Obal\u00f3n\n\t\t\t\t\t<\/a>\n\t\t\t<a href=\"\" target=\"_self\" rel=\"noopener\">\n\t\t\t\t\t\t\tBanda g\u00e1strica\n\t\t\t\t\t<\/a>\n\t\t\t<a href=\"\" target=\"_self\" rel=\"noopener\">\n\t\t\t\t\t\t\tRob\u00f3tica\n\t\t\t\t\t<\/a>\n<h2>\n\t\tCirug\u00eda de manga g\u00e1strica\n\t<\/h2>\n\t<iframe src=\"https:\/\/www.youtube.com\/embed\/umTXJ6Z-_dc?autoplay=1\" frameborder=\"0\" allowfullscreen=\"1\" allow=\"accelerometer; encrypted-media; gyroscope; picture-in-picture\"><\/iframe>\n\t<iframe src=\"https:\/\/www.youtube.com\/embed\/LHkoSI8UVU8?autoplay=1\" frameborder=\"0\" allowfullscreen=\"1\" allow=\"accelerometer; encrypted-media; gyroscope; picture-in-picture\"><\/iframe>\n\t<iframe src=\"https:\/\/www.youtube.com\/embed\/9z9mF4CY1qM?autoplay=1\" frameborder=\"0\" allowfullscreen=\"1\" allow=\"accelerometer; encrypted-media; gyroscope; picture-in-picture\"><\/iframe>\n\t<iframe loading=\"lazy\" src=\"https:\/\/player.vimeo.com\/video\/715226849?h=1abd5dbc8e\" width=\"100%\" height=\"50\" frameborder=\"0\" allowfullscreen=\"allowfullscreen\" data-rocket-lazyload=\"fitvidscompatible\" data-lazy-src=\"https:\/\/player.vimeo.com\/video\/715226849?h=1abd5dbc8e\" data-ll-status=\"loaded\"><\/iframe>\n<h2>\n\t\tCirug\u00eda de bypass g\u00e1strico\n\t<\/h2>\n\t<iframe src=\"https:\/\/www.youtube.com\/embed\/W-PQyGRIWFA?autoplay=1\" frameborder=\"0\" allowfullscreen=\"1\" allow=\"accelerometer; encrypted-media; gyroscope; picture-in-picture\"><\/iframe>\n<h2>\n\t\tEspecialista en Bal\u00f3n G\u00e1strico\n\t<\/h2>\n\t<iframe src=\"https:\/\/www.youtube.com\/embed\/cHg6JRN8r3g?autoplay=1\" frameborder=\"0\" allowfullscreen=\"1\" allow=\"accelerometer; encrypted-media; gyroscope; picture-in-picture\"><\/iframe>\n<h2>\n\t\tSistema de globo Obalon\n\t<\/h2>\n\t<iframe src=\"https:\/\/www.youtube.com\/embed\/6tCgh_6eT2A?autoplay=1\" frameborder=\"0\" allowfullscreen=\"1\" allow=\"accelerometer; encrypted-media; gyroscope; picture-in-picture\"><\/iframe>\n\t<iframe src=\"https:\/\/www.youtube.com\/embed\/Z9zSyYSyGE8?autoplay=1\" frameborder=\"0\" allowfullscreen=\"1\" allow=\"accelerometer; encrypted-media; gyroscope; picture-in-picture\"><\/iframe>\n\t<iframe src=\"https:\/\/www.youtube.com\/embed\/GuGN2XTnbow?autoplay=1\" frameborder=\"0\" allowfullscreen=\"1\" allow=\"accelerometer; encrypted-media; gyroscope; picture-in-picture\"><\/iframe>\n\t<iframe src=\"https:\/\/www.youtube.com\/embed\/LciDrOvnCLs?autoplay=1\" frameborder=\"0\" allowfullscreen=\"1\" allow=\"accelerometer; encrypted-media; gyroscope; picture-in-picture\"><\/iframe>\n<h2>\n\t\tCirug\u00eda de banda g\u00e1strica\n\t<\/h2>\n\t<iframe src=\"https:\/\/www.youtube.com\/embed\/eg3szkIgXrc?autoplay=1\" frameborder=\"0\" allowfullscreen=\"1\" allow=\"accelerometer; encrypted-media; gyroscope; picture-in-picture\"><\/iframe>\n<h2>\n\t\tCirug\u00eda rob\u00f3tica\n\t<\/h2>\n\t<iframe src=\"https:\/\/www.youtube.com\/embed\/C17-bGquIjI?autoplay=1\" frameborder=\"0\" allowfullscreen=\"1\" allow=\"accelerometer; encrypted-media; gyroscope; picture-in-picture\"><\/iframe>\n\n","protected":false},"excerpt":{"rendered":"<p>V\u00eddeos de opciones de cirug\u00eda bari\u00e1trica Manga g\u00e1strica GrastricBypass Bal\u00f3n G\u00e1strico Globo Obal\u00f3n Banda g\u00e1strica Rob\u00f3tica Cirug\u00eda de manga g\u00e1strica Cirug\u00eda de bypass g\u00e1strico Especialista en Bal\u00f3n G\u00e1strico Sistema de globo Obalon Cirug\u00eda de banda g\u00e1strica Cirug\u00eda rob\u00f3tica<\/p>\n","protected":false},"author":20,"featured_media":40117,"parent":0,"menu_order":0,"comment_status":"closed","ping_status":"closed","template":"","meta":{"footnotes":""},"class_list":["post-36768","page","type-page","status-publish","has-post-thumbnail","hentry"],"_links":{"self":[{"href":"https:\/\/healthylifebariatrics.com\/es\/wp-json\/wp\/v2\/pages\/36768","targetHints":{"allow":["GET"]}}],"collection":[{"href":"https:\/\/healthylifebariatrics.com\/es\/wp-json\/wp\/v2\/pages"}],"about":[{"href":"https:\/\/healthylifebariatrics.com\/es\/wp-json\/wp\/v2\/types\/page"}],"author":[{"embeddable":true,"href":"https:\/\/healthylifebariatrics.com\/es\/wp-json\/wp\/v2\/users\/20"}],"replies":[{"embeddable":true,"href":"https:\/\/healthylifebariatrics.com\/es\/wp-json\/wp\/v2\/comments?post=36768"}],"version-history":[{"count":1,"href":"https:\/\/healthylifebariatrics.com\/es\/wp-json\/wp\/v2\/pages\/36768\/revisions"}],"predecessor-version":[{"id":42894,"href":"https:\/\/healthylifebariatrics.com\/es\/wp-json\/wp\/v2\/pages\/36768\/revisions\/42894"}],"wp:featuredmedia":[{"embeddable":true,"href":"https:\/\/healthylifebariatrics.com\/es\/wp-json\/wp\/v2\/media\/40117"}],"wp:attachment":[{"href":"https:\/\/healthylifebariatrics.com\/es\/wp-json\/wp\/v2\/media?parent=36768"}],"curies":[{"name":"wp","href":"https:\/\/api.w.org\/{rel}","templated":true}]}}