{"id":36766,"date":"2022-09-14T10:43:44","date_gmt":"2022-09-14T10:43:44","guid":{"rendered":"https:\/\/healthylifebariatrics.com\/videos-de-cirugia-general\/"},"modified":"2024-09-10T22:49:47","modified_gmt":"2024-09-10T22:49:47","slug":"videos-de-cirugia-general","status":"publish","type":"page","link":"https:\/\/healthylifebariatrics.com\/es\/videos-de-cirugia-general\/","title":{"rendered":"V\u00eddeos de cirug\u00eda general"},"content":{"rendered":"\n<h1>\n\t\tV\u00eddeos de Cirug\u00eda general\n\t<\/h1>\n\n\t\t\t<a href=\"\" target=\"_self\" rel=\"noopener\">\n\t\t\t\t\t\t\tVarices\n\t\t\t\t\t<\/a>\n\t\t\t<a href=\"\" target=\"_self\" rel=\"noopener\">\n\t\t\t\t\t\t\tCirug\u00eda de hernia de hiato\n\t\t\t\t\t<\/a>\n\t\t\t<a href=\"\" target=\"_self\" rel=\"noopener\">\n\t\t\t\t\t\t\tCirug\u00eda de la hernia inguinal\n\t\t\t\t\t<\/a>\n\t\t\t<a href=\"\" target=\"_self\" rel=\"noopener\">\n\t\t\t\t\t\t\tConozca al personal\n\t\t\t\t\t<\/a>\n<h2>\n\t\tTratamiento de varices\n\t<\/h2>\n\t<iframe loading=\"lazy\" src=\"https:\/\/player.understand.com\/drmoein\/en\/28044ef7-edc4-42e4-9bbc-b8f76ba1984c\/ba9076a2-2a77-424d-88b8-9639539f0cc7?pauseFirstStep=1\" width=\"100%\" height=\"300\" frameborder=\"0\" scrolling=\"no\" allowfullscreen=\"allowfullscreen\" data-rocket-lazyload=\"fitvidscompatible\" data-lazy-src=\"https:\/\/player.understand.com\/drmoein\/en\/28044ef7-edc4-42e4-9bbc-b8f76ba1984c\/ba9076a2-2a77-424d-88b8-9639539f0cc7?pauseFirstStep=1\" data-ll-status=\"loaded\"><\/iframe>\n<h2>\n\t\tCirug\u00eda de hernia de hiato\n\t<\/h2>\n\t<iframe loading=\"lazy\" src=\"https:\/\/player.vimeo.com\/video\/717321788?h=e5734c8f4d\" width=\"100%\" height=\"50%\" frameborder=\"0\" allowfullscreen=\"allowfullscreen\" data-rocket-lazyload=\"fitvidscompatible\" data-lazy-src=\"https:\/\/player.vimeo.com\/video\/717321788?h=e5734c8f4d\" data-ll-status=\"loaded\"><\/iframe>\n<h2>\n\t\tCirug\u00eda de la hernia inguinal\n\t<\/h2>\n\t<iframe loading=\"lazy\" src=\"https:\/\/player.vimeo.com\/video\/721568891?h=3640e0b868\" width=\"100%\" height=\"50%\" frameborder=\"0\" allowfullscreen=\"allowfullscreen\" data-rocket-lazyload=\"fitvidscompatible\" data-lazy-src=\"https:\/\/player.vimeo.com\/video\/721568891?h=3640e0b868\" data-ll-status=\"loaded\"><\/iframe>\n<h2>\n\t\tConozca al personal\n\t<\/h2>\n\t<iframe src=\"https:\/\/www.youtube.com\/embed\/ZOWIr9yf960?autoplay=1\" frameborder=\"0\" allowfullscreen=\"1\" allow=\"accelerometer; encrypted-media; gyroscope; picture-in-picture\"><\/iframe>\n\t<iframe src=\"https:\/\/www.youtube.com\/embed\/rsBnsPzZYts?autoplay=1\" frameborder=\"0\" allowfullscreen=\"1\" allow=\"accelerometer; encrypted-media; gyroscope; picture-in-picture\"><\/iframe>\n\t<iframe src=\"https:\/\/www.youtube.com\/embed\/WDzBUsHV1EQ?autoplay=1\" frameborder=\"0\" allowfullscreen=\"1\" allow=\"accelerometer; encrypted-media; gyroscope; picture-in-picture\"><\/iframe>\n\t<iframe src=\"https:\/\/www.youtube.com\/embed\/vZYPWoxNRGA?autoplay=1\" frameborder=\"0\" allowfullscreen=\"1\" allow=\"accelerometer; encrypted-media; gyroscope; picture-in-picture\"><\/iframe>\n\t<iframe src=\"https:\/\/www.youtube.com\/embed\/f6HS6Q-5sVY?autoplay=1\" frameborder=\"0\" allowfullscreen=\"1\" allow=\"accelerometer; encrypted-media; gyroscope; picture-in-picture\"><\/iframe>\n\n","protected":false},"excerpt":{"rendered":"<p>V\u00eddeos de Cirug\u00eda general Varices Cirug\u00eda de hernia de hiato Cirug\u00eda de la hernia inguinal Conozca al personal Tratamiento de varices Cirug\u00eda de hernia de hiato Cirug\u00eda de la hernia inguinal Conozca al personal<\/p>\n","protected":false},"author":20,"featured_media":36639,"parent":0,"menu_order":0,"comment_status":"closed","ping_status":"closed","template":"","meta":{"footnotes":""},"class_list":["post-36766","page","type-page","status-publish","has-post-thumbnail","hentry"],"_links":{"self":[{"href":"https:\/\/healthylifebariatrics.com\/es\/wp-json\/wp\/v2\/pages\/36766","targetHints":{"allow":["GET"]}}],"collection":[{"href":"https:\/\/healthylifebariatrics.com\/es\/wp-json\/wp\/v2\/pages"}],"about":[{"href":"https:\/\/healthylifebariatrics.com\/es\/wp-json\/wp\/v2\/types\/page"}],"author":[{"embeddable":true,"href":"https:\/\/healthylifebariatrics.com\/es\/wp-json\/wp\/v2\/users\/20"}],"replies":[{"embeddable":true,"href":"https:\/\/healthylifebariatrics.com\/es\/wp-json\/wp\/v2\/comments?post=36766"}],"version-history":[{"count":2,"href":"https:\/\/healthylifebariatrics.com\/es\/wp-json\/wp\/v2\/pages\/36766\/revisions"}],"predecessor-version":[{"id":42896,"href":"https:\/\/healthylifebariatrics.com\/es\/wp-json\/wp\/v2\/pages\/36766\/revisions\/42896"}],"wp:featuredmedia":[{"embeddable":true,"href":"https:\/\/healthylifebariatrics.com\/es\/wp-json\/wp\/v2\/media\/36639"}],"wp:attachment":[{"href":"https:\/\/healthylifebariatrics.com\/es\/wp-json\/wp\/v2\/media?parent=36766"}],"curies":[{"name":"wp","href":"https:\/\/api.w.org\/{rel}","templated":true}]}}