{"id":36764,"date":"2023-05-08T19:07:06","date_gmt":"2023-05-08T19:07:06","guid":{"rendered":"https:\/\/healthylifebariatrics.com\/pagina-web\/"},"modified":"2024-04-29T12:26:01","modified_gmt":"2024-04-29T12:26:01","slug":"pagina-web","status":"publish","type":"page","link":"https:\/\/healthylifebariatrics.com\/es\/pagina-web\/","title":{"rendered":"P\u00e1gina web"},"content":{"rendered":"\n<h1>\n\t\tEmpod\u00e9rate con  <br \/>Orientaci\u00f3n experta\n\t<\/h1>\n<h3>\n\t\tDescubra el camino hacia la p\u00e9rdida de peso duradera: Desbloquee su viaje con el Dr. Moein\n\t<\/h3>\n\t<p>\u00bfEst\u00e1 cansado del interminable ciclo de dietas y trucos para perder peso que le hacen sentirse frustrado y derrotado?<\/p>\n<p>No busque m\u00e1s. El Dr. Moein, renombrado m\u00e9dico y cirujano bari\u00e1trico, est\u00e1 aqu\u00ed para guiarle en su viaje transformador hacia una p\u00e9rdida de peso sostenible y una salud duradera.<\/p>\n<h1>\n\t\t\u2713 Cirug\u00eda para la p\u00e9rdida de peso. &nbsp; \u2713 Apoyo para la p\u00e9rdida de peso 360   &nbsp; \u2713 Medicamentos para perder peso.\n\t<\/h1>\n\t\t\t<a href=\"https:\/\/healthylifebariatrics.com\/contact\/\" target=\"_blank\" rel=\"noopener\">\n\t\t\t\t\t\t\tPrograme su consulta\n\t\t\t\t\t<\/a>\n\t<p><em>\u00abMe somet\u00ed a una cirug\u00eda de manga g\u00e1strica con el doctor Moein, \u00a1Y cambi\u00f3 mi vida! Perd\u00ed cincuenta libras, mi presi\u00f3n arterial volvi\u00f3 a la normalidad, estoy de vuelta en un vestido talla 12, y estoy comprando ropa nueva.\u00bb<\/em> <strong>Mary Johnson<\/strong><\/p>\n\t<p><strong>Descubra sus opciones<\/strong>: En una consulta personalizada con el Dr. Moein, obtendr\u00e1 informaci\u00f3n muy valiosa sobre las opciones disponibles para lograr sus objetivos de p\u00e9rdida de peso. Gracias a su vasta experiencia, analizar\u00e1 enfoques m\u00e9dicos basados en pruebas, incluidas intervenciones quir\u00fargicas y farmacol\u00f3gicas, adaptadas espec\u00edficamente a sus necesidades y circunstancias particulares. Desp\u00eddete de las soluciones estereot\u00edpicas y adopta una estrategia de p\u00e9rdida de peso que se adapte a ti.<\/p>\n<p><strong>El conocimiento es poder:<\/strong> Durante su consulta, el Dr. Moein le proporcionar\u00e1 con una gran cantidad de conocimientos sobre la ciencia detr\u00e1s de la p\u00e9rdida de peso, ayud\u00e1ndole a entender los factores que impactan en su cuerpo y los mecanismos que impulsan el \u00e9xito de la gesti\u00f3n del peso a largo plazo. Con este conocimiento, podr\u00e1 tomar decisiones informadas y establecer una base s\u00f3lida para su viaje transformador.<\/p>\n<p><strong>Una asociaci\u00f3n de confianza:<\/strong> Su consulta con el Dr. Moein ofrece algo m\u00e1s que asesoramiento m\u00e9dico, es una oportunidad para conocer al profesional que ser\u00e1 su socio en el logro y mantenimiento de sus objetivos de p\u00e9rdida de peso. El enfoque compasivo del Dr. Moein asegura que usted se sienta escuchado, apoyado y capacitado a lo largo de su viaje de p\u00e9rdida de peso. Juntos, crear\u00e9is un plan personalizado que aborde y te ayude a superar tus retos particulares.<\/p>\n<p><strong>Abra la puerta al \u00e9xito duradero en la p\u00e9rdida de peso:<\/strong> Conf\u00ede su viaje a la experiencia del Dr. Moein, un destacado cirujano bari\u00e1trico que comprende sus retos y se compromete a guiarle hacia un futuro m\u00e1s saludable. No esperes ni un d\u00eda m\u00e1s para tomar las riendas de tu peso y de tu vida. Programe su consulta ahora y aproveche la transformaci\u00f3n que le espera.<\/p>\n<h2>\n\t\tRellene este formulario o ll\u00e1menos.<br \/>D\u00e9 el primer paso hacia  <br \/>una persona m\u00e1s sana y feliz\n\t<\/h2>\n<h4>\n\t\t\u2713 Aseg\u00farese Una Consulta De Cortes\u00eda &#8211; Cupos Limitados Disponibles\n\t<\/h4>\n<h4>\n\t\t\u2713 Recibe un plan de p\u00e9rdida de peso personalizado\n\t<\/h4>\n<h4>\n\t\t\u2713 Aprovecha nuestra bonificaci\u00f3n por inscripci\u00f3n anticipada\n\t<\/h4>\n\t\t\t\t<img decoding=\"async\" src=\"https:\/\/healthylifebariatrics.com\/wp-content\/plugins\/bb-plugin\/img\/pixel.png\" alt=\"\" itemprop=\"image\" onerror=\"this.style.display='none'\"  \/>\n\t\t\t\t<img loading=\"lazy\" decoding=\"async\" src=\"https:\/\/healthylifebariatrics.com\/wp-content\/uploads\/2023\/05\/google-review-min.webp\" alt=\"Google verified weight loss surgery reviews logo.\" itemprop=\"image\" height=\"137\" width=\"249\" title=\"Google verified weight loss surgery reviews logo.\" onerror=\"this.style.display='none'\"  \/>\n\t\t\t\t<img loading=\"lazy\" decoding=\"async\" src=\"https:\/\/healthylifebariatrics.com\/wp-content\/uploads\/2023\/05\/obsity-review.webp\" alt=\"A logo for a hotel with a star.\" itemprop=\"image\" height=\"118\" width=\"264\" title=\"A logo for a hotel with a star.\" onerror=\"this.style.display='none'\"  \/>\n\t\t\t\t<img loading=\"lazy\" decoding=\"async\" src=\"https:\/\/healthylifebariatrics.com\/wp-content\/uploads\/2023\/05\/yelp-review.webp\" alt=\"Logo: Yelp with stars promoting weight loss surgery.\" itemprop=\"image\" height=\"121\" width=\"200\" title=\"Logo: Yelp with stars promoting weight loss surgery.\" onerror=\"this.style.display='none'\"  \/>\n<h2>\n\t\t\u00bfQu\u00e9 es la bariatr\u00eda?\n\t<\/h2>\n\t<p>La medicina bari\u00e1trica se centra en la enfermedad de la obesidad, sus causas y tratamientos. Los tratamientos eficaces de la obesidad incluyen medicamentos y cirug\u00edas que han demostrado ayudar a los pacientes a perder peso de forma segura y permanente. Healthy Life Bariatrics es un centro dedicado a la intervenci\u00f3n para la p\u00e9rdida de peso saludable. El cirujano bari\u00e1trico Dr. Babak Moeinolmolki y su equipo de profesionales proporcionan ayuda compasiva a pacientes de todo el sur de California con medicamentos, procedimientos m\u00ednimamente invasivos como la manga g\u00e1strica y el bal\u00f3n g\u00e1strico no quir\u00fargico.<\/p>\n<p>El Dr. Moeinolmolki es experto tanto en cirug\u00eda bari\u00e1trica (cirug\u00eda de p\u00e9rdida de peso) como en remodelaci\u00f3n corporal est\u00e9tica. Su experiencia incluye procedimientos como lifting corporal, abdominoplastia y liposucci\u00f3n. Usted puede visitar el Dr, Moeinolmolki, especialista ne perdida de peso, en Los \u00c1ngeles, CA.<\/p>\n\t\t\t\t<img loading=\"lazy\" decoding=\"async\" src=\"https:\/\/healthylifebariatrics.com\/wp-content\/uploads\/2023\/05\/weight-loss-surgery.jpg\" alt=\"Bariatric surgery performed by Dr. Mohin specializing in weight loss surgery.\" itemprop=\"image\" height=\"350\" width=\"580\" title=\"Bariatric surgery performed by Dr. Mohin specializing in weight loss surgery.\" onerror=\"this.style.display='none'\"  \/>\n<h2>\n\t\tTestimonios sobre la p\u00e9rdida de peso\n\t<\/h2>\n\t<iframe loading=\"lazy\" width=\"560\" height=\"315\" src=\"https:\/\/www.youtube.com\/embed\/JflxPsYeeY0\" title=\"Reproductor de v\u00eddeo de YouTube\" frameborder=\"0\" allow=\"accelerometer; autoplay; clipboard-write; encrypted-media; gyroscope; picture-in-picture; web-share\" allowfullscreen=\"\"><\/iframe>\n\t<iframe loading=\"lazy\" width=\"560\" height=\"315\" src=\"https:\/\/www.youtube.com\/embed\/K_c3oLMiQGk\" title=\"Reproductor de v\u00eddeo de YouTube\" frameborder=\"0\" allow=\"accelerometer; autoplay; clipboard-write; encrypted-media; gyroscope; picture-in-picture; web-share\" allowfullscreen=\"\"><\/iframe>\n\t<iframe loading=\"lazy\" src=\"https:\/\/player.vimeo.com\/video\/715226849?h=1abd5dbc8e\" width=\"80%\" height=\"100px\"  frameborder=\"0\" allow=\"autoplay; fullscreen; picture-in-picture\" allowfullscreen=\"\"><\/iframe>\n\t\t\t\t\t\t\t\t<h3 class='uabb-testimonial-author-name testimonial-author-name'>BERNIE ARVISO<\/h3>\t\t\t\t\t\t\t\t\n\t\t\t\t\t\t\t<p>Han pasado casi 2 a\u00f1os y TODAV\u00cdA estoy FELIZ con el resultado de mi cirug\u00eda de manga g\u00e1strica. He recuperado la confianza en m\u00ed mismo y hasta ahora estoy muy contento e ilusionado con la vida junto con mi mujer. Lo recomiendo encarecidamente.<img loading=\"lazy\" decoding=\"async\" src=\"https:\/\/healthylifebariatrics.com\/wp-content\/uploads\/2023\/05\/five-star-png.png\" alt=\"\" width=\"110\" height=\"26\"\/><\/p>\t\t\t\t\t\t\n\t\t\t\t\t\t\t\t<h3 class='uabb-testimonial-author-name testimonial-author-name'>MARIAN FLORES<\/h3>\t\t\t\t\t\t\t\t\n\t\t\t\t\t\t\t<p>Gran lugar para ayudarle en la p\u00e9rdida de peso, adem\u00e1s de la dieta y el entrenamiento. Desde mi consulta inicial hasta la consulta posterior al procedimiento, todos en Healthy Life Bariatrics fueron amables, atentos y apoyaron mucho el bienestar de sus clientes. Precios razonables y servicios de primera. Muy recomendable.<img loading=\"lazy\" decoding=\"async\" src=\"https:\/\/healthylifebariatrics.com\/wp-content\/uploads\/2023\/05\/five-star-png.png\" alt=\"\" width=\"110\" height=\"26\"\/><\/p>\t\t\t\t\t\t\n\t\t\t\t\t\t\t\t<h3 class='uabb-testimonial-author-name testimonial-author-name'>GERTRUDE STARLING<\/h3>\t\t\t\t\t\t\t\t\n\t\t\t\t\t\t\t<p>HLB tiene un personal incre\u00edble y grandes conocimientos. Hacen que te sientas c\u00f3modo y abierto a hacer tantas preguntas como sea necesario para ayudarte a despejar cualquier duda. He notado la piel m\u00e1s tensa en la parte inferior del vientre y ya no puedo agarrarme los michelines como antes. No puedo esperar a ver los resultados completos de este procedimiento no invasivo y no quir\u00fargico, el bal\u00f3n g\u00e1strico.<img loading=\"lazy\" decoding=\"async\" src=\"https:\/\/healthylifebariatrics.com\/wp-content\/uploads\/2023\/05\/five-star-png.png\" alt=\"\" width=\"110\" height=\"26\"\/><\/p>\t\t\t\t\t\t\n\t\t\t\t\t\t\t\t<h3 class='uabb-testimonial-author-name testimonial-author-name'>FLORENCE WAGNER<\/h3>\t\t\t\t\t\t\t\t\n\t\t\t\t\t\t\t<p>Estoy muy contento con los resultados. Tuve muchas fluctuaciones de peso que causaron flacidez\/p\u00e9rdida de volumen durante algunos acontecimientos dif\u00edciles de la vida en los \u00faltimos dos a\u00f1os y por primera vez en mucho tiempo me siento guapa de nuevo. Son muy buenos. Muy atentos con la gente y van m\u00e1s all\u00e1. <img loading=\"lazy\" decoding=\"async\" src=\"https:\/\/healthylifebariatrics.com\/wp-content\/uploads\/2023\/05\/five-star-png.png\" alt=\"\" width=\"110\" height=\"26\"\/><\/p>\t\t\t\t\t\t\n\t<h2>\n\t\tOpciones de cirug\u00eda de p\u00e9rdida de peso\n\t<\/h2>\n\t\t\t\t<img loading=\"lazy\" decoding=\"async\" src=\"https:\/\/healthylifebariatrics.com\/wp-content\/uploads\/2023\/05\/sleeve-gastrectomy.webp\" alt=\"sleeve gastrectomy for Lower BMI LA\" itemprop=\"image\" height=\"211\" width=\"209\" title=\"sleeve gastrectomy for Lower BMI\" onerror=\"this.style.display='none'\"  \/>\n\t<h3><strong>Gastrectom\u00eda en manga<\/strong><br \/>\n<strong>(Manga g\u00e1strica)<\/strong><\/h3>\n<p>La cirug\u00eda de p\u00e9rdida de peso (cirug\u00eda bari\u00e1trica) se considera una cirug\u00eda restrictiva, lo que significa que limita la cantidad de alimentos que puede ingerir. Pregunte sobre la manga g\u00e1strica, el bypass g\u00e1strico y otros procedimientos comunes durante sus consultas con el cirujano bari\u00e1trico Dr. Moeinolmolki.<\/p>\n\t\t\t\t<img loading=\"lazy\" decoding=\"async\" src=\"https:\/\/healthylifebariatrics.com\/wp-content\/uploads\/2023\/05\/gastric-ballon.webp\" alt=\"Future of Weight Loss\" itemprop=\"image\" height=\"209\" width=\"209\" title=\"Future of Weight Loss\" onerror=\"this.style.display='none'\"  \/>\n\t<h3><strong>Cirug\u00eda de bal\u00f3n g\u00e1strico<\/strong><\/h3>\n<p>Esta cirug\u00eda de p\u00e9rdida de peso puede ayudarle a perder grandes cantidades de peso a largo plazo. Al inflar un globo dentro del est\u00f3mago, se limita la cantidad de alimentos que puede ingerir. Esto le ayuda a perder una cantidad saludable de peso r\u00e1pidamente.<\/p>\n\t\t\t\t<img loading=\"lazy\" decoding=\"async\" src=\"https:\/\/healthylifebariatrics.com\/wp-content\/uploads\/2023\/05\/gastric-bypass.webp\" alt=\"An image of a stomach displaying the results of weight loss surgery.\" itemprop=\"image\" height=\"209\" width=\"209\" title=\"An image of a stomach displaying the results of weight loss surgery.\" onerror=\"this.style.display='none'\"  \/>\n\t<h3><strong>Cirug\u00eda de bypass g\u00e1strico<\/strong><\/h3>\n<p>La cirug\u00eda de bypass g\u00e1strico puede ayudarle a conseguir un peso saludable cuando su \u00edndice de masa corporal (IMC) se encuentra en niveles elevados. Pregunte al Dr. Moeinolmolki acerca de esta cirug\u00eda bari\u00e1trica (cirug\u00eda de p\u00e9rdida de peso) considerada el est\u00e1ndar de oro del sector.<\/p>\n\t\t\t\t<img loading=\"lazy\" decoding=\"async\" src=\"https:\/\/healthylifebariatrics.com\/wp-content\/uploads\/2023\/05\/lap-band.webp\" alt=\"An illustration of a weight loss surgery procedure on a patient's stomach.\" itemprop=\"image\" height=\"209\" width=\"209\" title=\"An illustration of a weight loss surgery procedure on a patient's stomach.\" onerror=\"this.style.display='none'\"  \/>\n\t<h3><strong>Cirug\u00eda de extirpaci\u00f3n de banda g\u00e1strica<\/strong><\/h3>\n<p>La Banda G\u00e1strica es un dispositivo de banda g\u00e1strica ajustable laparosc\u00f3pica que constri\u00f1e el est\u00f3mago, dejando un espacio m\u00e1s peque\u00f1o detr\u00e1s. Esto ayuda a perder peso r\u00e1pidamente y a largo plazo. P\u00f3ngase en contacto con el Dr. Moeinolmolki, cirujano especializado en p\u00e9rdida de peso de Healthy Life Bariatrics, para informarse sobre esta incre\u00edble cirug\u00eda de p\u00e9rdida de peso, que es a la vez m\u00ednimamente invasiva y segura.<\/p>\n\t\t\t\t<img loading=\"lazy\" decoding=\"async\" src=\"https:\/\/healthylifebariatrics.com\/wp-content\/uploads\/2023\/05\/bariatric-revision.webp\" alt=\"An illustration of a stomach undergoing weight loss surgery on a white background.\" itemprop=\"image\" height=\"209\" width=\"209\" title=\"An illustration of a stomach undergoing weight loss surgery on a white background.\" onerror=\"this.style.display='none'\"  \/>\n\t<h3><strong>Cirug\u00eda bari\u00e1trica de revisi\u00f3n<\/strong><\/h3>\n<p>Un peque\u00f1o n\u00famero de pacientes puede requerir cirug\u00eda bari\u00e1trica de revisi\u00f3n. Se recomienda cuando la p\u00e9rdida de peso del paciente se estanca o hay una recuperaci\u00f3n del peso.<\/p>\n\t<iframe loading=\"lazy\" width=\"340\" height=\"100%\" src=\"https:\/\/www.youtube.com\/embed\/wAVt3AD5ZK0\" title=\"YouTube video player\" frameborder=\"0\" allow=\"accelerometer; autoplay; clipboard-write; encrypted-media; gyroscope; picture-in-picture; web-share\" allowfullscreen=\"\"><\/iframe>\n<h2>\n\t\tComparaci\u00f3n de procedimientos quir\u00fargicos bari\u00e1tricos\n\t<\/h2>\n\t\t\t\t<img loading=\"lazy\" decoding=\"async\" src=\"https:\/\/healthylifebariatrics.com\/wp-content\/uploads\/2023\/05\/Compare-Bariatric-Surgery-scaled-1.jpg\" alt=\"A chart displaying various plastic surgery procedures, including weight loss surgery.\" itemprop=\"image\" height=\"881\" width=\"1920\" title=\"A chart displaying various plastic surgery procedures, including weight loss surgery.\" onerror=\"this.style.display='none'\"  \/>\n\t\t\t<a href=\"https:\/\/healthylifebariatrics.com\/es\/videos-sobre-cirugia-bariatrica\/\" target=\"_self\" rel=\"noopener\">\n\t\t\t\t\t\t\tV\u00eddeos de cirug\u00eda bari\u00e1trica\n\t\t\t\t\t<\/a>\n<h2>\n\t\t\u00cdndice de masa corporal IMC para 1,70 m de estatura\n\t<\/h2>\n\t\t\t\t<img loading=\"lazy\" decoding=\"async\" src=\"https:\/\/healthylifebariatrics.com\/wp-content\/uploads\/2023\/05\/Body-Mass-Index-in-Los-Angeles.jpg\" alt=\"various phases of weight loss surgery.\" itemprop=\"image\" height=\"497\" width=\"1024\" onerror=\"this.style.display='none'\"  \/>\n\t\t\t\t<img loading=\"lazy\" decoding=\"async\" src=\"https:\/\/healthylifebariatrics.com\/wp-content\/uploads\/2023\/05\/Captura-de-pantalla-2023-05-09-a-las-11.31.06-a.-m.png\" alt=\"Arm weight loss candidates.\" itemprop=\"image\" height=\"432\" width=\"1179\" title=\"Arm weight loss candidates.\" onerror=\"this.style.display='none'\"  \/>\n\t\t\t<a href=\"https:\/\/healthylifebariatrics.com\/contact\/\" target=\"_self\" rel=\"noopener\">\n\t\t\t\t\t\t\tComience su viaje hacia la p\u00e9rdida de peso\n\t\t\t\t\t<\/a>\n<h2>\n\t\tC\u00f3mo la cirug\u00eda bari\u00e1trica y el contorno corporal est\u00e9tico pueden mejorar su vida\n\t<\/h2>\n\t\t\t\t<img loading=\"lazy\" decoding=\"async\" src=\"https:\/\/healthylifebariatrics.com\/wp-content\/uploads\/2023\/05\/Feel-Amazing-after-bariatric-and-body-contouring-in-Los-Angeles-CA.jpg\" alt=\"A woman undergoing weight loss surgery standing on a scale in her living room.\" itemprop=\"image\" height=\"278\" width=\"301\" title=\"A woman undergoing weight loss surgery standing on a scale in her living room.\" onerror=\"this.style.display='none'\"  \/>\n\t<h3><strong>Si\u00e9ntete incre\u00edble despu\u00e9s de la cirug\u00eda bari\u00e1trica y el contorno corporal<\/strong><\/h3>\n<p>Muchos pacientes que se someten a tratamientos bari\u00e1tricos y de contorno corporal experimentan una reversi\u00f3n de dolencias relacionadas con la obesidad, como cardiopat\u00edas, diabetes de tipo 2 y apnea del sue\u00f1o, lo que contribuye a mejorar su salud.<\/p>\n\t\t\t\t<img loading=\"lazy\" decoding=\"async\" src=\"https:\/\/healthylifebariatrics.com\/wp-content\/uploads\/2023\/05\/Get-Healthy-After-weight-loss-surgery-in-Los-Angeles-ca.jpg\" alt=\"A couple undergoing weight loss surgery preparing a salad in the kitchen.\" itemprop=\"image\" height=\"278\" width=\"339\" title=\"A couple undergoing weight loss surgery preparing a salad in the kitchen.\" onerror=\"this.style.display='none'\"  \/>\n\t<h3><strong>Mant\u00e9ngase sano despu\u00e9s de la cirug\u00eda de p\u00e9rdida de peso<\/strong><\/h3>\n<p>Deje que el Dr. Moeinolmolki de Los \u00c1ngeles y su equipo quir\u00fargico le proporcionen las herramientas que necesita para controlar su estilo de vida y sus h\u00e1bitos alimentarios. Hacerlo podr\u00eda ser la respuesta a una vida m\u00e1s feliz, m\u00e1s sana y m\u00e1s larga.<\/p>\n\t\t\t\t<img loading=\"lazy\" decoding=\"async\" src=\"https:\/\/healthylifebariatrics.com\/wp-content\/uploads\/2023\/05\/Boost-Energy-after-bariatric-surgery-in-Los-Angeles-ca.jpg\" alt=\"A young woman in a pink and purple outfit is posing for a photo after weight loss surgery.\" itemprop=\"image\" height=\"278\" width=\"316\" title=\"A young woman in a pink and purple outfit is posing for a photo after weight loss surgery.\" onerror=\"this.style.display='none'\"  \/>\n\t<h3><strong>Aumentar la energ\u00eda tras la cirug\u00eda bari\u00e1trica<\/strong><\/h3>\n<p>Muchos de los pacientes del Dr. Moeinolmolki afirman sentir un aumento significativo de la energ\u00eda tras la intervenci\u00f3n. Con esta nueva energ\u00eda, por fin podr\u00e1s vivir tu vida como se supone que debes vivirla, \u00a1al m\u00e1ximo!<\/p>\n\t\t\t\t<img loading=\"lazy\" decoding=\"async\" src=\"https:\/\/healthylifebariatrics.com\/wp-content\/uploads\/2023\/05\/Gain-Confidence-after-Bariatric-treatments-in-Los-Angeles-ca.jpg\" alt=\"A woman in a bikini on the beach.\" itemprop=\"image\" height=\"278\" width=\"320\" title=\"A woman in a bikini on the beach.\" onerror=\"this.style.display='none'\"  \/>\n\t<h3><strong>Gane confianza despu\u00e9s de los tratamientos bari\u00e1tricos<\/strong><\/h3>\n<p>Los tratamientos bari\u00e1tricos y el contorno corporal est\u00e9tico combinados pueden ayudarle a conseguir una cantidad saludable de peso r\u00e1pidamente. Estos tratamientos pueden ayudarle a conseguir el f\u00edsico que siempre ha deseado, haciendo brillar su verdadera belleza interior.<\/p>\n\t\t\t\t<img loading=\"lazy\" decoding=\"async\" src=\"https:\/\/healthylifebariatrics.com\/wp-content\/uploads\/2023\/05\/Defeat-Obesity-with-Bariatric-procedures-in-Los-Angeles-ca.jpg\" alt=\"A woman undergoing weight loss surgery measures her waist with a measuring tape.\" itemprop=\"image\" height=\"278\" width=\"324\" title=\"A woman undergoing weight loss surgery measures her waist with a measuring tape.\" onerror=\"this.style.display='none'\"  \/>\n\t<h3><strong>Vencer la obesidad con procedimientos bari\u00e1tricos<\/strong><\/h3>\n<p>Cuando la dieta y el ejercicio le han fallado, los procedimientos bari\u00e1tricos pueden ayudarle. Se ha demostrado m\u00e9dicamente que los procedimientos bari\u00e1tricos ayudan a perder el exceso de peso y a mantenerlo para siempre.<\/p>\n<h2>\n\t\tDescubra qu\u00e9 nos convierte en el mejor programa de p\u00e9rdida de peso para usted\n\t<\/h2>\n\t<iframe loading=\"lazy\" width=\"1200\" height=\"600\" src=\"https:\/\/www.youtube.com\/embed\/xhrzFb0xQ5s\" title=\"Reproductor de v\u00eddeo de YouTube\" frameborder=\"0\" allow=\"accelerometer; autoplay; clipboard-write; encrypted-media; gyroscope; picture-in-picture; web-share\" allowfullscreen=\"\"><\/iframe>\n<h2>\n\t\t\u00bfCubrir\u00e1 su seguro la cirug\u00eda bari\u00e1trica?\n\t<\/h2>\n\t\t\t<a href=\"https:\/\/healthylifebariatrics.com\/insurance-options\/\" target=\"_self\" rel=\"noopener\">\n\t\t\t\t\t\t\tDesc\u00fabralo gratis\n\t\t\t\t\t<\/a>\n<h2>\n\t\tReservar una consulta con el mejor cirujano bari\u00e1trico\n\t<\/h2>\n<p>Ll\u00e1menos ahora para concertar una cita con el cirujano bari\u00e1trico Dr. Moeinolmolki y hablar sobre sus futuros objetivos de p\u00e9rdida de peso y remodelaci\u00f3n corporal. Antes de que se d\u00e9 cuenta, podr\u00eda tener su propio plan de tratamiento que incluya uno o m\u00e1s procedimientos aqu\u00ed mismo, en Los \u00c1ngeles, California.<\/p>\n\t\t\t<a href=\"tel:+1-310-861-4093%20%20\" target=\"_self\" rel=\"noopener\">\n\t\t\t\t\t\t\tLl\u00e1menos: (310)-861-4093\n\t\t\t\t\t<\/a>\n\t\t\t\t<img decoding=\"async\" src=\"https:\/\/healthylifebariatrics.com\/wp-content\/plugins\/bb-plugin\/img\/pixel.png\" alt=\"\" itemprop=\"image\" onerror=\"this.style.display='none'\"  \/>\n\t\t\t\t<img loading=\"lazy\" decoding=\"async\" src=\"https:\/\/healthylifebariatrics.com\/wp-content\/uploads\/2023\/05\/Dr.moein_.jpeg\" alt=\"A man in a white shirt with glasses sitting at a table after weight loss surgery.\" itemprop=\"image\" height=\"1080\" width=\"720\" title=\"A man in a white shirt with glasses sitting at a table after weight loss surgery.\" onerror=\"this.style.display='none'\"  \/>\n<h2>\n\t\tRellene este formulario o ll\u00e1menos<br \/>D\u00e9 el primer paso hacia  <br \/>una persona m\u00e1s sana y feliz\n\t<\/h2>\n<h4>\n\t\t\u2713\u20dd Aseg\u00farese Una Consulta De Cortes\u00eda &#8211; Cupos Limitados Disponibles\n\t<\/h4>\n<h4>\n\t\t\u2713\u20dd Recibe un plan de p\u00e9rdida de peso personalizado\n\t<\/h4>\n<h4>\n\t\t\u2713\u20dd Aprovecha nuestra bonificaci\u00f3n por inscripci\u00f3n anticipada\n\t<\/h4>\n\t\t\t\t<img loading=\"lazy\" decoding=\"async\" src=\"https:\/\/healthylifebariatrics.com\/wp-content\/uploads\/2023\/05\/office-hall.webp\" alt=\"A living room with weight loss surgery and a coffee table.\" itemprop=\"image\" height=\"230\" width=\"329\" title=\"A living room with weight loss surgery and a coffee table.\" onerror=\"this.style.display='none'\"  \/>\n\t\t\t\t<img loading=\"lazy\" decoding=\"async\" src=\"https:\/\/healthylifebariatrics.com\/wp-content\/uploads\/2023\/05\/office-room.webp\" alt=\"A medical office specializing in weight loss surgery equipped with a desk, chair, and computer.\" itemprop=\"image\" height=\"230\" width=\"330\" title=\"A medical office specializing in weight loss surgery equipped with a desk, chair, and computer.\" onerror=\"this.style.display='none'\"  \/>\n\t\t\t\t<img loading=\"lazy\" decoding=\"async\" src=\"https:\/\/healthylifebariatrics.com\/wp-content\/uploads\/2023\/05\/office-outdoor.webp\" alt=\"A weight loss surgery clinic with a lot of glass windows.\" itemprop=\"image\" height=\"230\" width=\"330\" title=\"A weight loss surgery clinic with a lot of glass windows.\" onerror=\"this.style.display='none'\"  \/>\n<h2>\n\t\tAfiliaciones\n\t<\/h2>\n<h2>\n\t\tCENTRO QUIR\u00daRGICO BEVERLY CENTURY\n\t<\/h2>\n\t\t\t\t<img loading=\"lazy\" decoding=\"async\" src=\"https:\/\/healthylifebariatrics.com\/wp-content\/uploads\/2023\/05\/aaahc.png\" alt=\"Aaahc accreditation for ambulatory health care, specializing in weight loss surgery.\" itemprop=\"image\" height=\"255\" width=\"690\" title=\"Aaahc accreditation for ambulatory health care, specializing in weight loss surgery.\" onerror=\"this.style.display='none'\"  \/>\n\t<h3>Pierde peso y pasar\u00e1n cosas buenas.<\/h3>\n<ul>\n<li>Pierda 9 kilos y reduzca el reflujo \u00e1cido<\/li>\n<li>Pierda 10 kilos y baje la tensi\u00f3n<\/li>\n<li>Pierda 18 kilos y mejore su diabetes<\/li>\n<\/ul>\n\t\t\t\t<img loading=\"lazy\" decoding=\"async\" src=\"https:\/\/healthylifebariatrics.com\/wp-content\/uploads\/2023\/07\/weight-loss-surgery-will-improve-your-family-health.jpg\" alt=\"weight loss surgery will improve your family health\" itemprop=\"image\" height=\"379\" width=\"900\" title=\"weight loss surgery will improve your family health\" onerror=\"this.style.display='none'\"  \/>\n<h2>\n\t\tDesde el blog\n\t<\/h2>\n\n","protected":false},"excerpt":{"rendered":"<p>Empod\u00e9rate con Orientaci\u00f3n experta Descubra el camino hacia la p\u00e9rdida de peso duradera: Desbloquee su viaje con el Dr. Moein \u00bfEst\u00e1 cansado del interminable ciclo de dietas y trucos para perder peso que le hacen sentirse frustrado y derrotado? No busque m\u00e1s. El Dr. Moein, renombrado m\u00e9dico y cirujano bari\u00e1trico, est\u00e1 aqu\u00ed para guiarle en [&hellip;]<\/p>\n","protected":false},"author":20,"featured_media":0,"parent":0,"menu_order":0,"comment_status":"closed","ping_status":"closed","template":"","meta":{"footnotes":""},"class_list":["post-36764","page","type-page","status-publish","hentry"],"_links":{"self":[{"href":"https:\/\/healthylifebariatrics.com\/es\/wp-json\/wp\/v2\/pages\/36764","targetHints":{"allow":["GET"]}}],"collection":[{"href":"https:\/\/healthylifebariatrics.com\/es\/wp-json\/wp\/v2\/pages"}],"about":[{"href":"https:\/\/healthylifebariatrics.com\/es\/wp-json\/wp\/v2\/types\/page"}],"author":[{"embeddable":true,"href":"https:\/\/healthylifebariatrics.com\/es\/wp-json\/wp\/v2\/users\/20"}],"replies":[{"embeddable":true,"href":"https:\/\/healthylifebariatrics.com\/es\/wp-json\/wp\/v2\/comments?post=36764"}],"version-history":[{"count":0,"href":"https:\/\/healthylifebariatrics.com\/es\/wp-json\/wp\/v2\/pages\/36764\/revisions"}],"wp:attachment":[{"href":"https:\/\/healthylifebariatrics.com\/es\/wp-json\/wp\/v2\/media?parent=36764"}],"curies":[{"name":"wp","href":"https:\/\/api.w.org\/{rel}","templated":true}]}}