{"id":36763,"date":"2023-05-12T19:12:25","date_gmt":"2023-05-12T19:12:25","guid":{"rendered":"https:\/\/healthylifebariatrics.com\/servicios\/cirugia-de-revision-de-banda-gastrica\/"},"modified":"2024-09-15T05:25:01","modified_gmt":"2024-09-15T05:25:01","slug":"cirugia-de-revision-de-banda-gastrica","status":"publish","type":"page","link":"https:\/\/healthylifebariatrics.com\/es\/servicios\/cirugia-de-revision-de-banda-gastrica\/","title":{"rendered":"Cirug\u00eda de revisi\u00f3n de banda g\u00e1strica"},"content":{"rendered":"\n<h1>\n\t\tRepare un procedimiento anterior con la cirug\u00eda de revisi\u00f3n de banda g\u00e1strica en la que puede confiar en Los \u00c1ngeles, CA\n\t<\/h1>\n\n\t\t\t\t<img loading=\"lazy\" decoding=\"async\" src=\"https:\/\/healthylifebariatrics.com\/wp-content\/uploads\/2019\/04\/Lap-Band-Revision-Surgery-Los-Angeles-CA.jpg\" alt=\"Lap-Band Surgery in Los Angeles\" itemprop=\"image\" height=\"567\" width=\"850\" title=\"Lap Band Surgery in Los Angeles\" onerror=\"this.style.display='none'\"  \/>\n\t<h2>Especialista en cirug\u00eda de revisi\u00f3n de banda g\u00e1strica<\/h2>\n<p>Cuando se trata de cirug\u00eda de revisi\u00f3n de Banda G\u00e1strica, la experiencia es de suma importancia. En Healthy Life Bariatric en Los \u00c1ngeles, el cirujano bari\u00e1trico Dr. Babak Moeinolmolki ha realizado innumerables procedimientos de revisi\u00f3n de Banda G\u00e1strica, permitiendo a los pacientes de toda el \u00e1rea de Los \u00c1ngeles, incluyendo Glendale y Encino, recuperar la salud y reanudar con \u00e9xito sus viajes de p\u00e9rdida de peso. Tenemos experiencia tanto con la banda Realize como con la Lap-Band.<\/p>\n\t<p>\u00bfQuieres m\u00e1s informaci\u00f3n?<\/p>\n\t\t\t<a href=\"tel:+1-310-807-2378\" target=\"_self\" rel=\"noopener\">\n\t\t\t\t\t\t\t\u00a1LLAME AL (310) 807-2378!\n\t\t\t\t\t<\/a>\n\t<h2>Cirug\u00eda de Revisi\u00f3n de Banda G\u00e1strica Q &amp; A<\/h2>\n<h2>\u00bfCu\u00e1les son las razones para una revisi\u00f3n de la cirug\u00eda de p\u00e9rdida de peso?<\/h2>\n<p>La mayor\u00eda de los pacientes que optan por procedimientos bari\u00e1tricos, como la Lap-Band, obtienen excelentes resultados. Sin embargo, hay casos en los que la p\u00e9rdida de peso no fue tan significativa como se esperaba o el peso consigui\u00f3 volver. Luego est\u00e1n los raros casos en los que se producen complicaciones, como el deslizamiento de la Banda G\u00e1strica o la rotura de las grapas estomacales. Tras haber realizado literalmente miles de cirug\u00edas bari\u00e1tricas, el Dr. Moeinolmolki es un experto en abordar todos estos problemas con el procedimiento de revisi\u00f3n adecuado.<\/p>\n<h2>\u00bfQu\u00e9 es una p\u00e9rdida de peso infructuosa?<\/h2>\n<p>Aunque la definici\u00f3n var\u00eda, en general, una intervenci\u00f3n quir\u00fargica no tiene \u00e9xito si la p\u00e9rdida de peso del paciente es inferior al 25% o 30% de su exceso de peso. En la mayor\u00eda de los casos, el \u00e9xito total consiste en una p\u00e9rdida del 50% o m\u00e1s del exceso de peso del paciente.<\/p>\n<h2>\u00bfQu\u00e9 tipos de cirug\u00eda de revisi\u00f3n existen?<\/h2>\n\t\t\t\t<img loading=\"lazy\" decoding=\"async\" src=\"https:\/\/healthylifebariatrics.com\/wp-content\/uploads\/2019\/04\/Lap-Band-Revision-Surgery-in-Los-Angeles-CA.jpg\" alt=\"Lap Band Revision Surgery in Los Angeles\" itemprop=\"image\" height=\"567\" width=\"850\" title=\"Lap Band Revision Surgery in Los Angeles\" onerror=\"this.style.display='none'\"  \/>\n\t<p>Dependiendo del caso, una Lap-Band puede ser simplemente removida. Otras veces el Dr. Moeinolmolki puede recomendar la eliminaci\u00f3n seguida de la sustituci\u00f3n con una nueva Banda G\u00e1strica u otro procedimiento bari\u00e1trico. Las posibles revisiones incluyen:<\/p>\n<ul>\n<li>Sustituci\u00f3n de la Banda G\u00e1strica original por una nueva.<\/li>\n<li>Interruptor duodenal tras un procedimiento Lap-Band. El cruce duodenal es una intervenci\u00f3n quir\u00fargica compleja en la que se extirpa aproximadamente el 80% del est\u00f3mago y una peque\u00f1a parte del intestino delgado.<\/li>\n<li>Restauraci\u00f3n de una bolsa estomacal a su tama\u00f1o original tras la cirug\u00eda de bypass g\u00e1strico.<\/li>\n<li>Bypass g\u00e1strico despu\u00e9s de un procedimiento de banda g\u00e1strica.<\/li>\n<li>Cirug\u00eda de manga g\u00e1strica despu\u00e9s de un procedimiento de banda g\u00e1strica.<\/li>\n<li>Inserci\u00f3n de una banda g\u00e1strica tras cirug\u00eda de bypass.<\/li>\n<\/ul>\n\t\t\t\t<a href=\"tel:+1-310-807-1735\" target=\"_self\" itemprop=\"url\" rel=\"noopener\">\n\t\t\t\t<img loading=\"lazy\" decoding=\"async\" src=\"https:\/\/healthylifebariatrics.com\/wp-content\/uploads\/2023\/05\/Captura-de-pantalla-2.webp\" alt=\"A woman in a business suit is holding a headset.\" itemprop=\"image\" height=\"185\" width=\"650\" title=\"A woman in a business suit is holding a headset.\" onerror=\"this.style.display='none'\"  \/>\n\t\t\t\t<\/a>\n\t<h2>\u00bfQu\u00e9 resultados puedo esperar de la cirug\u00eda de revisi\u00f3n?<\/h2>\n<p>Los casos individuales difieren, sin embargo, en manos de un cirujano experto como el Dr. Moeinolmolki la p\u00e9rdida de peso puede ser espectacular. Por ejemplo, los pacientes que se someten a una cirug\u00eda de manga g\u00e1strica tras una intervenci\u00f3n previa de banda g\u00e1strica pueden perder hasta el 70% del exceso de peso. Al igual que con la cirug\u00eda bari\u00e1trica, para garantizar una p\u00e9rdida de peso permanente los pacientes deben seguir una dieta sana y un programa de ejercicio. Los resultados var\u00edan, pero la cirug\u00eda de revisi\u00f3n suele depender del esfuerzo. Cuanto m\u00e1s te esfuerces, mejores resultados obtendr\u00e1s.<\/p>\n<h2>\u00bfCubrir\u00e1 mi seguro la revisi\u00f3n de la cirug\u00eda de p\u00e9rdida de peso?<\/h2>\n<p>Las pol\u00edticas difieren. Sin embargo, los seguros suelen cubrir la cirug\u00eda de revisi\u00f3n de forma similar a la cirug\u00eda original, si la cirug\u00eda de revisi\u00f3n se considera m\u00e9dicamente necesaria. Si la cirug\u00eda no est\u00e1 cubierta, ofrecemos financiaci\u00f3n especial para la cirug\u00eda a trav\u00e9s de nuestra compa\u00f1\u00eda de pr\u00e9stamos asociada.<\/p>\n<h2>\u00bfQu\u00e9 tipo de estudios e informaci\u00f3n preoperatoria necesitamos para una evaluaci\u00f3n inicial?<\/h2>\n<p>Ser\u00eda muy \u00fatil tener su informe operativo inicial de su cirug\u00eda original y sus notas b\u00e1sicas de seguimiento con su m\u00e9dico original. Normalmente recomendamos tanto un estudio gastrointestinal superior como una endoscopia superior para asegurarnos de que su banda no se ha erosionado dentro del est\u00f3mago. Tambi\u00e9n solicitaremos an\u00e1lisis de sangre b\u00e1sicos y una radiograf\u00eda de t\u00f3rax. Tambi\u00e9n es necesario repetir la evaluaci\u00f3n psiqui\u00e1trica para asegurarse de que la ansiedad y la depresi\u00f3n est\u00e1n bajo control y bien gestionadas. La depresi\u00f3n y la ansiedad pueden tener un efecto nocivo en el proceso de p\u00e9rdida de peso.<\/p>\n<h2>\u00bfCu\u00e1nto tiempo despu\u00e9s de la cirug\u00eda de banda g\u00e1strica debe transcurrir para ver a un m\u00e9dico por la p\u00e9rdida de peso fallido?<\/h2>\n\t\t\t\t<a href=\"tel:+1-310-807-1735\" target=\"_self\" itemprop=\"url\" rel=\"noopener\">\n\t\t\t\t<img loading=\"lazy\" decoding=\"async\" src=\"https:\/\/healthylifebariatrics.com\/wp-content\/uploads\/2023\/05\/Captura-de-pantalla-2.webp\" alt=\"A woman in a business suit is holding a headset.\" itemprop=\"image\" height=\"185\" width=\"650\" title=\"A woman in a business suit is holding a headset.\" onerror=\"this.style.display='none'\"  \/>\n\t\t\t\t<\/a>\n\t<p>Si usted no ha perdido suficiente peso despu\u00e9s de dos a\u00f1os de su cirug\u00eda de banda g\u00e1strica, necesita ver a un m\u00e9dico para una reevaluaci\u00f3n. Es esencial que su m\u00e9dico siga su caso de cerca. Los estudios demuestran que los pacientes con seguimiento continuo por su m\u00e9dico obtienen los mejores resultados. A veces somos capaces de revivir su p\u00e9rdida de peso con banda g\u00e1strica mediante un protocolo de ajuste adecuado. Tambi\u00e9n podemos utilizar medicaci\u00f3n adelgazante de forma eficaz para reactivar la banda. Sin embargo, debe hacerse bajo el cuidado de un m\u00e9dico que pueda ajustar su banda y asegurarse de que no hay otros problemas relacionados con la banda que est\u00e9 obstaculizando sus esfuerzos de p\u00e9rdida de peso.<\/p>\n<p>Algunas condiciones m\u00e9dicas requieren una consideraci\u00f3n importante y una necesidad urgente de reevaluaci\u00f3n tras la banda g\u00e1strica, como el reflujo \u00e1cido recurrente y la tos frecuente, sobre todo durante la noche. Otros incluyen la impactaci\u00f3n de alimentos en la banda y la producci\u00f3n salival excesiva asociada, a menudo llamada adelgazamiento. Si sufre de impactaci\u00f3n de alimentos m\u00e1s de una vez por semana, la banda est\u00e1 demasiado apretada o no est\u00e1 siguiendo las pautas diet\u00e9ticas. Esto provocar\u00e1 el deslizamiento de la banda g\u00e1strica, que es una emergencia m\u00e9dica. La intervenci\u00f3n temprana es importante para evitar la necrosis del est\u00f3mago y el reposicionamiento de la banda g\u00e1strica.<\/p>\n\n","protected":false},"excerpt":{"rendered":"<p>Repare un procedimiento anterior con la cirug\u00eda de revisi\u00f3n de banda g\u00e1strica en la que puede confiar en Los \u00c1ngeles, CA Especialista en cirug\u00eda de revisi\u00f3n de banda g\u00e1strica Cuando se trata de cirug\u00eda de revisi\u00f3n de Banda G\u00e1strica, la experiencia es de suma importancia. En Healthy Life Bariatric en Los \u00c1ngeles, el cirujano bari\u00e1trico [&hellip;]<\/p>\n","protected":false},"author":20,"featured_media":42234,"parent":36757,"menu_order":0,"comment_status":"closed","ping_status":"closed","template":"","meta":{"footnotes":""},"class_list":["post-36763","page","type-page","status-publish","has-post-thumbnail","hentry"],"_links":{"self":[{"href":"https:\/\/healthylifebariatrics.com\/es\/wp-json\/wp\/v2\/pages\/36763","targetHints":{"allow":["GET"]}}],"collection":[{"href":"https:\/\/healthylifebariatrics.com\/es\/wp-json\/wp\/v2\/pages"}],"about":[{"href":"https:\/\/healthylifebariatrics.com\/es\/wp-json\/wp\/v2\/types\/page"}],"author":[{"embeddable":true,"href":"https:\/\/healthylifebariatrics.com\/es\/wp-json\/wp\/v2\/users\/20"}],"replies":[{"embeddable":true,"href":"https:\/\/healthylifebariatrics.com\/es\/wp-json\/wp\/v2\/comments?post=36763"}],"version-history":[{"count":2,"href":"https:\/\/healthylifebariatrics.com\/es\/wp-json\/wp\/v2\/pages\/36763\/revisions"}],"predecessor-version":[{"id":42979,"href":"https:\/\/healthylifebariatrics.com\/es\/wp-json\/wp\/v2\/pages\/36763\/revisions\/42979"}],"up":[{"embeddable":true,"href":"https:\/\/healthylifebariatrics.com\/es\/wp-json\/wp\/v2\/pages\/36757"}],"wp:featuredmedia":[{"embeddable":true,"href":"https:\/\/healthylifebariatrics.com\/es\/wp-json\/wp\/v2\/media\/42234"}],"wp:attachment":[{"href":"https:\/\/healthylifebariatrics.com\/es\/wp-json\/wp\/v2\/media?parent=36763"}],"curies":[{"name":"wp","href":"https:\/\/api.w.org\/{rel}","templated":true}]}}