{"id":36761,"date":"2023-04-18T12:47:25","date_gmt":"2023-04-18T12:47:25","guid":{"rendered":"https:\/\/healthylifebariatrics.com\/accesibilidad\/"},"modified":"2025-09-04T15:01:50","modified_gmt":"2025-09-04T15:01:50","slug":"accesibilidad","status":"publish","type":"page","link":"https:\/\/healthylifebariatrics.com\/es\/accesibilidad\/","title":{"rendered":"Accesibilidad"},"content":{"rendered":"\n<h1 class=\"\\&quot;wp-block-heading\\&quot; wp-block-heading\" id=\"\\&quot;h-accessibility-statement\\&quot;\">Declaraci\u00f3n de accesibilidad<\/h1>\n\n\n\n<ul class=\"wp-block-list\">\n<li>healthylifebariatrics.com<\/li>\n\n\n\n<li>18 de abril de 2023<\/li>\n<\/ul>\n\n\n\n<p>Emitido por<img decoding=\"async\" src=\"%5C%22https:\/\/dashboard.accessibe.com\/media\/template\/logo.svg%5C%22\" alt=\"\\\" accessibe=\"\"><\/p>\n\n\n\n<hr class=\\\"wp-block-separator has-alpha-channel-opacity\\\"\/>\n\n\n\n<h2 class=\"wp-block-heading \\&quot;wp-block-heading\\&quot;\" id=\"\\&quot;h-compliance-status\\&quot;\"><strong>Estado de cumplimiento<\/strong><\/h2>\n\n\n\n<p>Creemos firmemente que Internet debe estar al alcance de todos y nos comprometemos a ofrecer un sitio web accesible al mayor n\u00famero posible de personas, independientemente de sus capacidades.<\/p>\n\n\n\n<p>Para ello, nuestro objetivo es adherirnos lo m\u00e1s estrictamente posible a las Pautas de Accesibilidad al Contenido en la Web 2.1 (WCAG 2.1) del Consorcio World Wide Web (W3C) en el nivel AA. Estas directrices explican c\u00f3mo hacer accesibles los contenidos web a personas con una amplia gama de discapacidades. Cumplir esas directrices nos ayuda a garantizar que el sitio web sea accesible para invidentes, personas con deficiencias motrices, visuales o cognitivas, entre otras.<\/p>\n\n\n\n<p>Este sitio web utiliza diversas tecnolog\u00edas destinadas a hacerlo lo m\u00e1s accesible posible en todo momento. Utilizamos una interfaz de accesibilidad que permite a las personas con discapacidades espec\u00edficas ajustar la IU (interfaz de usuario) del sitio web y dise\u00f1arla a su medida.<\/p>\n\n\n\n<p>Adem\u00e1s, el sitio web utiliza una aplicaci\u00f3n basada en IA que se ejecuta en segundo plano y optimiza su nivel de accesibilidad constantemente. Esta aplicaci\u00f3n corrige el c\u00f3digo HTML del sitio web y adapta su funcionalidad y comportamiento a los lectores de pantalla utilizados por usuarios invidentes y a las funciones del teclado utilizadas por personas con deficiencias motrices.<\/p>\n\n\n\n<p>Si desea ponerse en contacto con el propietario del sitio web, utilice el siguiente correo electr\u00f3nico babakmoein@gmail.com<\/p>\n\n\n\n<h2 class=\"wp-block-heading \\&quot;wp-block-heading\\&quot;\" id=\"\\&quot;h-screen-reader-and-keyboard-navigation\\&quot;\">Lector de pantalla y navegaci\u00f3n mediante teclado<\/h2>\n\n\n\n<p>Nuestro sitio web aplica la t\u00e9cnica de atributos ARIA (Accessible Rich Internet Applications), junto con diversos cambios de comportamiento, para garantizar que los usuarios invidentes que nos visitan con lectores de pantalla puedan leer, comprender y disfrutar de las funciones del sitio web. En cuanto un usuario con lector de pantalla entra en su sitio web, recibe inmediatamente un aviso para que introduzca el perfil de lector de pantalla, de modo que pueda navegar y utilizar su sitio web con eficacia. Nuestro sitio web cubre algunos de los requisitos m\u00e1s importantes de los lectores de pantalla:<\/p>\n\n\n\n<ol class=\"wp-block-list\">\n\n<li><strong>Optimizaci\u00f3n para lectores de pantalla: <\/strong>llevamos a cabo un proceso que aprende los componentes del sitio web de arriba abajo, para garantizar la conformidad continua incluso cuando se actualiza el sitio web. En este proceso, proporcionamos a los lectores de pantalla datos significativos utilizando el conjunto de atributos ARIA. Por ejemplo, proporcionamos etiquetas precisas para formularios; descripciones de iconos procesables (iconos de redes sociales, iconos de b\u00fasqueda, iconos de carrito, etc.); orientaci\u00f3n para la validaci\u00f3n de entradas de formularios; funciones de elementos como botones, men\u00fas, di\u00e1logos modales (ventanas emergentes) y otros.  <br\/><br\/>Adem\u00e1s, el proceso en segundo plano escanea todas las im\u00e1genes del sitio web. Proporciona una descripci\u00f3n precisa y significativa basada en el reconocimiento de objetos como etiqueta ALT (texto alternativo) para las im\u00e1genes que no est\u00e1n descritas. Tambi\u00e9n extraer\u00e1 textos incrustados en la imagen mediante una tecnolog\u00eda OCR (reconocimiento \u00f3ptico de caracteres). Para activar los ajustes del lector de pantalla en cualquier momento, los usuarios s\u00f3lo tienen que pulsar la combinaci\u00f3n de teclado Alt+1. Los usuarios de lectores de pantalla tambi\u00e9n reciben anuncios autom\u00e1ticos para activar el modo lector de pantalla en cuanto entran en el sitio web.<br\/><br\/>Estos ajustes son compatibles con lectores de pantalla populares como JAWS, NVDA, VoiceOver y TalkBack.<br\/><\/li>\n\n\n<li><strong>Optimizaci\u00f3n de la navegaci\u00f3n por teclado: <\/strong>El proceso en segundo plano tambi\u00e9n ajusta el HTML del sitio web y a\u00f1ade varios comportamientos mediante c\u00f3digo JavaScript para que el sitio web sea operable mediante el teclado. Esto incluye la posibilidad de navegar por la web con las teclas Tab y May\u00fas+Tab, manejar desplegables con las flechas del teclado, cerrarlos con Esc, activar botones y enlaces con la tecla Intro, navegar entre elementos de radio y casillas de verificaci\u00f3n con las flechas del teclado y rellenarlos con la barra espaciadora o la tecla Intro.<br\/><br\/>Adem\u00e1s, los usuarios de teclado encontrar\u00e1n men\u00fas de omisi\u00f3n de contenidos disponibles en cualquier momento pulsando Alt+2, o como primer elemento del sitio al navegar con el teclado. El proceso en segundo plano tambi\u00e9n gestiona las ventanas emergentes activadas moviendo el foco del teclado hacia ellas en cuanto aparecen, sin dejar que el foco se desv\u00ede hacia fuera.<br\/><br\/>Los usuarios tambi\u00e9n pueden utilizar atajos como \u00abM\u00bb (men\u00fas), \u00abH\u00bb (encabezados), \u00abF\u00bb (formularios), \u00abB\u00bb (botones) y \u00abG\u00bb (gr\u00e1ficos) para saltar a elementos espec\u00edficos.<\/li>\n\n<\/ol>\n\n\n\n<h2 class=\"wp-block-heading \\&quot;wp-block-heading\\&quot;\" id=\"\\&quot;h-disability-profiles-supported-on-our-website\\&quot;\">Perfiles de discapacidad en nuestro sitio web<\/h2>\n\n\n\n<ul class=\"wp-block-list\">\n<li><strong>Perfil seguro para epilepsia:<\/strong> este perfil permite a las personas con epilepsia utilizar el sitio web de forma segura, eliminando el riesgo de convulsiones derivado de animaciones intermitentes o parpadeantes y combinaciones de colores arriesgadas.<\/li>\n\n\n\n<li><strong>Perfil para deficientes visuales:<\/strong> este perfil ajusta el sitio web para que sea accesible a la mayor\u00eda de los deficientes visuales, como Degradaci\u00f3n de la vista, Visi\u00f3n en t\u00fanel, Cataratas, Glaucoma y otros.<\/li>\n\n\n\n<li><strong>Perfil de discapacidad cognitiva:<\/strong> este perfil ofrece diversas funciones de asistencia para ayudar a los usuarios con discapacidades cognitivas como autismo, dislexia, CVA y otras, a centrarse m\u00e1s f\u00e1cilmente en los elementos esenciales.<\/li>\n\n\n\n<li><strong>Perfil ADHD Friendly<\/strong>: este perfil reduce significativamente las distracciones y el ruido para ayudar a las personas con TDAH y trastornos del neurodesarrollo a navegar, leer y centrarse en los elementos esenciales con mayor facilidad.<\/li>\n\n\n\n<li><strong>Perfil de usuarios ciegos (lectores de pantalla):<\/strong> este perfil ajusta el sitio web para que sea compatible con lectores de pantalla como JAWS, NVDA, VoiceOver y TalkBack. El usuario ciego tiene instalado un lector de pantalla en su ordenador y este sitio es compatible con \u00e9l.<\/li>\n\n\n\n<li><strong>Perfil de navegaci\u00f3n por teclado (personas con discapacidad mot<\/strong> riz<strong>):<\/strong> este perfil permite a las personas con discapacidad motriz utilizar el sitio web mediante el tabulador del teclado, May\u00fas+Tabulador y las teclas Intro. Los usuarios tambi\u00e9n pueden utilizar atajos como \u00abM\u00bb (men\u00fas), \u00abH\u00bb (encabezados), \u00abF\u00bb (formularios), \u00abB\u00bb (botones) y \u00abG\u00bb (gr\u00e1ficos) para saltar a elementos espec\u00edficos.<\/li>\n<\/ul>\n\n\n\n<h2 class=\"wp-block-heading \\&quot;wp-block-heading\\&quot;\" id=\"\\&quot;h-additional-ui-design-and-readability-adjustments\\&quot;\">Ajustes adicionales de interfaz de usuario, dise\u00f1o y legibilidad<\/h2>\n\n\n\n<ol class=\"wp-block-list\">\n\n<li><strong>Ajustes de fuente:<\/strong> los usuarios pueden aumentar y reducir su tama\u00f1o, cambiar su familia (tipo), ajustar el espaciado, la alineaci\u00f3n, la altura de l\u00ednea, etc.<\/li>\n\n\n<li><strong>Ajustes de color:<\/strong> los usuarios pueden seleccionar varios perfiles de contraste de color, como claro, oscuro, invertido y monocromo. Adem\u00e1s, los usuarios pueden cambiar los esquemas de color de t\u00edtulos, textos y fondos con m\u00e1s de siete opciones de coloraci\u00f3n diferentes.<\/li>\n\n\n<li><strong>Animaciones:<\/strong> los usuarios epil\u00e9pticos pueden detener todas las animaciones en ejecuci\u00f3n con s\u00f3lo pulsar un bot\u00f3n. Las animaciones controladas por la interfaz incluyen v\u00eddeos, GIF y transiciones intermitentes CSS.<\/li>\n\n\n<li><strong>Resaltar el contenido:<\/strong> los usuarios pueden elegir resaltar elementos esenciales como enlaces y t\u00edtulos. Tambi\u00e9n pueden elegir resaltar s\u00f3lo los elementos enfocados o sobre los que se pasa el rat\u00f3n.<\/li>\n\n\n<li><strong>Silenciamiento de audio:<\/strong> los usuarios con dispositivos auditivos pueden sufrir dolores de cabeza u otros problemas debido a la reproducci\u00f3n autom\u00e1tica de audio. Esta opci\u00f3n permite a los usuarios silenciar todo el sitio web al instante.<\/li>\n\n\n<li><strong>Trastornos<\/strong> cognitivos<strong>:<\/strong> utilizamos un motor de b\u00fasqueda vinculado a Wikipedia y Wiktionary, que permite a las personas con trastornos cognitivos descifrar significados de frases, iniciales, argot y otros.<\/li>\n\n\n<li><strong>Funciones adicionales <\/strong><strong>:<\/strong> permitimos a los usuarios cambiar el color y el tama\u00f1o del cursor, utilizar un modo de impresi\u00f3n, activar un teclado virtual y muchas otras funciones.<\/li>\n\n<\/ol>\n\n\n\n<h2 class=\"wp-block-heading \\&quot;wp-block-heading\\&quot;\" id=\"\\&quot;h-assistive-technology-and-browser-compatibility\\&quot;\">Tecnolog\u00eda de asistencia y compatibilidad de navegadores<\/h2>\n\n\n\n<p>Nuestro objetivo es admitir el mayor n\u00famero posible de navegadores y tecnolog\u00edas de asistencia, para que nuestros usuarios puedan elegir las herramientas que mejor se adapten a ellos, con el menor n\u00famero posible de limitaciones. Por lo tanto, hemos trabajado muy duro para poder dar soporte a los principales sistemas que comprenden m\u00e1s del 95% de la cuota de mercado de usuarios, incluidos Google Chrome, Mozilla Firefox, Apple Safari, Opera y Microsoft Edge, JAWS y NVDA (lectores de pantalla), tanto para usuarios de Windows como de MAC.<\/p>\n\n\n\n<h2 class=\"wp-block-heading \\&quot;wp-block-heading\\&quot;\" id=\"\\&quot;h-notes-comments-and-feedback\\&quot;\">Notas, comentarios y opiniones<\/h2>\n\n\n\n<p>A pesar de que hacemos todo lo posible para que cualquier persona pueda adaptar el sitio web a sus necesidades, puede haber p\u00e1ginas o secciones que no sean totalmente accesibles, que est\u00e9n en proceso de serlo o que carezcan de una soluci\u00f3n tecnol\u00f3gica adecuada para hacerlas accesibles. Aun as\u00ed, mejoramos continuamente nuestra accesibilidad, a\u00f1adiendo, actualizando y mejorando sus opciones y funciones, y desarrollando y adoptando nuevas tecnolog\u00edas. Todo ello para alcanzar el nivel \u00f3ptimo de accesibilidad tras los avances tecnol\u00f3gicos. Si desea ponerse en contacto con el propietario del sitio web, utilice el siguiente correo electr\u00f3nico babakmoein@gmail.com<\/p>\n\n\n\n<hr class=\\\"wp-block-separator has-alpha-channel-opacity\\\"\/>\n\n\n\n<p><img decoding=\"async\" src=\"%5C%22https:\/\/dashboard.accessibe.com\/media\/template\/logo.svg%5C%22\" alt=\"\\\" accessibe=\"\"><\/p>\n","protected":false},"excerpt":{"rendered":"<p>Declaraci\u00f3n de accesibilidad Emitido por Estado de cumplimiento Creemos firmemente que Internet debe estar al alcance de todos y nos comprometemos a ofrecer un sitio web accesible al mayor n\u00famero posible de personas, independientemente de sus capacidades. Para ello, nuestro objetivo es adherirnos lo m\u00e1s estrictamente posible a las Pautas de Accesibilidad al Contenido en [&hellip;]<\/p>\n","protected":false},"author":20,"featured_media":40151,"parent":0,"menu_order":0,"comment_status":"closed","ping_status":"closed","template":"","meta":{"footnotes":""},"class_list":["post-36761","page","type-page","status-publish","has-post-thumbnail","hentry"],"_links":{"self":[{"href":"https:\/\/healthylifebariatrics.com\/es\/wp-json\/wp\/v2\/pages\/36761","targetHints":{"allow":["GET"]}}],"collection":[{"href":"https:\/\/healthylifebariatrics.com\/es\/wp-json\/wp\/v2\/pages"}],"about":[{"href":"https:\/\/healthylifebariatrics.com\/es\/wp-json\/wp\/v2\/types\/page"}],"author":[{"embeddable":true,"href":"https:\/\/healthylifebariatrics.com\/es\/wp-json\/wp\/v2\/users\/20"}],"replies":[{"embeddable":true,"href":"https:\/\/healthylifebariatrics.com\/es\/wp-json\/wp\/v2\/comments?post=36761"}],"version-history":[{"count":1,"href":"https:\/\/healthylifebariatrics.com\/es\/wp-json\/wp\/v2\/pages\/36761\/revisions"}],"predecessor-version":[{"id":45679,"href":"https:\/\/healthylifebariatrics.com\/es\/wp-json\/wp\/v2\/pages\/36761\/revisions\/45679"}],"wp:featuredmedia":[{"embeddable":true,"href":"https:\/\/healthylifebariatrics.com\/es\/wp-json\/wp\/v2\/media\/40151"}],"wp:attachment":[{"href":"https:\/\/healthylifebariatrics.com\/es\/wp-json\/wp\/v2\/media?parent=36761"}],"curies":[{"name":"wp","href":"https:\/\/api.w.org\/{rel}","templated":true}]}}