{"id":36760,"date":"2023-05-12T14:27:39","date_gmt":"2023-05-12T14:27:39","guid":{"rendered":"https:\/\/healthylifebariatrics.com\/servicios\/cirugia-de-bypass-gastrico\/"},"modified":"2024-09-21T12:49:51","modified_gmt":"2024-09-21T12:49:51","slug":"cirugia-de-bypass-gastrico","status":"publish","type":"page","link":"https:\/\/healthylifebariatrics.com\/es\/servicios\/cirugia-de-bypass-gastrico\/","title":{"rendered":"Cirug\u00eda de bypass g\u00e1strico"},"content":{"rendered":"\n<h1>\n\t\tCirug\u00eda de Bypass G\u00e1strico Los Angeles CA, Cirujano Bari\u00e1trico Dr.Moein\n\t<\/h1>\n\n<h2>\n\t\t\u00bfQu\u00e9 es la cirug\u00eda de bypass g\u00e1strico?\n\t<\/h2>\n\t<p>Recomendamos el bypass g\u00e1strico a los pacientes diagnosticados de obesidad grave. Aconsejamos la intervenci\u00f3n a cualquier persona que haya intentado perder peso sin \u00e9xito a largo plazo. Para poder someterse a un bypass g\u00e1strico, deber\u00e1 tener un \u00edndice de masa corporal (IMC) igual o superior a 40. Su m\u00e9dico puede aconsejarle que se someta a un bypass g\u00e1strico si tiene un IMC de 35 con una o m\u00e1s enfermedades relacionadas con el peso, como hipertensi\u00f3n, cardiopat\u00edas y diabetes de tipo 2.<\/p>\n\t<p>El bypass g\u00e1strico en Y de Roux (RYGB) es un tipo de cirug\u00eda bari\u00e1trica (p\u00e9rdida de peso). Considerado el est\u00e1ndar de oro de los procedimientos bari\u00e1tricos, el bypass g\u00e1strico ayuda a perder peso de dos maneras.<\/p>\n<p>En primer lugar, el cirujano bari\u00e1trico seccionar\u00e1 la parte superior del est\u00f3mago con grapas. Esto crea una peque\u00f1a bolsa del tama\u00f1o de un huevo, lo que reduce la cantidad de comida que puede ingerir.<\/p>\n<p>A continuaci\u00f3n, el cirujano une la nueva bolsa directamente al intestino delgado, formando una \u00abY\u00bb y creando la \u00abextremidad de Roux\u00bb.<\/p>\n<p>\u00bfQuieres m\u00e1s informaci\u00f3n?<\/p>\n<h2>\n\t\tPREGUNTAS Y RESPUESTAS\n\t<\/h2>\n\t<iframe id=\"video-resize\" src=\"https:\/\/www.youtube.com\/embed\/W-PQyGRIWFA?autoplay=1&amp;rel=0\" frameborder=\"0\" allowfullscreen=\"1\" allow=\"\"><\/iframe>\n<h2>\n\t\t\u00bfC\u00f3mo ayuda el bypass g\u00e1strico a perder peso?\n\t<\/h2>\n\t<p>La nueva bolsa restringe la ingesta de alimentos, mientras que el redireccionamiento del aparato digestivo reduce la cantidad de grasa y calor\u00edas que se absorben de los alimentos ingeridos. Por cierto, la cirug\u00eda tambi\u00e9n puede reducir las cantidades de vitaminas y minerales que absorbe de los alimentos.<\/p>\n<p>La cirug\u00eda emplea el uso de peque\u00f1as incisiones en el abdomen, que act\u00faan como puntos de entrada para la c\u00e1mara laparosc\u00f3pica y otras herramientas quir\u00fargicas. La cirug\u00eda puede ayudarle a perder hasta 45 kilos de sobrepeso. Tambi\u00e9n se ha demostrado que la cirug\u00eda de bypass bari\u00e1trico revierte la diabetes de tipo 2 y puede ayudar a reducir los riesgos asociados a la hipertensi\u00f3n arterial, ciertas afecciones cardiacas y la apnea del sue\u00f1o.<\/p>\n\t\t\t\t<img loading=\"lazy\" decoding=\"async\" src=\"https:\/\/healthylifebariatrics.com\/wp-content\/uploads\/2019\/04\/Gastric-Bypass-Surgery-Los-Angeles.jpg\" alt=\"Gastric Bypass Surgery&#039;s infographic in Los Angeles\" itemprop=\"image\" height=\"1080\" width=\"945\" title=\"Gastric-Bypass-Surgery--Los-Angeles\" onerror=\"this.style.display='none'\"  \/>\n<h2>\n\t\tCoste de la cirug\u00eda de bypass g\u00e1strico\n\t<\/h2>\n\t<p>En cuanto a los procedimientos bari\u00e1tricos, el bypass g\u00e1strico es uno de los m\u00e1s caros. El coste medio oscila entre 20.000 y 25.000 d\u00f3lares. Los honorarios que pague pueden variar en funci\u00f3n de los detalles que el cirujano comente con usted durante la consulta inicial. Sin embargo, si sopesa las ventajas de la cirug\u00eda de bypass para adelgazar y su coste, ver\u00e1 que la operaci\u00f3n merece la pena. Los beneficios incluyen una importante p\u00e9rdida de peso, m\u00e1s energ\u00eda y un nuevo impulso vital.<\/p>\n<p>&nbsp;<\/p>\n\t\t\t\t<a href=\"tel:+1-310-881-8503\" target=\"_self\" itemprop=\"url\" rel=\"noopener\">\n\t\t\t\t<img loading=\"lazy\" decoding=\"async\" src=\"https:\/\/healthylifebariatrics.com\/wp-content\/uploads\/2023\/05\/Captura-de-pantalla-2023-05-12-a-las-10.02.41-a.-m.-copia-1.webp\" alt=\"A woman in a business suit exploring gastric sleeve surgery options.\" itemprop=\"image\" height=\"164\" width=\"610\" title=\"A woman in a business suit exploring gastric sleeve surgery options.\" onerror=\"this.style.display='none'\"  \/>\n\t\t\t\t<\/a>\n\t<h2>\u00bfPaga el seguro la cirug\u00eda de bypass g\u00e1strico para adelgazar?<\/h2>\n<p>Las compa\u00f1\u00edas de seguros son cada vez m\u00e1s conscientes de que la cirug\u00eda bari\u00e1trica salva vidas. Al reducir el peso y tratar la diabetes de tipo 2, cirug\u00edas como el bypass g\u00e1strico est\u00e1n ahora cubiertas en muchas p\u00f3lizas de seguro m\u00e9dico. Su empresa puede ofrecer cirug\u00eda bari\u00e1trica como una de sus prestaciones cubiertas. Si la cirug\u00eda bari\u00e1trica no est\u00e1 incluida en su p\u00f3liza, puede presionar al departamento de RRHH de su empresa para convencer a los responsables del departamento de que ofrezcan cobertura para la cirug\u00eda de bypass para adelgazar. En raras ocasiones, basta con solicitar la cobertura, ya que algunas compa\u00f1\u00edas de seguros cubren la cirug\u00eda bari\u00e1trica caso por caso.<\/p>\n<p>Para los trabajadores independientes que son responsables de asegurar su propia cobertura de seguro de vida, compruebe su p\u00f3liza. Cada vez m\u00e1s compa\u00f1\u00edas de seguros cubren operaciones como el bypass g\u00e1strico.<\/p>\n<p>Las personas sin seguro m\u00e9dico pueden financiar la cirug\u00eda bari\u00e1trica. Empresas como CareCredit y Prosper Healthcare Lending te dan una tarjeta de cr\u00e9dito que utilizas en el momento del pago. Otras ideas para pagar la cirug\u00eda de su bolsillo son los pr\u00e9stamos personales y los pr\u00e9stamos de amigos y familiares.<\/p>\n<h2>\n\t\tPost-Operatorio de Bypass G\u00e1strico &#8211; \u00bfQu\u00e9 esperar despu\u00e9s de la cirug\u00eda de bypass bari\u00e1trico?\n\t<\/h2>\n\t\t\t\t<img loading=\"lazy\" decoding=\"async\" src=\"https:\/\/healthylifebariatrics.com\/wp-content\/uploads\/2019\/04\/Bypass-Surgery.jpg\" alt=\"Before and after Gastric Bypass Surgery Los Angeles\" itemprop=\"image\" height=\"480\" width=\"590\" title=\"Before and after Gastric Bypass Surgery Los Angeles\" onerror=\"this.style.display='none'\"  \/>\n\t<p>El bypass g\u00e1strico es una cirug\u00eda mayor. Como en cualquier cirug\u00eda mayor, pasar\u00e1 alg\u00fan tiempo en recuperaci\u00f3n. La mayor\u00eda de las personas deben permanecer en el hospital dos o tres d\u00edas. La recuperaci\u00f3n en casa puede durar de una semana a dos semanas o m\u00e1s. Deber\u00eda volver a su rutina habitual en un plazo de tres a cinco semanas.<\/p>\n<p>Durante el periodo de recuperaci\u00f3n, el cirujano le pedir\u00e1 que tome las cosas con calma y mucho reposo. Beba l\u00edquidos y siga las recomendaciones de su cirujano bari\u00e1trico, que incluyen el cuidado adecuado de la zona quir\u00fargica.<\/p>\n<p>En lo que respecta a la p\u00e9rdida de peso con cirug\u00eda de bypass, puede esperar perder grandes cantidades de peso. Si existe una enfermedad relacionada con el peso, como la diabetes de tipo 2 o la hipertensi\u00f3n arterial, estas afecciones pueden disminuir o desaparecer por completo. Tendr\u00e1 m\u00e1s energ\u00eda y su calidad de vida tambi\u00e9n mejorar\u00e1.<\/p>\n<h2>\n\t\tBypass g\u00e1strico antes\/despu\u00e9s &#8211; La l\u00ednea de tiempo de la cirug\u00eda de bypass para perder peso\n\t<\/h2>\n<h2>\n\t\tAntes de la cirug\u00eda de bypass g\u00e1strico\n\t<\/h2>\n\t<p>Antes de que el cirujano le d\u00e9 luz verde para el bypass g\u00e1strico, deber\u00e1 evaluarle. Algunas p\u00f3lizas de seguro exigen que su m\u00e9dico de cabecera le recomiende la cirug\u00eda de perdida de peso antes de pasar a una consulta con un cirujano especializado en perdida de peso. Consulte a su compa\u00f1\u00eda de seguros para asegurarse de que sigue los protocolos necesarios.<\/p>\n<p>El cirujano bari\u00e1trico y el equipo quir\u00fargico se reunir\u00e1n con usted para determinar su idoneidad para el bypass g\u00e1strico. Tambi\u00e9n se le puede pedir que se re\u00fana con un dietista y un psic\u00f3logo. El cirujano realizar\u00e1 una serie de an\u00e1lisis de sangre y radiograf\u00edas preoperatorias tras la evaluaci\u00f3n inicial y aproximadamente una semana antes de la intervenci\u00f3n.<\/p>\n\t\t\t\t<img loading=\"lazy\" decoding=\"async\" src=\"https:\/\/healthylifebariatrics.com\/wp-content\/uploads\/2019\/04\/Gastric-Bypass-2.jpg\" alt=\"Gastric Bypass Surgrey Before and After in Los Angeles\" itemprop=\"image\" height=\"480\" width=\"590\" title=\"Gastric Bypass Los Angeles\" onerror=\"this.style.display='none'\"  \/>\n\t<h3>Dejar de fumar<\/h3>\n<p>A nadie le gusta que le digan lo que tiene que hacer. Sin embargo, si usted es fumador y desea obtener los mejores resultados de la manga g\u00e1strica y proteger su salud, DEBE dejar de fumar. Planee dejar de fumar al menos un mes antes de la cirug\u00eda. Preferiblemente, deber\u00eda abandonar el h\u00e1bito dos meses antes de la intervenci\u00f3n quir\u00fargica para disminuir significativamente el riesgo de neumon\u00eda y otros problemas pulmonares tras la cirug\u00eda. Llame a su m\u00e9dico de cabecera si necesita una ayuda para dejar de fumar, como parches o chicles. Puede ser \u00fatil saber que el tabaquismo es la primera causa de muerte evitable en Estados Unidos.<\/p>\n<h3>D\u00eda de la cirug\u00eda<\/h3>\n<p>El d\u00eda de la cirug\u00eda de bypass bari\u00e1trico, una enfermera quir\u00fargica le ingresar\u00e1 en el quir\u00f3fano. Los pacientes con problemas card\u00edacos requerir\u00e1n una vigilancia especial y pueden ser ingresados en el centro quir\u00fargico el d\u00eda antes de la intervenci\u00f3n, aunque esto es poco habitual. Una vez preparado para la cirug\u00eda de bypass para adelgazar, la enfermera, el anestesista y el cirujano bari\u00e1trico le har\u00e1n una serie de preguntas. El anestesista comenzar\u00e1 el proceso de insensibilizaci\u00f3n insertando una v\u00eda intravenosa. Tras un breve periodo de tiempo, se quedar\u00e1 dormido y comenzar\u00e1 la intervenci\u00f3n quir\u00fargica.<\/p>\n\t\t\t\t<a href=\"tel:+1-310-881-8503\" target=\"_self\" itemprop=\"url\" rel=\"noopener\">\n\t\t\t\t<img loading=\"lazy\" decoding=\"async\" src=\"https:\/\/healthylifebariatrics.com\/wp-content\/uploads\/2023\/05\/Captura-de-pantalla-2023-05-12-a-las-10.02.41-a.-m.-copia-1.webp\" alt=\"A woman in a business suit exploring gastric sleeve surgery options.\" itemprop=\"image\" height=\"164\" width=\"610\" title=\"A woman in a business suit exploring gastric sleeve surgery options.\" onerror=\"this.style.display='none'\"  \/>\n\t\t\t\t<\/a>\n\t<h3>Cuidados postoperatorios<\/h3>\n<p>Se despertar\u00e1 de la operaci\u00f3n en la sala de recuperaci\u00f3n. Durante un breve periodo de tiempo, normalmente una o dos horas, el personal de enfermer\u00eda y su m\u00e9dico controlar\u00e1n sus constantes vitales, como la respiraci\u00f3n y el ritmo cardiaco. Si su salud se estabiliza y sus niveles de ox\u00edgeno en sangre se mantienen saludables, le trasladar\u00e1n a una habitaci\u00f3n normal de hospital para una estancia corta.<\/p>\n<h3>Tubos y cat\u00e9teres<\/h3>\n<p>Mientras usted duerme durante la intervenci\u00f3n, el cirujano le colocar\u00e1 dos tubos en el cuerpo. Un tubo se encarga de ayudarle a respirar mientras el cirujano realiza la intervenci\u00f3n. El cirujano tambi\u00e9n le introducir\u00e1 una sonda en la vejiga para recoger la orina.<\/p>\n<p>Cuando le trasladen a la habitaci\u00f3n del hospital, es posible que le pidan que mantenga el cat\u00e9ter colocado durante aproximadamente un d\u00eda despu\u00e9s de la intervenci\u00f3n. Tambi\u00e9n puede experimentar dolor de garganta debido al tubo de respiraci\u00f3n que utilizan durante la cirug\u00eda de bypass g\u00e1strico. Cualquier molestia que experimente desaparecer\u00e1 en uno o dos d\u00edas.<\/p>\n<p>En algunos casos, se coloca una sonda nasog\u00e1strica a trav\u00e9s de la nariz hasta el est\u00f3mago. Este tubo tambi\u00e9n permanecer\u00e1 en su lugar despu\u00e9s de la cirug\u00eda hasta que se determine que su est\u00f3mago est\u00e1 sanando adecuadamente. Esta sonda de inserci\u00f3n nasal se encarga de eliminar las secreciones de la parte superior del est\u00f3mago. El tubo tambi\u00e9n evita la distensi\u00f3n, que puede producirse cuando la bolsa en forma de huevo se llena en exceso.<\/p>\n<p>En raras ocasiones, el cirujano bari\u00e1trico puede optar por colocar un tubo a trav\u00e9s de la piel que se extiende hasta la parte inferior del est\u00f3mago. Conocida como sonda de gastrostom\u00eda o sonda G, esta sonda puede ayudarle a no hincharse demasiado. La sonda de gastrostom\u00eda se utiliza muy raramente y normalmente s\u00f3lo se reserva para aquellos que se han sometido a una cirug\u00eda de reducci\u00f3n de est\u00f3mago en el pasado y que ahora requieren una cirug\u00eda bari\u00e1trica de revisi\u00f3n.<\/p>\n<h2>\n\t\t\u00bfQu\u00e9 edad es la ideal para los pacientes de cirug\u00eda de p\u00e9rdida de peso?\n\t<\/h2>\n\t<h2>Tratamiento para el dolor tras la cirug\u00eda de bypass g\u00e1strico<\/h2>\n<p>Su cirujano bari\u00e1trico puede recomendarle remedios de venta libre para combatir el dolor y las molestias posquir\u00fargicas. Tambi\u00e9n puede recibir un recipe para medicamentos. Siga las recomendaciones de su cirujano para mantenerse sano y garantizar una r\u00e1pida cicatrizaci\u00f3n de la intervenci\u00f3n de bypass g\u00e1strico.<\/p>\n<h2>\u00bfEs usted un buen candidato para la cirug\u00eda de bypass g\u00e1strico?<\/h2>\n\t\t\t\t<img loading=\"lazy\" decoding=\"async\" src=\"https:\/\/healthylifebariatrics.com\/wp-content\/uploads\/2019\/04\/Gastric-Bypass-2.jpg\" alt=\"Gastric Bypass Surgrey Before and After in Los Angeles\" itemprop=\"image\" height=\"480\" width=\"590\" title=\"Gastric Bypass Los Angeles\" onerror=\"this.style.display='none'\"  \/>\n\t<p>Recomendamos el bypass g\u00e1strico a los pacientes diagnosticados con obesidad grave. Aconsejamos la intervenci\u00f3n a cualquier persona que haya intentado perder peso sin \u00e9xito a largo plazo. Para poder someterse a un bypass g\u00e1strico, deber\u00e1 tener un \u00edndice de masa corporal (IMC) igual o superior a 40. Su m\u00e9dico puede aconsejarle que se someta a un bypass g\u00e1strico si tiene un IMC de 35 con una o m\u00e1s enfermedades relacionadas con el peso, como hipertensi\u00f3n, cardiopat\u00edas y diabetes de tipo 2.<\/p>\n\t\t\t\t<img decoding=\"async\" src=\"https:\/\/healthylifebariatrics.com\/wp-content\/plugins\/bb-plugin\/img\/pixel.png\" alt=\"\" itemprop=\"image\" onerror=\"this.style.display='none'\"  \/>\n\t<p>Decenas de miles de pacientes han logrado resultados que les han cambiado la vida gracias a esta t\u00e9cnica bari\u00e1trica. No es de extra\u00f1ar por qu\u00e9 el bypass g\u00e1strico es uno de los procedimientos m\u00e1s comunes que ofrecemos en Healthy Life Bariatrics en Los \u00c1ngeles, California.<\/p>\n<h2>\n\t\tOtras preguntas frecuentes sobre el bypass g\u00e1strico\n\t<\/h2>\n\t<h2>\u00bfTiene alg\u00fan riesgo el bypass g\u00e1strico?<\/h2>\n<p>Todas las cirug\u00edas conllevan ciertos riesgos. Entre los riesgos de la cirug\u00eda de bypass g\u00e1strico figuran el estre\u00f1imiento, los c\u00e1lculos biliares, las infecciones de las heridas y el s\u00edndrome de dumping. El s\u00edndrome de dumping se produce cuando las comidas muy azucaradas, los refrescos y los zumos de fruta empujan el est\u00f3mago, provocando v\u00f3mitos, n\u00e1useas y debilidad.<\/p>\n<p>Puede minimizar sus riesgos eligiendo al mejor y m\u00e1s cualificado cirujano bari\u00e1trico.<\/p>\n<h2>\u00bfCu\u00e1l es el primer paso para someterse a un bypass g\u00e1strico?<\/h2>\n<p>Si el diagn\u00f3stico muestra que usted es obeso o sospecha que tiene un IMC superior a 40 (o 35 con una o m\u00e1s afecciones relacionadas con el peso), puede optar a la cirug\u00eda bari\u00e1trica de bypass g\u00e1strico. Llame a Healthy Life Bariatrics, el hogar del mundialmente conocido Dr. Babak Moeinolmolki.<\/p>\n<p>El Dr. Moeinolmolki, cirujano bari\u00e1trico, est\u00e1 especializado en cirug\u00eda laparosc\u00f3pica m\u00ednimamente invasiva, que utiliza peque\u00f1as incisiones de una pulgada y herramientas laparosc\u00f3picas, incluida una c\u00e1mara. El Dr. Moeinolmolki realiza la intervenci\u00f3n mientras observa en un monitor, lo que elimina la necesidad de cirug\u00eda \u00ababierta\u00bb. Los riesgos para su salud son menores con la cirug\u00eda laparosc\u00f3pica. Se ha demostrado que el bypass g\u00e1strico ayuda a los pacientes a perder peso, hasta 45 kilos o m\u00e1s.<\/p>\n<p>Programe una consulta con el cirujano bari\u00e1trico Dr. Moeinolmolki en Los \u00c1ngeles y pregunte por el bypass g\u00e1strico llamando al <a href=\"tel:+1-310-881-8538\">(310) 881-8538<\/a>.<\/p>\n\t\t\t<a href=\"\" target=\"_self\" rel=\"noopener\">\n\t\t\t\t\t\t\tV\u00eddeos de cirug\u00eda bari\u00e1trica\n\t\t\t\t\t<\/a>\n\t\t\t\t<a href=\"tel:+1-310-881-8503\" target=\"_self\" itemprop=\"url\" rel=\"noopener\">\n\t\t\t\t<img loading=\"lazy\" decoding=\"async\" src=\"https:\/\/healthylifebariatrics.com\/wp-content\/uploads\/2023\/05\/Captura-de-pantalla-2023-05-12-a-las-10.02.41-a.-m.-copia-1.webp\" alt=\"A woman in a business suit exploring gastric sleeve surgery options.\" itemprop=\"image\" height=\"164\" width=\"610\" title=\"A woman in a business suit exploring gastric sleeve surgery options.\" onerror=\"this.style.display='none'\"  \/>\n\t\t\t\t<\/a>\n<h2>\n\t\tBorrar la grasa abdominal y revertir<br \/>  Diabetes &#8211; \u00bfQu\u00e9 puede hacer un bypass g\u00e1strico  <br \/>\u00bfLe conviene la cirug\u00eda?\n\t<\/h2>\n\n","protected":false},"excerpt":{"rendered":"<p>Cirug\u00eda de Bypass G\u00e1strico Los Angeles CA, Cirujano Bari\u00e1trico Dr.Moein \u00bfQu\u00e9 es la cirug\u00eda de bypass g\u00e1strico? Recomendamos el bypass g\u00e1strico a los pacientes diagnosticados de obesidad grave. Aconsejamos la intervenci\u00f3n a cualquier persona que haya intentado perder peso sin \u00e9xito a largo plazo. Para poder someterse a un bypass g\u00e1strico, deber\u00e1 tener un \u00edndice [&hellip;]<\/p>\n","protected":false},"author":20,"featured_media":39491,"parent":36757,"menu_order":0,"comment_status":"closed","ping_status":"closed","template":"","meta":{"footnotes":""},"class_list":["post-36760","page","type-page","status-publish","has-post-thumbnail","hentry"],"_links":{"self":[{"href":"https:\/\/healthylifebariatrics.com\/es\/wp-json\/wp\/v2\/pages\/36760","targetHints":{"allow":["GET"]}}],"collection":[{"href":"https:\/\/healthylifebariatrics.com\/es\/wp-json\/wp\/v2\/pages"}],"about":[{"href":"https:\/\/healthylifebariatrics.com\/es\/wp-json\/wp\/v2\/types\/page"}],"author":[{"embeddable":true,"href":"https:\/\/healthylifebariatrics.com\/es\/wp-json\/wp\/v2\/users\/20"}],"replies":[{"embeddable":true,"href":"https:\/\/healthylifebariatrics.com\/es\/wp-json\/wp\/v2\/comments?post=36760"}],"version-history":[{"count":3,"href":"https:\/\/healthylifebariatrics.com\/es\/wp-json\/wp\/v2\/pages\/36760\/revisions"}],"predecessor-version":[{"id":43116,"href":"https:\/\/healthylifebariatrics.com\/es\/wp-json\/wp\/v2\/pages\/36760\/revisions\/43116"}],"up":[{"embeddable":true,"href":"https:\/\/healthylifebariatrics.com\/es\/wp-json\/wp\/v2\/pages\/36757"}],"wp:featuredmedia":[{"embeddable":true,"href":"https:\/\/healthylifebariatrics.com\/es\/wp-json\/wp\/v2\/media\/39491"}],"wp:attachment":[{"href":"https:\/\/healthylifebariatrics.com\/es\/wp-json\/wp\/v2\/media?parent=36760"}],"curies":[{"name":"wp","href":"https:\/\/api.w.org\/{rel}","templated":true}]}}