{"id":36756,"date":"2023-05-12T18:16:54","date_gmt":"2023-05-12T18:16:54","guid":{"rendered":"https:\/\/healthylifebariatrics.com\/cirugia-de-banda-gastrica\/"},"modified":"2024-09-10T22:01:08","modified_gmt":"2024-09-10T22:01:08","slug":"cirugia-de-banda-gastrica","status":"publish","type":"page","link":"https:\/\/healthylifebariatrics.com\/es\/servicios\/cirugia-de-banda-gastrica\/","title":{"rendered":"Cirug\u00eda de banda g\u00e1strica"},"content":{"rendered":"\n<h1>\n\t\tLos Angeles, CA Cirug\u00eda de Banda G\u00e1strica para la P\u00e9rdida R\u00e1pida de Peso\n\t<\/h1>\n\n\t<h2>Especialista en Banda G\u00e1strica<\/h2>\n<p>La banda g\u00e1strica ajustable por laparoscopia, tambi\u00e9n conocida como cirug\u00eda LAP-BAND\u00ae, es un procedimiento bari\u00e1trico muy eficaz. Sin embargo, en aproximadamente el 9% de los pacientes es necesario retirar la banda g\u00e1strica y realizar otra intervenci\u00f3n. En tales casos, lo mejor es contar con el cirujano m\u00e1s experimentado y cualificado. En Los \u00c1ngeles, Glendale y Encino los pacientes que necesitan una cirug\u00eda de revisi\u00f3n de banda g\u00e1strica acuden al cirujano bari\u00e1trico Dr. Babak Moeinolmolki de Healthy Life Bariatric, situado en la zona de Century City de la ciudad.<\/p>\n\t<p>\u00bfQuieres m\u00e1s informaci\u00f3n?<\/p>\n\t\t\t<a href=\"tel:+1-310-807-2378\" target=\"_self\" rel=\"noopener\">\n\t\t\t\t\t\t\t\u00a1LLAME AL (310) 807-2378!\n\t\t\t\t\t<\/a>\n<h2>\n\t\tPreguntas y respuestas\n\t<\/h2>\n\t<iframe src=\"https:\/\/www.youtube.com\/embed\/eg3szkIgXrc?autoplay=1&amp;rel=0\" frameborder=\"0\" allowfullscreen=\"1\" allow=\"\"><\/iframe>\n\t<h2>\u00bfQu\u00e9 es una banda laparosc\u00f3pica y c\u00f3mo puede ayudar a los pacientes a perder peso?<\/h2>\n<p>Al igual que con todos los procedimientos bari\u00e1tricos, la banda g\u00e1strica funciona restringiendo el volumen del est\u00f3mago del paciente. Menos espacio en el est\u00f3mago significa una reducci\u00f3n del n\u00famero de calor\u00edas que podemos consumir en cualquier momento. Eso se traduce en p\u00e9rdida de peso, lo que tendr\u00e1 una serie de efectos positivos en la salud y el bienestar de la persona. A medida que avanza la p\u00e9rdida de peso, muchos pacientes se sienten estimulados al poder medir y observar los cambios en su cuerpo, su salud y su nivel de energ\u00eda. Esto puede tener un poderoso efecto acumulativo, ayudando a los pacientes a tomar el control de su salud y bienestar.<\/p>\n\t\t\t\t<img loading=\"lazy\" decoding=\"async\" src=\"https:\/\/healthylifebariatrics.com\/wp-content\/uploads\/2019\/04\/Lap-Band-Surgery-Los-Angeles-1.jpg\" alt=\"infographic Lap Band Surgery Los Angeles\" itemprop=\"image\" height=\"1000\" width=\"780\" title=\"Lap Band Surgery Los Angeles\" onerror=\"this.style.display='none'\"  \/>\n\t<h2>\u00bfQu\u00e9 es la banda g\u00e1strica?<\/h2>\n<p>La banda g\u00e1strica, tambi\u00e9n conocida como cirug\u00eda LAP-BAND, es una cirug\u00eda laparosc\u00f3pica utilizada para ayudar a perder peso. La intervenci\u00f3n consiste en colocar una banda alrededor de la parte superior del est\u00f3mago para crear una peque\u00f1a bolsa que contenga los alimentos. La banda limita la cantidad de comida que consumimos c\u00f3modamente, haciendo que nos sintamos saciados despu\u00e9s de comer cantidades m\u00e1s peque\u00f1as.<\/p>\n<h2>\u00bfQu\u00e9 es la cirug\u00eda de revisi\u00f3n de la banda g\u00e1strica?<\/h2>\n<p>Cuando la cirug\u00eda de banda g\u00e1strica no tiene \u00e9xito o se producen complicaciones, como ocurre en un peque\u00f1o porcentaje de casos, es necesario retirar la banda. Tras la retirada de la banda, existen cuatro opciones de cirug\u00eda de revisi\u00f3n. Estos son:<\/p>\n<ul>\n<li>Volver a colocar la banda<\/li>\n<li>Conversi\u00f3n a manga g\u00e1strica<\/li>\n<li>Conversi\u00f3n a bypass g\u00e1strico<\/li>\n<li>Conversi\u00f3n a switch duodenal<\/li>\n<\/ul>\n<p>El cirujano bari\u00e1trico Dr. Moeinolmolki tiene una amplia experiencia en todos estos procedimientos y recomienda la mejor cirug\u00eda de revisi\u00f3n para la salud de cada paciente y el \u00e9xito de la p\u00e9rdida de peso. Podr\u00edamos realizar la cirug\u00eda de revisi\u00f3n en una sola fase. Realizamos la eliminaci\u00f3n de la banda y una nueva t\u00e9cnica de cirug\u00eda de p\u00e9rdida de peso al mismo tiempo. O realizamos un procedimiento en dos fases en el que la extracci\u00f3n va seguida de la opci\u00f3n de revisi\u00f3n en un momento posterior.<\/p>\n<p>El m\u00e9todo m\u00e1s adecuado para usted depender\u00e1 de su situaci\u00f3n, pero la mayor\u00eda de los cirujanos recomiendan una intervenci\u00f3n en una sola fase.<\/p>\n\t\t\t\t<img loading=\"lazy\" decoding=\"async\" src=\"https:\/\/healthylifebariatrics.com\/wp-content\/uploads\/2019\/04\/Gastric-Band-Lap-Band-in-Los-Angeles-CA.jpg\" alt=\"Gastric Band-Lap Band Los Angeles\" itemprop=\"image\" height=\"627\" width=\"700\" title=\"Gastric Band Lap Band in Los Angeles- CA\" onerror=\"this.style.display='none'\"  \/>\n\t<h2>\u00bfC\u00f3mo se coloca la banda laparosc\u00f3pica?<\/h2>\n<p>Como su nombre indica, colocamos la Lap-band en su posici\u00f3n mediante cirug\u00eda laparosc\u00f3pica, que es m\u00ednimamente invasiva. Hacemos unas incisiones muy peque\u00f1as en el abdomen y utilizamos una c\u00e1mara diminuta para guiar la inserci\u00f3n de la banda. Utilizamos instrumentos quir\u00fargicos especiales para colocar la banda alrededor del est\u00f3mago y luego constre\u00f1irla. La banda puede ajustarse a trav\u00e9s de un puerto de acceso situado justo debajo de la piel del paciente. El dispositivo est\u00e1 dise\u00f1ado para un uso prolongado, pero puede retirarse a trav\u00e9s de otro en caso necesario.<\/p>\n<h2>\u00bfQu\u00e9 papel desempe\u00f1a el paciente en el proceso de p\u00e9rdida de peso con la banda g\u00e1strica?<\/h2>\n<p>Cada persona debe tomar las riendas de su propio proceso de p\u00e9rdida de peso. El sistema LAP-BAND, como cualquier otra herramienta bari\u00e1trica, debe considerarse como un medio de apoyo a la p\u00e9rdida de peso y no es una soluci\u00f3n completa en s\u00ed misma. Los pacientes deben informarse sobre las opciones saludables, incluidas la nutrici\u00f3n y las modificaciones del estilo de vida. Pueden pasar hasta 45 d\u00edas antes de que el paciente pueda consumir alimentos que no hayan sido licuados o ablandados, y \u00e9sa es una gran oportunidad para aprender a escuchar las se\u00f1ales del cuerpo en relaci\u00f3n con el hambre y la saciedad. Un cambio constante y gradual es la mejor manera de lograr el \u00e9xito tras una intervenci\u00f3n de banda g\u00e1strica LAP-BAND.<\/p>\n\t\t\t\t<a href=\"tel:+1-310-807-1735\" target=\"_self\" itemprop=\"url\" rel=\"noopener\">\n\t\t\t\t<img loading=\"lazy\" decoding=\"async\" src=\"https:\/\/healthylifebariatrics.com\/wp-content\/uploads\/2023\/05\/Captura-de-pantalla-2.webp\" alt=\"A woman in a business suit is holding a headset.\" itemprop=\"image\" height=\"185\" width=\"650\" title=\"A woman in a business suit is holding a headset.\" onerror=\"this.style.display='none'\"  \/>\n\t\t\t\t<\/a>\n\t<h2>\u00bfPor qu\u00e9 un paciente necesita una cirug\u00eda de revisi\u00f3n de la banda g\u00e1strica?<\/h2>\n<p>Las razones m\u00e1s comunes por las que es necesaria la cirug\u00eda de revisi\u00f3n de banda g\u00e1strica incluyen:<\/p>\n<ul>\n<li>Falta de p\u00e9rdida de peso<\/li>\n<li>Deslizamiento de la banda<\/li>\n<li>Intolerancia a la banda (enfermedad por reflujo gastroesof\u00e1gico o dificultad para tragar)<\/li>\n<li>Infecci\u00f3n<\/li>\n<\/ul>\n<h2>\u00bfQu\u00e9 consideramos una p\u00e9rdida de peso infructuosa?<\/h2>\n<p>Por lo general, consideramos que una p\u00e9rdida de peso infructuosa es inferior al 25-30% o menos de su exceso de peso. Por otra parte, el \u00e9xito completo suele significar una p\u00e9rdida del 50% o m\u00e1s del exceso de peso.<\/p>\n<h2>\u00bfCubre el seguro la cirug\u00eda de revisi\u00f3n de la banda g\u00e1strica?<\/h2>\n<p>En la mayor\u00eda de los casos, si su seguro cubri\u00f3 su cirug\u00eda original de banda g\u00e1strica, cubrir\u00e1 el retiro de la banda, as\u00ed como el procedimiento de revisi\u00f3n.<\/p>\n<h2>LAP-BAND Remoci\u00f3n Cirujano Dr.Moeinolmolki en Los Angeles CA<\/h2>\n<p>La banda g\u00e1strica ajustable laparosc\u00f3pica (Lap-Band) es un procedimiento bari\u00e1trico del que la mayor\u00eda de la gente ha o\u00eddo hablar. Esta t\u00e9cnica fue la cirug\u00eda de p\u00e9rdida de peso m\u00e1s popular alrededor del 2011. Aunque muchos pacientes tuvieron un \u00e9xito inicial con la tecnolog\u00eda Lap-Band, los m\u00e9dicos y sus pacientes pronto se dieron cuenta de que la banda laparosc\u00f3pica(que utiliza un dispositivo prot\u00e9sico para reducir la capacidad del est\u00f3mago para ingerir alimentos) invitaba a un n\u00famero elevado de complicaciones. Problemas como el deslizamiento, el reflujo \u00e1cido recurrente y los v\u00f3mitos hicieron que la Lap-Band cayera en desgracia. Dicho esto, la Lap-Band todav\u00eda se prescribe para pacientes con condiciones m\u00e9dicas especiales que los hacen malos candidatos para otros procedimientos bari\u00e1tricos. Para estos pacientes, la banda g\u00e1strica ajustable por laparoscopia puede seguir siendo un medio eficaz de perder peso a largo plazo. Sin embargo, en general, los especialistas en bariatr\u00eda tienden a prescribir t\u00e9cnicas bari\u00e1tricas m\u00e1s seguras y eficaces, como la gastrectom\u00eda en manga laparosc\u00f3pica (cirug\u00eda de manga g\u00e1strica). En Healthy Life Bariatrics, el Doctor Babak Moeinolmolki tiene una amplia experiencia en la conversi\u00f3n de la Lap-Band a la manga g\u00e1strica. Ll\u00e1menos en Los \u00c1ngeles, California para programar una consulta para determinar si usted es un candidato para la Lap-Band o la alternativa de bajo riesgo, la manga g\u00e1strica.<\/p>\n\t\t\t\t<a href=\"tel:+1-310-807-1735\" target=\"_self\" itemprop=\"url\" rel=\"noopener\">\n\t\t\t\t<img loading=\"lazy\" decoding=\"async\" src=\"https:\/\/healthylifebariatrics.com\/wp-content\/uploads\/2023\/05\/Captura-de-pantalla-2.webp\" alt=\"A woman in a business suit is holding a headset.\" itemprop=\"image\" height=\"185\" width=\"650\" title=\"A woman in a business suit is holding a headset.\" onerror=\"this.style.display='none'\"  \/>\n\t\t\t\t<\/a>\n\n","protected":false},"excerpt":{"rendered":"<p>Los Angeles, CA Cirug\u00eda de Banda G\u00e1strica para la P\u00e9rdida R\u00e1pida de Peso Especialista en Banda G\u00e1strica La banda g\u00e1strica ajustable por laparoscopia, tambi\u00e9n conocida como cirug\u00eda LAP-BAND\u00ae, es un procedimiento bari\u00e1trico muy eficaz. Sin embargo, en aproximadamente el 9% de los pacientes es necesario retirar la banda g\u00e1strica y realizar otra intervenci\u00f3n. En tales [&hellip;]<\/p>\n","protected":false},"author":20,"featured_media":36608,"parent":36757,"menu_order":0,"comment_status":"closed","ping_status":"closed","template":"","meta":{"footnotes":""},"class_list":["post-36756","page","type-page","status-publish","has-post-thumbnail","hentry"],"_links":{"self":[{"href":"https:\/\/healthylifebariatrics.com\/es\/wp-json\/wp\/v2\/pages\/36756","targetHints":{"allow":["GET"]}}],"collection":[{"href":"https:\/\/healthylifebariatrics.com\/es\/wp-json\/wp\/v2\/pages"}],"about":[{"href":"https:\/\/healthylifebariatrics.com\/es\/wp-json\/wp\/v2\/types\/page"}],"author":[{"embeddable":true,"href":"https:\/\/healthylifebariatrics.com\/es\/wp-json\/wp\/v2\/users\/20"}],"replies":[{"embeddable":true,"href":"https:\/\/healthylifebariatrics.com\/es\/wp-json\/wp\/v2\/comments?post=36756"}],"version-history":[{"count":2,"href":"https:\/\/healthylifebariatrics.com\/es\/wp-json\/wp\/v2\/pages\/36756\/revisions"}],"predecessor-version":[{"id":42885,"href":"https:\/\/healthylifebariatrics.com\/es\/wp-json\/wp\/v2\/pages\/36756\/revisions\/42885"}],"up":[{"embeddable":true,"href":"https:\/\/healthylifebariatrics.com\/es\/wp-json\/wp\/v2\/pages\/36757"}],"wp:featuredmedia":[{"embeddable":true,"href":"https:\/\/healthylifebariatrics.com\/es\/wp-json\/wp\/v2\/media\/36608"}],"wp:attachment":[{"href":"https:\/\/healthylifebariatrics.com\/es\/wp-json\/wp\/v2\/media?parent=36756"}],"curies":[{"name":"wp","href":"https:\/\/api.w.org\/{rel}","templated":true}]}}