{"id":36754,"date":"2023-05-15T15:36:45","date_gmt":"2023-05-15T15:36:45","guid":{"rendered":"https:\/\/healthylifebariatrics.com\/cirugia-de-hernia-de-hiato\/"},"modified":"2024-09-19T12:34:43","modified_gmt":"2024-09-19T12:34:43","slug":"cirugia-de-hernia-de-hiato","status":"publish","type":"page","link":"https:\/\/healthylifebariatrics.com\/es\/servicios\/cirugia-de-hernia-de-hiato\/","title":{"rendered":"Cirug\u00eda de hernia de hiato"},"content":{"rendered":"\n<h1>\n\t\tCirug\u00eda de hernia de hiato para el alivio en Los Angeles CA\n\t<\/h1>\n\n\t<p>Una hernia de hiato se produce cuando una porci\u00f3n del est\u00f3mago sobresale en la zona superior del t\u00f3rax. La cirug\u00eda de hernia de hiato es la intervenci\u00f3n recomendada cuando se presentan s\u00edntomas graves o es probable que la hernia cause complicaciones.<\/p>\n<h2>\u00bfCu\u00e1les son los s\u00edntomas de una hernia de hiato?<\/h2>\n<p>Las hernias de hiato no suelen presentar s\u00edntomas, por lo que no es necesario tratarlas. Pueden manifestarse s\u00edntomas leves, como ardor de est\u00f3mago, <a href=\"https:\/\/healthylifebariatrics.com\/es\/servicios\/cirugia-de-la-acidez-gastrica-erge\/\">trastorno por reflujo gastroesof\u00e1gico<\/a> (ERGE) y reflujo \u00e1cido. A veces se pueden tratar estos s\u00edntomas con cambios en el estilo de vida o con medicamentos.<\/p>\n<h2>\u00bfCu\u00e1ndo se recomienda la cirug\u00eda para una hernia de hiato?<\/h2>\n<p>Si sus s\u00edntomas se agravan, debe programar una consulta con el Dr. Moeinolmolki para someterse a una intervenci\u00f3n quir\u00fargica de hernia de hiato. Los s\u00edntomas graves son aquellos que interfieren en su calidad de vida. Puede sufrir \u00falceras o un estrechamiento del es\u00f3fago (conducto alimentario), lo que tambi\u00e9n se conoce como estenosis esof\u00e1gica.<\/p>\n<p>En muchos casos, sus s\u00edntomas pueden no responder a otros tratamientos. Tambi\u00e9n es posible que la medicaci\u00f3n para la acidez no le haga ning\u00fan efecto, lo que podr\u00eda llevarle a la consulta del cirujano especialista en hernias.<\/p>\n<p>En los casos graves, el tejido que sobresale a trav\u00e9s de la pared muscular se estrangula, priv\u00e1ndolo de riego sangu\u00edneo. Esto puede ser mortal y requiere una operaci\u00f3n urgente de hernia de hiato.<\/p>\n<h2>\u00bfC\u00f3mo realiza el Dr. Moein la cirug\u00eda de hernia de hiato?<\/h2>\n\t\t\t\t<img loading=\"lazy\" decoding=\"async\" src=\"https:\/\/healthylifebariatrics.com\/wp-content\/uploads\/2021\/12\/Hiatal-Hernia-Surgery.jpg\" alt=\"Gastric Sleeve Los Angeles, Surgeon&#039;s Expertise\" itemprop=\"image\" height=\"566\" width=\"850\" title=\"Gastric Sleeve Los Angeles, Surgeon&#039;s Expertise\" onerror=\"this.style.display='none'\"  \/>\n\t<p>El <a href=\"https:\/\/healthylifebariatrics.com\/about-us\/\">Dr. Moein<\/a> ofrece dos tipos de cirug\u00eda para la reparaci\u00f3n de la hernia de hiato. Incluyen la cirug\u00eda abierta, la funduplicatura de Nissen (cirug\u00eda m\u00ednimamente invasiva) y la funduplicatura endoluminal.<\/p>\n<p>Para ambas intervenciones, se le aplicar\u00e1 anestesia general para su comodidad y seguridad.<\/p>\n<h3>Cirug\u00eda abierta<\/h3>\n<p>La cirug\u00eda abierta es el m\u00e9todo tradicional para reparar una hernia de hiato. Se practica una gran incisi\u00f3n en el abdomen para que el Dr. Moein tenga acceso a la hernia.<\/p>\n<p>El Dr. Moein volver\u00e1 a tirar del tejido del est\u00f3mago a trav\u00e9s del orificio por el que sali\u00f3. La parte superior del est\u00f3mago (llamada fondo) se enrolla alrededor de la parte inferior del tubo alimentario. Esto hace que un esf\u00ednter se encargue de impedir que el \u00e1cido del est\u00f3mago regurgite en el conducto alimentario (reflujo \u00e1cido).<\/p>\n<p>Cuando el est\u00f3mago requiere un refuerzo adicional para evitar futuras hernias, el Dr. Moein inserta un tubo especial que mantiene el est\u00f3mago en su sitio. El tubo es temporal y el cirujano lo retirar\u00e1 al cabo de varias semanas.<\/p>\n<h3>Fundoplicatura de Nissen (cirug\u00eda m\u00ednimamente invasiva)<\/h3>\n<p>La fundoplicatura de Nissen es la intervenci\u00f3n quir\u00fargica m\u00e1s frecuente para la hernia de hiato.<\/p>\n<p>El procedimiento consiste en una cirug\u00eda m\u00ednimamente invasiva que s\u00f3lo requiere unas pocas incisiones alrededor de la zona a tratar.<\/p>\n<p>El Dr. Moein inserta un laparoscopio, que es una c\u00e1mara luminosa que ilumina y transmite el contenido de su abdomen a una pantalla cercana. El Dr. Moein tambi\u00e9n utiliza la pantalla para manipular los instrumentos laparosc\u00f3picos, que se introducen a trav\u00e9s de las incisiones en forma de \u00abojo de cerradura\u00bb. Una vez introducidas las herramientas, el Dr. Moein recoloca el est\u00f3mago, refuerza la estructura muscular de la pared abdominal y cose las incisiones. Esta t\u00e9cnica m\u00ednimamente invasiva conlleva menos riesgo de infecci\u00f3n, menos molestias, menos cicatrices y un tiempo de recuperaci\u00f3n m\u00e1s corto que otras cirug\u00edas.<\/p>\n<h2>\u00bfCu\u00e1nto dura la recuperaci\u00f3n de la cirug\u00eda laparosc\u00f3pica de hernia de hiato?<\/h2>\n<p>La mayor\u00eda de los pacientes se van a casa el mismo d\u00eda despu\u00e9s de la cirug\u00eda laparosc\u00f3pica de hernia de hiato. Puede pasar la noche en el centro quir\u00fargico si necesita m\u00e1s tiempo para recuperarse de la anestesia.<\/p>\n<p>Es posible que sienta algunas molestias en el abdomen y el pecho inmediatamente despu\u00e9s de la intervenci\u00f3n. Algunos pacientes tambi\u00e9n pueden tener dificultades para tragar. Estos efectos secundarios suelen desaparecer en 48 horas.<\/p>\n<p>Deber\u00eda volver a su rutina habitual en seis semanas.<\/p>\n<h2>\u00bfNecesita hacer cambios tras la cirug\u00eda de hernia de hiato?<\/h2>\n<p>Deber\u00e1 seguir una dieta especial tras la cirug\u00eda de reparaci\u00f3n de hernia de hiato. El Dr. Moein le aconsejar\u00e1 que beba l\u00edquidos claros inmediatamente despu\u00e9s de la intervenci\u00f3n, y al d\u00eda siguiente pasar\u00e1 a tomar alimentos blandos y l\u00edquidos. Entre los alimentos blandos y licuados se encuentran el pur\u00e9 de papas, las sopas y los batidos. Durante este tiempo, intente evitar los alimentos que provocan hinchaz\u00f3n y gases.<\/p>\n<p>El Dr. Moein tambi\u00e9n le aconsejar\u00e1 que haga peque\u00f1as comidas a lo largo del d\u00eda, en lugar de tres comidas m\u00e1s copiosas. La mayor\u00eda de las personas vuelven a su dieta y rutina habituales en seis semanas.<\/p>\n<p>Incluso despu\u00e9s de la recuperaci\u00f3n completa, el Dr. Moein le recomendar\u00e1 que siga limitando o evitando los alimentos que contribuyen a la hinchaz\u00f3n, los gases y el reflujo \u00e1cido. Entre estos alimentos se encuentran los c\u00edtricos, los productos derivados del tomate, los alimentos \u00e1cidos, las alubias, las lentejas, el alcohol, el ma\u00edz, las bebidas carbonatadas y las verduras cruc\u00edferas (br\u00f3coli y coliflor).<\/p>\n<h2>\u00bfQu\u00e9 efectos tiene la cirug\u00eda de hernia de hiato?<\/h2>\n\t\t\t\t<img loading=\"lazy\" decoding=\"async\" src=\"https:\/\/healthylifebariatrics.com\/wp-content\/uploads\/2021\/12\/Hiatal-Hernia-Surgery-in-CA.jpg\" alt=\"A man with a stomachache is standing in a mall.\" itemprop=\"image\" height=\"678\" width=\"850\" title=\"A man with a stomachache is standing in a mall.\" onerror=\"this.style.display='none'\"  \/>\n<p>La cirug\u00eda m\u00ednimamente invasiva (funduplicatura de Nissen) es una t\u00e9cnica segura y eficaz para aliviar la hernia de hiato. Esta cirug\u00eda tambi\u00e9n trata los s\u00edntomas de la ERGE. La cirug\u00eda tiene una alta tasa de \u00e9xito con bajas tasas de incidentes.<\/p>\n<h2>\u00bfExisten riesgos en la cirug\u00eda de hernia de hiato?<\/h2>\n<p>Todas las cirug\u00edas conllevan riesgos. Los riesgos de la cirug\u00eda laparosc\u00f3pica de la hernia de hiato incluyen infecci\u00f3n, lesi\u00f3n de \u00f3rganos y hemorragia.<\/p>\n<p>El riesgo de la cirug\u00eda laparosc\u00f3pica es menor que el de la cirug\u00eda abierta. Tambi\u00e9n existe riesgo de complicaciones tras la cirug\u00eda de hernia de hiato, que pueden incluir diarrea, dificultad para respirar, n\u00e1useas y dificultad para eructar.<\/p>\n<p>Puede reducir a\u00fan m\u00e1s sus riesgos esforz\u00e1ndose por encontrar el mejor cirujano general. El Dr. Babak Moeinolmolki de Healthy Life Bariatrics cuenta con d\u00e9cadas de formaci\u00f3n de \u00e9lite y experiencia como cirujano general, bari\u00e1trico y est\u00e9tico. El Dr. Moein ha operado pacientes con hernias en todo el mundo. Cuando elige nuestro centro quir\u00fargico acreditado, sabe que est\u00e1 en buenas manos con el Dr. Moein como cirujano de hernia de hiato.<\/p>\n<h2>\u00bfListo para hablar de la cirug\u00eda de hernia de hiato?<\/h2>\n<p>Las hernias de hiato no suelen causar s\u00edntomas. Si hay s\u00edntomas, a veces se pueden tratar con cambios en el estilo de vida. Cuando una vida m\u00e1s sana no funciona, la cirug\u00eda es el \u00fanico recurso.<\/p>\n<p>La cirug\u00eda de reparaci\u00f3n de hernia de hiato puede proporcionarle un alivio a largo plazo de los s\u00edntomas de la hernia, el reflujo \u00e1cido y la ERGE.<\/p>\n<p>Obtenga m\u00e1s informaci\u00f3n llamando a Healthy Life Bariatrics, hogar del cirujano general de clase mundial Dr. Babak Moeinolmolki, para programar una consulta &#8211; <a href=\"tel:+1-310-861-4093\">(310)881-8260<\/a>.<\/p>\n\n","protected":false},"excerpt":{"rendered":"<p>Cirug\u00eda de hernia de hiato para el alivio en Los Angeles CA Una hernia de hiato se produce cuando una porci\u00f3n del est\u00f3mago sobresale en la zona superior del t\u00f3rax. La cirug\u00eda de hernia de hiato es la intervenci\u00f3n recomendada cuando se presentan s\u00edntomas graves o es probable que la hernia cause complicaciones. \u00bfCu\u00e1les son [&hellip;]<\/p>\n","protected":false},"author":20,"featured_media":36682,"parent":36757,"menu_order":0,"comment_status":"closed","ping_status":"closed","template":"","meta":{"footnotes":""},"class_list":["post-36754","page","type-page","status-publish","has-post-thumbnail","hentry"],"_links":{"self":[{"href":"https:\/\/healthylifebariatrics.com\/es\/wp-json\/wp\/v2\/pages\/36754","targetHints":{"allow":["GET"]}}],"collection":[{"href":"https:\/\/healthylifebariatrics.com\/es\/wp-json\/wp\/v2\/pages"}],"about":[{"href":"https:\/\/healthylifebariatrics.com\/es\/wp-json\/wp\/v2\/types\/page"}],"author":[{"embeddable":true,"href":"https:\/\/healthylifebariatrics.com\/es\/wp-json\/wp\/v2\/users\/20"}],"replies":[{"embeddable":true,"href":"https:\/\/healthylifebariatrics.com\/es\/wp-json\/wp\/v2\/comments?post=36754"}],"version-history":[{"count":3,"href":"https:\/\/healthylifebariatrics.com\/es\/wp-json\/wp\/v2\/pages\/36754\/revisions"}],"predecessor-version":[{"id":43093,"href":"https:\/\/healthylifebariatrics.com\/es\/wp-json\/wp\/v2\/pages\/36754\/revisions\/43093"}],"up":[{"embeddable":true,"href":"https:\/\/healthylifebariatrics.com\/es\/wp-json\/wp\/v2\/pages\/36757"}],"wp:featuredmedia":[{"embeddable":true,"href":"https:\/\/healthylifebariatrics.com\/es\/wp-json\/wp\/v2\/media\/36682"}],"wp:attachment":[{"href":"https:\/\/healthylifebariatrics.com\/es\/wp-json\/wp\/v2\/media?parent=36754"}],"curies":[{"name":"wp","href":"https:\/\/api.w.org\/{rel}","templated":true}]}}