{"id":36753,"date":"2023-05-15T17:41:39","date_gmt":"2023-05-15T17:41:39","guid":{"rendered":"https:\/\/healthylifebariatrics.com\/cirugia-de-extirpacion-de-vesicula-biliar\/"},"modified":"2024-07-07T20:39:47","modified_gmt":"2024-07-07T20:39:47","slug":"cirugia-de-extirpacion-de-vesicula-biliar","status":"publish","type":"page","link":"https:\/\/healthylifebariatrics.com\/es\/servicios\/cirugia-de-extirpacion-de-vesicula-biliar\/","title":{"rendered":"Cirug\u00eda de extirpaci\u00f3n de ves\u00edcula biliar"},"content":{"rendered":"","protected":false},"excerpt":{"rendered":"","protected":false},"author":20,"featured_media":36682,"parent":36757,"menu_order":0,"comment_status":"closed","ping_status":"closed","template":"","meta":{"footnotes":""},"class_list":["post-36753","page","type-page","status-publish","has-post-thumbnail","hentry"],"_links":{"self":[{"href":"https:\/\/healthylifebariatrics.com\/es\/wp-json\/wp\/v2\/pages\/36753","targetHints":{"allow":["GET"]}}],"collection":[{"href":"https:\/\/healthylifebariatrics.com\/es\/wp-json\/wp\/v2\/pages"}],"about":[{"href":"https:\/\/healthylifebariatrics.com\/es\/wp-json\/wp\/v2\/types\/page"}],"author":[{"embeddable":true,"href":"https:\/\/healthylifebariatrics.com\/es\/wp-json\/wp\/v2\/users\/20"}],"replies":[{"embeddable":true,"href":"https:\/\/healthylifebariatrics.com\/es\/wp-json\/wp\/v2\/comments?post=36753"}],"version-history":[{"count":1,"href":"https:\/\/healthylifebariatrics.com\/es\/wp-json\/wp\/v2\/pages\/36753\/revisions"}],"predecessor-version":[{"id":42177,"href":"https:\/\/healthylifebariatrics.com\/es\/wp-json\/wp\/v2\/pages\/36753\/revisions\/42177"}],"up":[{"embeddable":true,"href":"https:\/\/healthylifebariatrics.com\/es\/wp-json\/wp\/v2\/pages\/36757"}],"wp:featuredmedia":[{"embeddable":true,"href":"https:\/\/healthylifebariatrics.com\/es\/wp-json\/wp\/v2\/media\/36682"}],"wp:attachment":[{"href":"https:\/\/healthylifebariatrics.com\/es\/wp-json\/wp\/v2\/media?parent=36753"}],"curies":[{"name":"wp","href":"https:\/\/api.w.org\/{rel}","templated":true}]}}