{"id":36751,"date":"2023-05-15T18:11:41","date_gmt":"2023-05-15T18:11:41","guid":{"rendered":"https:\/\/healthylifebariatrics.com\/cirugia-de-la-colecistitis-cronica-colecistitis-litiasica\/"},"modified":"2024-12-07T11:11:56","modified_gmt":"2024-12-07T11:11:56","slug":"cirugia-de-la-colecistitis-cronica-colecistitis-litiasica","status":"publish","type":"page","link":"https:\/\/healthylifebariatrics.com\/es\/servicios\/cirugia-de-la-colecistitis-cronica-colecistitis-litiasica\/","title":{"rendered":"Cirug\u00eda de la colecistitis cr\u00f3nica\/ Cirug\u00eda de la colecistitis acalculosa"},"content":{"rendered":"\n<h1>\n\t\tCirug\u00eda de la colecistitis cr\u00f3nica\/ Cirug\u00eda de la colecistitis acalculosa\n\t<\/h1>\n\n\t\t\t\t<img loading=\"lazy\" decoding=\"async\" src=\"https:\/\/healthylifebariatrics.com\/wp-content\/uploads\/2021\/12\/Acalculous-Cholecystitis-Surgery-in-Los-Angeles-CA.jpg\" alt=\"Chronic Cholecystitis\/Acalculous Cholecystitis Surgery\" itemprop=\"image\" height=\"566\" width=\"850\" title=\"Acalculous Cholecystitis Surgery in Los Angeles CA\" onerror=\"this.style.display='none'\"  \/>\n\t<p>La colecistitis cr\u00f3nica y la colecistitis acalculosa son enfermedades frecuentes que afectan a la ves\u00edcula biliar.<\/p>\n<p>La colecistitis cr\u00f3nica se caracteriza por una inflamaci\u00f3n e irritaci\u00f3n de la ves\u00edcula biliar que progresa con el tiempo.<\/p>\n<p>La colecistitis acalculosa se diagnostica cuando existe una enfermedad inflamatoria de la ves\u00edcula biliar sin una patolog\u00eda clara que implique c\u00e1lculos biliares o una obstrucci\u00f3n del conducto.<\/p>\n<p>Ambas son enfermedades graves que pueden acarrear serias complicaciones.<\/p>\n<h2>\u00bfCu\u00e1les son las causas de la colecistitis cr\u00f3nica?<\/h2>\n<p>La colecistitis cr\u00f3nica est\u00e1 causada por ataques repetidos de colecistitis aguda, causados a su vez por c\u00e1lculos biliares.<\/p>\n<p>&gt;Lo que esto significa es que la ves\u00edcula biliar est\u00e1 produciendo c\u00e1lculos biliares, que son peque\u00f1as rocas formadas por colesterol. Estas piedras se espesan y atacan las paredes de la ves\u00edcula biliar, lo que provoca una inflamaci\u00f3n (colecistitis aguda). La ves\u00edcula biliar empieza a encogerse a causa de estos ataques. Con el tiempo, la ves\u00edcula biliar pierde su capacidad de concentrarse en su trabajo, que consiste en almacenar y liberar bilis cuando se le ordena.<\/p>\n<p>Esta enfermedad suele afectar m\u00e1s a las mujeres que a los hombres. La mayor\u00eda de los pacientes tienen m\u00e1s de cuarenta a\u00f1os y las p\u00edldoras anticonceptivas y el embarazo son los culpables m\u00e1s comunes.<\/p>\n<h2>\u00bfCuales s\u00edntomas de colecistitis cr\u00f3nica debe estar atento?<\/h2>\n\t\t\t\t<img loading=\"lazy\" decoding=\"async\" src=\"https:\/\/healthylifebariatrics.com\/wp-content\/uploads\/2021\/11\/brunette-man-holding-hands-stomach-dark-t-shirt-looking-painful-front-view.jpg\" alt=\"A man with a stomachache is standing in front of a white background.\" itemprop=\"image\" height=\"600\" width=\"900\" title=\"A man with a stomachache is standing in front of a white background.\" onerror=\"this.style.display='none'\"  \/>\n<p>Los s\u00edntomas de la colecistitis cr\u00f3nica incluyen calambres agudos en la parte derecha o superior del vientre y un dolor constante que dura al menos media hora. En algunas personas tambi\u00e9n puede aparecer dolor que se extiende a la zona lumbar o a la parte inferior del om\u00f3plato derecho.<\/p>\n<p>Otra forma de determinar si padece colecistitis cr\u00f3nica es observar si sus heces presentan coloraci\u00f3n arcillosa. Tambi\u00e9n puede experimentar fiebre, n\u00e1useas, v\u00f3mitos e ictericia (coloraci\u00f3n amarillenta de la piel y el blanco de los ojos).<\/p>\n<p>El Dr. Moein puede realizar pruebas para diagnosticar su problema de c\u00e1lculos biliares antes de recomendar una intervenci\u00f3n quir\u00fargica.<\/p>\n<h2>Cirug\u00eda de la colecistectom\u00eda cr\u00f3nica<\/h2>\n<p>La cirug\u00eda es el tratamiento m\u00e1s com\u00fan para la inflamaci\u00f3n prolongada de la ves\u00edcula biliar. La cirug\u00eda es de bajo riesgo y consiste en la extirpaci\u00f3n de la ves\u00edcula biliar para prevenir enfermedades o afecciones futuras.<\/p>\n<p>Si est\u00e1 demasiado enfermo para someterse a una intervenci\u00f3n quir\u00fargica, los c\u00e1lculos biliares pueden disolverse con medicamentos tomados por v\u00eda oral. Este m\u00e9todo puede tardar dos a\u00f1os o m\u00e1s en funcionar, y los c\u00e1lculos biliares pueden reaparecer. Lo ideal, y si puede, es que tome medidas para restablecer su salud y hacer posible la cirug\u00eda, que puede ofrecer un alivio permanente.<\/p>\n<h2>\u00bfQu\u00e9 es la enfermedad de la ves\u00edcula biliar acalculosa?<\/h2>\n<p>Tambi\u00e9n conocida como colecistitis acalculosa aguda, esta afecci\u00f3n provoca la inflamaci\u00f3n de la ves\u00edcula biliar sin evidencia de c\u00e1lculos biliares. La enfermedad grave puede derivarse de otras afecciones m\u00e9dicas, enfermedades de larga duraci\u00f3n y traumatismos.<\/p>\n<h2><b>\u00bfCu\u00e1les son los s\u00edntomas de la enfermedad acalculosa de la ves\u00edcula biliar?<\/b><\/h2>\n<p>Algunos de los principales s\u00edntomas de la colecistitis acalculosa son dificultad para respirar, dolor abdominal, fiebre, escalofr\u00edos y fatiga.<\/p>\n<h2>\u00bfCu\u00e1les son las causas de la enfermedad de la ves\u00edcula biliar acalculosa?<\/h2>\n<p>Esta afecci\u00f3n es frecuente en pacientes con enfermedades importantes. Los factores de riesgo incluyen traumatismos, como quemaduras graves o lesiones tisulares, cirug\u00eda card\u00edaca, enfermedades bacterianas y diabetes mellitus.<\/p>\n<h2>Cirug\u00eda de la enfermedad biliar acalculosa<\/h2>\n<p>La cirug\u00eda suele ser necesaria cuando la afecci\u00f3n se ha vuelto cr\u00f3nica. La cirug\u00eda laparosc\u00f3pica de la ves\u00edcula biliar extirpar\u00e1 el \u00f3rgano enfermo, absolvi\u00e9ndole del dolor y eliminando al mismo tiempo las posibilidades de que el problema reaparezca.<\/p>\n<h2>\u00bfEst\u00e1 listo para hablar de la cirug\u00eda de la colecistitis cr\u00f3nica o colecistitis acalculosa?<\/h2>\n<p>Cuando le molesta la ves\u00edcula biliar, es posible que no sepa a qui\u00e9n acudir. Cuando desarrolle dolor y otros s\u00edntomas, un diagn\u00f3stico puede aliviarle mediante una intervenci\u00f3n quir\u00fargica recomendada. Programe una consulta con el cirujano general de clase mundial Dr. Babak Moeinolmolki llamando a Healthy Life Bariatrics en Los \u00c1ngeles, Encino y Glendale, California &#8211; <a href=\"tel:+1-310-807-2378\">(310)807-2378<\/a>.<\/p>\n\n","protected":false},"excerpt":{"rendered":"<p>Cirug\u00eda de la colecistitis cr\u00f3nica\/ Cirug\u00eda de la colecistitis acalculosa La colecistitis cr\u00f3nica y la colecistitis acalculosa son enfermedades frecuentes que afectan a la ves\u00edcula biliar. La colecistitis cr\u00f3nica se caracteriza por una inflamaci\u00f3n e irritaci\u00f3n de la ves\u00edcula biliar que progresa con el tiempo. La colecistitis acalculosa se diagnostica cuando existe una enfermedad inflamatoria [&hellip;]<\/p>\n","protected":false},"author":20,"featured_media":36682,"parent":36757,"menu_order":0,"comment_status":"closed","ping_status":"closed","template":"","meta":{"footnotes":""},"class_list":["post-36751","page","type-page","status-publish","has-post-thumbnail","hentry"],"_links":{"self":[{"href":"https:\/\/healthylifebariatrics.com\/es\/wp-json\/wp\/v2\/pages\/36751","targetHints":{"allow":["GET"]}}],"collection":[{"href":"https:\/\/healthylifebariatrics.com\/es\/wp-json\/wp\/v2\/pages"}],"about":[{"href":"https:\/\/healthylifebariatrics.com\/es\/wp-json\/wp\/v2\/types\/page"}],"author":[{"embeddable":true,"href":"https:\/\/healthylifebariatrics.com\/es\/wp-json\/wp\/v2\/users\/20"}],"replies":[{"embeddable":true,"href":"https:\/\/healthylifebariatrics.com\/es\/wp-json\/wp\/v2\/comments?post=36751"}],"version-history":[{"count":3,"href":"https:\/\/healthylifebariatrics.com\/es\/wp-json\/wp\/v2\/pages\/36751\/revisions"}],"predecessor-version":[{"id":42802,"href":"https:\/\/healthylifebariatrics.com\/es\/wp-json\/wp\/v2\/pages\/36751\/revisions\/42802"}],"up":[{"embeddable":true,"href":"https:\/\/healthylifebariatrics.com\/es\/wp-json\/wp\/v2\/pages\/36757"}],"wp:featuredmedia":[{"embeddable":true,"href":"https:\/\/healthylifebariatrics.com\/es\/wp-json\/wp\/v2\/media\/36682"}],"wp:attachment":[{"href":"https:\/\/healthylifebariatrics.com\/es\/wp-json\/wp\/v2\/media?parent=36751"}],"curies":[{"name":"wp","href":"https:\/\/api.w.org\/{rel}","templated":true}]}}