{"id":36750,"date":"2023-05-15T18:05:10","date_gmt":"2023-05-15T18:05:10","guid":{"rendered":"https:\/\/healthylifebariatrics.com\/colecistitis-aguda\/"},"modified":"2025-12-17T10:45:00","modified_gmt":"2025-12-17T10:45:00","slug":"colecistitis-aguda","status":"publish","type":"page","link":"https:\/\/healthylifebariatrics.com\/es\/servicios\/colecistitis-aguda\/","title":{"rendered":"Colecistitis aguda"},"content":{"rendered":"\n<h1>\n\t\tCirug\u00eda de la colecistitis aguda\n\t<\/h1>\n\n\t\t\t\t<img loading=\"lazy\" decoding=\"async\" src=\"https:\/\/healthylifebariatrics.com\/wp-content\/uploads\/2021\/11\/patient-experiencing-stomachache.jpg\" alt=\"Acute Cholecystitis\" itemprop=\"image\" height=\"506\" width=\"900\" title=\"Acute Cholecystitis\" onerror=\"this.style.display='none'\"  \/>\n\t<p>La colecistitis aguda se caracteriza por la hinchaz\u00f3n e inflamaci\u00f3n de la ves\u00edcula biliar. La afecci\u00f3n puede ser grave y suele requerir hospitalizaci\u00f3n. La cirug\u00eda suele ser el tratamiento recomendado.<\/p>\n<h2>\u00bfCu\u00e1les son los s\u00edntomas de la colecistitis aguda?<\/h2>\n<p>Esta afecci\u00f3n puede provocar un dolor agudo que se produce en la parte superior derecha del abdomen y que luego se extiende al hombro derecho. La parte afectada del abdomen suele estar sensible. Respirar profundamente suele empeorar el dolor.<\/p>\n<h2>\u00bfLe causa dolor la colecistitis aguda?<\/h2>\n<p>El dolor asociado a la colecistitis aguda puede persistir. Para algunos, el malestar extremo puede durar horas. Puede haber otros s\u00edntomas como fiebre, sudoraci\u00f3n, p\u00e9rdida de apetito, n\u00e1useas, v\u00f3mitos e ictericia. Tambi\u00e9n puede experimentar un abultamiento abdominal.<\/p>\n<h2>\u00bfCu\u00e1les son las causas de la colecistitis aguda?<\/h2>\n\t\t\t\t<img loading=\"lazy\" decoding=\"async\" src=\"https:\/\/healthylifebariatrics.com\/wp-content\/uploads\/2021\/11\/female-orange-hoodie-suffering-from-stomach-pain-looking-unwell.jpg\" alt=\"A woman in an orange hoodie with her hands on her stomach.\" itemprop=\"image\" height=\"600\" width=\"900\" title=\"A woman in an orange hoodie with her hands on her stomach.\" onerror=\"this.style.display='none'\"  \/>\n\t<p>Existen dos posibles causas de esta afecci\u00f3n potencialmente grave. Podemos agrupar esas causas en dos categor\u00edas.<\/p>\n<p>La colecistitis liti\u00e1sica es la categor\u00eda m\u00e1s frecuente de colecistitis aguda y representa la mayor\u00eda de los casos. Esta afecci\u00f3n se produce cuando la abertura de la ves\u00edcula biliar (conducto c\u00edstico) queda obstruida por un c\u00e1lculo biliar. Una sustancia denominada lodo biliar tambi\u00e9n puede contribuir a la obstrucci\u00f3n de los conductos.<\/p>\n<p>El lodo biliar es una combinaci\u00f3n de bilis y peque\u00f1os cristales compuestos de sal y colesterol. La obstrucci\u00f3n del conducto se produce cuando la bilis se acumula en el interior de la ves\u00edcula biliar. Un exceso de bilis aumenta la presi\u00f3n dentro del \u00f3rgano, lo que a su vez provoca inflamaci\u00f3n. En uno de cada cinco pacientes, la ves\u00edcula biliar se ve afectada por una infecci\u00f3n bacteriana.<\/p>\n<h2>Colecistitis acalculosa<\/h2>\n<p>Esta categor\u00eda de colecistitis aguda no es tan frecuente, pero puede ser m\u00e1s grave. La afecci\u00f3n suele manifestarse como complicaci\u00f3n de una enfermedad, lesi\u00f3n o infecci\u00f3n grave que provoca da\u00f1os en la ves\u00edcula biliar.<\/p>\n<h2>\u00bfCu\u00e1ndo hay que ir al m\u00e9dico?<\/h2>\n<p>Es importante diagnosticar una dolencia como la colecistitis aguda lo antes posible. Una consulta con el Dr. Babak Moeinolmolki, cirujano general de prestigio mundial, puede ofrecerle un diagn\u00f3stico de la enfermedad y tranquilidad. Obtenga respuesta a sus preguntas y si\u00e9ntase aliviado de que la cirug\u00eda para su inflamaci\u00f3n aguda de la ves\u00edcula biliar est\u00e9 al alcance de su mano. Llame a Healthy Life Bariatrics para reservar su cita con el Dr. Moein desde cualquier lugar en Los \u00c1ngeles, Encino o Glendale, California &#8211; <a href=\"tel:+1-310-807-2378\">(310)807-2378<\/a>.<\/p>\n\n","protected":false},"excerpt":{"rendered":"<p>Cirug\u00eda de la colecistitis aguda La colecistitis aguda se caracteriza por la hinchaz\u00f3n e inflamaci\u00f3n de la ves\u00edcula biliar. La afecci\u00f3n puede ser grave y suele requerir hospitalizaci\u00f3n. La cirug\u00eda suele ser el tratamiento recomendado. \u00bfCu\u00e1les son los s\u00edntomas de la colecistitis aguda? Esta afecci\u00f3n puede provocar un dolor agudo que se produce en la [&hellip;]<\/p>\n","protected":false},"author":20,"featured_media":36682,"parent":36757,"menu_order":0,"comment_status":"closed","ping_status":"closed","template":"","meta":{"footnotes":""},"class_list":["post-36750","page","type-page","status-publish","has-post-thumbnail","hentry"],"_links":{"self":[{"href":"https:\/\/healthylifebariatrics.com\/es\/wp-json\/wp\/v2\/pages\/36750","targetHints":{"allow":["GET"]}}],"collection":[{"href":"https:\/\/healthylifebariatrics.com\/es\/wp-json\/wp\/v2\/pages"}],"about":[{"href":"https:\/\/healthylifebariatrics.com\/es\/wp-json\/wp\/v2\/types\/page"}],"author":[{"embeddable":true,"href":"https:\/\/healthylifebariatrics.com\/es\/wp-json\/wp\/v2\/users\/20"}],"replies":[{"embeddable":true,"href":"https:\/\/healthylifebariatrics.com\/es\/wp-json\/wp\/v2\/comments?post=36750"}],"version-history":[{"count":3,"href":"https:\/\/healthylifebariatrics.com\/es\/wp-json\/wp\/v2\/pages\/36750\/revisions"}],"predecessor-version":[{"id":42981,"href":"https:\/\/healthylifebariatrics.com\/es\/wp-json\/wp\/v2\/pages\/36750\/revisions\/42981"}],"up":[{"embeddable":true,"href":"https:\/\/healthylifebariatrics.com\/es\/wp-json\/wp\/v2\/pages\/36757"}],"wp:featuredmedia":[{"embeddable":true,"href":"https:\/\/healthylifebariatrics.com\/es\/wp-json\/wp\/v2\/media\/36682"}],"wp:attachment":[{"href":"https:\/\/healthylifebariatrics.com\/es\/wp-json\/wp\/v2\/media?parent=36750"}],"curies":[{"name":"wp","href":"https:\/\/api.w.org\/{rel}","templated":true}]}}