{"id":36736,"date":"2023-05-15T15:23:21","date_gmt":"2023-05-15T15:23:21","guid":{"rendered":"https:\/\/healthylifebariatrics.com\/cirugia-de-hernia\/"},"modified":"2024-09-19T12:22:13","modified_gmt":"2024-09-19T12:22:13","slug":"cirugia-de-hernia","status":"publish","type":"page","link":"https:\/\/healthylifebariatrics.com\/es\/servicios\/cirugia-de-hernia\/","title":{"rendered":"Cirugia de hernia"},"content":{"rendered":"\n<h1>\n\t\tCirug\u00eda de hernia por el respetado cirujano bari\u00e1trico Dr. Moein en Los \u00c1ngeles, CA\n\t<\/h1>\n\n\t<h2>Especialista en Cirug\u00eda de Hernias<\/h2>\n<p>Para los pacientes que experimentan una hernia como resultado de un procedimiento bari\u00e1trico, buscar tratamiento suele ser una prioridad. El Dr. Babak Moeinolmolki tiene la habilidad y la experiencia necesarias para realizar una cirug\u00eda de hernia para corregir el problema, raz\u00f3n por la cual tantos residentes de Los \u00c1ngeles, incluidos los de Glendale y Encino, recurren a Healthy Life Bariatrics para todas sus necesidades de p\u00e9rdida de peso.<\/p>\n<p>\u00bfQuieres m\u00e1s informaci\u00f3n?<\/p>\n\t\t\t<a href=\"tel:+1-310-881-8260\" target=\"_self\" rel=\"noopener\">\n\t\t\t\t\t\t<br \/>\u00a1Pierde peso ahora!<br \/> Obtener mi consulta <br \/>(310) 881-8260\n\t\t\t\t\t<\/a>\n\t<p>La reparaci\u00f3n de una hernia de la pared abdominal es una cirug\u00eda muy com\u00fan. Cada a\u00f1o se realizan m\u00e1s de un mill\u00f3n de reparaciones de hernias en los Estados Unidos y veinte millones se realizan anualmente en todo el mundo.<\/p>\n<h2><b>\u00bfQu\u00e9 es una hernia? <\/b><\/h2>\n<p>Una hernia es donde un \u00f3rgano o grasa sobresale a trav\u00e9s del punto debilitado dentro de la estructura de la pared abdominal. El tipo m\u00e1s com\u00fan de hernia abdominal es la hernia inguinal que afecta principalmente a los hombres. El riesgo aumenta con la edad y los pacientes m\u00e1s comunes tienen entre 75 y 80 a\u00f1os..<\/p>\n<h2><b>\u00bfQu\u00e9 es una hernia inguinal?<\/b><\/h2>\n<p>El \u00e1rea interna de la ingle tiene dos pasajes en la parte inferior del abdomen llamados canales inguinales. Una hernia inguinal ocurre cuando el intestino sobresale a trav\u00e9s de cualquiera de estos dos conductos. Los expertos creen que el 27 % de los hombres y el 3 % de las mujeres desarrollar\u00e1n esta afecci\u00f3n en alg\u00fan momento de sus vidas.<\/p>\n<h2><b>\u00bfCu\u00e1les son otros tipos de hernia?<\/b><\/h2>\n<h3><b>Hernia femoral<\/b><\/h3>\n<p>Esta hernia ocurre en la parte superior del muslo o en el \u00e1rea externa de la ingle y en los pasajes m\u00e1s profundos conocidos como canales femorales. Estos tipos de hernias son menos comunes que las hernias inguinales y tienden a ser m\u00e1s comunes en los hombres. Existe un riesgo sustancial de complicaciones si no repara la hernia femoral.<\/p>\n<h3><b>Hernia ventral <\/b><\/h3>\n<p>Estas hernias ocurren cuando hay una abertura en los m\u00fasculos abdominales. Los tres tipos de hernia ventral incluyen la hernia epig\u00e1strica, que ocurre arriba del ombligo; hernia incisional, que es causada por un debilitamiento del m\u00fasculo abdominal como resultado de una cirug\u00eda abdominal previa; y hernia umbilical, que ocurre cerca del ombligo y es m\u00e1s com\u00fan en reci\u00e9n nacidos prematuros.<\/p>\n<h3><b>Hernia hiatal <\/b><\/h3>\n<p>Esta hernia ocurre cuando la parte superior del est\u00f3mago sobresale a trav\u00e9s de una peque\u00f1a abertura en el diafragma.<\/p>\n<h2><b>\u00bfCu\u00e1les son los s\u00edntomas de una hernia?<\/b><\/h2>\n<p>Muchas personas con hernias experimentan un bulto o protuberancia, pero no siempre. Tambi\u00e9n puede haber malestar o dolor. Los s\u00edntomas pueden empeorar al levantar objetos pesados, ponerse de pie o esforzarse. La mayor\u00eda de las hernias se diagnostican despu\u00e9s de una prueba f\u00edsica, mientras que otras se identifican con herramientas de im\u00e1genes avanzadas.<\/p>\n<p>Las hernias internas son m\u00e1s dif\u00edciles de diagnosticar, ya que no hay evidencia visible de que algo est\u00e9 mal. Los pacientes con hernias internas a menudo experimentan dolor abdominal. Ese dolor puede ubicarse en cualquier parte del abdomen, pero con mayor frecuencia se concentra en la parte media de la cavidad abdominal. El dolor tambi\u00e9n puede sentirse como una sensaci\u00f3n de ardor o un dolor agudo o desgarrante. Si no se trata, es probable que la incomodidad aumente a medida que la hernia crece en tama\u00f1o. Los pacientes que est\u00e9n preocupados por el dolor abdominal despu\u00e9s de un procedimiento bari\u00e1trico deben comunicarse con su cirujano.<\/p>\n<h2><b>\u00bfC\u00f3mo realizan la cirug\u00eda de hernia? <\/b><\/h2>\n\t<img decoding=\"async\" loading=\"lazy\" src=\"https:\/\/healthylifebariatrics.com\/wp-content\/uploads\/2020\/09\/Herina-1-min.jpg\" alt=\"Hernia Surgery\"  srcset=\"https:\/\/healthylifebariatrics.com\/wp-content\/uploads\/2020\/09\/Herina-1-min.jpg 525w, https:\/\/healthylifebariatrics.com\/wp-content\/uploads\/2020\/09\/Herina-1-min-300x200.jpg 300w\" title=\"Herina-1-min\"\/>\n\t<p>La cirug\u00eda de hernia sol\u00eda implicar una cirug\u00eda abierta, en la que el cirujano realizaba una incisi\u00f3n cerca de la ingle. Este largo corte permit\u00eda al cirujano ver y reparar la hernia. El cirujano algunas veces cerraba la pared abdominal con puntos y otras con puntos junto con un trozo de malla. La malla fue especialmente dise\u00f1ada para fortalecer los m\u00fasculos debilitados de la pared abdominal para prevenir futuras hernias.<\/p>\n<p>Hoy en d\u00eda, los cirujanos realizan cirug\u00edas de hernia por v\u00eda laparosc\u00f3pica. El cirujano hace tres o cuatro incisiones peque\u00f1as a lo largo de la parte inferior del abdomen. Se insertan herramientas en los cortes, lo que le permite al cirujano trabajar en la pared abdominal de forma remota. El cirujano tambi\u00e9n puede usar un trozo de malla m\u00e9dica para cerrar y fortalecer la pared abdominal. Algunos cirujanos utilizan la reparaci\u00f3n rob\u00f3tica, en la cual controlan brazos rob\u00f3ticos que realizar\u00e1n la cirug\u00eda.<\/p>\n<h2>\u00bfCu\u00e1les son los riesgos de una hernia estomacal incisional no tratada?<\/h2>\n<p>Una hernia incisional ocurre cuando una incisi\u00f3n quir\u00fargica no cicatriza adecuadamente. Por lo tanto, permite que se desarrolle un saco que empuja hacia afuera de la incisi\u00f3n. El saco tambi\u00e9n puede contener materia fecal u otros tipos de productos de desecho, y la infecci\u00f3n se convierte en un riesgo. En muchos casos, la hernia primero comienza a sobresalir del sitio de la incisi\u00f3n despu\u00e9s de un realizar esfuerzo, como levantar, toser o forzar el \u00e1rea abdominal. Este tipo de hernia puede agrandarse si no se trata durante un tiempo y tambi\u00e9n puede ser muy dolorosa.<\/p>\n<h2><b>\u00bfQuiere aprender m\u00e1s sobre la cirug\u00eda de hernia?<\/b><\/h2>\n<p>No todas las hernias causan dolor, pero tener una hernia podr\u00eda provocar complicaciones m\u00e1s adelante. Obtenga un diagn\u00f3stico oficial de hernia y una recomendaci\u00f3n para la cirug\u00eda de hernia programando una consulta en Healthy Life Bariatrics. <a href=\"tel:+1-310-861-4093\">Ll\u00e1menos<\/a> en Los \u00c1ngeles, Encino o Glendale, California, para reunirse en privado con el Dr. Babak Moeinolmolki, cirujano especialista en hernias de clase mundial: (310) 881-8260.<\/p>\n\n","protected":false},"excerpt":{"rendered":"<p>Cirug\u00eda de hernia por el respetado cirujano bari\u00e1trico Dr. Moein en Los \u00c1ngeles, CA Especialista en Cirug\u00eda de Hernias Para los pacientes que experimentan una hernia como resultado de un procedimiento bari\u00e1trico, buscar tratamiento suele ser una prioridad. El Dr. Babak Moeinolmolki tiene la habilidad y la experiencia necesarias para realizar una cirug\u00eda de hernia [&hellip;]<\/p>\n","protected":false},"author":20,"featured_media":36712,"parent":36757,"menu_order":0,"comment_status":"closed","ping_status":"closed","template":"","meta":{"footnotes":""},"class_list":["post-36736","page","type-page","status-publish","has-post-thumbnail","hentry"],"_links":{"self":[{"href":"https:\/\/healthylifebariatrics.com\/es\/wp-json\/wp\/v2\/pages\/36736","targetHints":{"allow":["GET"]}}],"collection":[{"href":"https:\/\/healthylifebariatrics.com\/es\/wp-json\/wp\/v2\/pages"}],"about":[{"href":"https:\/\/healthylifebariatrics.com\/es\/wp-json\/wp\/v2\/types\/page"}],"author":[{"embeddable":true,"href":"https:\/\/healthylifebariatrics.com\/es\/wp-json\/wp\/v2\/users\/20"}],"replies":[{"embeddable":true,"href":"https:\/\/healthylifebariatrics.com\/es\/wp-json\/wp\/v2\/comments?post=36736"}],"version-history":[{"count":2,"href":"https:\/\/healthylifebariatrics.com\/es\/wp-json\/wp\/v2\/pages\/36736\/revisions"}],"predecessor-version":[{"id":43091,"href":"https:\/\/healthylifebariatrics.com\/es\/wp-json\/wp\/v2\/pages\/36736\/revisions\/43091"}],"up":[{"embeddable":true,"href":"https:\/\/healthylifebariatrics.com\/es\/wp-json\/wp\/v2\/pages\/36757"}],"wp:featuredmedia":[{"embeddable":true,"href":"https:\/\/healthylifebariatrics.com\/es\/wp-json\/wp\/v2\/media\/36712"}],"wp:attachment":[{"href":"https:\/\/healthylifebariatrics.com\/es\/wp-json\/wp\/v2\/media?parent=36736"}],"curies":[{"name":"wp","href":"https:\/\/api.w.org\/{rel}","templated":true}]}}